{"id":671625,"date":"2026-02-19T15:49:14","date_gmt":"2026-02-19T14:49:14","guid":{"rendered":"https:\/\/selleetools.com\/?post_type=product&#038;p=671625"},"modified":"2026-04-15T17:37:13","modified_gmt":"2026-04-15T15:37:13","slug":"nasiona-na-kielki-rzodkiewka-20g","status":"publish","type":"product","link":"https:\/\/selleetools.com\/pl\/product\/nasiona-na-kielki-rzodkiewka-20g\/","title":{"rendered":"Nasiona na kie\u0142ki, rzodkiewka, 20g"},"content":{"rendered":"<p>Nasiona na kie\u0142ki &#8211; rzodkiewka 20 g<br \/>\nNasiona zawieraj\u0105 du\u017ce ilo\u015bci sk\u0142adnik\u00f3w od\u017cywczych. Dzi\u0119ki swoim w\u0142a\u015bciwo\u015bciom zdrowotnym i walorom smakowym kie\u0142ki rzodkiewki zyska\u0142y wielu zwolennik\u00f3w. Cenne dla zdrowia sk\u0142adniki obecne w kie\u0142kach rzodkiewki to:<br \/>\n &#8211; kwas foliowy i witamina B6 &#8211; te sk\u0142adniki zawarte w kie\u0142kach rzodkiewki pomagaj\u0105 zapobiega\u0107 rozwojowi chor\u00f3b uk\u0142adu kr\u0105\u017cenia. Maj\u0105 one wp\u0142yw na rozk\u0142ad homocysteiny, kt\u00f3ra przyczynia si\u0119 do rozwoju mia\u017cd\u017cycy,<br \/>\n &#8211; glukozynolany, kt\u00f3re maj\u0105 w\u0142a\u015bciwo\u015bci antyrakowe,<br \/>\n &#8211; witamina C, kt\u00f3ra ma du\u017cy wp\u0142yw na kondycj\u0119 sk\u00f3ry &#8211; dzi\u0119ki niej jest elastyczna i g\u0142adka. Ponadto witamina C wspomaga odchudzanie. Jest to te\u017c sk\u0142adnik, kt\u00f3ry chroni przed przezi\u0119bieniem, ma tak\u017ce dzia\u0142anie wykrztu\u015bne. Zwi\u0119ksza te\u017c odporno\u015b\u0107 organizmu,<br \/>\n &#8211; witaminy A, E, H odpowiedzialne za dobry wzrok, a tak\u017ce posiadaj\u0105ce w\u0142a\u015bciwo\u015bci przeciwutleniaj\u0105ce,<br \/>\n &#8211; kwasy omega-3 i b\u0142onnik, kt\u00f3re r\u00f3wnie\u017c wspomagaj\u0105 odchudzanie,<br \/>\n &#8211; potas, magnez i jod- wspomagaj\u0105 przemian\u0119 materii w organizmie, siarka wp\u0142ywaj\u0105ca korzystnie na kondycj\u0119 w\u0142os\u00f3w i paznokci.<br \/>\nKie\u0142ki rzodkiewki je si\u0119 wy\u0142\u0105cznie na surowo. Jest to najlepszy sk\u0142adnik do sa\u0142atek warzywnych i innego typu. Tymi niewielkimi ro\u015blinkami dekoruje si\u0119 kanapki, jednocze\u015bnie tworz\u0105c z nich warto\u015bciowy i bogaty w sole mineralne posi\u0142ek. Nadaj\u0105 potraw\u0105 swoistego, ostrego posmaku.<\/p>\n<p>Spos\u00f3b wysiewu:<br \/>\n &#8211; Op\u0142ukane nasiona zamoczy\u0107 na 3-6 godzin w ciep\u0142ej, przegotowanej wodzie, a nast\u0119pnie r\u00f3wnomiernie roz\u0142o\u017cy\u0107 na siatce naczynia na kie\u0142ki. Doda\u0107 wody do dolnego poziomu siatki i dba\u0107 o jej systematyczne uzupe\u0142nianie i wymian\u0119, jednocze\u015bnie zraszaj\u0105c nasiona w ci\u0105gu kilku nast\u0119pnych dni.<br \/>\n &#8211; Kie\u0142ki mo\u017cna tak\u017ce produkowa\u0107 w s\u0142oiku: op\u0142ukane nasiona wsypa\u0107 do czystego s\u0142oika i zala\u0107 na kilka godzin wod\u0105. Nast\u0119pnie wod\u0119 zla\u0107, nasiona przep\u0142uka\u0107, nakry\u0107 s\u0142oik gaz\u0105, obwi\u0105za\u0107 i ustawi\u0107 w ciep\u0142ym, nienas\u0142onecznionym miejscu. Kie\u0142ki przep\u0142ukiwa\u0107 i zlewa\u0107 wod\u0119 dwa razy dziennie. Po 3-4 dniach kie\u0142ki s\u0105 gotowe do spo\u017cycia.<\/p>\n<p>W opakowaniu znajduje si\u0119\u00a0\u00a020 gram nasion\u00a0na kie\u0142ki &#8211;\u00a0rzodkiewka.\u00a0Na torebce znajduj\u0105 si\u0119 wskaz\u00f3wki na temat uprawy kie\u0142k\u00f3w i termin przydatno\u015bci do wysiewu.<\/p>\n<p>Nasiona na kie\u0142ki &#8211; rzodkiewka 20 g<br \/>\nNasiona zawieraj\u0105 du\u017ce ilo\u015bci sk\u0142adnik\u00f3w od\u017cywczych. Dzi\u0119ki swoim w\u0142a\u015bciwo\u015bciom zdrowotnym i walorom smakowym kie\u0142ki rzodkiewki zyska\u0142y wielu zwolennik\u00f3w. Cenne dla zdrowia sk\u0142adniki obecne w kie\u0142kach rzodkiewki to:<br \/>\n &#8211; kwas foliowy i witamina B6 &#8211; te sk\u0142adniki zawarte w kie\u0142kach rzodkiewki pomagaj\u0105 zapobiega\u0107 rozwojowi chor\u00f3b uk\u0142adu kr\u0105\u017cenia. Maj\u0105 one wp\u0142yw na rozk\u0142ad homocysteiny, kt\u00f3ra przyczynia si\u0119 do rozwoju mia\u017cd\u017cycy,<br \/>\n &#8211; glukozynolany, kt\u00f3re maj\u0105 w\u0142a\u015bciwo\u015bci antyrakowe,<br \/>\n &#8211; witamina C, kt\u00f3ra ma du\u017cy wp\u0142yw na kondycj\u0119 sk\u00f3ry &#8211; dzi\u0119ki niej jest elastyczna i g\u0142adka. Ponadto witamina C wspomaga odchudzanie. Jest to te\u017c sk\u0142adnik, kt\u00f3ry chroni przed przezi\u0119bieniem, ma tak\u017ce dzia\u0142anie wykrztu\u015bne. Zwi\u0119ksza te\u017c odporno\u015b\u0107 organizmu,<br \/>\n &#8211; witaminy A, E, H odpowiedzialne za dobry wzrok, a tak\u017ce posiadaj\u0105ce w\u0142a\u015bciwo\u015bci przeciwutleniaj\u0105ce,<br \/>\n &#8211; kwasy omega-3 i b\u0142onnik, kt\u00f3re r\u00f3wnie\u017c wspomagaj\u0105 odchudzanie,<br \/>\n &#8211; potas, magnez i jod- wspomagaj\u0105 przemian\u0119 materii w organizmie, siarka wp\u0142ywaj\u0105ca korzystnie na kondycj\u0119 w\u0142os\u00f3w i paznokci.<br \/>\nKie\u0142ki rzodkiewki je si\u0119 wy\u0142\u0105cznie na surowo. Jest to najlepszy sk\u0142adnik do sa\u0142atek warzywnych i innego typu. Tymi niewielkimi ro\u015blinkami dekoruje si\u0119 kanapki, jednocze\u015bnie tworz\u0105c z nich warto\u015bciowy i bogaty w sole mineralne posi\u0142ek. Nadaj\u0105 potraw\u0105 swoistego, ostrego posmaku.<\/p>\n<p>Spos\u00f3b wysiewu:<br \/>\n &#8211; Op\u0142ukane nasiona zamoczy\u0107 na 3-6 godzin w ciep\u0142ej, przegotowanej wodzie, a nast\u0119pnie r\u00f3wnomiernie roz\u0142o\u017cy\u0107 na siatce naczynia na kie\u0142ki. Doda\u0107 wody do dolnego poziomu siatki i dba\u0107 o jej systematyczne uzupe\u0142nianie i wymian\u0119, jednocze\u015bnie zraszaj\u0105c nasiona w ci\u0105gu kilku nast\u0119pnych dni.<br \/>\n &#8211; Kie\u0142ki mo\u017cna tak\u017ce produkowa\u0107 w s\u0142oiku: op\u0142ukane nasiona wsypa\u0107 do czystego s\u0142oika i zala\u0107 na kilka godzin wod\u0105. Nast\u0119pnie wod\u0119 zla\u0107, nasiona przep\u0142uka\u0107, nakry\u0107 s\u0142oik gaz\u0105, obwi\u0105za\u0107 i ustawi\u0107 w ciep\u0142ym, nienas\u0142onecznionym miejscu. Kie\u0142ki przep\u0142ukiwa\u0107 i zlewa\u0107 wod\u0119 dwa razy dziennie. Po 3-4 dniach kie\u0142ki s\u0105 gotowe do spo\u017cycia.<\/p>\n<p>W opakowaniu znajduje si\u0119\u00a0\u00a020 gram nasion\u00a0na kie\u0142ki &#8211;\u00a0rzodkiewka.\u00a0Na torebce znajduj\u0105 si\u0119 wskaz\u00f3wki na temat uprawy kie\u0142k\u00f3w i termin przydatno\u015bci do wysiewu.<\/p>\n","protected":false},"excerpt":{"rendered":"<p>Nasiona na kie\u0142ki &#8211; rzodkiewka 20 g Nasiona zawieraj\u0105 du\u017ce ilo\u015bci sk\u0142adnik\u00f3w od\u017cywczych. Dzi\u0119ki swoim w\u0142a\u015bciwo\u015bciom zdrowotnym i walorom smakowym kie\u0142ki rzodkiewki zyska\u0142y wielu zwolennik\u00f3w. Cenne dla zdrowia sk\u0142adniki obecne w kie\u0142kach rzodkiewki to: &#8211; kwas foliowy i witamina B6 &#8211; te sk\u0142adniki zawarte w kie\u0142kach rzodkiewki pomagaj\u0105 zapobiega\u0107 rozwojowi chor\u00f3b uk\u0142adu kr\u0105\u017cenia. Maj\u0105 one &#8230; <a title=\"Nasiona na kie\u0142ki, rzodkiewka, 20g\" class=\"read-more\" href=\"https:\/\/selleetools.com\/pl\/product\/nasiona-na-kielki-rzodkiewka-20g\/\">Read more<span class=\"screen-reader-text\">Nasiona na kie\u0142ki, rzodkiewka, 20g<\/span><\/a><\/p>\n","protected":false},"featured_media":671621,"comment_status":"open","ping_status":"closed","template":"","meta":{"_links_to":"","_links_to_target":""},"yoast_head":"<!-- This site is optimized with the Yoast SEO plugin v19.4 - https:\/\/yoast.com\/wordpress\/plugins\/seo\/ -->\n<title>Nasiona na kie\u0142ki, rzodkiewka, 20g - Selleetools.com<\/title>\n<meta name=\"robots\" content=\"index, follow, max-snippet:-1, max-image-preview:large, max-video-preview:-1\" \/>\n<link rel=\"canonical\" href=\"https:\/\/selleetools.com\/pl\/product\/nasiona-na-kielki-rzodkiewka-20g\/\" \/>\n<meta property=\"og:locale\" content=\"pl_PL\" \/>\n<meta property=\"og:type\" content=\"article\" \/>\n<meta property=\"og:title\" content=\"Nasiona na kie\u0142ki, rzodkiewka, 20g - Selleetools.com\" \/>\n<meta property=\"og:description\" content=\"Nasiona na kie\u0142ki &#8211; rzodkiewka 20 g Nasiona zawieraj\u0105 du\u017ce ilo\u015bci sk\u0142adnik\u00f3w od\u017cywczych. Dzi\u0119ki swoim w\u0142a\u015bciwo\u015bciom zdrowotnym i walorom smakowym kie\u0142ki rzodkiewki zyska\u0142y wielu zwolennik\u00f3w. Cenne dla zdrowia sk\u0142adniki obecne w kie\u0142kach rzodkiewki to: &#8211; kwas foliowy i witamina B6 &#8211; te sk\u0142adniki zawarte w kie\u0142kach rzodkiewki pomagaj\u0105 zapobiega\u0107 rozwojowi chor\u00f3b uk\u0142adu kr\u0105\u017cenia. Maj\u0105 one ... Read moreNasiona na kie\u0142ki, rzodkiewka, 20g\" \/>\n<meta property=\"og:url\" content=\"https:\/\/selleetools.com\/pl\/product\/nasiona-na-kielki-rzodkiewka-20g\/\" \/>\n<meta property=\"og:site_name\" content=\"Selleetools.com\" \/>\n<meta property=\"article:modified_time\" content=\"2026-04-15T15:37:13+00:00\" \/>\n<meta property=\"og:image\" content=\"https:\/\/selleetools.com\/wp-content\/uploads\/2026\/02\/9d0ca86224522a4b7dfc57d4738a7953.jpg\" \/>\n\t<meta property=\"og:image:width\" content=\"937\" \/>\n\t<meta property=\"og:image:height\" content=\"1765\" \/>\n\t<meta property=\"og:image:type\" content=\"image\/jpeg\" \/>\n<meta name=\"twitter:card\" content=\"summary_large_image\" \/>\n<meta name=\"twitter:label1\" content=\"Est. reading time\" \/>\n\t<meta name=\"twitter:data1\" content=\"4 minuty\" \/>\n<!-- \/ Yoast SEO plugin. -->","yoast_head_json":{"title":"Nasiona na kie\u0142ki, rzodkiewka, 20g - Selleetools.com","robots":{"index":"index","follow":"follow","max-snippet":"max-snippet:-1","max-image-preview":"max-image-preview:large","max-video-preview":"max-video-preview:-1"},"canonical":"https:\/\/selleetools.com\/pl\/product\/nasiona-na-kielki-rzodkiewka-20g\/","og_locale":"pl_PL","og_type":"article","og_title":"Nasiona na kie\u0142ki, rzodkiewka, 20g - Selleetools.com","og_description":"Nasiona na kie\u0142ki &#8211; rzodkiewka 20 g Nasiona zawieraj\u0105 du\u017ce ilo\u015bci sk\u0142adnik\u00f3w od\u017cywczych. Dzi\u0119ki swoim w\u0142a\u015bciwo\u015bciom zdrowotnym i walorom smakowym kie\u0142ki rzodkiewki zyska\u0142y wielu zwolennik\u00f3w. Cenne dla zdrowia sk\u0142adniki obecne w kie\u0142kach rzodkiewki to: &#8211; kwas foliowy i witamina B6 &#8211; te sk\u0142adniki zawarte w kie\u0142kach rzodkiewki pomagaj\u0105 zapobiega\u0107 rozwojowi chor\u00f3b uk\u0142adu kr\u0105\u017cenia. Maj\u0105 one ... Read moreNasiona na kie\u0142ki, rzodkiewka, 20g","og_url":"https:\/\/selleetools.com\/pl\/product\/nasiona-na-kielki-rzodkiewka-20g\/","og_site_name":"Selleetools.com","article_modified_time":"2026-04-15T15:37:13+00:00","og_image":[{"width":937,"height":1765,"url":"https:\/\/selleetools.com\/wp-content\/uploads\/2026\/02\/9d0ca86224522a4b7dfc57d4738a7953.jpg","type":"image\/jpeg"}],"twitter_card":"summary_large_image","twitter_misc":{"Est. reading time":"4 minuty"},"schema":{"@context":"https:\/\/schema.org","@graph":[{"@type":"Organization","@id":"https:\/\/selleetools.com\/#organization","name":"Selleetools","url":"https:\/\/selleetools.com\/","sameAs":[],"logo":{"@type":"ImageObject","inLanguage":"pl-PL","@id":"https:\/\/selleetools.com\/#\/schema\/logo\/image\/","url":"https:\/\/selleetools.com\/wp-content\/uploads\/2021\/10\/logo-dark.png","contentUrl":"https:\/\/selleetools.com\/wp-content\/uploads\/2021\/10\/logo-dark.png","width":320,"height":76,"caption":"Selleetools"},"image":{"@id":"https:\/\/selleetools.com\/#\/schema\/logo\/image\/"}},{"@type":"WebSite","@id":"https:\/\/selleetools.com\/#website","url":"https:\/\/selleetools.com\/","name":"Selleetools.com","description":"","publisher":{"@id":"https:\/\/selleetools.com\/#organization"},"potentialAction":[{"@type":"SearchAction","target":{"@type":"EntryPoint","urlTemplate":"https:\/\/selleetools.com\/?s={search_term_string}"},"query-input":"required name=search_term_string"}],"inLanguage":"pl-PL"},{"@type":"WebPage","@id":"https:\/\/selleetools.com\/pl\/product\/nasiona-na-kielki-rzodkiewka-20g\/","url":"https:\/\/selleetools.com\/pl\/product\/nasiona-na-kielki-rzodkiewka-20g\/","name":"Nasiona na kie\u0142ki, rzodkiewka, 20g - Selleetools.com","isPartOf":{"@id":"https:\/\/selleetools.com\/#website"},"datePublished":"2026-02-19T14:49:14+00:00","dateModified":"2026-04-15T15:37:13+00:00","breadcrumb":{"@id":"https:\/\/selleetools.com\/pl\/product\/nasiona-na-kielki-rzodkiewka-20g\/#breadcrumb"},"inLanguage":"pl-PL","potentialAction":[{"@type":"ReadAction","target":["https:\/\/selleetools.com\/pl\/product\/nasiona-na-kielki-rzodkiewka-20g\/"]}]},{"@type":"BreadcrumbList","@id":"https:\/\/selleetools.com\/pl\/product\/nasiona-na-kielki-rzodkiewka-20g\/#breadcrumb","itemListElement":[{"@type":"ListItem","position":1,"name":"Home","item":"https:\/\/selleetools.com\/pl\/"},{"@type":"ListItem","position":2,"name":"Katalog","item":"https:\/\/selleetools.com\/pl\/katalog\/"},{"@type":"ListItem","position":3,"name":"Nasiona na kie\u0142ki, rzodkiewka, 20g"}]}]}},"_links":{"self":[{"href":"https:\/\/selleetools.com\/pl\/wp-json\/wp\/v2\/product\/671625"}],"collection":[{"href":"https:\/\/selleetools.com\/pl\/wp-json\/wp\/v2\/product"}],"about":[{"href":"https:\/\/selleetools.com\/pl\/wp-json\/wp\/v2\/types\/product"}],"replies":[{"embeddable":true,"href":"https:\/\/selleetools.com\/pl\/wp-json\/wp\/v2\/comments?post=671625"}],"wp:featuredmedia":[{"embeddable":true,"href":"https:\/\/selleetools.com\/pl\/wp-json\/wp\/v2\/media\/671621"}],"wp:attachment":[{"href":"https:\/\/selleetools.com\/pl\/wp-json\/wp\/v2\/media?parent=671625"}],"curies":[{"name":"wp","href":"https:\/\/api.w.org\/{rel}","templated":true}]}}