{"id":671600,"date":"2026-02-19T15:48:56","date_gmt":"2026-02-19T14:48:56","guid":{"rendered":"https:\/\/selleetools.com\/?post_type=product&#038;p=671600"},"modified":"2026-04-18T15:57:01","modified_gmt":"2026-04-18T13:57:01","slug":"palisada-ogrodowa-border-ipbo-terakota","status":"publish","type":"product","link":"https:\/\/selleetools.com\/pl\/product\/palisada-ogrodowa-border-ipbo-terakota\/","title":{"rendered":"Palisada ogrodowa Border IPBO | Terakota"},"content":{"rendered":"<p>Palisada ogrodowa Border IPBO &#8211;\u00a0terakota<br \/>\nPalisada pozwala na efektowne i trwa\u0142e oddzielenie przestrzeni wok\u00f3\u0142 domu i ogrodzie. Odporna na trudne warunki atmosferyczne. Wykonana na zasadzie elastycznych modu\u0142\u00f3w, kt\u00f3re umo\u017cliwiaj\u0105 tworzenie ogrodze\u0144 o wyszukanych kszta\u0142tach.<\/p>\n<p>Specyfikacja :<br \/>\n &#8211; d\u0142ugo\u015b\u0107 ca\u0142kowita &#8211; 250 cm<br \/>\n &#8211; d\u0142ugo\u015b\u0107 pojedynczego elementu &#8211; 25 cm<br \/>\n &#8211; wysoko\u015b\u0107 palika &#8211; 13 cm<br \/>\n &#8211; wysoko\u015b\u0107 ca\u0142kowita &#8211; 22,8 cm<br \/>\n &#8211; liczba element\u00f3w &#8211; 10 szt.<\/p>\n<p>Wykonana na zasadzie elastycznych modu\u0142\u00f3w, kt\u00f3re umo\u017cliwiaj\u0105 tworzenie ogrodze\u0144 o wyszukanych kszta\u0142tach.<\/p>\n<p>Palisada sprzedawana jest w por\u0119cznych pude\u0142kach z plastikowym uchwytem.<\/p>\n<p>Palisada ogrodowa Border IPBO &#8211;\u00a0terakota<br \/>\nPalisada pozwala na efektowne i trwa\u0142e oddzielenie przestrzeni wok\u00f3\u0142 domu i ogrodzie. Odporna na trudne warunki atmosferyczne. Wykonana na zasadzie elastycznych modu\u0142\u00f3w, kt\u00f3re umo\u017cliwiaj\u0105 tworzenie ogrodze\u0144 o wyszukanych kszta\u0142tach.<\/p>\n<p>Specyfikacja :<br \/>\n &#8211; d\u0142ugo\u015b\u0107 ca\u0142kowita &#8211; 250 cm<br \/>\n &#8211; d\u0142ugo\u015b\u0107 pojedynczego elementu &#8211; 25 cm<br \/>\n &#8211; wysoko\u015b\u0107 palika &#8211; 13 cm<br \/>\n &#8211; wysoko\u015b\u0107 ca\u0142kowita &#8211; 22,8 cm<br \/>\n &#8211; liczba element\u00f3w &#8211; 10 szt.<\/p>\n<p>Wykonana na zasadzie elastycznych modu\u0142\u00f3w, kt\u00f3re umo\u017cliwiaj\u0105 tworzenie ogrodze\u0144 o wyszukanych kszta\u0142tach.<\/p>\n<p>Palisada sprzedawana jest w por\u0119cznych pude\u0142kach z plastikowym uchwytem.<\/p>\n","protected":false},"excerpt":{"rendered":"<p>Palisada ogrodowa Border IPBO &#8211;\u00a0terakota Palisada pozwala na efektowne i trwa\u0142e oddzielenie przestrzeni wok\u00f3\u0142 domu i ogrodzie. Odporna na trudne warunki atmosferyczne. Wykonana na zasadzie elastycznych modu\u0142\u00f3w, kt\u00f3re umo\u017cliwiaj\u0105 tworzenie ogrodze\u0144 o wyszukanych kszta\u0142tach. Specyfikacja : &#8211; d\u0142ugo\u015b\u0107 ca\u0142kowita &#8211; 250 cm &#8211; d\u0142ugo\u015b\u0107 pojedynczego elementu &#8211; 25 cm &#8211; wysoko\u015b\u0107 palika &#8211; 13 cm &#8230; <a title=\"Palisada ogrodowa Border IPBO | Terakota\" class=\"read-more\" href=\"https:\/\/selleetools.com\/pl\/product\/palisada-ogrodowa-border-ipbo-terakota\/\">Read more<span class=\"screen-reader-text\">Palisada ogrodowa Border IPBO | Terakota<\/span><\/a><\/p>\n","protected":false},"featured_media":671588,"comment_status":"open","ping_status":"closed","template":"","meta":{"_links_to":"","_links_to_target":""},"yoast_head":"<!-- This site is optimized with the Yoast SEO plugin v19.4 - https:\/\/yoast.com\/wordpress\/plugins\/seo\/ -->\n<title>Palisada ogrodowa Border IPBO | Terakota - Selleetools.com<\/title>\n<meta name=\"robots\" content=\"index, follow, max-snippet:-1, max-image-preview:large, max-video-preview:-1\" \/>\n<link rel=\"canonical\" href=\"https:\/\/selleetools.com\/pl\/product\/palisada-ogrodowa-border-ipbo-terakota\/\" \/>\n<meta property=\"og:locale\" content=\"pl_PL\" \/>\n<meta property=\"og:type\" content=\"article\" \/>\n<meta property=\"og:title\" content=\"Palisada ogrodowa Border IPBO | Terakota - Selleetools.com\" \/>\n<meta property=\"og:description\" content=\"Palisada ogrodowa Border IPBO &#8211;\u00a0terakota Palisada pozwala na efektowne i trwa\u0142e oddzielenie przestrzeni wok\u00f3\u0142 domu i ogrodzie. Odporna na trudne warunki atmosferyczne. Wykonana na zasadzie elastycznych modu\u0142\u00f3w, kt\u00f3re umo\u017cliwiaj\u0105 tworzenie ogrodze\u0144 o wyszukanych kszta\u0142tach. Specyfikacja : &#8211; d\u0142ugo\u015b\u0107 ca\u0142kowita &#8211; 250 cm &#8211; d\u0142ugo\u015b\u0107 pojedynczego elementu &#8211; 25 cm &#8211; wysoko\u015b\u0107 palika &#8211; 13 cm ... Read morePalisada ogrodowa Border IPBO | Terakota\" \/>\n<meta property=\"og:url\" content=\"https:\/\/selleetools.com\/pl\/product\/palisada-ogrodowa-border-ipbo-terakota\/\" \/>\n<meta property=\"og:site_name\" content=\"Selleetools.com\" \/>\n<meta property=\"article:modified_time\" content=\"2026-04-18T13:57:01+00:00\" \/>\n<meta property=\"og:image\" content=\"https:\/\/selleetools.com\/wp-content\/uploads\/2026\/02\/915600a1b5566fae1409a5c7bb93c3c8.jpg\" \/>\n\t<meta property=\"og:image:width\" content=\"1208\" \/>\n\t<meta property=\"og:image:height\" content=\"994\" \/>\n\t<meta property=\"og:image:type\" content=\"image\/jpeg\" \/>\n<meta name=\"twitter:card\" content=\"summary_large_image\" \/>\n<meta name=\"twitter:label1\" content=\"Est. reading time\" \/>\n\t<meta name=\"twitter:data1\" content=\"1 minuta\" \/>\n<!-- \/ Yoast SEO plugin. -->","yoast_head_json":{"title":"Palisada ogrodowa Border IPBO | Terakota - Selleetools.com","robots":{"index":"index","follow":"follow","max-snippet":"max-snippet:-1","max-image-preview":"max-image-preview:large","max-video-preview":"max-video-preview:-1"},"canonical":"https:\/\/selleetools.com\/pl\/product\/palisada-ogrodowa-border-ipbo-terakota\/","og_locale":"pl_PL","og_type":"article","og_title":"Palisada ogrodowa Border IPBO | Terakota - Selleetools.com","og_description":"Palisada ogrodowa Border IPBO &#8211;\u00a0terakota Palisada pozwala na efektowne i trwa\u0142e oddzielenie przestrzeni wok\u00f3\u0142 domu i ogrodzie. Odporna na trudne warunki atmosferyczne. Wykonana na zasadzie elastycznych modu\u0142\u00f3w, kt\u00f3re umo\u017cliwiaj\u0105 tworzenie ogrodze\u0144 o wyszukanych kszta\u0142tach. Specyfikacja : &#8211; d\u0142ugo\u015b\u0107 ca\u0142kowita &#8211; 250 cm &#8211; d\u0142ugo\u015b\u0107 pojedynczego elementu &#8211; 25 cm &#8211; wysoko\u015b\u0107 palika &#8211; 13 cm ... Read morePalisada ogrodowa Border IPBO | Terakota","og_url":"https:\/\/selleetools.com\/pl\/product\/palisada-ogrodowa-border-ipbo-terakota\/","og_site_name":"Selleetools.com","article_modified_time":"2026-04-18T13:57:01+00:00","og_image":[{"width":1208,"height":994,"url":"https:\/\/selleetools.com\/wp-content\/uploads\/2026\/02\/915600a1b5566fae1409a5c7bb93c3c8.jpg","type":"image\/jpeg"}],"twitter_card":"summary_large_image","twitter_misc":{"Est. reading time":"1 minuta"},"schema":{"@context":"https:\/\/schema.org","@graph":[{"@type":"Organization","@id":"https:\/\/selleetools.com\/#organization","name":"Selleetools","url":"https:\/\/selleetools.com\/","sameAs":[],"logo":{"@type":"ImageObject","inLanguage":"pl-PL","@id":"https:\/\/selleetools.com\/#\/schema\/logo\/image\/","url":"https:\/\/selleetools.com\/wp-content\/uploads\/2021\/10\/logo-dark.png","contentUrl":"https:\/\/selleetools.com\/wp-content\/uploads\/2021\/10\/logo-dark.png","width":320,"height":76,"caption":"Selleetools"},"image":{"@id":"https:\/\/selleetools.com\/#\/schema\/logo\/image\/"}},{"@type":"WebSite","@id":"https:\/\/selleetools.com\/#website","url":"https:\/\/selleetools.com\/","name":"Selleetools.com","description":"","publisher":{"@id":"https:\/\/selleetools.com\/#organization"},"potentialAction":[{"@type":"SearchAction","target":{"@type":"EntryPoint","urlTemplate":"https:\/\/selleetools.com\/?s={search_term_string}"},"query-input":"required name=search_term_string"}],"inLanguage":"pl-PL"},{"@type":"WebPage","@id":"https:\/\/selleetools.com\/pl\/product\/palisada-ogrodowa-border-ipbo-terakota\/","url":"https:\/\/selleetools.com\/pl\/product\/palisada-ogrodowa-border-ipbo-terakota\/","name":"Palisada ogrodowa Border IPBO | Terakota - Selleetools.com","isPartOf":{"@id":"https:\/\/selleetools.com\/#website"},"datePublished":"2026-02-19T14:48:56+00:00","dateModified":"2026-04-18T13:57:01+00:00","breadcrumb":{"@id":"https:\/\/selleetools.com\/pl\/product\/palisada-ogrodowa-border-ipbo-terakota\/#breadcrumb"},"inLanguage":"pl-PL","potentialAction":[{"@type":"ReadAction","target":["https:\/\/selleetools.com\/pl\/product\/palisada-ogrodowa-border-ipbo-terakota\/"]}]},{"@type":"BreadcrumbList","@id":"https:\/\/selleetools.com\/pl\/product\/palisada-ogrodowa-border-ipbo-terakota\/#breadcrumb","itemListElement":[{"@type":"ListItem","position":1,"name":"Home","item":"https:\/\/selleetools.com\/pl\/"},{"@type":"ListItem","position":2,"name":"Katalog","item":"https:\/\/selleetools.com\/pl\/katalog\/"},{"@type":"ListItem","position":3,"name":"Palisada ogrodowa Border IPBO | Terakota"}]}]}},"_links":{"self":[{"href":"https:\/\/selleetools.com\/pl\/wp-json\/wp\/v2\/product\/671600"}],"collection":[{"href":"https:\/\/selleetools.com\/pl\/wp-json\/wp\/v2\/product"}],"about":[{"href":"https:\/\/selleetools.com\/pl\/wp-json\/wp\/v2\/types\/product"}],"replies":[{"embeddable":true,"href":"https:\/\/selleetools.com\/pl\/wp-json\/wp\/v2\/comments?post=671600"}],"wp:featuredmedia":[{"embeddable":true,"href":"https:\/\/selleetools.com\/pl\/wp-json\/wp\/v2\/media\/671588"}],"wp:attachment":[{"href":"https:\/\/selleetools.com\/pl\/wp-json\/wp\/v2\/media?parent=671600"}],"curies":[{"name":"wp","href":"https:\/\/api.w.org\/{rel}","templated":true}]}}