{"id":671514,"date":"2026-02-19T15:48:05","date_gmt":"2026-02-19T14:48:05","guid":{"rendered":"https:\/\/selleetools.com\/?post_type=product&#038;p=671514"},"modified":"2026-04-15T17:55:18","modified_gmt":"2026-04-15T15:55:18","slug":"zbiornik-na-deszczowke-aquacan-ican440-cegla","status":"publish","type":"product","link":"https:\/\/selleetools.com\/pl\/product\/zbiornik-na-deszczowke-aquacan-ican440-cegla\/","title":{"rendered":"Zbiornik na deszcz\u00f3wk\u0119 AQUACAN ICAN440 | Ceg\u0142a"},"content":{"rendered":"<p>Zbiornik na deszcz\u00f3wk\u0119 AQUACAN 440l &#8211; Ceg\u0142a<br \/>\nW dobie wzmo\u017conego nacisku na rozs\u0105dne gospodarowanie zasobami wodnymi najlepszym rozwi\u0105zaniem staje si\u0119 zbiornik na deszcz\u00f3wk\u0119.<br \/>\nZbiornik: &#8211; o pojemno\u015bci\u00a0440 litr\u00f3w &#8211; wykonany z polietylenu &#8211; to prosty w instalacji i utrzymaniu zbiornik, pozwalaj\u0105cy magazynowa\u0107 deszcz\u00f3wk\u0119,kt\u00f3r\u0105 nast\u0119pnie mo\u017cemy wykorzysta\u0107 do podlewania ogrodu. Pojemnik na deszcz\u00f3wk\u0119 to doskona\u0142e rozwi\u0105zanie dla os\u00f3b , kt\u00f3rym los naszej planety nie jest oboj\u0119tny. Zbiornik na wod\u0119 deszczow\u0105 nie musi by\u0107 zwyk\u0142\u0105 beczk\u0105, teraz mo\u017ce stanowi\u0107 ozdob\u0119 domu i ogrodu. Deszczownica AQUACAN 440l to niepowtarzalna struktura inspirowana form\u0105 antycznej ceramik. Gromadzenie wody deszczowej to oszcz\u0119dno\u015b\u0107 i ekologia na co dzie\u0144.<br \/>\nZbiornik wyposa\u017cony jest w: &#8211; g\u00f3rny otw\u00f3r z pokryw\u0105, &#8211; dwa miejsca do przymocowania rur spustowych z rynien, &#8211; dwa otwory gwintowane na kran lub w\u0119\u017ca ogrodowego na szybko z\u0142\u0105czk\u0119.<br \/>\nSpecyfikacja AQUACAN 440l : &#8211; szeroko\u015b\u0107 &#8211;\u00a082 cm &#8211; \u015brednica podstawy &#8211; 47 cm &#8211; \u015brednica otworu g\u00f3ry &#8211;\u00a033,5 cm &#8211; wysoko\u015b\u0107 &#8211; 130 cm &#8211; pojemno\u015b\u0107 &#8211; 440 l &#8211; materia\u0142 &#8211; tworzywo sztuczne Zainwestuj w \u015brodowisko i uzyskaj nawet do 80% zwrotu koszt\u00f3w inwestycji.<br \/>\nZmiany klimatyczne zmuszaj\u0105 Nas do racjonalnego gospodarowania dobrami natury.\u00a0 Programy takiej jak Moja Woda, czy te\u017c Z\u0142ap Deszcz\u00f3wk\u0119 maj\u0105 na celu ochron\u0119 zasob\u00f3w wody poprzez zatrzymanie deszcz\u00f3wki oraz jej wykorzystanie do codziennych prac przydomowych.<br \/>\nTylko do programu Moja Woda w ubieg\u0142ym roku zosta\u0142o zainwestowanych 100 mln z\u0142otych.<br \/>\nZa realizacj\u0119 programu Moja Woda odpowiada Narodowy Fundusz Ochrony \u015arodowiska i Gospodarki Wodnej, poza tym, urz\u0119dy miast oraz gmin uruchamiaj\u0105 w\u0142asne projekty\u00a0 zwi\u0105zane z zakupem zbiornika na deszcz\u00f3wk\u0119. Sprawd\u017a, czy w twojej okolicy aktualnie s\u0105 realizowane tego typu dofinansowania!<br \/>\nPodstawowe informacj\u0119 na temat dofinansowa\u0144: &#8211; Ka\u017cdy projekt ma indywidualne wymagania oraz warunki zwrotu \u015brodk\u00f3w &#8211; sprawd\u017a w projekcie jaka jest minimalna pojemno\u015b\u0107 zbiornika<br \/>\n&#8211; Od pojemno\u015bci zbiornika uzale\u017cniona jest wielko\u015b\u0107 zwrotu<br \/>\n&#8211; Zakup zbiornika powinien zosta\u0107 dokonany po podpisaniu umowy o dofinansowanie<br \/>\n&#8211; Do rozliczenia konieczna jest faktura.<br \/>\nWi\u0119cej informacji dost\u0119pne na stronie NFO\u015aiGW lub na stronach miast i gmin.<\/p>\n<p>Zbiornik na deszcz\u00f3wk\u0119 AQUACAN 440l &#8211; Ceg\u0142a<br \/>\nW dobie wzmo\u017conego nacisku na rozs\u0105dne gospodarowanie zasobami wodnymi najlepszym rozwi\u0105zaniem staje si\u0119 zbiornik na deszcz\u00f3wk\u0119.<br \/>\nZbiornik: &#8211; o pojemno\u015bci\u00a0440 litr\u00f3w &#8211; wykonany z polietylenu &#8211; to prosty w instalacji i utrzymaniu zbiornik, pozwalaj\u0105cy magazynowa\u0107 deszcz\u00f3wk\u0119,kt\u00f3r\u0105 nast\u0119pnie mo\u017cemy wykorzysta\u0107 do podlewania ogrodu. Pojemnik na deszcz\u00f3wk\u0119 to doskona\u0142e rozwi\u0105zanie dla os\u00f3b , kt\u00f3rym los naszej planety nie jest oboj\u0119tny. Zbiornik na wod\u0119 deszczow\u0105 nie musi by\u0107 zwyk\u0142\u0105 beczk\u0105, teraz mo\u017ce stanowi\u0107 ozdob\u0119 domu i ogrodu. Deszczownica AQUACAN 440l to niepowtarzalna struktura inspirowana form\u0105 antycznej ceramik. Gromadzenie wody deszczowej to oszcz\u0119dno\u015b\u0107 i ekologia na co dzie\u0144.<br \/>\nZbiornik wyposa\u017cony jest w: &#8211; g\u00f3rny otw\u00f3r z pokryw\u0105, &#8211; dwa miejsca do przymocowania rur spustowych z rynien, &#8211; dwa otwory gwintowane na kran lub w\u0119\u017ca ogrodowego na szybko z\u0142\u0105czk\u0119.<br \/>\nSpecyfikacja AQUACAN 440l : &#8211; szeroko\u015b\u0107 &#8211;\u00a082 cm &#8211; \u015brednica podstawy &#8211; 47 cm &#8211; \u015brednica otworu g\u00f3ry &#8211;\u00a033,5 cm &#8211; wysoko\u015b\u0107 &#8211; 130 cm &#8211; pojemno\u015b\u0107 &#8211; 440 l &#8211; materia\u0142 &#8211; tworzywo sztuczne Zainwestuj w \u015brodowisko i uzyskaj nawet do 80% zwrotu koszt\u00f3w inwestycji.<br \/>\nZmiany klimatyczne zmuszaj\u0105 Nas do racjonalnego gospodarowania dobrami natury.\u00a0 Programy takiej jak Moja Woda, czy te\u017c Z\u0142ap Deszcz\u00f3wk\u0119 maj\u0105 na celu ochron\u0119 zasob\u00f3w wody poprzez zatrzymanie deszcz\u00f3wki oraz jej wykorzystanie do codziennych prac przydomowych.<br \/>\nTylko do programu Moja Woda w ubieg\u0142ym roku zosta\u0142o zainwestowanych 100 mln z\u0142otych.<br \/>\nZa realizacj\u0119 programu Moja Woda odpowiada Narodowy Fundusz Ochrony \u015arodowiska i Gospodarki Wodnej, poza tym, urz\u0119dy miast oraz gmin uruchamiaj\u0105 w\u0142asne projekty\u00a0 zwi\u0105zane z zakupem zbiornika na deszcz\u00f3wk\u0119. Sprawd\u017a, czy w twojej okolicy aktualnie s\u0105 realizowane tego typu dofinansowania!<br \/>\nPodstawowe informacj\u0119 na temat dofinansowa\u0144: &#8211; Ka\u017cdy projekt ma indywidualne wymagania oraz warunki zwrotu \u015brodk\u00f3w &#8211; sprawd\u017a w projekcie jaka jest minimalna pojemno\u015b\u0107 zbiornika<br \/>\n&#8211; Od pojemno\u015bci zbiornika uzale\u017cniona jest wielko\u015b\u0107 zwrotu<br \/>\n&#8211; Zakup zbiornika powinien zosta\u0107 dokonany po podpisaniu umowy o dofinansowanie<br \/>\n&#8211; Do rozliczenia konieczna jest faktura.<br \/>\nWi\u0119cej informacji dost\u0119pne na stronie NFO\u015aiGW lub na stronach miast i gmin.<\/p>\n","protected":false},"excerpt":{"rendered":"<p>Zbiornik na deszcz\u00f3wk\u0119 AQUACAN 440l &#8211; Ceg\u0142a W dobie wzmo\u017conego nacisku na rozs\u0105dne gospodarowanie zasobami wodnymi najlepszym rozwi\u0105zaniem staje si\u0119 zbiornik na deszcz\u00f3wk\u0119. Zbiornik: &#8211; o pojemno\u015bci\u00a0440 litr\u00f3w &#8211; wykonany z polietylenu &#8211; to prosty w instalacji i utrzymaniu zbiornik, pozwalaj\u0105cy magazynowa\u0107 deszcz\u00f3wk\u0119,kt\u00f3r\u0105 nast\u0119pnie mo\u017cemy wykorzysta\u0107 do podlewania ogrodu. Pojemnik na deszcz\u00f3wk\u0119 to doskona\u0142e rozwi\u0105zanie &#8230; <a title=\"Zbiornik na deszcz\u00f3wk\u0119 AQUACAN ICAN440 | Ceg\u0142a\" class=\"read-more\" href=\"https:\/\/selleetools.com\/pl\/product\/zbiornik-na-deszczowke-aquacan-ican440-cegla\/\">Read more<span class=\"screen-reader-text\">Zbiornik na deszcz\u00f3wk\u0119 AQUACAN ICAN440 | Ceg\u0142a<\/span><\/a><\/p>\n","protected":false},"featured_media":671506,"comment_status":"open","ping_status":"closed","template":"","meta":{"_links_to":"","_links_to_target":""},"yoast_head":"<!-- This site is optimized with the Yoast SEO plugin v19.4 - https:\/\/yoast.com\/wordpress\/plugins\/seo\/ -->\n<title>Zbiornik na deszcz\u00f3wk\u0119 AQUACAN ICAN440 | Ceg\u0142a - Selleetools.com<\/title>\n<meta name=\"robots\" content=\"index, follow, max-snippet:-1, max-image-preview:large, max-video-preview:-1\" \/>\n<link rel=\"canonical\" href=\"https:\/\/selleetools.com\/pl\/product\/zbiornik-na-deszczowke-aquacan-ican440-cegla\/\" \/>\n<meta property=\"og:locale\" content=\"pl_PL\" \/>\n<meta property=\"og:type\" content=\"article\" \/>\n<meta property=\"og:title\" content=\"Zbiornik na deszcz\u00f3wk\u0119 AQUACAN ICAN440 | Ceg\u0142a - Selleetools.com\" \/>\n<meta property=\"og:description\" content=\"Zbiornik na deszcz\u00f3wk\u0119 AQUACAN 440l &#8211; Ceg\u0142a W dobie wzmo\u017conego nacisku na rozs\u0105dne gospodarowanie zasobami wodnymi najlepszym rozwi\u0105zaniem staje si\u0119 zbiornik na deszcz\u00f3wk\u0119. Zbiornik: &#8211; o pojemno\u015bci\u00a0440 litr\u00f3w &#8211; wykonany z polietylenu &#8211; to prosty w instalacji i utrzymaniu zbiornik, pozwalaj\u0105cy magazynowa\u0107 deszcz\u00f3wk\u0119,kt\u00f3r\u0105 nast\u0119pnie mo\u017cemy wykorzysta\u0107 do podlewania ogrodu. Pojemnik na deszcz\u00f3wk\u0119 to doskona\u0142e rozwi\u0105zanie ... Read moreZbiornik na deszcz\u00f3wk\u0119 AQUACAN ICAN440 | Ceg\u0142a\" \/>\n<meta property=\"og:url\" content=\"https:\/\/selleetools.com\/pl\/product\/zbiornik-na-deszczowke-aquacan-ican440-cegla\/\" \/>\n<meta property=\"og:site_name\" content=\"Selleetools.com\" \/>\n<meta property=\"article:modified_time\" content=\"2026-04-15T15:55:18+00:00\" \/>\n<meta property=\"og:image\" content=\"https:\/\/selleetools.com\/wp-content\/uploads\/2026\/02\/2b6f113c21ad9ad6ad86a20c61338ab2.jpg\" \/>\n\t<meta property=\"og:image:width\" content=\"542\" \/>\n\t<meta property=\"og:image:height\" content=\"1000\" \/>\n\t<meta property=\"og:image:type\" content=\"image\/jpeg\" \/>\n<meta name=\"twitter:card\" content=\"summary_large_image\" \/>\n<meta name=\"twitter:label1\" content=\"Est. reading time\" \/>\n\t<meta name=\"twitter:data1\" content=\"4 minuty\" \/>\n<!-- \/ Yoast SEO plugin. -->","yoast_head_json":{"title":"Zbiornik na deszcz\u00f3wk\u0119 AQUACAN ICAN440 | Ceg\u0142a - Selleetools.com","robots":{"index":"index","follow":"follow","max-snippet":"max-snippet:-1","max-image-preview":"max-image-preview:large","max-video-preview":"max-video-preview:-1"},"canonical":"https:\/\/selleetools.com\/pl\/product\/zbiornik-na-deszczowke-aquacan-ican440-cegla\/","og_locale":"pl_PL","og_type":"article","og_title":"Zbiornik na deszcz\u00f3wk\u0119 AQUACAN ICAN440 | Ceg\u0142a - Selleetools.com","og_description":"Zbiornik na deszcz\u00f3wk\u0119 AQUACAN 440l &#8211; Ceg\u0142a W dobie wzmo\u017conego nacisku na rozs\u0105dne gospodarowanie zasobami wodnymi najlepszym rozwi\u0105zaniem staje si\u0119 zbiornik na deszcz\u00f3wk\u0119. Zbiornik: &#8211; o pojemno\u015bci\u00a0440 litr\u00f3w &#8211; wykonany z polietylenu &#8211; to prosty w instalacji i utrzymaniu zbiornik, pozwalaj\u0105cy magazynowa\u0107 deszcz\u00f3wk\u0119,kt\u00f3r\u0105 nast\u0119pnie mo\u017cemy wykorzysta\u0107 do podlewania ogrodu. Pojemnik na deszcz\u00f3wk\u0119 to doskona\u0142e rozwi\u0105zanie ... Read moreZbiornik na deszcz\u00f3wk\u0119 AQUACAN ICAN440 | Ceg\u0142a","og_url":"https:\/\/selleetools.com\/pl\/product\/zbiornik-na-deszczowke-aquacan-ican440-cegla\/","og_site_name":"Selleetools.com","article_modified_time":"2026-04-15T15:55:18+00:00","og_image":[{"width":542,"height":1000,"url":"https:\/\/selleetools.com\/wp-content\/uploads\/2026\/02\/2b6f113c21ad9ad6ad86a20c61338ab2.jpg","type":"image\/jpeg"}],"twitter_card":"summary_large_image","twitter_misc":{"Est. reading time":"4 minuty"},"schema":{"@context":"https:\/\/schema.org","@graph":[{"@type":"Organization","@id":"https:\/\/selleetools.com\/#organization","name":"Selleetools","url":"https:\/\/selleetools.com\/","sameAs":[],"logo":{"@type":"ImageObject","inLanguage":"pl-PL","@id":"https:\/\/selleetools.com\/#\/schema\/logo\/image\/","url":"https:\/\/selleetools.com\/wp-content\/uploads\/2021\/10\/logo-dark.png","contentUrl":"https:\/\/selleetools.com\/wp-content\/uploads\/2021\/10\/logo-dark.png","width":320,"height":76,"caption":"Selleetools"},"image":{"@id":"https:\/\/selleetools.com\/#\/schema\/logo\/image\/"}},{"@type":"WebSite","@id":"https:\/\/selleetools.com\/#website","url":"https:\/\/selleetools.com\/","name":"Selleetools.com","description":"","publisher":{"@id":"https:\/\/selleetools.com\/#organization"},"potentialAction":[{"@type":"SearchAction","target":{"@type":"EntryPoint","urlTemplate":"https:\/\/selleetools.com\/?s={search_term_string}"},"query-input":"required name=search_term_string"}],"inLanguage":"pl-PL"},{"@type":"WebPage","@id":"https:\/\/selleetools.com\/pl\/product\/zbiornik-na-deszczowke-aquacan-ican440-cegla\/","url":"https:\/\/selleetools.com\/pl\/product\/zbiornik-na-deszczowke-aquacan-ican440-cegla\/","name":"Zbiornik na deszcz\u00f3wk\u0119 AQUACAN ICAN440 | Ceg\u0142a - Selleetools.com","isPartOf":{"@id":"https:\/\/selleetools.com\/#website"},"datePublished":"2026-02-19T14:48:05+00:00","dateModified":"2026-04-15T15:55:18+00:00","breadcrumb":{"@id":"https:\/\/selleetools.com\/pl\/product\/zbiornik-na-deszczowke-aquacan-ican440-cegla\/#breadcrumb"},"inLanguage":"pl-PL","potentialAction":[{"@type":"ReadAction","target":["https:\/\/selleetools.com\/pl\/product\/zbiornik-na-deszczowke-aquacan-ican440-cegla\/"]}]},{"@type":"BreadcrumbList","@id":"https:\/\/selleetools.com\/pl\/product\/zbiornik-na-deszczowke-aquacan-ican440-cegla\/#breadcrumb","itemListElement":[{"@type":"ListItem","position":1,"name":"Home","item":"https:\/\/selleetools.com\/pl\/"},{"@type":"ListItem","position":2,"name":"Katalog","item":"https:\/\/selleetools.com\/pl\/katalog\/"},{"@type":"ListItem","position":3,"name":"Zbiornik na deszcz\u00f3wk\u0119 AQUACAN ICAN440 | Ceg\u0142a"}]}]}},"_links":{"self":[{"href":"https:\/\/selleetools.com\/pl\/wp-json\/wp\/v2\/product\/671514"}],"collection":[{"href":"https:\/\/selleetools.com\/pl\/wp-json\/wp\/v2\/product"}],"about":[{"href":"https:\/\/selleetools.com\/pl\/wp-json\/wp\/v2\/types\/product"}],"replies":[{"embeddable":true,"href":"https:\/\/selleetools.com\/pl\/wp-json\/wp\/v2\/comments?post=671514"}],"wp:featuredmedia":[{"embeddable":true,"href":"https:\/\/selleetools.com\/pl\/wp-json\/wp\/v2\/media\/671506"}],"wp:attachment":[{"href":"https:\/\/selleetools.com\/pl\/wp-json\/wp\/v2\/media?parent=671514"}],"curies":[{"name":"wp","href":"https:\/\/api.w.org\/{rel}","templated":true}]}}