{"id":671477,"date":"2026-02-19T15:47:45","date_gmt":"2026-02-19T14:47:45","guid":{"rendered":"https:\/\/selleetools.com\/?post_type=product&#038;p=671477"},"modified":"2026-04-18T15:55:35","modified_gmt":"2026-04-18T13:55:35","slug":"bros-spirale-na-komary-10-szt","status":"publish","type":"product","link":"https:\/\/selleetools.com\/pl\/product\/bros-spirale-na-komary-10-szt\/","title":{"rendered":"BROS Spirale na komary 10 szt."},"content":{"rendered":"<section class=\"section\">\n<div class=\"item item-6\">\n<section class=\"text-item\">\n<h1>BROS Spirale na komary 10 sztuk<\/h1>\n<p>\u017barz\u0105ca si\u0119 spirala zapewnia kilkugodzinn\u0105 ochron\u0119 przed r\u00f3\u017cnymi owadami, kt\u00f3re cz\u0119sto dokuczaj\u0105 podczas letnich wieczor\u00f3w. Przeznaczona jest do u\u017cytku na zewn\u0105trz pomieszcze\u0144. Produkt\u00f3w biob\u00f3jczych nale\u017cy u\u017cywa\u0107 z zachowaniem \u015brodk\u00f3w ostro\u017cno\u015bci. Przed ka\u017cdym u\u017cyciem nale\u017cy przeczyta\u0107 etykiet\u0119 i informacje dotycz\u0105ce produktu.<\/p>\n<p>Spirala do zwalczania komar\u00f3w i meszek na terenach otwartych (np. w ogrodzie, na tarasie itp.) Dzia\u0142a b\u00f3jczo ju\u017c po 10 minutach od zastosowania. Jedna sztuka chroni przed owadazmi a\u017c do 8h.<\/p>\n<p><b>Spos\u00f3b u\u017cycia:<\/b> Ostro\u017cnie rozdzieli\u0107 s\u0105siednie spirale zaczynaj\u0105\u0107 od zewn\u0119trznych ko\u0144c\u00f3w. Odgi\u0105\u0107 j\u0119zyczek metalowej podp\u00f3rki i na\u0142o\u017cy\u0107 na ni\u0105 spirale. Zapali\u0107 koniec spirali, a nast\u0119pnie zdmuchn\u0105\u0107 p\u0142omie\u0144 i zostawi\u0107\u017carz\u0105c\u0105 si\u0119 ko\u0144c\u00f3wk\u0119. Wydzielaj\u0105ce si\u0119 opary dzia\u0142aj\u0105 owadob\u00f3jczo.<\/p>\n<p><b>Produkt\u00f3w biob\u00f3jczych nale\u017cy u\u017cywa\u0107 z zachowaniem \u015brodk\u00f3w ostro\u017cno\u015bci. Przed ka\u017cdym u\u017cyciem nale\u017cy przeczyta\u0107 etykiet\u0119 i informacje dotycz\u0105ce produktu.<\/b><\/p>\n<p><b>\u015arodki Ostro\u017cno\u015bci:<\/b> Niebezpiecze\u0144stwo<\/p>\n<ul>\n<li>substancje szkodliwe dla \u015brodowiska wodnego,<\/li>\n<li>chroni\u0107 przed dzie\u0107mi,<\/li>\n<li>nie wdycha\u0107 dymu.<\/li>\n<\/ul>\n<p>Substancja czynna:<\/p>\n<ul>\n<li>praletryna 12 mg\/szt. (0,1 g\/100g)<\/li>\n<\/ul>\n<\/section><\/div>\n<div class=\"item item-6\">\n<section class=\"image-item\"><img src=\"https:\/\/upload.cdn.baselinker.com\/products\/3028621\/8e1fb0eba0fa7491f11dbe9e5d813956.jpg\"><\/section>\n<\/p><\/div>\n<\/section>\n<section class=\"section\">\n<div class=\"item item-12\">\n<section class=\"image-item\"><img src=\"https:\/\/upload.cdn.baselinker.com\/products\/3028621\/8e1fb0eba0fa7491f11dbe9e5d813956.jpg\"><\/section>\n<\/p><\/div>\n<\/section>\n<p>BROS Spirale na komary 10 sztuk<br \/>\n\u017barz\u0105ca si\u0119 spirala zapewnia kilkugodzinn\u0105 ochron\u0119 przed r\u00f3\u017cnymi owadami, kt\u00f3re cz\u0119sto dokuczaj\u0105 podczas letnich wieczor\u00f3w. Przeznaczona jest do u\u017cytku na zewn\u0105trz pomieszcze\u0144. Produkt\u00f3w biob\u00f3jczych nale\u017cy u\u017cywa\u0107 z zachowaniem \u015brodk\u00f3w ostro\u017cno\u015bci. Przed ka\u017cdym u\u017cyciem nale\u017cy przeczyta\u0107 etykiet\u0119 i informacje dotycz\u0105ce produktu.<br \/>\nSpirala do zwalczania komar\u00f3w i meszek na terenach otwartych (np. w ogrodzie, na tarasie itp.) Dzia\u0142a b\u00f3jczo ju\u017c po 10 minutach od zastosowania. Jedna sztuka chroni przed owadazmi a\u017c do 8h.<br \/>\nSpos\u00f3b u\u017cycia: Ostro\u017cnie rozdzieli\u0107 s\u0105siednie spirale zaczynaj\u0105\u0107 od zewn\u0119trznych ko\u0144c\u00f3w. Odgi\u0105\u0107 j\u0119zyczek metalowej podp\u00f3rki i na\u0142o\u017cy\u0107 na ni\u0105 spirale. Zapali\u0107 koniec spirali, a nast\u0119pnie zdmuchn\u0105\u0107 p\u0142omie\u0144 i zostawi\u0107\u017carz\u0105c\u0105 si\u0119 ko\u0144c\u00f3wk\u0119. Wydzielaj\u0105ce si\u0119 opary dzia\u0142aj\u0105 owadob\u00f3jczo.<\/p>\n","protected":false},"excerpt":{"rendered":"<p>BROS Spirale na komary 10 sztuk \u017barz\u0105ca si\u0119 spirala zapewnia kilkugodzinn\u0105 ochron\u0119 przed r\u00f3\u017cnymi owadami, kt\u00f3re cz\u0119sto dokuczaj\u0105 podczas letnich wieczor\u00f3w. Przeznaczona jest do u\u017cytku na zewn\u0105trz pomieszcze\u0144. Produkt\u00f3w biob\u00f3jczych nale\u017cy u\u017cywa\u0107 z zachowaniem \u015brodk\u00f3w ostro\u017cno\u015bci. Przed ka\u017cdym u\u017cyciem nale\u017cy przeczyta\u0107 etykiet\u0119 i informacje dotycz\u0105ce produktu. Spirala do zwalczania komar\u00f3w i meszek na terenach otwartych &#8230; <a title=\"BROS Spirale na komary 10 szt.\" class=\"read-more\" href=\"https:\/\/selleetools.com\/pl\/product\/bros-spirale-na-komary-10-szt\/\">Read more<span class=\"screen-reader-text\">BROS Spirale na komary 10 szt.<\/span><\/a><\/p>\n","protected":false},"featured_media":671473,"comment_status":"open","ping_status":"closed","template":"","meta":{"_links_to":"","_links_to_target":""},"yoast_head":"<!-- This site is optimized with the Yoast SEO plugin v19.4 - https:\/\/yoast.com\/wordpress\/plugins\/seo\/ -->\n<title>BROS Spirale na komary 10 szt. - Selleetools.com<\/title>\n<meta name=\"robots\" content=\"index, follow, max-snippet:-1, max-image-preview:large, max-video-preview:-1\" \/>\n<link rel=\"canonical\" href=\"https:\/\/selleetools.com\/pl\/product\/bros-spirale-na-komary-10-szt\/\" \/>\n<meta property=\"og:locale\" content=\"pl_PL\" \/>\n<meta property=\"og:type\" content=\"article\" \/>\n<meta property=\"og:title\" content=\"BROS Spirale na komary 10 szt. - Selleetools.com\" \/>\n<meta property=\"og:description\" content=\"BROS Spirale na komary 10 sztuk \u017barz\u0105ca si\u0119 spirala zapewnia kilkugodzinn\u0105 ochron\u0119 przed r\u00f3\u017cnymi owadami, kt\u00f3re cz\u0119sto dokuczaj\u0105 podczas letnich wieczor\u00f3w. Przeznaczona jest do u\u017cytku na zewn\u0105trz pomieszcze\u0144. Produkt\u00f3w biob\u00f3jczych nale\u017cy u\u017cywa\u0107 z zachowaniem \u015brodk\u00f3w ostro\u017cno\u015bci. Przed ka\u017cdym u\u017cyciem nale\u017cy przeczyta\u0107 etykiet\u0119 i informacje dotycz\u0105ce produktu. Spirala do zwalczania komar\u00f3w i meszek na terenach otwartych ... Read moreBROS Spirale na komary 10 szt.\" \/>\n<meta property=\"og:url\" content=\"https:\/\/selleetools.com\/pl\/product\/bros-spirale-na-komary-10-szt\/\" \/>\n<meta property=\"og:site_name\" content=\"Selleetools.com\" \/>\n<meta property=\"article:modified_time\" content=\"2026-04-18T13:55:35+00:00\" \/>\n<meta property=\"og:image\" content=\"https:\/\/selleetools.com\/wp-content\/uploads\/2026\/02\/8e1fb0eba0fa7491f11dbe9e5d813956.jpg\" \/>\n\t<meta property=\"og:image:width\" content=\"600\" \/>\n\t<meta property=\"og:image:height\" content=\"719\" \/>\n\t<meta property=\"og:image:type\" content=\"image\/jpeg\" \/>\n<meta name=\"twitter:card\" content=\"summary_large_image\" \/>\n<meta name=\"twitter:label1\" content=\"Est. reading time\" \/>\n\t<meta name=\"twitter:data1\" content=\"2 minuty\" \/>\n<!-- \/ Yoast SEO plugin. -->","yoast_head_json":{"title":"BROS Spirale na komary 10 szt. - Selleetools.com","robots":{"index":"index","follow":"follow","max-snippet":"max-snippet:-1","max-image-preview":"max-image-preview:large","max-video-preview":"max-video-preview:-1"},"canonical":"https:\/\/selleetools.com\/pl\/product\/bros-spirale-na-komary-10-szt\/","og_locale":"pl_PL","og_type":"article","og_title":"BROS Spirale na komary 10 szt. - Selleetools.com","og_description":"BROS Spirale na komary 10 sztuk \u017barz\u0105ca si\u0119 spirala zapewnia kilkugodzinn\u0105 ochron\u0119 przed r\u00f3\u017cnymi owadami, kt\u00f3re cz\u0119sto dokuczaj\u0105 podczas letnich wieczor\u00f3w. Przeznaczona jest do u\u017cytku na zewn\u0105trz pomieszcze\u0144. Produkt\u00f3w biob\u00f3jczych nale\u017cy u\u017cywa\u0107 z zachowaniem \u015brodk\u00f3w ostro\u017cno\u015bci. Przed ka\u017cdym u\u017cyciem nale\u017cy przeczyta\u0107 etykiet\u0119 i informacje dotycz\u0105ce produktu. Spirala do zwalczania komar\u00f3w i meszek na terenach otwartych ... Read moreBROS Spirale na komary 10 szt.","og_url":"https:\/\/selleetools.com\/pl\/product\/bros-spirale-na-komary-10-szt\/","og_site_name":"Selleetools.com","article_modified_time":"2026-04-18T13:55:35+00:00","og_image":[{"width":600,"height":719,"url":"https:\/\/selleetools.com\/wp-content\/uploads\/2026\/02\/8e1fb0eba0fa7491f11dbe9e5d813956.jpg","type":"image\/jpeg"}],"twitter_card":"summary_large_image","twitter_misc":{"Est. reading time":"2 minuty"},"schema":{"@context":"https:\/\/schema.org","@graph":[{"@type":"Organization","@id":"https:\/\/selleetools.com\/#organization","name":"Selleetools","url":"https:\/\/selleetools.com\/","sameAs":[],"logo":{"@type":"ImageObject","inLanguage":"pl-PL","@id":"https:\/\/selleetools.com\/#\/schema\/logo\/image\/","url":"https:\/\/selleetools.com\/wp-content\/uploads\/2021\/10\/logo-dark.png","contentUrl":"https:\/\/selleetools.com\/wp-content\/uploads\/2021\/10\/logo-dark.png","width":320,"height":76,"caption":"Selleetools"},"image":{"@id":"https:\/\/selleetools.com\/#\/schema\/logo\/image\/"}},{"@type":"WebSite","@id":"https:\/\/selleetools.com\/#website","url":"https:\/\/selleetools.com\/","name":"Selleetools.com","description":"","publisher":{"@id":"https:\/\/selleetools.com\/#organization"},"potentialAction":[{"@type":"SearchAction","target":{"@type":"EntryPoint","urlTemplate":"https:\/\/selleetools.com\/?s={search_term_string}"},"query-input":"required name=search_term_string"}],"inLanguage":"pl-PL"},{"@type":"WebPage","@id":"https:\/\/selleetools.com\/pl\/product\/bros-spirale-na-komary-10-szt\/","url":"https:\/\/selleetools.com\/pl\/product\/bros-spirale-na-komary-10-szt\/","name":"BROS Spirale na komary 10 szt. - Selleetools.com","isPartOf":{"@id":"https:\/\/selleetools.com\/#website"},"datePublished":"2026-02-19T14:47:45+00:00","dateModified":"2026-04-18T13:55:35+00:00","breadcrumb":{"@id":"https:\/\/selleetools.com\/pl\/product\/bros-spirale-na-komary-10-szt\/#breadcrumb"},"inLanguage":"pl-PL","potentialAction":[{"@type":"ReadAction","target":["https:\/\/selleetools.com\/pl\/product\/bros-spirale-na-komary-10-szt\/"]}]},{"@type":"BreadcrumbList","@id":"https:\/\/selleetools.com\/pl\/product\/bros-spirale-na-komary-10-szt\/#breadcrumb","itemListElement":[{"@type":"ListItem","position":1,"name":"Home","item":"https:\/\/selleetools.com\/pl\/"},{"@type":"ListItem","position":2,"name":"Katalog","item":"https:\/\/selleetools.com\/pl\/katalog\/"},{"@type":"ListItem","position":3,"name":"BROS Spirale na komary 10 szt."}]}]}},"_links":{"self":[{"href":"https:\/\/selleetools.com\/pl\/wp-json\/wp\/v2\/product\/671477"}],"collection":[{"href":"https:\/\/selleetools.com\/pl\/wp-json\/wp\/v2\/product"}],"about":[{"href":"https:\/\/selleetools.com\/pl\/wp-json\/wp\/v2\/types\/product"}],"replies":[{"embeddable":true,"href":"https:\/\/selleetools.com\/pl\/wp-json\/wp\/v2\/comments?post=671477"}],"wp:featuredmedia":[{"embeddable":true,"href":"https:\/\/selleetools.com\/pl\/wp-json\/wp\/v2\/media\/671473"}],"wp:attachment":[{"href":"https:\/\/selleetools.com\/pl\/wp-json\/wp\/v2\/media?parent=671477"}],"curies":[{"name":"wp","href":"https:\/\/api.w.org\/{rel}","templated":true}]}}