{"id":671433,"date":"2026-02-19T15:47:15","date_gmt":"2026-02-19T14:47:15","guid":{"rendered":"https:\/\/selleetools.com\/?post_type=product&#038;p=671433"},"modified":"2026-04-18T16:03:14","modified_gmt":"2026-04-18T14:03:14","slug":"bros-urzadzenie-elektroplyn-na-komary-dla-dzieci","status":"publish","type":"product","link":"https:\/\/selleetools.com\/pl\/product\/bros-urzadzenie-elektroplyn-na-komary-dla-dzieci\/","title":{"rendered":"BROS Urz\u0105dzenie elektro+p\u0142yn na komary dla dzieci"},"content":{"rendered":"<p>Bros urz\u0105dzenie elektro i p\u0142yn na komary da dzieci (BROS-SG137)<br \/>\nBROS elektro + p\u0142yn na komary dla dzieci.<br \/>\nZapewnia ochron\u0119 przed owadami lataj\u0105cymi, zw\u0142aszcza komarami &#8211; zwabionymi do mieszka\u0144 \u015bwiat\u0142em.<br \/>\nUrz\u0105dzenie w\u0142\u0105czone do kontaktu powoduje parowanie substancji, kt\u00f3ra dzia\u0142a na owady ju\u017c znajduj\u0105ce si\u0119 w pomieszczeniu oraz chroni pomieszczenie przed kolejnymi, nalatuj\u0105cymi z zewn\u0105trz.<br \/>\nD\u0142ugie dzia\u0142anie preparatu zapewnia spokojny sen przez wiele letnich nocy.<br \/>\n Dost\u0119pne s\u0105 opakowania uzupe\u0142niaj\u0105ce z p\u0142ynem.<br \/>\nProdukt\u00f3w biob\u00f3jczych nale\u017cy u\u017cywa\u0107 z zachowaniem \u015brodk\u00f3w ostro\u017cno\u015bci.<br \/>\n Przed ka\u017cdym u\u017cyciem nale\u017cy przeczyta\u0107 etykiet\u0119 i informacje dotycz\u0105ce produktu.<\/p>\n<p>Bros urz\u0105dzenie elektro i p\u0142yn na komary da dzieci (BROS-SG137)<br \/>\nBROS elektro + p\u0142yn na komary dla dzieci.<br \/>\nZapewnia ochron\u0119 przed owadami lataj\u0105cymi, zw\u0142aszcza komarami &#8211; zwabionymi do mieszka\u0144 \u015bwiat\u0142em.<br \/>\nUrz\u0105dzenie w\u0142\u0105czone do kontaktu powoduje parowanie substancji, kt\u00f3ra dzia\u0142a na owady ju\u017c znajduj\u0105ce si\u0119 w pomieszczeniu oraz chroni pomieszczenie przed kolejnymi, nalatuj\u0105cymi z zewn\u0105trz.<br \/>\nD\u0142ugie dzia\u0142anie preparatu zapewnia spokojny sen przez wiele letnich nocy.<br \/>\n Dost\u0119pne s\u0105 opakowania uzupe\u0142niaj\u0105ce z p\u0142ynem.<br \/>\nProdukt\u00f3w biob\u00f3jczych nale\u017cy u\u017cywa\u0107 z zachowaniem \u015brodk\u00f3w ostro\u017cno\u015bci.<br \/>\n Przed ka\u017cdym u\u017cyciem nale\u017cy przeczyta\u0107 etykiet\u0119 i informacje dotycz\u0105ce produktu.<\/p>\n","protected":false},"excerpt":{"rendered":"<p>Bros urz\u0105dzenie elektro i p\u0142yn na komary da dzieci (BROS-SG137) BROS elektro + p\u0142yn na komary dla dzieci. Zapewnia ochron\u0119 przed owadami lataj\u0105cymi, zw\u0142aszcza komarami &#8211; zwabionymi do mieszka\u0144 \u015bwiat\u0142em. Urz\u0105dzenie w\u0142\u0105czone do kontaktu powoduje parowanie substancji, kt\u00f3ra dzia\u0142a na owady ju\u017c znajduj\u0105ce si\u0119 w pomieszczeniu oraz chroni pomieszczenie przed kolejnymi, nalatuj\u0105cymi z zewn\u0105trz. D\u0142ugie &#8230; <a title=\"BROS Urz\u0105dzenie elektro+p\u0142yn na komary dla dzieci\" class=\"read-more\" href=\"https:\/\/selleetools.com\/pl\/product\/bros-urzadzenie-elektroplyn-na-komary-dla-dzieci\/\">Read more<span class=\"screen-reader-text\">BROS Urz\u0105dzenie elektro+p\u0142yn na komary dla dzieci<\/span><\/a><\/p>\n","protected":false},"featured_media":671429,"comment_status":"open","ping_status":"closed","template":"","meta":{"_links_to":"","_links_to_target":""},"yoast_head":"<!-- This site is optimized with the Yoast SEO plugin v19.4 - https:\/\/yoast.com\/wordpress\/plugins\/seo\/ -->\n<title>BROS Urz\u0105dzenie elektro+p\u0142yn na komary dla dzieci - Selleetools.com<\/title>\n<meta name=\"robots\" content=\"index, follow, max-snippet:-1, max-image-preview:large, max-video-preview:-1\" \/>\n<link rel=\"canonical\" href=\"https:\/\/selleetools.com\/pl\/product\/bros-urzadzenie-elektroplyn-na-komary-dla-dzieci\/\" \/>\n<meta property=\"og:locale\" content=\"pl_PL\" \/>\n<meta property=\"og:type\" content=\"article\" \/>\n<meta property=\"og:title\" content=\"BROS Urz\u0105dzenie elektro+p\u0142yn na komary dla dzieci - Selleetools.com\" \/>\n<meta property=\"og:description\" content=\"Bros urz\u0105dzenie elektro i p\u0142yn na komary da dzieci (BROS-SG137) BROS elektro + p\u0142yn na komary dla dzieci. Zapewnia ochron\u0119 przed owadami lataj\u0105cymi, zw\u0142aszcza komarami &#8211; zwabionymi do mieszka\u0144 \u015bwiat\u0142em. Urz\u0105dzenie w\u0142\u0105czone do kontaktu powoduje parowanie substancji, kt\u00f3ra dzia\u0142a na owady ju\u017c znajduj\u0105ce si\u0119 w pomieszczeniu oraz chroni pomieszczenie przed kolejnymi, nalatuj\u0105cymi z zewn\u0105trz. D\u0142ugie ... Read moreBROS Urz\u0105dzenie elektro+p\u0142yn na komary dla dzieci\" \/>\n<meta property=\"og:url\" content=\"https:\/\/selleetools.com\/pl\/product\/bros-urzadzenie-elektroplyn-na-komary-dla-dzieci\/\" \/>\n<meta property=\"og:site_name\" content=\"Selleetools.com\" \/>\n<meta property=\"article:modified_time\" content=\"2026-04-18T14:03:14+00:00\" \/>\n<meta property=\"og:image\" content=\"https:\/\/selleetools.com\/wp-content\/uploads\/2026\/02\/69a0b52b64a5c405073f1ecba82949ef.jpg\" \/>\n\t<meta property=\"og:image:width\" content=\"1065\" \/>\n\t<meta property=\"og:image:height\" content=\"1200\" \/>\n\t<meta property=\"og:image:type\" content=\"image\/jpeg\" \/>\n<meta name=\"twitter:card\" content=\"summary_large_image\" \/>\n<meta name=\"twitter:label1\" content=\"Est. reading time\" \/>\n\t<meta name=\"twitter:data1\" content=\"1 minuta\" \/>\n<!-- \/ Yoast SEO plugin. -->","yoast_head_json":{"title":"BROS Urz\u0105dzenie elektro+p\u0142yn na komary dla dzieci - Selleetools.com","robots":{"index":"index","follow":"follow","max-snippet":"max-snippet:-1","max-image-preview":"max-image-preview:large","max-video-preview":"max-video-preview:-1"},"canonical":"https:\/\/selleetools.com\/pl\/product\/bros-urzadzenie-elektroplyn-na-komary-dla-dzieci\/","og_locale":"pl_PL","og_type":"article","og_title":"BROS Urz\u0105dzenie elektro+p\u0142yn na komary dla dzieci - Selleetools.com","og_description":"Bros urz\u0105dzenie elektro i p\u0142yn na komary da dzieci (BROS-SG137) BROS elektro + p\u0142yn na komary dla dzieci. Zapewnia ochron\u0119 przed owadami lataj\u0105cymi, zw\u0142aszcza komarami &#8211; zwabionymi do mieszka\u0144 \u015bwiat\u0142em. Urz\u0105dzenie w\u0142\u0105czone do kontaktu powoduje parowanie substancji, kt\u00f3ra dzia\u0142a na owady ju\u017c znajduj\u0105ce si\u0119 w pomieszczeniu oraz chroni pomieszczenie przed kolejnymi, nalatuj\u0105cymi z zewn\u0105trz. D\u0142ugie ... Read moreBROS Urz\u0105dzenie elektro+p\u0142yn na komary dla dzieci","og_url":"https:\/\/selleetools.com\/pl\/product\/bros-urzadzenie-elektroplyn-na-komary-dla-dzieci\/","og_site_name":"Selleetools.com","article_modified_time":"2026-04-18T14:03:14+00:00","og_image":[{"width":1065,"height":1200,"url":"https:\/\/selleetools.com\/wp-content\/uploads\/2026\/02\/69a0b52b64a5c405073f1ecba82949ef.jpg","type":"image\/jpeg"}],"twitter_card":"summary_large_image","twitter_misc":{"Est. reading time":"1 minuta"},"schema":{"@context":"https:\/\/schema.org","@graph":[{"@type":"Organization","@id":"https:\/\/selleetools.com\/#organization","name":"Selleetools","url":"https:\/\/selleetools.com\/","sameAs":[],"logo":{"@type":"ImageObject","inLanguage":"pl-PL","@id":"https:\/\/selleetools.com\/#\/schema\/logo\/image\/","url":"https:\/\/selleetools.com\/wp-content\/uploads\/2021\/10\/logo-dark.png","contentUrl":"https:\/\/selleetools.com\/wp-content\/uploads\/2021\/10\/logo-dark.png","width":320,"height":76,"caption":"Selleetools"},"image":{"@id":"https:\/\/selleetools.com\/#\/schema\/logo\/image\/"}},{"@type":"WebSite","@id":"https:\/\/selleetools.com\/#website","url":"https:\/\/selleetools.com\/","name":"Selleetools.com","description":"","publisher":{"@id":"https:\/\/selleetools.com\/#organization"},"potentialAction":[{"@type":"SearchAction","target":{"@type":"EntryPoint","urlTemplate":"https:\/\/selleetools.com\/?s={search_term_string}"},"query-input":"required name=search_term_string"}],"inLanguage":"pl-PL"},{"@type":"WebPage","@id":"https:\/\/selleetools.com\/pl\/product\/bros-urzadzenie-elektroplyn-na-komary-dla-dzieci\/","url":"https:\/\/selleetools.com\/pl\/product\/bros-urzadzenie-elektroplyn-na-komary-dla-dzieci\/","name":"BROS Urz\u0105dzenie elektro+p\u0142yn na komary dla dzieci - Selleetools.com","isPartOf":{"@id":"https:\/\/selleetools.com\/#website"},"datePublished":"2026-02-19T14:47:15+00:00","dateModified":"2026-04-18T14:03:14+00:00","breadcrumb":{"@id":"https:\/\/selleetools.com\/pl\/product\/bros-urzadzenie-elektroplyn-na-komary-dla-dzieci\/#breadcrumb"},"inLanguage":"pl-PL","potentialAction":[{"@type":"ReadAction","target":["https:\/\/selleetools.com\/pl\/product\/bros-urzadzenie-elektroplyn-na-komary-dla-dzieci\/"]}]},{"@type":"BreadcrumbList","@id":"https:\/\/selleetools.com\/pl\/product\/bros-urzadzenie-elektroplyn-na-komary-dla-dzieci\/#breadcrumb","itemListElement":[{"@type":"ListItem","position":1,"name":"Home","item":"https:\/\/selleetools.com\/pl\/"},{"@type":"ListItem","position":2,"name":"Katalog","item":"https:\/\/selleetools.com\/pl\/katalog\/"},{"@type":"ListItem","position":3,"name":"BROS Urz\u0105dzenie elektro+p\u0142yn na komary dla dzieci"}]}]}},"_links":{"self":[{"href":"https:\/\/selleetools.com\/pl\/wp-json\/wp\/v2\/product\/671433"}],"collection":[{"href":"https:\/\/selleetools.com\/pl\/wp-json\/wp\/v2\/product"}],"about":[{"href":"https:\/\/selleetools.com\/pl\/wp-json\/wp\/v2\/types\/product"}],"replies":[{"embeddable":true,"href":"https:\/\/selleetools.com\/pl\/wp-json\/wp\/v2\/comments?post=671433"}],"wp:featuredmedia":[{"embeddable":true,"href":"https:\/\/selleetools.com\/pl\/wp-json\/wp\/v2\/media\/671429"}],"wp:attachment":[{"href":"https:\/\/selleetools.com\/pl\/wp-json\/wp\/v2\/media?parent=671433"}],"curies":[{"name":"wp","href":"https:\/\/api.w.org\/{rel}","templated":true}]}}