{"id":671265,"date":"2026-02-19T15:45:59","date_gmt":"2026-02-19T14:45:59","guid":{"rendered":"https:\/\/selleetools.com\/?post_type=product&#038;p=671265"},"modified":"2026-04-18T16:01:44","modified_gmt":"2026-04-18T14:01:44","slug":"bros-paleczki-na-komary-4szt","status":"publish","type":"product","link":"https:\/\/selleetools.com\/pl\/product\/bros-paleczki-na-komary-4szt\/","title":{"rendered":"BROS Pa\u0142eczki na komary 4szt"},"content":{"rendered":"<p>BROS Pa\u0142eczki na komary 4szt<br \/>\nWydzielaj\u0105cy si\u0119 podczas \u017carzenia pa\u0142eczki dym zwalcza:<br \/>\n &#8211; komary,<br \/>\n &#8211; meszki<br \/>\n &#8211; inne drobne, dokuczliwe owady.<br \/>\nDym dzia\u0142a r\u00f3wnie\u017c odstraszaj\u0105co, zapewniaj\u0105c d\u0142ug\u0105 ochron\u0119.<br \/>\nPa\u0142eczki przeznaczone s\u0105 do stosowania:<br \/>\n &#8211; na zewn\u0105trz pomieszcze\u0144,<br \/>\n &#8211; na tarasach,<br \/>\n &#8211; w ogrodach,<br \/>\n &#8211; na balkonie.<br \/>\nProdukt biob\u00f3jczy nale\u017cy u\u017cywa\u0107 z zachowaniem szczeg\u00f3lnych \u015brodk\u00f3w ostro\u017cno\u015bci.<br \/>\nPrzed u\u017cyciem nale\u017cy przeczyta\u0107 etykiet\u0119 i ulotk\u0119 informacyjn\u0105.<br \/>\nSpos\u00f3b u\u017cycia:<br \/>\n &#8211; Zapali\u0107 koniec pa\u0142eczki.<br \/>\n &#8211; Zdmuchn\u0105\u0107 p\u0142omie\u0144 i zostawi\u0107 \u017carz\u0105c\u0105 si\u0119 ko\u0144c\u00f3wk\u0119.<br \/>\n &#8211; Wbi\u0107 pionowo w ziemi\u0119. Jedna pa\u0142eczka zabezpiecza ok. 15m2.<\/p>\n<p>BROS Pa\u0142eczki na komary 4szt<br \/>\nWydzielaj\u0105cy si\u0119 podczas \u017carzenia pa\u0142eczki dym zwalcza:<br \/>\n &#8211; komary,<br \/>\n &#8211; meszki<br \/>\n &#8211; inne drobne, dokuczliwe owady.<br \/>\nDym dzia\u0142a r\u00f3wnie\u017c odstraszaj\u0105co, zapewniaj\u0105c d\u0142ug\u0105 ochron\u0119.<br \/>\nPa\u0142eczki przeznaczone s\u0105 do stosowania:<br \/>\n &#8211; na zewn\u0105trz pomieszcze\u0144,<br \/>\n &#8211; na tarasach,<br \/>\n &#8211; w ogrodach,<br \/>\n &#8211; na balkonie.<br \/>\nProdukt biob\u00f3jczy nale\u017cy u\u017cywa\u0107 z zachowaniem szczeg\u00f3lnych \u015brodk\u00f3w ostro\u017cno\u015bci.<br \/>\nPrzed u\u017cyciem nale\u017cy przeczyta\u0107 etykiet\u0119 i ulotk\u0119 informacyjn\u0105.<br \/>\nSpos\u00f3b u\u017cycia:<br \/>\n &#8211; Zapali\u0107 koniec pa\u0142eczki.<br \/>\n &#8211; Zdmuchn\u0105\u0107 p\u0142omie\u0144 i zostawi\u0107 \u017carz\u0105c\u0105 si\u0119 ko\u0144c\u00f3wk\u0119.<br \/>\n &#8211; Wbi\u0107 pionowo w ziemi\u0119. Jedna pa\u0142eczka zabezpiecza ok. 15m2.<\/p>\n","protected":false},"excerpt":{"rendered":"<p>BROS Pa\u0142eczki na komary 4szt Wydzielaj\u0105cy si\u0119 podczas \u017carzenia pa\u0142eczki dym zwalcza: &#8211; komary, &#8211; meszki &#8211; inne drobne, dokuczliwe owady. Dym dzia\u0142a r\u00f3wnie\u017c odstraszaj\u0105co, zapewniaj\u0105c d\u0142ug\u0105 ochron\u0119. Pa\u0142eczki przeznaczone s\u0105 do stosowania: &#8211; na zewn\u0105trz pomieszcze\u0144, &#8211; na tarasach, &#8211; w ogrodach, &#8211; na balkonie. Produkt biob\u00f3jczy nale\u017cy u\u017cywa\u0107 z zachowaniem szczeg\u00f3lnych \u015brodk\u00f3w ostro\u017cno\u015bci. &#8230; <a title=\"BROS Pa\u0142eczki na komary 4szt\" class=\"read-more\" href=\"https:\/\/selleetools.com\/pl\/product\/bros-paleczki-na-komary-4szt\/\">Read more<span class=\"screen-reader-text\">BROS Pa\u0142eczki na komary 4szt<\/span><\/a><\/p>\n","protected":false},"featured_media":671259,"comment_status":"open","ping_status":"closed","template":"","meta":{"_links_to":"","_links_to_target":""},"yoast_head":"<!-- This site is optimized with the Yoast SEO plugin v19.4 - https:\/\/yoast.com\/wordpress\/plugins\/seo\/ -->\n<title>BROS Pa\u0142eczki na komary 4szt - Selleetools.com<\/title>\n<meta name=\"robots\" content=\"index, follow, max-snippet:-1, max-image-preview:large, max-video-preview:-1\" \/>\n<link rel=\"canonical\" href=\"https:\/\/selleetools.com\/pl\/product\/bros-paleczki-na-komary-4szt\/\" \/>\n<meta property=\"og:locale\" content=\"pl_PL\" \/>\n<meta property=\"og:type\" content=\"article\" \/>\n<meta property=\"og:title\" content=\"BROS Pa\u0142eczki na komary 4szt - Selleetools.com\" \/>\n<meta property=\"og:description\" content=\"BROS Pa\u0142eczki na komary 4szt Wydzielaj\u0105cy si\u0119 podczas \u017carzenia pa\u0142eczki dym zwalcza: &#8211; komary, &#8211; meszki &#8211; inne drobne, dokuczliwe owady. Dym dzia\u0142a r\u00f3wnie\u017c odstraszaj\u0105co, zapewniaj\u0105c d\u0142ug\u0105 ochron\u0119. Pa\u0142eczki przeznaczone s\u0105 do stosowania: &#8211; na zewn\u0105trz pomieszcze\u0144, &#8211; na tarasach, &#8211; w ogrodach, &#8211; na balkonie. Produkt biob\u00f3jczy nale\u017cy u\u017cywa\u0107 z zachowaniem szczeg\u00f3lnych \u015brodk\u00f3w ostro\u017cno\u015bci. ... Read moreBROS Pa\u0142eczki na komary 4szt\" \/>\n<meta property=\"og:url\" content=\"https:\/\/selleetools.com\/pl\/product\/bros-paleczki-na-komary-4szt\/\" \/>\n<meta property=\"og:site_name\" content=\"Selleetools.com\" \/>\n<meta property=\"article:modified_time\" content=\"2026-04-18T14:01:44+00:00\" \/>\n<meta property=\"og:image\" content=\"https:\/\/selleetools.com\/wp-content\/uploads\/2026\/02\/c94c46409c733b27750660726047a09c.jpg\" \/>\n\t<meta property=\"og:image:width\" content=\"319\" \/>\n\t<meta property=\"og:image:height\" content=\"1200\" \/>\n\t<meta property=\"og:image:type\" content=\"image\/jpeg\" \/>\n<meta name=\"twitter:card\" content=\"summary_large_image\" \/>\n<meta name=\"twitter:label1\" content=\"Est. reading time\" \/>\n\t<meta name=\"twitter:data1\" content=\"1 minuta\" \/>\n<!-- \/ Yoast SEO plugin. -->","yoast_head_json":{"title":"BROS Pa\u0142eczki na komary 4szt - Selleetools.com","robots":{"index":"index","follow":"follow","max-snippet":"max-snippet:-1","max-image-preview":"max-image-preview:large","max-video-preview":"max-video-preview:-1"},"canonical":"https:\/\/selleetools.com\/pl\/product\/bros-paleczki-na-komary-4szt\/","og_locale":"pl_PL","og_type":"article","og_title":"BROS Pa\u0142eczki na komary 4szt - Selleetools.com","og_description":"BROS Pa\u0142eczki na komary 4szt Wydzielaj\u0105cy si\u0119 podczas \u017carzenia pa\u0142eczki dym zwalcza: &#8211; komary, &#8211; meszki &#8211; inne drobne, dokuczliwe owady. Dym dzia\u0142a r\u00f3wnie\u017c odstraszaj\u0105co, zapewniaj\u0105c d\u0142ug\u0105 ochron\u0119. Pa\u0142eczki przeznaczone s\u0105 do stosowania: &#8211; na zewn\u0105trz pomieszcze\u0144, &#8211; na tarasach, &#8211; w ogrodach, &#8211; na balkonie. Produkt biob\u00f3jczy nale\u017cy u\u017cywa\u0107 z zachowaniem szczeg\u00f3lnych \u015brodk\u00f3w ostro\u017cno\u015bci. ... Read moreBROS Pa\u0142eczki na komary 4szt","og_url":"https:\/\/selleetools.com\/pl\/product\/bros-paleczki-na-komary-4szt\/","og_site_name":"Selleetools.com","article_modified_time":"2026-04-18T14:01:44+00:00","og_image":[{"width":319,"height":1200,"url":"https:\/\/selleetools.com\/wp-content\/uploads\/2026\/02\/c94c46409c733b27750660726047a09c.jpg","type":"image\/jpeg"}],"twitter_card":"summary_large_image","twitter_misc":{"Est. reading time":"1 minuta"},"schema":{"@context":"https:\/\/schema.org","@graph":[{"@type":"Organization","@id":"https:\/\/selleetools.com\/#organization","name":"Selleetools","url":"https:\/\/selleetools.com\/","sameAs":[],"logo":{"@type":"ImageObject","inLanguage":"pl-PL","@id":"https:\/\/selleetools.com\/#\/schema\/logo\/image\/","url":"https:\/\/selleetools.com\/wp-content\/uploads\/2021\/10\/logo-dark.png","contentUrl":"https:\/\/selleetools.com\/wp-content\/uploads\/2021\/10\/logo-dark.png","width":320,"height":76,"caption":"Selleetools"},"image":{"@id":"https:\/\/selleetools.com\/#\/schema\/logo\/image\/"}},{"@type":"WebSite","@id":"https:\/\/selleetools.com\/#website","url":"https:\/\/selleetools.com\/","name":"Selleetools.com","description":"","publisher":{"@id":"https:\/\/selleetools.com\/#organization"},"potentialAction":[{"@type":"SearchAction","target":{"@type":"EntryPoint","urlTemplate":"https:\/\/selleetools.com\/?s={search_term_string}"},"query-input":"required name=search_term_string"}],"inLanguage":"pl-PL"},{"@type":"WebPage","@id":"https:\/\/selleetools.com\/pl\/product\/bros-paleczki-na-komary-4szt\/","url":"https:\/\/selleetools.com\/pl\/product\/bros-paleczki-na-komary-4szt\/","name":"BROS Pa\u0142eczki na komary 4szt - Selleetools.com","isPartOf":{"@id":"https:\/\/selleetools.com\/#website"},"datePublished":"2026-02-19T14:45:59+00:00","dateModified":"2026-04-18T14:01:44+00:00","breadcrumb":{"@id":"https:\/\/selleetools.com\/pl\/product\/bros-paleczki-na-komary-4szt\/#breadcrumb"},"inLanguage":"pl-PL","potentialAction":[{"@type":"ReadAction","target":["https:\/\/selleetools.com\/pl\/product\/bros-paleczki-na-komary-4szt\/"]}]},{"@type":"BreadcrumbList","@id":"https:\/\/selleetools.com\/pl\/product\/bros-paleczki-na-komary-4szt\/#breadcrumb","itemListElement":[{"@type":"ListItem","position":1,"name":"Home","item":"https:\/\/selleetools.com\/pl\/"},{"@type":"ListItem","position":2,"name":"Katalog","item":"https:\/\/selleetools.com\/pl\/katalog\/"},{"@type":"ListItem","position":3,"name":"BROS Pa\u0142eczki na komary 4szt"}]}]}},"_links":{"self":[{"href":"https:\/\/selleetools.com\/pl\/wp-json\/wp\/v2\/product\/671265"}],"collection":[{"href":"https:\/\/selleetools.com\/pl\/wp-json\/wp\/v2\/product"}],"about":[{"href":"https:\/\/selleetools.com\/pl\/wp-json\/wp\/v2\/types\/product"}],"replies":[{"embeddable":true,"href":"https:\/\/selleetools.com\/pl\/wp-json\/wp\/v2\/comments?post=671265"}],"wp:featuredmedia":[{"embeddable":true,"href":"https:\/\/selleetools.com\/pl\/wp-json\/wp\/v2\/media\/671259"}],"wp:attachment":[{"href":"https:\/\/selleetools.com\/pl\/wp-json\/wp\/v2\/media?parent=671265"}],"curies":[{"name":"wp","href":"https:\/\/api.w.org\/{rel}","templated":true}]}}