{"id":671202,"date":"2026-02-19T15:45:19","date_gmt":"2026-02-19T14:45:19","guid":{"rendered":"https:\/\/selleetools.com\/?post_type=product&#038;p=671202"},"modified":"2026-04-14T19:28:14","modified_gmt":"2026-04-14T17:28:14","slug":"doniczka-kula-beton-bowl-dkb180-z-wkladem-czarny-beton","status":"publish","type":"product","link":"https:\/\/selleetools.com\/pl\/product\/doniczka-kula-beton-bowl-dkb180-z-wkladem-czarny-beton\/","title":{"rendered":"Doniczka kula Beton Bowl DKB180 z wk\u0142adem | Czarny beton"},"content":{"rendered":"<p>Specyfikacja doniczki:<br \/>\n &#8211; \u015brednica g\u00f3ry &#8211;\u00a015 cm<br \/>\n &#8211; \u015brednica podstawy &#8211;\u00a010\u00a0cm<br \/>\n &#8211; wysoko\u015b\u0107:\u00a014 cm<br \/>\n &#8211; efekt powierzchni: fala, pionowe \u017c\u0142obienia, beton<br \/>\n &#8211; materia\u0142: tworzywo sztuczne<br \/>\n &#8211; produkt Polski<\/p>\n<p>Informacj\u0119 dodatkowe:<br \/>\n &#8211; doniczka nie posiada podstawki<br \/>\n &#8211; doniczka nie posiada otwor\u00f3w w dnie<br \/>\n &#8211; doniczka posiada wk\u0142ad wewn\u0119trzny<\/p>\n<p>Mo\u017cemy j\u0105 umie\u015bci\u0107:<br \/>\n &#8211; w domu<br \/>\n &#8211; przestronnym wn\u0119trzu<br \/>\n &#8211; na tarasie<br \/>\n &#8211; na balkonie<br \/>\n &#8211; w ogrodzie<\/p>\n<p>Specyfikacja wk\u0142adu:<br \/>\n &#8211; \u015brednica g\u00f3ry &#8211;\u00a014,5 cm<br \/>\n &#8211; \u015brednica podstawy &#8211;\u00a09 cm<br \/>\n &#8211; wysoko\u015b\u0107:\u00a013 cm<\/p>\n<p> &#8211; Wyr\u00f3\u017cniaj\u0105 si\u0119 ciekawym efektem powierzchni. \u015acianki s\u0105 ozdobione delikatnymi, faluj\u0105cymi \u017c\u0142obieniami<br \/>\n &#8211; Lekka i nowoczesna, pasuje do ka\u017cdego wn\u0119trza.<br \/>\n &#8211; Stanowi elegancki i stylowy element zar\u00f3wno we wn\u0119trzach nowoczesnych, jak i tradycyjnych.<br \/>\n &#8211; \u0141atwa w utrzymaniu czysto\u015bci.<br \/>\n &#8211; Odporna na dzia\u0142anie warunk\u00f3w atmosferycznych i promieni UV.<br \/>\nDoniczki wykonane z trwa\u0142ego plastiku, kt\u00f3ry imituje beton. Nowoczesny design, doda ka\u017cdemu wn\u0119trzu stylu i elegancji. Mog\u0105 s\u0142u\u017cy\u0107 jako os\u0142onki, ale tak\u017ce jako doniczki.<\/p>\n<p>Specyfikacja doniczki:<br \/>\n &#8211; \u015brednica g\u00f3ry &#8211;\u00a015 cm<br \/>\n &#8211; \u015brednica podstawy &#8211;\u00a010\u00a0cm<br \/>\n &#8211; wysoko\u015b\u0107:\u00a014 cm<br \/>\n &#8211; efekt powierzchni: fala, pionowe \u017c\u0142obienia, beton<br \/>\n &#8211; materia\u0142: tworzywo sztuczne<br \/>\n &#8211; produkt Polski<\/p>\n<p>Informacj\u0119 dodatkowe:<br \/>\n &#8211; doniczka nie posiada podstawki<br \/>\n &#8211; doniczka nie posiada otwor\u00f3w w dnie<br \/>\n &#8211; doniczka posiada wk\u0142ad wewn\u0119trzny<\/p>\n<p>Mo\u017cemy j\u0105 umie\u015bci\u0107:<br \/>\n &#8211; w domu<br \/>\n &#8211; przestronnym wn\u0119trzu<br \/>\n &#8211; na tarasie<br \/>\n &#8211; na balkonie<br \/>\n &#8211; w ogrodzie<\/p>\n<p>Specyfikacja wk\u0142adu:<br \/>\n &#8211; \u015brednica g\u00f3ry &#8211;\u00a014,5 cm<br \/>\n &#8211; \u015brednica podstawy &#8211;\u00a09 cm<br \/>\n &#8211; wysoko\u015b\u0107:\u00a013 cm<\/p>\n<p> &#8211; Wyr\u00f3\u017cniaj\u0105 si\u0119 ciekawym efektem powierzchni. \u015acianki s\u0105 ozdobione delikatnymi, faluj\u0105cymi \u017c\u0142obieniami<br \/>\n &#8211; Lekka i nowoczesna, pasuje do ka\u017cdego wn\u0119trza.<br \/>\n &#8211; Stanowi elegancki i stylowy element zar\u00f3wno we wn\u0119trzach nowoczesnych, jak i tradycyjnych.<br \/>\n &#8211; \u0141atwa w utrzymaniu czysto\u015bci.<br \/>\n &#8211; Odporna na dzia\u0142anie warunk\u00f3w atmosferycznych i promieni UV.<br \/>\nDoniczki wykonane z trwa\u0142ego plastiku, kt\u00f3ry imituje beton. Nowoczesny design, doda ka\u017cdemu wn\u0119trzu stylu i elegancji. Mog\u0105 s\u0142u\u017cy\u0107 jako os\u0142onki, ale tak\u017ce jako doniczki.<\/p>\n","protected":false},"excerpt":{"rendered":"<p>Specyfikacja doniczki: &#8211; \u015brednica g\u00f3ry &#8211;\u00a015 cm &#8211; \u015brednica podstawy &#8211;\u00a010\u00a0cm &#8211; wysoko\u015b\u0107:\u00a014 cm &#8211; efekt powierzchni: fala, pionowe \u017c\u0142obienia, beton &#8211; materia\u0142: tworzywo sztuczne &#8211; produkt Polski Informacj\u0119 dodatkowe: &#8211; doniczka nie posiada podstawki &#8211; doniczka nie posiada otwor\u00f3w w dnie &#8211; doniczka posiada wk\u0142ad wewn\u0119trzny Mo\u017cemy j\u0105 umie\u015bci\u0107: &#8211; w domu &#8211; przestronnym &#8230; <a title=\"Doniczka kula Beton Bowl DKB180 z wk\u0142adem | Czarny beton\" class=\"read-more\" href=\"https:\/\/selleetools.com\/pl\/product\/doniczka-kula-beton-bowl-dkb180-z-wkladem-czarny-beton\/\">Read more<span class=\"screen-reader-text\">Doniczka kula Beton Bowl DKB180 z wk\u0142adem | Czarny beton<\/span><\/a><\/p>\n","protected":false},"featured_media":671172,"comment_status":"open","ping_status":"closed","template":"","meta":{"_links_to":"","_links_to_target":""},"yoast_head":"<!-- This site is optimized with the Yoast SEO plugin v19.4 - https:\/\/yoast.com\/wordpress\/plugins\/seo\/ -->\n<title>Doniczka kula Beton Bowl DKB180 z wk\u0142adem | Czarny beton - Selleetools.com<\/title>\n<meta name=\"robots\" content=\"index, follow, max-snippet:-1, max-image-preview:large, max-video-preview:-1\" \/>\n<link rel=\"canonical\" href=\"https:\/\/selleetools.com\/pl\/product\/doniczka-kula-beton-bowl-dkb180-z-wkladem-czarny-beton\/\" \/>\n<meta property=\"og:locale\" content=\"pl_PL\" \/>\n<meta property=\"og:type\" content=\"article\" \/>\n<meta property=\"og:title\" content=\"Doniczka kula Beton Bowl DKB180 z wk\u0142adem | Czarny beton - Selleetools.com\" \/>\n<meta property=\"og:description\" content=\"Specyfikacja doniczki: &#8211; \u015brednica g\u00f3ry &#8211;\u00a015 cm &#8211; \u015brednica podstawy &#8211;\u00a010\u00a0cm &#8211; wysoko\u015b\u0107:\u00a014 cm &#8211; efekt powierzchni: fala, pionowe \u017c\u0142obienia, beton &#8211; materia\u0142: tworzywo sztuczne &#8211; produkt Polski Informacj\u0119 dodatkowe: &#8211; doniczka nie posiada podstawki &#8211; doniczka nie posiada otwor\u00f3w w dnie &#8211; doniczka posiada wk\u0142ad wewn\u0119trzny Mo\u017cemy j\u0105 umie\u015bci\u0107: &#8211; w domu &#8211; przestronnym ... Read moreDoniczka kula Beton Bowl DKB180 z wk\u0142adem | Czarny beton\" \/>\n<meta property=\"og:url\" content=\"https:\/\/selleetools.com\/pl\/product\/doniczka-kula-beton-bowl-dkb180-z-wkladem-czarny-beton\/\" \/>\n<meta property=\"og:site_name\" content=\"Selleetools.com\" \/>\n<meta property=\"article:modified_time\" content=\"2026-04-14T17:28:14+00:00\" \/>\n<meta property=\"og:image\" content=\"https:\/\/selleetools.com\/wp-content\/uploads\/2026\/02\/2f0207edc5677620b9db6b4dbfbb37b0.jpg\" \/>\n\t<meta property=\"og:image:width\" content=\"965\" \/>\n\t<meta property=\"og:image:height\" content=\"965\" \/>\n\t<meta property=\"og:image:type\" content=\"image\/jpeg\" \/>\n<meta name=\"twitter:card\" content=\"summary_large_image\" \/>\n<meta name=\"twitter:label1\" content=\"Est. reading time\" \/>\n\t<meta name=\"twitter:data1\" content=\"2 minuty\" \/>\n<!-- \/ Yoast SEO plugin. -->","yoast_head_json":{"title":"Doniczka kula Beton Bowl DKB180 z wk\u0142adem | Czarny beton - Selleetools.com","robots":{"index":"index","follow":"follow","max-snippet":"max-snippet:-1","max-image-preview":"max-image-preview:large","max-video-preview":"max-video-preview:-1"},"canonical":"https:\/\/selleetools.com\/pl\/product\/doniczka-kula-beton-bowl-dkb180-z-wkladem-czarny-beton\/","og_locale":"pl_PL","og_type":"article","og_title":"Doniczka kula Beton Bowl DKB180 z wk\u0142adem | Czarny beton - Selleetools.com","og_description":"Specyfikacja doniczki: &#8211; \u015brednica g\u00f3ry &#8211;\u00a015 cm &#8211; \u015brednica podstawy &#8211;\u00a010\u00a0cm &#8211; wysoko\u015b\u0107:\u00a014 cm &#8211; efekt powierzchni: fala, pionowe \u017c\u0142obienia, beton &#8211; materia\u0142: tworzywo sztuczne &#8211; produkt Polski Informacj\u0119 dodatkowe: &#8211; doniczka nie posiada podstawki &#8211; doniczka nie posiada otwor\u00f3w w dnie &#8211; doniczka posiada wk\u0142ad wewn\u0119trzny Mo\u017cemy j\u0105 umie\u015bci\u0107: &#8211; w domu &#8211; przestronnym ... Read moreDoniczka kula Beton Bowl DKB180 z wk\u0142adem | Czarny beton","og_url":"https:\/\/selleetools.com\/pl\/product\/doniczka-kula-beton-bowl-dkb180-z-wkladem-czarny-beton\/","og_site_name":"Selleetools.com","article_modified_time":"2026-04-14T17:28:14+00:00","og_image":[{"width":965,"height":965,"url":"https:\/\/selleetools.com\/wp-content\/uploads\/2026\/02\/2f0207edc5677620b9db6b4dbfbb37b0.jpg","type":"image\/jpeg"}],"twitter_card":"summary_large_image","twitter_misc":{"Est. reading time":"2 minuty"},"schema":{"@context":"https:\/\/schema.org","@graph":[{"@type":"Organization","@id":"https:\/\/selleetools.com\/#organization","name":"Selleetools","url":"https:\/\/selleetools.com\/","sameAs":[],"logo":{"@type":"ImageObject","inLanguage":"pl-PL","@id":"https:\/\/selleetools.com\/#\/schema\/logo\/image\/","url":"https:\/\/selleetools.com\/wp-content\/uploads\/2021\/10\/logo-dark.png","contentUrl":"https:\/\/selleetools.com\/wp-content\/uploads\/2021\/10\/logo-dark.png","width":320,"height":76,"caption":"Selleetools"},"image":{"@id":"https:\/\/selleetools.com\/#\/schema\/logo\/image\/"}},{"@type":"WebSite","@id":"https:\/\/selleetools.com\/#website","url":"https:\/\/selleetools.com\/","name":"Selleetools.com","description":"","publisher":{"@id":"https:\/\/selleetools.com\/#organization"},"potentialAction":[{"@type":"SearchAction","target":{"@type":"EntryPoint","urlTemplate":"https:\/\/selleetools.com\/?s={search_term_string}"},"query-input":"required name=search_term_string"}],"inLanguage":"pl-PL"},{"@type":"WebPage","@id":"https:\/\/selleetools.com\/pl\/product\/doniczka-kula-beton-bowl-dkb180-z-wkladem-czarny-beton\/","url":"https:\/\/selleetools.com\/pl\/product\/doniczka-kula-beton-bowl-dkb180-z-wkladem-czarny-beton\/","name":"Doniczka kula Beton Bowl DKB180 z wk\u0142adem | Czarny beton - Selleetools.com","isPartOf":{"@id":"https:\/\/selleetools.com\/#website"},"datePublished":"2026-02-19T14:45:19+00:00","dateModified":"2026-04-14T17:28:14+00:00","breadcrumb":{"@id":"https:\/\/selleetools.com\/pl\/product\/doniczka-kula-beton-bowl-dkb180-z-wkladem-czarny-beton\/#breadcrumb"},"inLanguage":"pl-PL","potentialAction":[{"@type":"ReadAction","target":["https:\/\/selleetools.com\/pl\/product\/doniczka-kula-beton-bowl-dkb180-z-wkladem-czarny-beton\/"]}]},{"@type":"BreadcrumbList","@id":"https:\/\/selleetools.com\/pl\/product\/doniczka-kula-beton-bowl-dkb180-z-wkladem-czarny-beton\/#breadcrumb","itemListElement":[{"@type":"ListItem","position":1,"name":"Home","item":"https:\/\/selleetools.com\/pl\/"},{"@type":"ListItem","position":2,"name":"Katalog","item":"https:\/\/selleetools.com\/pl\/katalog\/"},{"@type":"ListItem","position":3,"name":"Doniczka kula Beton Bowl DKB180 z wk\u0142adem | Czarny beton"}]}]}},"_links":{"self":[{"href":"https:\/\/selleetools.com\/pl\/wp-json\/wp\/v2\/product\/671202"}],"collection":[{"href":"https:\/\/selleetools.com\/pl\/wp-json\/wp\/v2\/product"}],"about":[{"href":"https:\/\/selleetools.com\/pl\/wp-json\/wp\/v2\/types\/product"}],"replies":[{"embeddable":true,"href":"https:\/\/selleetools.com\/pl\/wp-json\/wp\/v2\/comments?post=671202"}],"wp:featuredmedia":[{"embeddable":true,"href":"https:\/\/selleetools.com\/pl\/wp-json\/wp\/v2\/media\/671172"}],"wp:attachment":[{"href":"https:\/\/selleetools.com\/pl\/wp-json\/wp\/v2\/media?parent=671202"}],"curies":[{"name":"wp","href":"https:\/\/api.w.org\/{rel}","templated":true}]}}