{"id":671052,"date":"2026-02-19T15:44:01","date_gmt":"2026-02-19T14:44:01","guid":{"rendered":"https:\/\/selleetools.com\/?post_type=product&#038;p=671052"},"modified":"2026-04-14T19:25:32","modified_gmt":"2026-04-14T17:25:32","slug":"doniczka-okragla-muna-40-antracyt","status":"publish","type":"product","link":"https:\/\/selleetools.com\/pl\/product\/doniczka-okragla-muna-40-antracyt\/","title":{"rendered":"Doniczka okr\u0105g\u0142a Muna 40 | Antracyt"},"content":{"rendered":"<p>Doniczka okr\u0105g\u0142a Muna\u00a040 | Antracyt<br \/>\nSpecyfikacja:<br \/>\n &#8211; pojemno\u015b\u0107 30l<br \/>\n &#8211; \u015brednica: 39,5 cm,<br \/>\n &#8211; \u015brednica podstawy: 24cm<br \/>\n &#8211; wysoko\u015b\u0107: 29,5 cm,<br \/>\n &#8211; materia\u0142: tworzywo sztuczne<br \/>\n &#8211; Efekt powierzchni: mat<br \/>\n &#8211; Producent: Formplastic<br \/>\n &#8211; Produkt polski<br \/>\nInformacj\u0119 dodatkowe:<br \/>\n &#8211; doniczka nie posiada podstawki<br \/>\n &#8211; doniczka nie posiada otwor\u00f3w w dnie<br \/>\nZastosowanie<br \/>\nMo\u017cemy j\u0105 umie\u015bci\u0107:<br \/>\n &#8211; w domu<br \/>\n &#8211; przestronnym wn\u0119trzu<br \/>\n &#8211; na tarasie<br \/>\n &#8211; na balkonie<br \/>\n &#8211; w ogrodzie<\/p>\n<p>Producent:<\/p>\n<p>Doniczka okr\u0105g\u0142a Muna to dekoracyjna doniczka wykonana z wysokiej jako\u015bci tworzywa sztucznego, dzi\u0119ki temu jest bardzo lekka a zarazem wytrzyma\u0142a.<br \/>\n &#8211; Charakteryzuje si\u0119 zgrabn\u0105, okr\u0105g\u0142\u0105 form\u0105 zw\u0119\u017can\u0105 ku do\u0142owi.<br \/>\n &#8211; Lekka i nowoczesna, pasuje do ka\u017cdego wn\u0119trza.<br \/>\n &#8211; Stanowi elegancki i stylowy element zar\u00f3wno we wn\u0119trzach nowoczesnych, jak i tradycyjnych.<br \/>\n &#8211; \u0141atwa w utrzymaniu czysto\u015bci.<br \/>\n &#8211; Odporna na dzia\u0142anie warunk\u00f3w atmosferycznych i promieni UV.<\/p>\n<p>Galeria:<\/p>\n<p>Doniczka okr\u0105g\u0142a Muna\u00a040 | Antracyt<br \/>\nSpecyfikacja:<br \/>\n &#8211; pojemno\u015b\u0107 30l<br \/>\n &#8211; \u015brednica: 39,5 cm,<br \/>\n &#8211; \u015brednica podstawy: 24cm<br \/>\n &#8211; wysoko\u015b\u0107: 29,5 cm,<br \/>\n &#8211; materia\u0142: tworzywo sztuczne<br \/>\n &#8211; Efekt powierzchni: mat<br \/>\n &#8211; Producent: Formplastic<br \/>\n &#8211; Produkt polski<br \/>\nInformacj\u0119 dodatkowe:<br \/>\n &#8211; doniczka nie posiada podstawki<br \/>\n &#8211; doniczka nie posiada otwor\u00f3w w dnie<br \/>\nZastosowanie<br \/>\nMo\u017cemy j\u0105 umie\u015bci\u0107:<br \/>\n &#8211; w domu<br \/>\n &#8211; przestronnym wn\u0119trzu<br \/>\n &#8211; na tarasie<br \/>\n &#8211; na balkonie<br \/>\n &#8211; w ogrodzie<\/p>\n<p>Producent:<\/p>\n<p>Doniczka okr\u0105g\u0142a Muna to dekoracyjna doniczka wykonana z wysokiej jako\u015bci tworzywa sztucznego, dzi\u0119ki temu jest bardzo lekka a zarazem wytrzyma\u0142a.<br \/>\n &#8211; Charakteryzuje si\u0119 zgrabn\u0105, okr\u0105g\u0142\u0105 form\u0105 zw\u0119\u017can\u0105 ku do\u0142owi.<br \/>\n &#8211; Lekka i nowoczesna, pasuje do ka\u017cdego wn\u0119trza.<br \/>\n &#8211; Stanowi elegancki i stylowy element zar\u00f3wno we wn\u0119trzach nowoczesnych, jak i tradycyjnych.<br \/>\n &#8211; \u0141atwa w utrzymaniu czysto\u015bci.<br \/>\n &#8211; Odporna na dzia\u0142anie warunk\u00f3w atmosferycznych i promieni UV.<\/p>\n<p>Galeria:<\/p>\n","protected":false},"excerpt":{"rendered":"<p>Doniczka okr\u0105g\u0142a Muna\u00a040 | Antracyt Specyfikacja: &#8211; pojemno\u015b\u0107 30l &#8211; \u015brednica: 39,5 cm, &#8211; \u015brednica podstawy: 24cm &#8211; wysoko\u015b\u0107: 29,5 cm, &#8211; materia\u0142: tworzywo sztuczne &#8211; Efekt powierzchni: mat &#8211; Producent: Formplastic &#8211; Produkt polski Informacj\u0119 dodatkowe: &#8211; doniczka nie posiada podstawki &#8211; doniczka nie posiada otwor\u00f3w w dnie Zastosowanie Mo\u017cemy j\u0105 umie\u015bci\u0107: &#8211; w &#8230; <a title=\"Doniczka okr\u0105g\u0142a Muna 40 | Antracyt\" class=\"read-more\" href=\"https:\/\/selleetools.com\/pl\/product\/doniczka-okragla-muna-40-antracyt\/\">Read more<span class=\"screen-reader-text\">Doniczka okr\u0105g\u0142a Muna 40 | Antracyt<\/span><\/a><\/p>\n","protected":false},"featured_media":671034,"comment_status":"open","ping_status":"closed","template":"","meta":{"_links_to":"","_links_to_target":""},"yoast_head":"<!-- This site is optimized with the Yoast SEO plugin v19.4 - https:\/\/yoast.com\/wordpress\/plugins\/seo\/ -->\n<title>Doniczka okr\u0105g\u0142a Muna 40 | Antracyt - Selleetools.com<\/title>\n<meta name=\"robots\" content=\"index, follow, max-snippet:-1, max-image-preview:large, max-video-preview:-1\" \/>\n<link rel=\"canonical\" href=\"https:\/\/selleetools.com\/pl\/product\/doniczka-okragla-muna-40-antracyt\/\" \/>\n<meta property=\"og:locale\" content=\"pl_PL\" \/>\n<meta property=\"og:type\" content=\"article\" \/>\n<meta property=\"og:title\" content=\"Doniczka okr\u0105g\u0142a Muna 40 | Antracyt - Selleetools.com\" \/>\n<meta property=\"og:description\" content=\"Doniczka okr\u0105g\u0142a Muna\u00a040 | Antracyt Specyfikacja: &#8211; pojemno\u015b\u0107 30l &#8211; \u015brednica: 39,5 cm, &#8211; \u015brednica podstawy: 24cm &#8211; wysoko\u015b\u0107: 29,5 cm, &#8211; materia\u0142: tworzywo sztuczne &#8211; Efekt powierzchni: mat &#8211; Producent: Formplastic &#8211; Produkt polski Informacj\u0119 dodatkowe: &#8211; doniczka nie posiada podstawki &#8211; doniczka nie posiada otwor\u00f3w w dnie Zastosowanie Mo\u017cemy j\u0105 umie\u015bci\u0107: &#8211; w ... Read moreDoniczka okr\u0105g\u0142a Muna 40 | Antracyt\" \/>\n<meta property=\"og:url\" content=\"https:\/\/selleetools.com\/pl\/product\/doniczka-okragla-muna-40-antracyt\/\" \/>\n<meta property=\"og:site_name\" content=\"Selleetools.com\" \/>\n<meta property=\"article:modified_time\" content=\"2026-04-14T17:25:32+00:00\" \/>\n<meta property=\"og:image\" content=\"https:\/\/selleetools.com\/wp-content\/uploads\/2026\/02\/2c631c32b495fbcb5b03304947ebde68.jpg\" \/>\n\t<meta property=\"og:image:width\" content=\"2560\" \/>\n\t<meta property=\"og:image:height\" content=\"2237\" \/>\n\t<meta property=\"og:image:type\" content=\"image\/jpeg\" \/>\n<meta name=\"twitter:card\" content=\"summary_large_image\" \/>\n<meta name=\"twitter:label1\" content=\"Est. reading time\" \/>\n\t<meta name=\"twitter:data1\" content=\"2 minuty\" \/>\n<!-- \/ Yoast SEO plugin. -->","yoast_head_json":{"title":"Doniczka okr\u0105g\u0142a Muna 40 | Antracyt - Selleetools.com","robots":{"index":"index","follow":"follow","max-snippet":"max-snippet:-1","max-image-preview":"max-image-preview:large","max-video-preview":"max-video-preview:-1"},"canonical":"https:\/\/selleetools.com\/pl\/product\/doniczka-okragla-muna-40-antracyt\/","og_locale":"pl_PL","og_type":"article","og_title":"Doniczka okr\u0105g\u0142a Muna 40 | Antracyt - Selleetools.com","og_description":"Doniczka okr\u0105g\u0142a Muna\u00a040 | Antracyt Specyfikacja: &#8211; pojemno\u015b\u0107 30l &#8211; \u015brednica: 39,5 cm, &#8211; \u015brednica podstawy: 24cm &#8211; wysoko\u015b\u0107: 29,5 cm, &#8211; materia\u0142: tworzywo sztuczne &#8211; Efekt powierzchni: mat &#8211; Producent: Formplastic &#8211; Produkt polski Informacj\u0119 dodatkowe: &#8211; doniczka nie posiada podstawki &#8211; doniczka nie posiada otwor\u00f3w w dnie Zastosowanie Mo\u017cemy j\u0105 umie\u015bci\u0107: &#8211; w ... Read moreDoniczka okr\u0105g\u0142a Muna 40 | Antracyt","og_url":"https:\/\/selleetools.com\/pl\/product\/doniczka-okragla-muna-40-antracyt\/","og_site_name":"Selleetools.com","article_modified_time":"2026-04-14T17:25:32+00:00","og_image":[{"width":2560,"height":2237,"url":"https:\/\/selleetools.com\/wp-content\/uploads\/2026\/02\/2c631c32b495fbcb5b03304947ebde68.jpg","type":"image\/jpeg"}],"twitter_card":"summary_large_image","twitter_misc":{"Est. reading time":"2 minuty"},"schema":{"@context":"https:\/\/schema.org","@graph":[{"@type":"Organization","@id":"https:\/\/selleetools.com\/#organization","name":"Selleetools","url":"https:\/\/selleetools.com\/","sameAs":[],"logo":{"@type":"ImageObject","inLanguage":"pl-PL","@id":"https:\/\/selleetools.com\/#\/schema\/logo\/image\/","url":"https:\/\/selleetools.com\/wp-content\/uploads\/2021\/10\/logo-dark.png","contentUrl":"https:\/\/selleetools.com\/wp-content\/uploads\/2021\/10\/logo-dark.png","width":320,"height":76,"caption":"Selleetools"},"image":{"@id":"https:\/\/selleetools.com\/#\/schema\/logo\/image\/"}},{"@type":"WebSite","@id":"https:\/\/selleetools.com\/#website","url":"https:\/\/selleetools.com\/","name":"Selleetools.com","description":"","publisher":{"@id":"https:\/\/selleetools.com\/#organization"},"potentialAction":[{"@type":"SearchAction","target":{"@type":"EntryPoint","urlTemplate":"https:\/\/selleetools.com\/?s={search_term_string}"},"query-input":"required name=search_term_string"}],"inLanguage":"pl-PL"},{"@type":"WebPage","@id":"https:\/\/selleetools.com\/pl\/product\/doniczka-okragla-muna-40-antracyt\/","url":"https:\/\/selleetools.com\/pl\/product\/doniczka-okragla-muna-40-antracyt\/","name":"Doniczka okr\u0105g\u0142a Muna 40 | Antracyt - Selleetools.com","isPartOf":{"@id":"https:\/\/selleetools.com\/#website"},"datePublished":"2026-02-19T14:44:01+00:00","dateModified":"2026-04-14T17:25:32+00:00","breadcrumb":{"@id":"https:\/\/selleetools.com\/pl\/product\/doniczka-okragla-muna-40-antracyt\/#breadcrumb"},"inLanguage":"pl-PL","potentialAction":[{"@type":"ReadAction","target":["https:\/\/selleetools.com\/pl\/product\/doniczka-okragla-muna-40-antracyt\/"]}]},{"@type":"BreadcrumbList","@id":"https:\/\/selleetools.com\/pl\/product\/doniczka-okragla-muna-40-antracyt\/#breadcrumb","itemListElement":[{"@type":"ListItem","position":1,"name":"Home","item":"https:\/\/selleetools.com\/pl\/"},{"@type":"ListItem","position":2,"name":"Katalog","item":"https:\/\/selleetools.com\/pl\/katalog\/"},{"@type":"ListItem","position":3,"name":"Doniczka okr\u0105g\u0142a Muna 40 | Antracyt"}]}]}},"_links":{"self":[{"href":"https:\/\/selleetools.com\/pl\/wp-json\/wp\/v2\/product\/671052"}],"collection":[{"href":"https:\/\/selleetools.com\/pl\/wp-json\/wp\/v2\/product"}],"about":[{"href":"https:\/\/selleetools.com\/pl\/wp-json\/wp\/v2\/types\/product"}],"replies":[{"embeddable":true,"href":"https:\/\/selleetools.com\/pl\/wp-json\/wp\/v2\/comments?post=671052"}],"wp:featuredmedia":[{"embeddable":true,"href":"https:\/\/selleetools.com\/pl\/wp-json\/wp\/v2\/media\/671034"}],"wp:attachment":[{"href":"https:\/\/selleetools.com\/pl\/wp-json\/wp\/v2\/media?parent=671052"}],"curies":[{"name":"wp","href":"https:\/\/api.w.org\/{rel}","templated":true}]}}