{"id":670796,"date":"2026-02-19T15:42:07","date_gmt":"2026-02-19T14:42:07","guid":{"rendered":"https:\/\/selleetools.com\/?post_type=product&#038;p=670796"},"modified":"2026-04-14T18:57:32","modified_gmt":"2026-04-14T16:57:32","slug":"skrzynka-balkonowa-boardee-fencycase-600w-antracyt","status":"publish","type":"product","link":"https:\/\/selleetools.com\/pl\/product\/skrzynka-balkonowa-boardee-fencycase-600w-antracyt\/","title":{"rendered":"Skrzynka balkonowa Boardee Fencycase 600W | Antracyt"},"content":{"rendered":"<p>Specyfikacja:<br \/>\n &#8211; d\u0142ugo\u015b\u0107 zewn\u0119trzna &#8211; 58cm<br \/>\n &#8211; d\u0142ugo\u015b\u0107 wewn\u0119trzna &#8211; 54cm<br \/>\n &#8211; szeroko\u015b\u0107 zewn\u0119trzna &#8211; 18cm<br \/>\n &#8211; szeroko\u015b\u0107 wewn\u0119trzna &#8211; 13,5cm<br \/>\n &#8211; wysoko\u015b\u0107 zewn\u0119trzna &#8211; 16,5cm<br \/>\n &#8211; wysoko\u015b\u0107 wewn\u0119trzna &#8211; 15cm<br \/>\n &#8211; materia\u0142 &#8211; tworzywo sztuczne<\/p>\n<p>W sk\u0142ad zestawu wchodzi:<br \/>\n &#8211; Doniczka &#8211; 1szt.<br \/>\n &#8211; Gumowy korek do zatkania odp\u0142ywu wody &#8211; 2szt.<br \/>\n &#8211; Uchwyt do zawieszenia na barierce &#8211; 2szt.<br \/>\n &#8211; System nawadniaj\u0105cy &#8211; 1szt.<\/p>\n<p>Zastosowanie:<br \/>\n &#8211; wewn\u0119trzne<br \/>\n &#8211; zewn\u0119trzne<\/p>\n<p>Informacje dodatkowe:<br \/>\n &#8211; Doniczka posiada dwa gumowe korki do zatkania odp\u0142ywu wody.<br \/>\n &#8211; Nie posiada podstawki.<\/p>\n<p>Doniczka na spodzie posiada cztery wyznaczone przez producenta miejsca w kt\u00f3rych mo\u017cna wywierci\u0107 otwory do odp\u0142ywu nadmiaru wody.<\/p>\n<p>Mo\u017cemy j\u0105 umie\u015bci\u0107:<br \/>\n &#8211; w domu<br \/>\n &#8211; przestronnym wn\u0119trzu<br \/>\n &#8211; na tarasie<br \/>\n &#8211; na balkonie<br \/>\n &#8211; w ogrodzie<\/p>\n<p>Moda na rustykalne wn\u0119trza nie przemija. Odpowiedzi\u0105 na ten trend jest linia doniczek Boardee firmy Prosperplast.<br \/>\n &#8211; Tradycyjny, prosty kszta\u0142t doniczek form\u0105 przypominaj\u0105cy naczynie zbudowane z listewek<br \/>\n &#8211; Rustykalny charakter produktu doskonale komponuje si\u0119 z nowoczesnymi wn\u0119trzami<br \/>\n &#8211; Uzupe\u0142nia przestrzenie ogrodowe i tarasowe<br \/>\n &#8211; Spokojna kolorystyka, nawi\u0105zuj\u0105ca do kolor\u00f3w ziemi, pasuj\u0105ca do wi\u0119kszo\u015bci aran\u017cacji.<\/p>\n<p>Specyfikacja:<br \/>\n &#8211; d\u0142ugo\u015b\u0107 zewn\u0119trzna &#8211; 58cm<br \/>\n &#8211; d\u0142ugo\u015b\u0107 wewn\u0119trzna &#8211; 54cm<br \/>\n &#8211; szeroko\u015b\u0107 zewn\u0119trzna &#8211; 18cm<br \/>\n &#8211; szeroko\u015b\u0107 wewn\u0119trzna &#8211; 13,5cm<br \/>\n &#8211; wysoko\u015b\u0107 zewn\u0119trzna &#8211; 16,5cm<br \/>\n &#8211; wysoko\u015b\u0107 wewn\u0119trzna &#8211; 15cm<br \/>\n &#8211; materia\u0142 &#8211; tworzywo sztuczne<\/p>\n<p>W sk\u0142ad zestawu wchodzi:<br \/>\n &#8211; Doniczka &#8211; 1szt.<br \/>\n &#8211; Gumowy korek do zatkania odp\u0142ywu wody &#8211; 2szt.<br \/>\n &#8211; Uchwyt do zawieszenia na barierce &#8211; 2szt.<br \/>\n &#8211; System nawadniaj\u0105cy &#8211; 1szt.<\/p>\n<p>Zastosowanie:<br \/>\n &#8211; wewn\u0119trzne<br \/>\n &#8211; zewn\u0119trzne<\/p>\n<p>Informacje dodatkowe:<br \/>\n &#8211; Doniczka posiada dwa gumowe korki do zatkania odp\u0142ywu wody.<br \/>\n &#8211; Nie posiada podstawki.<\/p>\n<p>Doniczka na spodzie posiada cztery wyznaczone przez producenta miejsca w kt\u00f3rych mo\u017cna wywierci\u0107 otwory do odp\u0142ywu nadmiaru wody.<\/p>\n<p>Mo\u017cemy j\u0105 umie\u015bci\u0107:<br \/>\n &#8211; w domu<br \/>\n &#8211; przestronnym wn\u0119trzu<br \/>\n &#8211; na tarasie<br \/>\n &#8211; na balkonie<br \/>\n &#8211; w ogrodzie<\/p>\n<p>Moda na rustykalne wn\u0119trza nie przemija. Odpowiedzi\u0105 na ten trend jest linia doniczek Boardee firmy Prosperplast.<br \/>\n &#8211; Tradycyjny, prosty kszta\u0142t doniczek form\u0105 przypominaj\u0105cy naczynie zbudowane z listewek<br \/>\n &#8211; Rustykalny charakter produktu doskonale komponuje si\u0119 z nowoczesnymi wn\u0119trzami<br \/>\n &#8211; Uzupe\u0142nia przestrzenie ogrodowe i tarasowe<br \/>\n &#8211; Spokojna kolorystyka, nawi\u0105zuj\u0105ca do kolor\u00f3w ziemi, pasuj\u0105ca do wi\u0119kszo\u015bci aran\u017cacji.<\/p>\n","protected":false},"excerpt":{"rendered":"<p>Specyfikacja: &#8211; d\u0142ugo\u015b\u0107 zewn\u0119trzna &#8211; 58cm &#8211; d\u0142ugo\u015b\u0107 wewn\u0119trzna &#8211; 54cm &#8211; szeroko\u015b\u0107 zewn\u0119trzna &#8211; 18cm &#8211; szeroko\u015b\u0107 wewn\u0119trzna &#8211; 13,5cm &#8211; wysoko\u015b\u0107 zewn\u0119trzna &#8211; 16,5cm &#8211; wysoko\u015b\u0107 wewn\u0119trzna &#8211; 15cm &#8211; materia\u0142 &#8211; tworzywo sztuczne W sk\u0142ad zestawu wchodzi: &#8211; Doniczka &#8211; 1szt. &#8211; Gumowy korek do zatkania odp\u0142ywu wody &#8211; 2szt. &#8211; Uchwyt &#8230; <a title=\"Skrzynka balkonowa Boardee Fencycase 600W | Antracyt\" class=\"read-more\" href=\"https:\/\/selleetools.com\/pl\/product\/skrzynka-balkonowa-boardee-fencycase-600w-antracyt\/\">Read more<span class=\"screen-reader-text\">Skrzynka balkonowa Boardee Fencycase 600W | Antracyt<\/span><\/a><\/p>\n","protected":false},"featured_media":670784,"comment_status":"open","ping_status":"closed","template":"","meta":{"_links_to":"","_links_to_target":""},"yoast_head":"<!-- This site is optimized with the Yoast SEO plugin v19.4 - https:\/\/yoast.com\/wordpress\/plugins\/seo\/ -->\n<title>Skrzynka balkonowa Boardee Fencycase 600W | Antracyt - Selleetools.com<\/title>\n<meta name=\"robots\" content=\"index, follow, max-snippet:-1, max-image-preview:large, max-video-preview:-1\" \/>\n<link rel=\"canonical\" href=\"https:\/\/selleetools.com\/pl\/product\/skrzynka-balkonowa-boardee-fencycase-600w-antracyt\/\" \/>\n<meta property=\"og:locale\" content=\"pl_PL\" \/>\n<meta property=\"og:type\" content=\"article\" \/>\n<meta property=\"og:title\" content=\"Skrzynka balkonowa Boardee Fencycase 600W | Antracyt - Selleetools.com\" \/>\n<meta property=\"og:description\" content=\"Specyfikacja: &#8211; d\u0142ugo\u015b\u0107 zewn\u0119trzna &#8211; 58cm &#8211; d\u0142ugo\u015b\u0107 wewn\u0119trzna &#8211; 54cm &#8211; szeroko\u015b\u0107 zewn\u0119trzna &#8211; 18cm &#8211; szeroko\u015b\u0107 wewn\u0119trzna &#8211; 13,5cm &#8211; wysoko\u015b\u0107 zewn\u0119trzna &#8211; 16,5cm &#8211; wysoko\u015b\u0107 wewn\u0119trzna &#8211; 15cm &#8211; materia\u0142 &#8211; tworzywo sztuczne W sk\u0142ad zestawu wchodzi: &#8211; Doniczka &#8211; 1szt. &#8211; Gumowy korek do zatkania odp\u0142ywu wody &#8211; 2szt. &#8211; Uchwyt ... Read moreSkrzynka balkonowa Boardee Fencycase 600W | Antracyt\" \/>\n<meta property=\"og:url\" content=\"https:\/\/selleetools.com\/pl\/product\/skrzynka-balkonowa-boardee-fencycase-600w-antracyt\/\" \/>\n<meta property=\"og:site_name\" content=\"Selleetools.com\" \/>\n<meta property=\"article:modified_time\" content=\"2026-04-14T16:57:32+00:00\" \/>\n<meta property=\"og:image\" content=\"https:\/\/selleetools.com\/wp-content\/uploads\/2026\/02\/54b8a21b1db7c1318023a3bba555a308.jpg\" \/>\n\t<meta property=\"og:image:width\" content=\"1080\" \/>\n\t<meta property=\"og:image:height\" content=\"1080\" \/>\n\t<meta property=\"og:image:type\" content=\"image\/jpeg\" \/>\n<meta name=\"twitter:card\" content=\"summary_large_image\" \/>\n<meta name=\"twitter:label1\" content=\"Est. reading time\" \/>\n\t<meta name=\"twitter:data1\" content=\"2 minuty\" \/>\n<!-- \/ Yoast SEO plugin. -->","yoast_head_json":{"title":"Skrzynka balkonowa Boardee Fencycase 600W | Antracyt - Selleetools.com","robots":{"index":"index","follow":"follow","max-snippet":"max-snippet:-1","max-image-preview":"max-image-preview:large","max-video-preview":"max-video-preview:-1"},"canonical":"https:\/\/selleetools.com\/pl\/product\/skrzynka-balkonowa-boardee-fencycase-600w-antracyt\/","og_locale":"pl_PL","og_type":"article","og_title":"Skrzynka balkonowa Boardee Fencycase 600W | Antracyt - Selleetools.com","og_description":"Specyfikacja: &#8211; d\u0142ugo\u015b\u0107 zewn\u0119trzna &#8211; 58cm &#8211; d\u0142ugo\u015b\u0107 wewn\u0119trzna &#8211; 54cm &#8211; szeroko\u015b\u0107 zewn\u0119trzna &#8211; 18cm &#8211; szeroko\u015b\u0107 wewn\u0119trzna &#8211; 13,5cm &#8211; wysoko\u015b\u0107 zewn\u0119trzna &#8211; 16,5cm &#8211; wysoko\u015b\u0107 wewn\u0119trzna &#8211; 15cm &#8211; materia\u0142 &#8211; tworzywo sztuczne W sk\u0142ad zestawu wchodzi: &#8211; Doniczka &#8211; 1szt. &#8211; Gumowy korek do zatkania odp\u0142ywu wody &#8211; 2szt. &#8211; Uchwyt ... Read moreSkrzynka balkonowa Boardee Fencycase 600W | Antracyt","og_url":"https:\/\/selleetools.com\/pl\/product\/skrzynka-balkonowa-boardee-fencycase-600w-antracyt\/","og_site_name":"Selleetools.com","article_modified_time":"2026-04-14T16:57:32+00:00","og_image":[{"width":1080,"height":1080,"url":"https:\/\/selleetools.com\/wp-content\/uploads\/2026\/02\/54b8a21b1db7c1318023a3bba555a308.jpg","type":"image\/jpeg"}],"twitter_card":"summary_large_image","twitter_misc":{"Est. reading time":"2 minuty"},"schema":{"@context":"https:\/\/schema.org","@graph":[{"@type":"Organization","@id":"https:\/\/selleetools.com\/#organization","name":"Selleetools","url":"https:\/\/selleetools.com\/","sameAs":[],"logo":{"@type":"ImageObject","inLanguage":"pl-PL","@id":"https:\/\/selleetools.com\/#\/schema\/logo\/image\/","url":"https:\/\/selleetools.com\/wp-content\/uploads\/2021\/10\/logo-dark.png","contentUrl":"https:\/\/selleetools.com\/wp-content\/uploads\/2021\/10\/logo-dark.png","width":320,"height":76,"caption":"Selleetools"},"image":{"@id":"https:\/\/selleetools.com\/#\/schema\/logo\/image\/"}},{"@type":"WebSite","@id":"https:\/\/selleetools.com\/#website","url":"https:\/\/selleetools.com\/","name":"Selleetools.com","description":"","publisher":{"@id":"https:\/\/selleetools.com\/#organization"},"potentialAction":[{"@type":"SearchAction","target":{"@type":"EntryPoint","urlTemplate":"https:\/\/selleetools.com\/?s={search_term_string}"},"query-input":"required name=search_term_string"}],"inLanguage":"pl-PL"},{"@type":"WebPage","@id":"https:\/\/selleetools.com\/pl\/product\/skrzynka-balkonowa-boardee-fencycase-600w-antracyt\/","url":"https:\/\/selleetools.com\/pl\/product\/skrzynka-balkonowa-boardee-fencycase-600w-antracyt\/","name":"Skrzynka balkonowa Boardee Fencycase 600W | Antracyt - Selleetools.com","isPartOf":{"@id":"https:\/\/selleetools.com\/#website"},"datePublished":"2026-02-19T14:42:07+00:00","dateModified":"2026-04-14T16:57:32+00:00","breadcrumb":{"@id":"https:\/\/selleetools.com\/pl\/product\/skrzynka-balkonowa-boardee-fencycase-600w-antracyt\/#breadcrumb"},"inLanguage":"pl-PL","potentialAction":[{"@type":"ReadAction","target":["https:\/\/selleetools.com\/pl\/product\/skrzynka-balkonowa-boardee-fencycase-600w-antracyt\/"]}]},{"@type":"BreadcrumbList","@id":"https:\/\/selleetools.com\/pl\/product\/skrzynka-balkonowa-boardee-fencycase-600w-antracyt\/#breadcrumb","itemListElement":[{"@type":"ListItem","position":1,"name":"Home","item":"https:\/\/selleetools.com\/pl\/"},{"@type":"ListItem","position":2,"name":"Katalog","item":"https:\/\/selleetools.com\/pl\/katalog\/"},{"@type":"ListItem","position":3,"name":"Skrzynka balkonowa Boardee Fencycase 600W | Antracyt"}]}]}},"_links":{"self":[{"href":"https:\/\/selleetools.com\/pl\/wp-json\/wp\/v2\/product\/670796"}],"collection":[{"href":"https:\/\/selleetools.com\/pl\/wp-json\/wp\/v2\/product"}],"about":[{"href":"https:\/\/selleetools.com\/pl\/wp-json\/wp\/v2\/types\/product"}],"replies":[{"embeddable":true,"href":"https:\/\/selleetools.com\/pl\/wp-json\/wp\/v2\/comments?post=670796"}],"wp:featuredmedia":[{"embeddable":true,"href":"https:\/\/selleetools.com\/pl\/wp-json\/wp\/v2\/media\/670784"}],"wp:attachment":[{"href":"https:\/\/selleetools.com\/pl\/wp-json\/wp\/v2\/media?parent=670796"}],"curies":[{"name":"wp","href":"https:\/\/api.w.org\/{rel}","templated":true}]}}