{"id":670213,"date":"2026-02-19T15:37:03","date_gmt":"2026-02-19T14:37:03","guid":{"rendered":"https:\/\/selleetools.com\/?post_type=product&#038;p=670213"},"modified":"2026-04-09T17:23:42","modified_gmt":"2026-04-09T15:23:42","slug":"doniczka-rato-niska-drts265l-z-wkladem-umbra","status":"publish","type":"product","link":"https:\/\/selleetools.com\/pl\/product\/doniczka-rato-niska-drts265l-z-wkladem-umbra\/","title":{"rendered":"Doniczka RATO niska DRTS265L z wk\u0142adem | Umbra"},"content":{"rendered":"<p>Doniczka RATO Low DRTS265L z wk\u0142adem &#8211; umbra<br \/>\nSpecyfikacja\u00a0doniczki:<br \/>\n &#8211; Szeroko\u015b\u0107 zewn\u0119trzna (g\u00f3ra) &#8211;\u00a026,5 cm<br \/>\n &#8211; Szeroko\u015b\u0107 zewn\u0119trzna (podstawa) &#8211;\u00a024,5 cm<br \/>\n &#8211; Wysoko\u015b\u0107 zewn\u0119trzna &#8211;\u00a026,5 cm<br \/>\n &#8211; Pojemno\u015b\u0107 &#8211;\u00a015,8 l<br \/>\n &#8211; Materia\u0142 &#8211; tworzywo sztuczne<br \/>\nInformacj\u0119 dodatkowe:<br \/>\n &#8211; doniczka posiada gumowy korek do zatkania odp\u0142ywu wody.<br \/>\n &#8211; doniczka nie posiada podstawki<br \/>\n &#8211; doniczka nie posiada otwor\u00f3w w dnie<br \/>\n &#8211; mrozoodporna<br \/>\n &#8211; odporna na UV<br \/>\nDoniczka na spodzie posiada dwa wyznaczone przez producenta miejsca w kt\u00f3rych mo\u017cna wywierci\u0107 otwory do odp\u0142ywu nadmiaru wody.<br \/>\nMo\u017cemy j\u0105 umie\u015bci\u0107:<br \/>\n &#8211; w domu<br \/>\n &#8211; przestronnym wn\u0119trzu<br \/>\n &#8211; na tarasie<br \/>\n &#8211; na balkonie<br \/>\n &#8211; w ogrodzie<br \/>\n &#8211; w patio<br \/>\n &#8211; w pasa\u017cach<br \/>\n &#8211; w galeriach<br \/>\n &#8211; na skwerach<br \/>\nNa aukcji kupujesz zestaw zawieraj\u0105cy:<br \/>\n &#8211; doniczk\u0119 (os\u0142onk\u0119)<br \/>\n &#8211; wk\u0142ad wewn\u0119trzny<\/p>\n<p>Wk\u0142ad wewn\u0119trzny do doniczek RATO pozwala na zmniejszenie przestrzeni wewn\u0119trznej a tym samym wykorzystanie mniejszej ilo\u015bci ziemi.<br \/>\nDane techniczne wk\u0142adu:<br \/>\n &#8211; d\u0142ugo\u015b\u0107 &#8211; 22 cm<br \/>\n &#8211; szeroko\u015b\u0107 &#8211; 22 cm<br \/>\n &#8211; wysoko\u015b\u0107 &#8211; 17 cm<br \/>\n &#8211; pojemno\u015b\u0107 &#8211; 7,5 l<br \/>\n &#8211; materia\u0142 &#8211; tworzywo sztuczne<\/p>\n<p> &#8211; Charakteryzuje si\u0119 zgrabn\u0105 form\u0105.<br \/>\n &#8211; Nowoczesna, pasuje do ka\u017cdego wn\u0119trza.<br \/>\n &#8211; Stanowi elegancki i stylowy element zar\u00f3wno we wn\u0119trzach nowoczesnych, jak i tradycyjnych.<br \/>\n &#8211; \u0141atwa w utrzymaniu czysto\u015bci.<br \/>\n &#8211; Odporna na dzia\u0142anie warunk\u00f3w atmosferycznych i promieni UV.<br \/>\n &#8211; Przestrze\u0144 mi\u0119dzy doniczk\u0105 a os\u0142onk\u0105 zapobiega przelewaniu i r\u00f3wnocze\u015bnie zapewnia odpowiedni\u0105 wilgotno\u015b\u0107 korzeniom.<\/p>\n<p>Producent:<\/p>\n<p>Doniczka RATO Low DRTS265L z wk\u0142adem &#8211; umbra<br \/>\nSpecyfikacja\u00a0doniczki:<br \/>\n &#8211; Szeroko\u015b\u0107 zewn\u0119trzna (g\u00f3ra) &#8211;\u00a026,5 cm<br \/>\n &#8211; Szeroko\u015b\u0107 zewn\u0119trzna (podstawa) &#8211;\u00a024,5 cm<br \/>\n &#8211; Wysoko\u015b\u0107 zewn\u0119trzna &#8211;\u00a026,5 cm<br \/>\n &#8211; Pojemno\u015b\u0107 &#8211;\u00a015,8 l<br \/>\n &#8211; Materia\u0142 &#8211; tworzywo sztuczne<br \/>\nInformacj\u0119 dodatkowe:<br \/>\n &#8211; doniczka posiada gumowy korek do zatkania odp\u0142ywu wody.<br \/>\n &#8211; doniczka nie posiada podstawki<br \/>\n &#8211; doniczka nie posiada otwor\u00f3w w dnie<br \/>\n &#8211; mrozoodporna<br \/>\n &#8211; odporna na UV<br \/>\nDoniczka na spodzie posiada dwa wyznaczone przez producenta miejsca w kt\u00f3rych mo\u017cna wywierci\u0107 otwory do odp\u0142ywu nadmiaru wody.<br \/>\nMo\u017cemy j\u0105 umie\u015bci\u0107:<br \/>\n &#8211; w domu<br \/>\n &#8211; przestronnym wn\u0119trzu<br \/>\n &#8211; na tarasie<br \/>\n &#8211; na balkonie<br \/>\n &#8211; w ogrodzie<br \/>\n &#8211; w patio<br \/>\n &#8211; w pasa\u017cach<br \/>\n &#8211; w galeriach<br \/>\n &#8211; na skwerach<br \/>\nNa aukcji kupujesz zestaw zawieraj\u0105cy:<br \/>\n &#8211; doniczk\u0119 (os\u0142onk\u0119)<br \/>\n &#8211; wk\u0142ad wewn\u0119trzny<\/p>\n<p>Wk\u0142ad wewn\u0119trzny do doniczek RATO pozwala na zmniejszenie przestrzeni wewn\u0119trznej a tym samym wykorzystanie mniejszej ilo\u015bci ziemi.<br \/>\nDane techniczne wk\u0142adu:<br \/>\n &#8211; d\u0142ugo\u015b\u0107 &#8211; 22 cm<br \/>\n &#8211; szeroko\u015b\u0107 &#8211; 22 cm<br \/>\n &#8211; wysoko\u015b\u0107 &#8211; 17 cm<br \/>\n &#8211; pojemno\u015b\u0107 &#8211; 7,5 l<br \/>\n &#8211; materia\u0142 &#8211; tworzywo sztuczne<\/p>\n<p> &#8211; Charakteryzuje si\u0119 zgrabn\u0105 form\u0105.<br \/>\n &#8211; Nowoczesna, pasuje do ka\u017cdego wn\u0119trza.<br \/>\n &#8211; Stanowi elegancki i stylowy element zar\u00f3wno we wn\u0119trzach nowoczesnych, jak i tradycyjnych.<br \/>\n &#8211; \u0141atwa w utrzymaniu czysto\u015bci.<br \/>\n &#8211; Odporna na dzia\u0142anie warunk\u00f3w atmosferycznych i promieni UV.<br \/>\n &#8211; Przestrze\u0144 mi\u0119dzy doniczk\u0105 a os\u0142onk\u0105 zapobiega przelewaniu i r\u00f3wnocze\u015bnie zapewnia odpowiedni\u0105 wilgotno\u015b\u0107 korzeniom.<\/p>\n<p>Producent:<\/p>\n","protected":false},"excerpt":{"rendered":"<p>Doniczka RATO Low DRTS265L z wk\u0142adem &#8211; umbra Specyfikacja\u00a0doniczki: &#8211; Szeroko\u015b\u0107 zewn\u0119trzna (g\u00f3ra) &#8211;\u00a026,5 cm &#8211; Szeroko\u015b\u0107 zewn\u0119trzna (podstawa) &#8211;\u00a024,5 cm &#8211; Wysoko\u015b\u0107 zewn\u0119trzna &#8211;\u00a026,5 cm &#8211; Pojemno\u015b\u0107 &#8211;\u00a015,8 l &#8211; Materia\u0142 &#8211; tworzywo sztuczne Informacj\u0119 dodatkowe: &#8211; doniczka posiada gumowy korek do zatkania odp\u0142ywu wody. &#8211; doniczka nie posiada podstawki &#8211; doniczka nie posiada &#8230; <a title=\"Doniczka RATO niska DRTS265L z wk\u0142adem | Umbra\" class=\"read-more\" href=\"https:\/\/selleetools.com\/pl\/product\/doniczka-rato-niska-drts265l-z-wkladem-umbra\/\">Read more<span class=\"screen-reader-text\">Doniczka RATO niska DRTS265L z wk\u0142adem | Umbra<\/span><\/a><\/p>\n","protected":false},"featured_media":670193,"comment_status":"open","ping_status":"closed","template":"","meta":{"_links_to":"","_links_to_target":""},"yoast_head":"<!-- This site is optimized with the Yoast SEO plugin v19.4 - https:\/\/yoast.com\/wordpress\/plugins\/seo\/ -->\n<title>Doniczka RATO niska DRTS265L z wk\u0142adem | Umbra - Selleetools.com<\/title>\n<meta name=\"robots\" content=\"index, follow, max-snippet:-1, max-image-preview:large, max-video-preview:-1\" \/>\n<link rel=\"canonical\" href=\"https:\/\/selleetools.com\/pl\/product\/doniczka-rato-niska-drts265l-z-wkladem-umbra\/\" \/>\n<meta property=\"og:locale\" content=\"pl_PL\" \/>\n<meta property=\"og:type\" content=\"article\" \/>\n<meta property=\"og:title\" content=\"Doniczka RATO niska DRTS265L z wk\u0142adem | Umbra - Selleetools.com\" \/>\n<meta property=\"og:description\" content=\"Doniczka RATO Low DRTS265L z wk\u0142adem &#8211; umbra Specyfikacja\u00a0doniczki: &#8211; Szeroko\u015b\u0107 zewn\u0119trzna (g\u00f3ra) &#8211;\u00a026,5 cm &#8211; Szeroko\u015b\u0107 zewn\u0119trzna (podstawa) &#8211;\u00a024,5 cm &#8211; Wysoko\u015b\u0107 zewn\u0119trzna &#8211;\u00a026,5 cm &#8211; Pojemno\u015b\u0107 &#8211;\u00a015,8 l &#8211; Materia\u0142 &#8211; tworzywo sztuczne Informacj\u0119 dodatkowe: &#8211; doniczka posiada gumowy korek do zatkania odp\u0142ywu wody. &#8211; doniczka nie posiada podstawki &#8211; doniczka nie posiada ... Read moreDoniczka RATO niska DRTS265L z wk\u0142adem | Umbra\" \/>\n<meta property=\"og:url\" content=\"https:\/\/selleetools.com\/pl\/product\/doniczka-rato-niska-drts265l-z-wkladem-umbra\/\" \/>\n<meta property=\"og:site_name\" content=\"Selleetools.com\" \/>\n<meta property=\"article:modified_time\" content=\"2026-04-09T15:23:42+00:00\" \/>\n<meta property=\"og:image\" content=\"https:\/\/selleetools.com\/wp-content\/uploads\/2026\/02\/87c53c36d3dc86e666c529d87932a147.jpg\" \/>\n\t<meta property=\"og:image:width\" content=\"1658\" \/>\n\t<meta property=\"og:image:height\" content=\"1658\" \/>\n\t<meta property=\"og:image:type\" content=\"image\/jpeg\" \/>\n<meta name=\"twitter:card\" content=\"summary_large_image\" \/>\n<meta name=\"twitter:label1\" content=\"Est. reading time\" \/>\n\t<meta name=\"twitter:data1\" content=\"3 minuty\" \/>\n<!-- \/ Yoast SEO plugin. -->","yoast_head_json":{"title":"Doniczka RATO niska DRTS265L z wk\u0142adem | Umbra - Selleetools.com","robots":{"index":"index","follow":"follow","max-snippet":"max-snippet:-1","max-image-preview":"max-image-preview:large","max-video-preview":"max-video-preview:-1"},"canonical":"https:\/\/selleetools.com\/pl\/product\/doniczka-rato-niska-drts265l-z-wkladem-umbra\/","og_locale":"pl_PL","og_type":"article","og_title":"Doniczka RATO niska DRTS265L z wk\u0142adem | Umbra - Selleetools.com","og_description":"Doniczka RATO Low DRTS265L z wk\u0142adem &#8211; umbra Specyfikacja\u00a0doniczki: &#8211; Szeroko\u015b\u0107 zewn\u0119trzna (g\u00f3ra) &#8211;\u00a026,5 cm &#8211; Szeroko\u015b\u0107 zewn\u0119trzna (podstawa) &#8211;\u00a024,5 cm &#8211; Wysoko\u015b\u0107 zewn\u0119trzna &#8211;\u00a026,5 cm &#8211; Pojemno\u015b\u0107 &#8211;\u00a015,8 l &#8211; Materia\u0142 &#8211; tworzywo sztuczne Informacj\u0119 dodatkowe: &#8211; doniczka posiada gumowy korek do zatkania odp\u0142ywu wody. &#8211; doniczka nie posiada podstawki &#8211; doniczka nie posiada ... Read moreDoniczka RATO niska DRTS265L z wk\u0142adem | Umbra","og_url":"https:\/\/selleetools.com\/pl\/product\/doniczka-rato-niska-drts265l-z-wkladem-umbra\/","og_site_name":"Selleetools.com","article_modified_time":"2026-04-09T15:23:42+00:00","og_image":[{"width":1658,"height":1658,"url":"https:\/\/selleetools.com\/wp-content\/uploads\/2026\/02\/87c53c36d3dc86e666c529d87932a147.jpg","type":"image\/jpeg"}],"twitter_card":"summary_large_image","twitter_misc":{"Est. reading time":"3 minuty"},"schema":{"@context":"https:\/\/schema.org","@graph":[{"@type":"Organization","@id":"https:\/\/selleetools.com\/#organization","name":"Selleetools","url":"https:\/\/selleetools.com\/","sameAs":[],"logo":{"@type":"ImageObject","inLanguage":"pl-PL","@id":"https:\/\/selleetools.com\/#\/schema\/logo\/image\/","url":"https:\/\/selleetools.com\/wp-content\/uploads\/2021\/10\/logo-dark.png","contentUrl":"https:\/\/selleetools.com\/wp-content\/uploads\/2021\/10\/logo-dark.png","width":320,"height":76,"caption":"Selleetools"},"image":{"@id":"https:\/\/selleetools.com\/#\/schema\/logo\/image\/"}},{"@type":"WebSite","@id":"https:\/\/selleetools.com\/#website","url":"https:\/\/selleetools.com\/","name":"Selleetools.com","description":"","publisher":{"@id":"https:\/\/selleetools.com\/#organization"},"potentialAction":[{"@type":"SearchAction","target":{"@type":"EntryPoint","urlTemplate":"https:\/\/selleetools.com\/?s={search_term_string}"},"query-input":"required name=search_term_string"}],"inLanguage":"pl-PL"},{"@type":"WebPage","@id":"https:\/\/selleetools.com\/pl\/product\/doniczka-rato-niska-drts265l-z-wkladem-umbra\/","url":"https:\/\/selleetools.com\/pl\/product\/doniczka-rato-niska-drts265l-z-wkladem-umbra\/","name":"Doniczka RATO niska DRTS265L z wk\u0142adem | Umbra - Selleetools.com","isPartOf":{"@id":"https:\/\/selleetools.com\/#website"},"datePublished":"2026-02-19T14:37:03+00:00","dateModified":"2026-04-09T15:23:42+00:00","breadcrumb":{"@id":"https:\/\/selleetools.com\/pl\/product\/doniczka-rato-niska-drts265l-z-wkladem-umbra\/#breadcrumb"},"inLanguage":"pl-PL","potentialAction":[{"@type":"ReadAction","target":["https:\/\/selleetools.com\/pl\/product\/doniczka-rato-niska-drts265l-z-wkladem-umbra\/"]}]},{"@type":"BreadcrumbList","@id":"https:\/\/selleetools.com\/pl\/product\/doniczka-rato-niska-drts265l-z-wkladem-umbra\/#breadcrumb","itemListElement":[{"@type":"ListItem","position":1,"name":"Home","item":"https:\/\/selleetools.com\/pl\/"},{"@type":"ListItem","position":2,"name":"Katalog","item":"https:\/\/selleetools.com\/pl\/katalog\/"},{"@type":"ListItem","position":3,"name":"Doniczka RATO niska DRTS265L z wk\u0142adem | Umbra"}]}]}},"_links":{"self":[{"href":"https:\/\/selleetools.com\/pl\/wp-json\/wp\/v2\/product\/670213"}],"collection":[{"href":"https:\/\/selleetools.com\/pl\/wp-json\/wp\/v2\/product"}],"about":[{"href":"https:\/\/selleetools.com\/pl\/wp-json\/wp\/v2\/types\/product"}],"replies":[{"embeddable":true,"href":"https:\/\/selleetools.com\/pl\/wp-json\/wp\/v2\/comments?post=670213"}],"wp:featuredmedia":[{"embeddable":true,"href":"https:\/\/selleetools.com\/pl\/wp-json\/wp\/v2\/media\/670193"}],"wp:attachment":[{"href":"https:\/\/selleetools.com\/pl\/wp-json\/wp\/v2\/media?parent=670213"}],"curies":[{"name":"wp","href":"https:\/\/api.w.org\/{rel}","templated":true}]}}