{"id":669976,"date":"2026-02-19T15:35:22","date_gmt":"2026-02-19T14:35:22","guid":{"rendered":"https:\/\/selleetools.com\/?post_type=product&#038;p=669976"},"modified":"2026-04-09T17:20:36","modified_gmt":"2026-04-09T15:20:36","slug":"ogrod-wertykalny-wiszacy-mini-cascade-io1w200-bialy","status":"publish","type":"product","link":"https:\/\/selleetools.com\/pl\/product\/ogrod-wertykalny-wiszacy-mini-cascade-io1w200-bialy\/","title":{"rendered":"Ogr\u00f3d wertykalny wisz\u0105cy MINI CASCADE IO1W200 | Bia\u0142y"},"content":{"rendered":"<p>Ogr\u00f3d wertykalny wisz\u0105cy MINI CASCADE IO1W200\u00a0&#8211; Bia\u0142a<br \/>\nDoniczka Kaskadowa<br \/>\nSpecyfikacja:<br \/>\n &#8211; szeroko\u015b\u0107 &#8211; 19.5 cm<br \/>\n &#8211; g\u0142\u0119boko\u015b\u0107 &#8211; 11 cm<br \/>\n &#8211; wysoko\u015b\u0107 ca\u0142kowita &#8211; 47,5 cm<br \/>\n &#8211; wysoko\u015b\u0107 jednego elementu &#8211; 13,5 cm<br \/>\n &#8211; materia\u0142 &#8211; tworzywo sztuczne<br \/>\nW sk\u0142ad zestawu wchodzi:<br \/>\n &#8211; Ociekacz<br \/>\n &#8211; Cztery modu\u0142y o wymiarze (19cm x 11cm x 13,5cm)<br \/>\n &#8211; No\u017cyczki do zi\u00f3\u0142<\/p>\n<p>Producent:<\/p>\n<p>Nowoczesny system ogrod\u00f3w wertykalnych wprowadza do wn\u0119trz i otoczenia niezwykle efektowny element przyrody, zapewniaj\u0105cy kontakt z natur\u0105 bez wychodzenia z domu i w\u0142a\u015bciwy mikroklimat w pomieszczeniach.<br \/>\nDzi\u0119ki przep\u0142ywowemu systemowi nawadniania ro\u015bliny s\u0105 r\u00f3wnomiernie zaopatrzone w wod\u0119.<br \/>\nIdealnie sprawdzi si\u0119 do zagospodarowania w ka\u017cdej kuchni np. zielnika.<br \/>\nDoniczki \u0142\u0105czone w r\u00f3\u017cnych konfiguracjach tworz\u0105 spektakularne przeno\u015bne jedno- lub dwustronne zielone elementy dekoracyjne naszych wn\u0119trz.<\/p>\n<p>Istnieje mo\u017cliwo\u015b\u0107 po\u0142\u0105czenia dw\u00f3ch zestaw\u00f3w tworz\u0105c dwustronn\u0105 zielon\u0105 \u015bcian\u0119.<\/p>\n<p>Galeria:<\/p>\n<p>Ogr\u00f3d wertykalny wisz\u0105cy MINI CASCADE IO1W200\u00a0&#8211; Bia\u0142a<br \/>\nDoniczka Kaskadowa<br \/>\nSpecyfikacja:<br \/>\n &#8211; szeroko\u015b\u0107 &#8211; 19.5 cm<br \/>\n &#8211; g\u0142\u0119boko\u015b\u0107 &#8211; 11 cm<br \/>\n &#8211; wysoko\u015b\u0107 ca\u0142kowita &#8211; 47,5 cm<br \/>\n &#8211; wysoko\u015b\u0107 jednego elementu &#8211; 13,5 cm<br \/>\n &#8211; materia\u0142 &#8211; tworzywo sztuczne<br \/>\nW sk\u0142ad zestawu wchodzi:<br \/>\n &#8211; Ociekacz<br \/>\n &#8211; Cztery modu\u0142y o wymiarze (19cm x 11cm x 13,5cm)<br \/>\n &#8211; No\u017cyczki do zi\u00f3\u0142<\/p>\n<p>Producent:<\/p>\n<p>Nowoczesny system ogrod\u00f3w wertykalnych wprowadza do wn\u0119trz i otoczenia niezwykle efektowny element przyrody, zapewniaj\u0105cy kontakt z natur\u0105 bez wychodzenia z domu i w\u0142a\u015bciwy mikroklimat w pomieszczeniach.<br \/>\nDzi\u0119ki przep\u0142ywowemu systemowi nawadniania ro\u015bliny s\u0105 r\u00f3wnomiernie zaopatrzone w wod\u0119.<br \/>\nIdealnie sprawdzi si\u0119 do zagospodarowania w ka\u017cdej kuchni np. zielnika.<br \/>\nDoniczki \u0142\u0105czone w r\u00f3\u017cnych konfiguracjach tworz\u0105 spektakularne przeno\u015bne jedno- lub dwustronne zielone elementy dekoracyjne naszych wn\u0119trz.<\/p>\n<p>Istnieje mo\u017cliwo\u015b\u0107 po\u0142\u0105czenia dw\u00f3ch zestaw\u00f3w tworz\u0105c dwustronn\u0105 zielon\u0105 \u015bcian\u0119.<\/p>\n<p>Galeria:<\/p>\n","protected":false},"excerpt":{"rendered":"<p>Ogr\u00f3d wertykalny wisz\u0105cy MINI CASCADE IO1W200\u00a0&#8211; Bia\u0142a Doniczka Kaskadowa Specyfikacja: &#8211; szeroko\u015b\u0107 &#8211; 19.5 cm &#8211; g\u0142\u0119boko\u015b\u0107 &#8211; 11 cm &#8211; wysoko\u015b\u0107 ca\u0142kowita &#8211; 47,5 cm &#8211; wysoko\u015b\u0107 jednego elementu &#8211; 13,5 cm &#8211; materia\u0142 &#8211; tworzywo sztuczne W sk\u0142ad zestawu wchodzi: &#8211; Ociekacz &#8211; Cztery modu\u0142y o wymiarze (19cm x 11cm x 13,5cm) &#8211; &#8230; <a title=\"Ogr\u00f3d wertykalny wisz\u0105cy MINI CASCADE IO1W200 | Bia\u0142y\" class=\"read-more\" href=\"https:\/\/selleetools.com\/pl\/product\/ogrod-wertykalny-wiszacy-mini-cascade-io1w200-bialy\/\">Read more<span class=\"screen-reader-text\">Ogr\u00f3d wertykalny wisz\u0105cy MINI CASCADE IO1W200 | Bia\u0142y<\/span><\/a><\/p>\n","protected":false},"featured_media":669960,"comment_status":"open","ping_status":"closed","template":"","meta":{"_links_to":"","_links_to_target":""},"yoast_head":"<!-- This site is optimized with the Yoast SEO plugin v19.4 - https:\/\/yoast.com\/wordpress\/plugins\/seo\/ -->\n<title>Ogr\u00f3d wertykalny wisz\u0105cy MINI CASCADE IO1W200 | Bia\u0142y - Selleetools.com<\/title>\n<meta name=\"robots\" content=\"index, follow, max-snippet:-1, max-image-preview:large, max-video-preview:-1\" \/>\n<link rel=\"canonical\" href=\"https:\/\/selleetools.com\/pl\/product\/ogrod-wertykalny-wiszacy-mini-cascade-io1w200-bialy\/\" \/>\n<meta property=\"og:locale\" content=\"pl_PL\" \/>\n<meta property=\"og:type\" content=\"article\" \/>\n<meta property=\"og:title\" content=\"Ogr\u00f3d wertykalny wisz\u0105cy MINI CASCADE IO1W200 | Bia\u0142y - Selleetools.com\" \/>\n<meta property=\"og:description\" content=\"Ogr\u00f3d wertykalny wisz\u0105cy MINI CASCADE IO1W200\u00a0&#8211; Bia\u0142a Doniczka Kaskadowa Specyfikacja: &#8211; szeroko\u015b\u0107 &#8211; 19.5 cm &#8211; g\u0142\u0119boko\u015b\u0107 &#8211; 11 cm &#8211; wysoko\u015b\u0107 ca\u0142kowita &#8211; 47,5 cm &#8211; wysoko\u015b\u0107 jednego elementu &#8211; 13,5 cm &#8211; materia\u0142 &#8211; tworzywo sztuczne W sk\u0142ad zestawu wchodzi: &#8211; Ociekacz &#8211; Cztery modu\u0142y o wymiarze (19cm x 11cm x 13,5cm) &#8211; ... Read moreOgr\u00f3d wertykalny wisz\u0105cy MINI CASCADE IO1W200 | Bia\u0142y\" \/>\n<meta property=\"og:url\" content=\"https:\/\/selleetools.com\/pl\/product\/ogrod-wertykalny-wiszacy-mini-cascade-io1w200-bialy\/\" \/>\n<meta property=\"og:site_name\" content=\"Selleetools.com\" \/>\n<meta property=\"article:modified_time\" content=\"2026-04-09T15:20:36+00:00\" \/>\n<meta property=\"og:image\" content=\"https:\/\/selleetools.com\/wp-content\/uploads\/2026\/02\/a86a60630193726b469dd89d7541e054.jpg\" \/>\n\t<meta property=\"og:image:width\" content=\"1298\" \/>\n\t<meta property=\"og:image:height\" content=\"2560\" \/>\n\t<meta property=\"og:image:type\" content=\"image\/jpeg\" \/>\n<meta name=\"twitter:card\" content=\"summary_large_image\" \/>\n<meta name=\"twitter:label1\" content=\"Est. reading time\" \/>\n\t<meta name=\"twitter:data1\" content=\"2 minuty\" \/>\n<!-- \/ Yoast SEO plugin. -->","yoast_head_json":{"title":"Ogr\u00f3d wertykalny wisz\u0105cy MINI CASCADE IO1W200 | Bia\u0142y - Selleetools.com","robots":{"index":"index","follow":"follow","max-snippet":"max-snippet:-1","max-image-preview":"max-image-preview:large","max-video-preview":"max-video-preview:-1"},"canonical":"https:\/\/selleetools.com\/pl\/product\/ogrod-wertykalny-wiszacy-mini-cascade-io1w200-bialy\/","og_locale":"pl_PL","og_type":"article","og_title":"Ogr\u00f3d wertykalny wisz\u0105cy MINI CASCADE IO1W200 | Bia\u0142y - Selleetools.com","og_description":"Ogr\u00f3d wertykalny wisz\u0105cy MINI CASCADE IO1W200\u00a0&#8211; Bia\u0142a Doniczka Kaskadowa Specyfikacja: &#8211; szeroko\u015b\u0107 &#8211; 19.5 cm &#8211; g\u0142\u0119boko\u015b\u0107 &#8211; 11 cm &#8211; wysoko\u015b\u0107 ca\u0142kowita &#8211; 47,5 cm &#8211; wysoko\u015b\u0107 jednego elementu &#8211; 13,5 cm &#8211; materia\u0142 &#8211; tworzywo sztuczne W sk\u0142ad zestawu wchodzi: &#8211; Ociekacz &#8211; Cztery modu\u0142y o wymiarze (19cm x 11cm x 13,5cm) &#8211; ... Read moreOgr\u00f3d wertykalny wisz\u0105cy MINI CASCADE IO1W200 | Bia\u0142y","og_url":"https:\/\/selleetools.com\/pl\/product\/ogrod-wertykalny-wiszacy-mini-cascade-io1w200-bialy\/","og_site_name":"Selleetools.com","article_modified_time":"2026-04-09T15:20:36+00:00","og_image":[{"width":1298,"height":2560,"url":"https:\/\/selleetools.com\/wp-content\/uploads\/2026\/02\/a86a60630193726b469dd89d7541e054.jpg","type":"image\/jpeg"}],"twitter_card":"summary_large_image","twitter_misc":{"Est. reading time":"2 minuty"},"schema":{"@context":"https:\/\/schema.org","@graph":[{"@type":"Organization","@id":"https:\/\/selleetools.com\/#organization","name":"Selleetools","url":"https:\/\/selleetools.com\/","sameAs":[],"logo":{"@type":"ImageObject","inLanguage":"pl-PL","@id":"https:\/\/selleetools.com\/#\/schema\/logo\/image\/","url":"https:\/\/selleetools.com\/wp-content\/uploads\/2021\/10\/logo-dark.png","contentUrl":"https:\/\/selleetools.com\/wp-content\/uploads\/2021\/10\/logo-dark.png","width":320,"height":76,"caption":"Selleetools"},"image":{"@id":"https:\/\/selleetools.com\/#\/schema\/logo\/image\/"}},{"@type":"WebSite","@id":"https:\/\/selleetools.com\/#website","url":"https:\/\/selleetools.com\/","name":"Selleetools.com","description":"","publisher":{"@id":"https:\/\/selleetools.com\/#organization"},"potentialAction":[{"@type":"SearchAction","target":{"@type":"EntryPoint","urlTemplate":"https:\/\/selleetools.com\/?s={search_term_string}"},"query-input":"required name=search_term_string"}],"inLanguage":"pl-PL"},{"@type":"WebPage","@id":"https:\/\/selleetools.com\/pl\/product\/ogrod-wertykalny-wiszacy-mini-cascade-io1w200-bialy\/","url":"https:\/\/selleetools.com\/pl\/product\/ogrod-wertykalny-wiszacy-mini-cascade-io1w200-bialy\/","name":"Ogr\u00f3d wertykalny wisz\u0105cy MINI CASCADE IO1W200 | Bia\u0142y - Selleetools.com","isPartOf":{"@id":"https:\/\/selleetools.com\/#website"},"datePublished":"2026-02-19T14:35:22+00:00","dateModified":"2026-04-09T15:20:36+00:00","breadcrumb":{"@id":"https:\/\/selleetools.com\/pl\/product\/ogrod-wertykalny-wiszacy-mini-cascade-io1w200-bialy\/#breadcrumb"},"inLanguage":"pl-PL","potentialAction":[{"@type":"ReadAction","target":["https:\/\/selleetools.com\/pl\/product\/ogrod-wertykalny-wiszacy-mini-cascade-io1w200-bialy\/"]}]},{"@type":"BreadcrumbList","@id":"https:\/\/selleetools.com\/pl\/product\/ogrod-wertykalny-wiszacy-mini-cascade-io1w200-bialy\/#breadcrumb","itemListElement":[{"@type":"ListItem","position":1,"name":"Home","item":"https:\/\/selleetools.com\/pl\/"},{"@type":"ListItem","position":2,"name":"Katalog","item":"https:\/\/selleetools.com\/pl\/katalog\/"},{"@type":"ListItem","position":3,"name":"Ogr\u00f3d wertykalny wisz\u0105cy MINI CASCADE IO1W200 | Bia\u0142y"}]}]}},"_links":{"self":[{"href":"https:\/\/selleetools.com\/pl\/wp-json\/wp\/v2\/product\/669976"}],"collection":[{"href":"https:\/\/selleetools.com\/pl\/wp-json\/wp\/v2\/product"}],"about":[{"href":"https:\/\/selleetools.com\/pl\/wp-json\/wp\/v2\/types\/product"}],"replies":[{"embeddable":true,"href":"https:\/\/selleetools.com\/pl\/wp-json\/wp\/v2\/comments?post=669976"}],"wp:featuredmedia":[{"embeddable":true,"href":"https:\/\/selleetools.com\/pl\/wp-json\/wp\/v2\/media\/669960"}],"wp:attachment":[{"href":"https:\/\/selleetools.com\/pl\/wp-json\/wp\/v2\/media?parent=669976"}],"curies":[{"name":"wp","href":"https:\/\/api.w.org\/{rel}","templated":true}]}}