{"id":669940,"date":"2026-02-19T15:34:57","date_gmt":"2026-02-19T14:34:57","guid":{"rendered":"https:\/\/selleetools.com\/?post_type=product&#038;p=669940"},"modified":"2026-04-09T17:19:58","modified_gmt":"2026-04-09T15:19:58","slug":"stojak-choinkowy-orbit-srebrny","status":"publish","type":"product","link":"https:\/\/selleetools.com\/pl\/product\/stojak-choinkowy-orbit-srebrny\/","title":{"rendered":"Stojak choinkowy Orbit | Srebrny"},"content":{"rendered":"<p>Stojak choinkowy Orbit &#8211; srebrny<br \/>\nSpecyfikacja\u00a0produktu:<br \/>\n &#8211; \u015brednica: 39,5 cm<br \/>\n &#8211; wysoko\u015b\u0107: 16,0 cm<br \/>\n &#8211; szeroko\u015b\u0107 pnia: 10,0 cm<br \/>\n &#8211; maksymalna wysoko\u015b\u0107 choinki: 2 m<br \/>\n &#8211; pojemno\u015b\u0107: 1l<br \/>\n &#8211; materia\u0142 wykonania: tworzywo sztuczne \/ plastik<\/p>\n<p>Stojak choinkowy\u00a0Orbit\u00a0:<br \/>\n &#8211; wykonany jest z tworzywa sztucznego o znacznej wytrzyma\u0142o\u015bci,<br \/>\n &#8211; specjalnie zaprojektowany tak, aby umieszczona w nim choinka nie mia\u0142a szansy si\u0119 przewr\u00f3ci,<br \/>\n &#8211; lekki i niewielkich rozmiar\u00f3w, co u\u0142atwia przechowywanie,<br \/>\n &#8211; wyposa\u017cony w szerok\u0105, grub\u0105 podstaw\u0119,<br \/>\n &#8211; u wylotu otworu na pie\u0144 umieszczono regulowane \u015bruby w celu wi\u0119kszej stabilizacji nawet wysokiego drzewka,<br \/>\n &#8211; przystosowano tak\u017ce do podlewania choinki, je\u015bli jest taka konieczno\u015b\u0107,\u00a0co pozwala zachowa\u0107 przez d\u0142ugi czas \u015bwie\u017co\u015b\u0107 i naturalny zapach choinki.<\/p>\n<p>Stojak choinkowy Orbit &#8211; srebrny<br \/>\nSpecyfikacja\u00a0produktu:<br \/>\n &#8211; \u015brednica: 39,5 cm<br \/>\n &#8211; wysoko\u015b\u0107: 16,0 cm<br \/>\n &#8211; szeroko\u015b\u0107 pnia: 10,0 cm<br \/>\n &#8211; maksymalna wysoko\u015b\u0107 choinki: 2 m<br \/>\n &#8211; pojemno\u015b\u0107: 1l<br \/>\n &#8211; materia\u0142 wykonania: tworzywo sztuczne \/ plastik<\/p>\n<p>Stojak choinkowy\u00a0Orbit\u00a0:<br \/>\n &#8211; wykonany jest z tworzywa sztucznego o znacznej wytrzyma\u0142o\u015bci,<br \/>\n &#8211; specjalnie zaprojektowany tak, aby umieszczona w nim choinka nie mia\u0142a szansy si\u0119 przewr\u00f3ci,<br \/>\n &#8211; lekki i niewielkich rozmiar\u00f3w, co u\u0142atwia przechowywanie,<br \/>\n &#8211; wyposa\u017cony w szerok\u0105, grub\u0105 podstaw\u0119,<br \/>\n &#8211; u wylotu otworu na pie\u0144 umieszczono regulowane \u015bruby w celu wi\u0119kszej stabilizacji nawet wysokiego drzewka,<br \/>\n &#8211; przystosowano tak\u017ce do podlewania choinki, je\u015bli jest taka konieczno\u015b\u0107,\u00a0co pozwala zachowa\u0107 przez d\u0142ugi czas \u015bwie\u017co\u015b\u0107 i naturalny zapach choinki.<\/p>\n","protected":false},"excerpt":{"rendered":"<p>Stojak choinkowy Orbit &#8211; srebrny Specyfikacja\u00a0produktu: &#8211; \u015brednica: 39,5 cm &#8211; wysoko\u015b\u0107: 16,0 cm &#8211; szeroko\u015b\u0107 pnia: 10,0 cm &#8211; maksymalna wysoko\u015b\u0107 choinki: 2 m &#8211; pojemno\u015b\u0107: 1l &#8211; materia\u0142 wykonania: tworzywo sztuczne \/ plastik Stojak choinkowy\u00a0Orbit\u00a0: &#8211; wykonany jest z tworzywa sztucznego o znacznej wytrzyma\u0142o\u015bci, &#8211; specjalnie zaprojektowany tak, aby umieszczona w nim choinka &#8230; <a title=\"Stojak choinkowy Orbit | Srebrny\" class=\"read-more\" href=\"https:\/\/selleetools.com\/pl\/product\/stojak-choinkowy-orbit-srebrny\/\">Read more<span class=\"screen-reader-text\">Stojak choinkowy Orbit | Srebrny<\/span><\/a><\/p>\n","protected":false},"featured_media":669934,"comment_status":"open","ping_status":"closed","template":"","meta":{"_links_to":"","_links_to_target":""},"yoast_head":"<!-- This site is optimized with the Yoast SEO plugin v19.4 - https:\/\/yoast.com\/wordpress\/plugins\/seo\/ -->\n<title>Stojak choinkowy Orbit | Srebrny - Selleetools.com<\/title>\n<meta name=\"robots\" content=\"index, follow, max-snippet:-1, max-image-preview:large, max-video-preview:-1\" \/>\n<link rel=\"canonical\" href=\"https:\/\/admincentral.selleetools.com\/pl\/product\/stojak-choinkowy-orbit-srebrny\/\" \/>\n<meta property=\"og:locale\" content=\"pl_PL\" \/>\n<meta property=\"og:type\" content=\"article\" \/>\n<meta property=\"og:title\" content=\"Stojak choinkowy Orbit | Srebrny - Selleetools.com\" \/>\n<meta property=\"og:description\" content=\"Stojak choinkowy Orbit &#8211; srebrny Specyfikacja\u00a0produktu: &#8211; \u015brednica: 39,5 cm &#8211; wysoko\u015b\u0107: 16,0 cm &#8211; szeroko\u015b\u0107 pnia: 10,0 cm &#8211; maksymalna wysoko\u015b\u0107 choinki: 2 m &#8211; pojemno\u015b\u0107: 1l &#8211; materia\u0142 wykonania: tworzywo sztuczne \/ plastik Stojak choinkowy\u00a0Orbit\u00a0: &#8211; wykonany jest z tworzywa sztucznego o znacznej wytrzyma\u0142o\u015bci, &#8211; specjalnie zaprojektowany tak, aby umieszczona w nim choinka ... Read moreStojak choinkowy Orbit | Srebrny\" \/>\n<meta property=\"og:url\" content=\"https:\/\/admincentral.selleetools.com\/pl\/product\/stojak-choinkowy-orbit-srebrny\/\" \/>\n<meta property=\"og:site_name\" content=\"Selleetools.com\" \/>\n<meta property=\"article:modified_time\" content=\"2026-04-09T15:19:58+00:00\" \/>\n<meta property=\"og:image\" content=\"https:\/\/selleetools.com\/wp-content\/uploads\/2026\/02\/3d5351ac72881e5b4171816ff4aa3319.jpg\" \/>\n\t<meta property=\"og:image:width\" content=\"2560\" \/>\n\t<meta property=\"og:image:height\" content=\"1811\" \/>\n\t<meta property=\"og:image:type\" content=\"image\/jpeg\" \/>\n<meta name=\"twitter:card\" content=\"summary_large_image\" \/>\n<meta name=\"twitter:label1\" content=\"Est. reading time\" \/>\n\t<meta name=\"twitter:data1\" content=\"1 minuta\" \/>\n<!-- \/ Yoast SEO plugin. -->","yoast_head_json":{"title":"Stojak choinkowy Orbit | Srebrny - Selleetools.com","robots":{"index":"index","follow":"follow","max-snippet":"max-snippet:-1","max-image-preview":"max-image-preview:large","max-video-preview":"max-video-preview:-1"},"canonical":"https:\/\/admincentral.selleetools.com\/pl\/product\/stojak-choinkowy-orbit-srebrny\/","og_locale":"pl_PL","og_type":"article","og_title":"Stojak choinkowy Orbit | Srebrny - Selleetools.com","og_description":"Stojak choinkowy Orbit &#8211; srebrny Specyfikacja\u00a0produktu: &#8211; \u015brednica: 39,5 cm &#8211; wysoko\u015b\u0107: 16,0 cm &#8211; szeroko\u015b\u0107 pnia: 10,0 cm &#8211; maksymalna wysoko\u015b\u0107 choinki: 2 m &#8211; pojemno\u015b\u0107: 1l &#8211; materia\u0142 wykonania: tworzywo sztuczne \/ plastik Stojak choinkowy\u00a0Orbit\u00a0: &#8211; wykonany jest z tworzywa sztucznego o znacznej wytrzyma\u0142o\u015bci, &#8211; specjalnie zaprojektowany tak, aby umieszczona w nim choinka ... Read moreStojak choinkowy Orbit | Srebrny","og_url":"https:\/\/admincentral.selleetools.com\/pl\/product\/stojak-choinkowy-orbit-srebrny\/","og_site_name":"Selleetools.com","article_modified_time":"2026-04-09T15:19:58+00:00","og_image":[{"width":2560,"height":1811,"url":"https:\/\/selleetools.com\/wp-content\/uploads\/2026\/02\/3d5351ac72881e5b4171816ff4aa3319.jpg","type":"image\/jpeg"}],"twitter_card":"summary_large_image","twitter_misc":{"Est. reading time":"1 minuta"},"schema":{"@context":"https:\/\/schema.org","@graph":[{"@type":"Organization","@id":"https:\/\/selleetools.com\/#organization","name":"Selleetools","url":"https:\/\/selleetools.com\/","sameAs":[],"logo":{"@type":"ImageObject","inLanguage":"pl-PL","@id":"https:\/\/selleetools.com\/#\/schema\/logo\/image\/","url":"https:\/\/selleetools.com\/wp-content\/uploads\/2021\/10\/logo-dark.png","contentUrl":"https:\/\/selleetools.com\/wp-content\/uploads\/2021\/10\/logo-dark.png","width":320,"height":76,"caption":"Selleetools"},"image":{"@id":"https:\/\/selleetools.com\/#\/schema\/logo\/image\/"}},{"@type":"WebSite","@id":"https:\/\/selleetools.com\/#website","url":"https:\/\/selleetools.com\/","name":"Selleetools.com","description":"","publisher":{"@id":"https:\/\/selleetools.com\/#organization"},"potentialAction":[{"@type":"SearchAction","target":{"@type":"EntryPoint","urlTemplate":"https:\/\/selleetools.com\/?s={search_term_string}"},"query-input":"required name=search_term_string"}],"inLanguage":"pl-PL"},{"@type":"WebPage","@id":"https:\/\/admincentral.selleetools.com\/pl\/product\/stojak-choinkowy-orbit-srebrny\/","url":"https:\/\/admincentral.selleetools.com\/pl\/product\/stojak-choinkowy-orbit-srebrny\/","name":"Stojak choinkowy Orbit | Srebrny - Selleetools.com","isPartOf":{"@id":"https:\/\/selleetools.com\/#website"},"datePublished":"2026-02-19T14:34:57+00:00","dateModified":"2026-04-09T15:19:58+00:00","breadcrumb":{"@id":"https:\/\/admincentral.selleetools.com\/pl\/product\/stojak-choinkowy-orbit-srebrny\/#breadcrumb"},"inLanguage":"pl-PL","potentialAction":[{"@type":"ReadAction","target":["https:\/\/admincentral.selleetools.com\/pl\/product\/stojak-choinkowy-orbit-srebrny\/"]}]},{"@type":"BreadcrumbList","@id":"https:\/\/admincentral.selleetools.com\/pl\/product\/stojak-choinkowy-orbit-srebrny\/#breadcrumb","itemListElement":[{"@type":"ListItem","position":1,"name":"Home","item":"https:\/\/selleetools.com\/pl\/"},{"@type":"ListItem","position":2,"name":"Katalog","item":"https:\/\/selleetools.com\/pl\/katalog\/"},{"@type":"ListItem","position":3,"name":"Stojak choinkowy Orbit | Srebrny"}]}]}},"_links":{"self":[{"href":"https:\/\/selleetools.com\/pl\/wp-json\/wp\/v2\/product\/669940"}],"collection":[{"href":"https:\/\/selleetools.com\/pl\/wp-json\/wp\/v2\/product"}],"about":[{"href":"https:\/\/selleetools.com\/pl\/wp-json\/wp\/v2\/types\/product"}],"replies":[{"embeddable":true,"href":"https:\/\/selleetools.com\/pl\/wp-json\/wp\/v2\/comments?post=669940"}],"wp:featuredmedia":[{"embeddable":true,"href":"https:\/\/selleetools.com\/pl\/wp-json\/wp\/v2\/media\/669934"}],"wp:attachment":[{"href":"https:\/\/selleetools.com\/pl\/wp-json\/wp\/v2\/media?parent=669940"}],"curies":[{"name":"wp","href":"https:\/\/api.w.org\/{rel}","templated":true}]}}