{"id":662934,"date":"2026-01-29T15:28:29","date_gmt":"2026-01-29T14:28:29","guid":{"rendered":"https:\/\/selleetools.com\/?post_type=product&#038;p=662934"},"modified":"2026-04-18T16:01:23","modified_gmt":"2026-04-18T14:01:23","slug":"kompostownik-740l-czarny","status":"publish","type":"product","link":"https:\/\/selleetools.com\/pl\/product\/kompostownik-740l-czarny\/","title":{"rendered":"Kompostownik 740L | Czarny"},"content":{"rendered":"<section class=\"section\">\n<div class=\"item item-6\">\n<section class=\"text-item\">\n<h1>Kompostownik ogrodowy 740l<\/h1>\n<p><b>Specyfikacja:<\/b><\/p>\n<ul>\n<li>d\u0142ugo\u015b\u0107 &#8211;\u00a093,3 cm<\/li>\n<li>szeroko\u015b\u0107 &#8211;\u00a093,3 cm<\/li>\n<li>wysoko\u015b\u0107 &#8211; 113 cm<\/li>\n<li>pojemno\u015b\u0107 &#8211; 740l<\/li>\n<li>materia\u0142 &#8211; tworzywo sztuczne<\/li>\n<\/ul>\n<p><b>W sk\u0142ad zestawu wchodzi:<\/b><\/p>\n<ul>\n<li>Kompostownik MultiComposter 740l<\/li>\n<\/ul>\n<p><b>Cechy kompostownika:<\/b><\/p>\n<ul>\n<li>precyzyjna wentylacja pozwalaj\u0105ca na optymalny rozk\u0142ad odpad\u00f3w biologicznych<\/li>\n<li>trwa\u0142a konstrukcja o wysokim wsp\u00f3\u0142czynniku odporno\u015bci na warunki atmosferyczne<\/li>\n<li>prosty monta\u017c i demonta\u017c<\/li>\n<li>wyprodukowany z elastycznego i estetycznego tworzywa.<\/li>\n<\/ul>\n<\/section><\/div>\n<div class=\"item item-6\">\n<section class=\"image-item\">\n            <img src=\"https:\/\/upload.cdn.baselinker.com\/products\/3028621\/8d9615451e88dc9d0256ae35cc490394.jpg\" \/><br \/>\n        <\/section>\n<\/p><\/div>\n<\/section>\n<section class=\"section\">\n<div class=\"item item-6\">\n<section class=\"text-item\">\n<p><b>Wskaz\u00f3wki dotycz\u0105ce u\u017cytkowania:<\/b><\/p>\n<ol>\n<li>Nie zgniataj ani nie kondensuj odpad\u00f3w, zapewniaj\u0105c im swobodne &#8220;oddychanie&#8221;<\/li>\n<li>Zadbaj o odpowiednie zmieszanie odpad\u00f3w gospodarczych i ogrodowych.<\/li>\n<\/ol>\n<p><b>Czego u\u017cywa\u0107?<\/b><\/p>\n<ul>\n<li>odpad\u00f3w z owoc\u00f3w (poza cytrusami i owocami tropikalnymi) i innych pochodzenia ro\u015blinnego (warzywa, suche kwiaty, li\u015bcie)<\/li>\n<li>fus\u00f3w (r\u00f3wnie\u017c w saszetkach) po kawie lub herbacie<\/li>\n<li>skoszonej trawy (umiarkowane ilo\u015bci)<\/li>\n<li>odpad\u00f3w kuchennych pochodzenia organicznego (np. skorupek jaj)<\/li>\n<\/ul>\n<p><b>Czego nie u\u017cywa\u0107?<\/b><\/p>\n<ul>\n<li>zepsutej \u017cywno\u015bci<\/li>\n<li>odchod\u00f3w<\/li>\n<li>zgni\u0142ych nasion<\/li>\n<li>produkt\u00f3w mlecznych<\/li>\n<li>t\u0142uszcz\u00f3w<\/li>\n<li>papieru<\/li>\n<li>metalu<\/li>\n<li>szk\u0142a i tym podobnych<\/li>\n<\/ul>\n<p><b>Uwaga! Wewn\u0105trz panuje wysoka temperatura. Nie wk\u0142ada\u0107 materia\u0142\u00f3w \u0142atwopalnych.<\/b><\/p>\n<\/section><\/div>\n<div class=\"item item-6\">\n<section class=\"image-item\">\n            <img src=\"https:\/\/upload.cdn.baselinker.com\/products\/3028621\/fa7c3d719a5374e4325193a70138b1a1.jpg\" \/><br \/>\n        <\/section>\n<\/p><\/div>\n<\/section>\n<p>Kompostownik Multi Composter 650l Czarny<\/p>\n<p>Specyfikacja:<\/p>\n<p> &#8211; d\u0142ugo\u015b\u0107 &#8211; 89 cm<\/p>\n<p> &#8211; szeroko\u015b\u0107 &#8211; 89 cm<\/p>\n<p> &#8211; wysoko\u015b\u0107 &#8211; 113 cm<\/p>\n<p> &#8211; pojemno\u015b\u0107 &#8211; 650 l<\/p>\n<p> &#8211; materia\u0142 &#8211; tworzywo sztuczne<\/p>\n<p>Wskaz\u00f3wki dotycz\u0105ce u\u017cytkowania:<\/p>\n<p> &#8211; Nie zgniataj ani nie kondensuj odpad\u00f3w, zapewniaj\u0105c im swobodne &#8220;oddychanie&#8221;<\/p>\n<p> &#8211; Zadbaj o odpowiednie zmieszanie odpad\u00f3w gospodarczych i ogrodowych.<\/p>\n<p>Czego u\u017cywa\u0107?<\/p>\n<p> &#8211; odpad\u00f3w z owoc\u00f3w (poza cytrusami i owocami tropikalnymi) i innych pochodzenia ro\u015blinnego (warzywa, suche kwiaty, li\u015bcie)<\/p>\n<p> &#8211; fus\u00f3w (r\u00f3wnie\u017c w saszetkach) po kawie lub herbacie<\/p>\n<p> &#8211; skoszonej trawy (umiarkowane ilo\u015bci)<\/p>\n<p> &#8211; odpad\u00f3w kuchennych pochodzenia organicznego (np. skorupek jaj)<\/p>\n<p>Czego nie u\u017cywa\u0107?<\/p>\n<p> &#8211; zepsutej \u017cywno\u015bci<\/p>\n<p> &#8211; odchod\u00f3w<\/p>\n<p> &#8211; zgni\u0142ych nasion<\/p>\n<p> &#8211; produkt\u00f3w mlecznych<\/p>\n<p> &#8211; t\u0142uszcz\u00f3w<\/p>\n<p> &#8211; papieru<\/p>\n<p> &#8211; metalu<\/p>\n<p> &#8211; szk\u0142a i tym podobnych<\/p>\n<p>Uwaga! Wewn\u0105trz panuje wysoka temperatura. Nie wk\u0142ada\u0107 materia\u0142\u00f3w \u0142atwopalnych.<\/p>\n<p>Producent: PATROL <\/p>\n<p>Multi Composter\u00a0to doskona\u0142e i wydajne narz\u0119dzie do wytwarzania kompostu we w\u0142asnym zakresie.<\/p>\n<p>Pozwala na przetwarzanie odpad\u00f3w gospodarczych na w\u0142asny, doskona\u0142ej jako\u015bci kompost<\/p>\n<p>Modu\u0142owa konstrukcja, \u0142atwy monta\u017c.<\/p>\n<p>Prosty intuicyjny monta\u017c, wydajna, trwa\u0142a konstrukcja, estetyczna i przyjazna forma produktu zwi\u0119kszaj\u0105 symbioz\u0119 ze \u015brodowiskiem i przynosz\u0105 realne oszcz\u0119dno\u015bci. Nawet 80% odpad\u00f3w gospodarczych mo\u017ce by\u0107 przetworzonych na czysty kompost.<\/p>\n<p>Kompostownik wykonany z bardzo wysokiej jako\u015bci tworzywa sztuczne go odpornego na warunki atmosferyczne.<\/p>\n","protected":false},"excerpt":{"rendered":"<p>Kompostownik ogrodowy 740l Specyfikacja: d\u0142ugo\u015b\u0107 &#8211;\u00a093,3 cm szeroko\u015b\u0107 &#8211;\u00a093,3 cm wysoko\u015b\u0107 &#8211; 113 cm pojemno\u015b\u0107 &#8211; 740l materia\u0142 &#8211; tworzywo sztuczne W sk\u0142ad zestawu wchodzi: Kompostownik MultiComposter 740l Cechy kompostownika: precyzyjna wentylacja pozwalaj\u0105ca na optymalny rozk\u0142ad odpad\u00f3w biologicznych trwa\u0142a konstrukcja o wysokim wsp\u00f3\u0142czynniku odporno\u015bci na warunki atmosferyczne prosty monta\u017c i demonta\u017c wyprodukowany z elastycznego i &#8230; <a title=\"Kompostownik 740L | Czarny\" class=\"read-more\" href=\"https:\/\/selleetools.com\/pl\/product\/kompostownik-740l-czarny\/\">Read more<span class=\"screen-reader-text\">Kompostownik 740L | Czarny<\/span><\/a><\/p>\n","protected":false},"featured_media":662902,"comment_status":"open","ping_status":"closed","template":"","meta":{"_links_to":"","_links_to_target":""},"yoast_head":"<!-- This site is optimized with the Yoast SEO plugin v19.4 - https:\/\/yoast.com\/wordpress\/plugins\/seo\/ -->\n<title>Kompostownik 740L | Czarny - Selleetools.com<\/title>\n<meta name=\"robots\" content=\"index, follow, max-snippet:-1, max-image-preview:large, max-video-preview:-1\" \/>\n<link rel=\"canonical\" href=\"https:\/\/selleetools.com\/pl\/product\/kompostownik-740l-czarny\/\" \/>\n<meta property=\"og:locale\" content=\"pl_PL\" \/>\n<meta property=\"og:type\" content=\"article\" \/>\n<meta property=\"og:title\" content=\"Kompostownik 740L | Czarny - Selleetools.com\" \/>\n<meta property=\"og:description\" content=\"Kompostownik ogrodowy 740l Specyfikacja: d\u0142ugo\u015b\u0107 &#8211;\u00a093,3 cm szeroko\u015b\u0107 &#8211;\u00a093,3 cm wysoko\u015b\u0107 &#8211; 113 cm pojemno\u015b\u0107 &#8211; 740l materia\u0142 &#8211; tworzywo sztuczne W sk\u0142ad zestawu wchodzi: Kompostownik MultiComposter 740l Cechy kompostownika: precyzyjna wentylacja pozwalaj\u0105ca na optymalny rozk\u0142ad odpad\u00f3w biologicznych trwa\u0142a konstrukcja o wysokim wsp\u00f3\u0142czynniku odporno\u015bci na warunki atmosferyczne prosty monta\u017c i demonta\u017c wyprodukowany z elastycznego i ... Read moreKompostownik 740L | Czarny\" \/>\n<meta property=\"og:url\" content=\"https:\/\/selleetools.com\/pl\/product\/kompostownik-740l-czarny\/\" \/>\n<meta property=\"og:site_name\" content=\"Selleetools.com\" \/>\n<meta property=\"article:modified_time\" content=\"2026-04-18T14:01:23+00:00\" \/>\n<meta property=\"og:image\" content=\"https:\/\/selleetools.com\/wp-content\/uploads\/2026\/01\/8d9615451e88dc9d0256ae35cc490394.jpg\" \/>\n\t<meta property=\"og:image:width\" content=\"1159\" \/>\n\t<meta property=\"og:image:height\" content=\"2047\" \/>\n\t<meta property=\"og:image:type\" content=\"image\/jpeg\" \/>\n<meta name=\"twitter:card\" content=\"summary_large_image\" \/>\n<meta name=\"twitter:label1\" content=\"Est. reading time\" \/>\n\t<meta name=\"twitter:data1\" content=\"2 minuty\" \/>\n<!-- \/ Yoast SEO plugin. -->","yoast_head_json":{"title":"Kompostownik 740L | Czarny - Selleetools.com","robots":{"index":"index","follow":"follow","max-snippet":"max-snippet:-1","max-image-preview":"max-image-preview:large","max-video-preview":"max-video-preview:-1"},"canonical":"https:\/\/selleetools.com\/pl\/product\/kompostownik-740l-czarny\/","og_locale":"pl_PL","og_type":"article","og_title":"Kompostownik 740L | Czarny - Selleetools.com","og_description":"Kompostownik ogrodowy 740l Specyfikacja: d\u0142ugo\u015b\u0107 &#8211;\u00a093,3 cm szeroko\u015b\u0107 &#8211;\u00a093,3 cm wysoko\u015b\u0107 &#8211; 113 cm pojemno\u015b\u0107 &#8211; 740l materia\u0142 &#8211; tworzywo sztuczne W sk\u0142ad zestawu wchodzi: Kompostownik MultiComposter 740l Cechy kompostownika: precyzyjna wentylacja pozwalaj\u0105ca na optymalny rozk\u0142ad odpad\u00f3w biologicznych trwa\u0142a konstrukcja o wysokim wsp\u00f3\u0142czynniku odporno\u015bci na warunki atmosferyczne prosty monta\u017c i demonta\u017c wyprodukowany z elastycznego i ... Read moreKompostownik 740L | Czarny","og_url":"https:\/\/selleetools.com\/pl\/product\/kompostownik-740l-czarny\/","og_site_name":"Selleetools.com","article_modified_time":"2026-04-18T14:01:23+00:00","og_image":[{"width":1159,"height":2047,"url":"https:\/\/selleetools.com\/wp-content\/uploads\/2026\/01\/8d9615451e88dc9d0256ae35cc490394.jpg","type":"image\/jpeg"}],"twitter_card":"summary_large_image","twitter_misc":{"Est. reading time":"2 minuty"},"schema":{"@context":"https:\/\/schema.org","@graph":[{"@type":"Organization","@id":"https:\/\/selleetools.com\/#organization","name":"Selleetools","url":"https:\/\/selleetools.com\/","sameAs":[],"logo":{"@type":"ImageObject","inLanguage":"pl-PL","@id":"https:\/\/selleetools.com\/#\/schema\/logo\/image\/","url":"https:\/\/selleetools.com\/wp-content\/uploads\/2021\/10\/logo-dark.png","contentUrl":"https:\/\/selleetools.com\/wp-content\/uploads\/2021\/10\/logo-dark.png","width":320,"height":76,"caption":"Selleetools"},"image":{"@id":"https:\/\/selleetools.com\/#\/schema\/logo\/image\/"}},{"@type":"WebSite","@id":"https:\/\/selleetools.com\/#website","url":"https:\/\/selleetools.com\/","name":"Selleetools.com","description":"","publisher":{"@id":"https:\/\/selleetools.com\/#organization"},"potentialAction":[{"@type":"SearchAction","target":{"@type":"EntryPoint","urlTemplate":"https:\/\/selleetools.com\/?s={search_term_string}"},"query-input":"required name=search_term_string"}],"inLanguage":"pl-PL"},{"@type":"WebPage","@id":"https:\/\/selleetools.com\/pl\/product\/kompostownik-740l-czarny\/","url":"https:\/\/selleetools.com\/pl\/product\/kompostownik-740l-czarny\/","name":"Kompostownik 740L | Czarny - Selleetools.com","isPartOf":{"@id":"https:\/\/selleetools.com\/#website"},"datePublished":"2026-01-29T14:28:29+00:00","dateModified":"2026-04-18T14:01:23+00:00","breadcrumb":{"@id":"https:\/\/selleetools.com\/pl\/product\/kompostownik-740l-czarny\/#breadcrumb"},"inLanguage":"pl-PL","potentialAction":[{"@type":"ReadAction","target":["https:\/\/selleetools.com\/pl\/product\/kompostownik-740l-czarny\/"]}]},{"@type":"BreadcrumbList","@id":"https:\/\/selleetools.com\/pl\/product\/kompostownik-740l-czarny\/#breadcrumb","itemListElement":[{"@type":"ListItem","position":1,"name":"Home","item":"https:\/\/selleetools.com\/pl\/"},{"@type":"ListItem","position":2,"name":"Katalog","item":"https:\/\/selleetools.com\/pl\/katalog\/"},{"@type":"ListItem","position":3,"name":"Kompostownik 740L | Czarny"}]}]}},"_links":{"self":[{"href":"https:\/\/selleetools.com\/pl\/wp-json\/wp\/v2\/product\/662934"}],"collection":[{"href":"https:\/\/selleetools.com\/pl\/wp-json\/wp\/v2\/product"}],"about":[{"href":"https:\/\/selleetools.com\/pl\/wp-json\/wp\/v2\/types\/product"}],"replies":[{"embeddable":true,"href":"https:\/\/selleetools.com\/pl\/wp-json\/wp\/v2\/comments?post=662934"}],"wp:featuredmedia":[{"embeddable":true,"href":"https:\/\/selleetools.com\/pl\/wp-json\/wp\/v2\/media\/662902"}],"wp:attachment":[{"href":"https:\/\/selleetools.com\/pl\/wp-json\/wp\/v2\/media?parent=662934"}],"curies":[{"name":"wp","href":"https:\/\/api.w.org\/{rel}","templated":true}]}}