{"id":659689,"date":"2026-01-12T16:33:57","date_gmt":"2026-01-12T15:33:57","guid":{"rendered":"https:\/\/selleetools.com\/product\/rozowy-talerzyk-deserowy-kot-rekodzielo-na-prezent-podstawka-lamabo\/"},"modified":"2026-01-12T16:33:57","modified_gmt":"2026-01-12T15:33:57","slug":"rozowy-talerzyk-deserowy-kot-rekodzielo-na-prezent-podstawka-lamabo","status":"publish","type":"product","link":"https:\/\/selleetools.com\/pl\/product\/rozowy-talerzyk-deserowy-kot-rekodzielo-na-prezent-podstawka-lamabo\/","title":{"rendered":"R\u00f3\u017cowy talerzyk deserowy kot &#8211; R\u0119kodzie\u0142o na prezent &#8211; Podstawka &#8211; Lamabo"},"content":{"rendered":"<p style=\"font-family: 'Open Sans', sans-serif\"><b>Ceramiczny\u00a0talerzyk deserowy<\/b>\u00a0w kszta\u0142cie\u00a0<b>kota<\/b>\u00a0z noskiem, kocimi uszkami, zawini\u0119tym ogonem i u\u015bmiechem, w kolorze\u00a0r\u00f3\u017cowym. Talerzyk mo\u017ce s\u0142u\u017cy\u0107 do podawania drobnych potraw, s\u0142odyczy, przechowywania niewielkich rzeczy, jako mydelniczka lub podstawka na \u015bwiece.<\/p>\n<p style=\"font-family: 'Open Sans', sans-serif\">Kotek zosta\u0142 wykonany r\u0119cznie, dlatego ka\u017cdy egzemplarz mo\u017ce delikatnie r\u00f3\u017cni\u0107 si\u0119 w swoich detalach. Sygnowany na spodzie, o nieregularnej \u015brednicy, oko\u0142o\u00a0<b>14 cm<\/b>.<\/p>\n<p style=\"font-family: 'Open Sans', sans-serif\">Oferta obejmuje jedn\u0105 sztuk\u0119,\u00a0<b>w kolorze r\u00f3\u017cowym<\/b>, ale w Naszej manufakturze znajdziesz\u00a0<b>talerzyki r\u00f3\u017cnego koloru<\/b>. Mo\u017cesz r\u00f3wnie\u017c zam\u00f3wi\u0107 ca\u0142y komplet.<\/p>\n<p style=\"font-family: 'Open Sans', sans-serif\">Tworz\u0105c Nasze\u00a0<b>r\u0119kodzie\u0142o<\/b>\u00a0dbamy o ka\u017cdy detal. Kotka wy\u015blemy do Ciebie w starannym opakowaniu. Idealny\u00a0<b>pomys\u0142 na prezent dla kociary<\/b>\u00a0i nie tylko. Z pewno\u015bci\u0105 wywo\u0142a efekt &#8220;WOW&#8221;.<\/p>\n<p style=\"font-family: 'Open Sans', sans-serif\">W manufakturze Lamabo tworzymy z pasj\u0105\u00a0<b>talerzyki<\/b>, kubki, fili\u017canki, doniczki i nie tylko, w r\u00f3\u017cnych kolorach i wzorach. Sprawd\u017a, kt\u00f3ry r\u0119kodzie\u0142o spodoba Ci si\u0119 najbardziej &#8230;<\/p>\n<p style=\"font-family: 'Open Sans', sans-serif\">Produkt zosta\u0142 wykonany r\u0119cznie w Polsce.<\/p>\n<p style=\"font-family: 'Open Sans', sans-serif\">Wszelkie prawa do wzor\u00f3w prezentowanego r\u0119kodzie\u0142a zastrze\u017cone dla marki Lamabo Ceramics<\/p>\n","protected":false},"excerpt":{"rendered":"<p>Ceramiczny\u00a0talerzyk deserowy\u00a0w kszta\u0142cie\u00a0kota\u00a0z noskiem, kocimi uszkami, zawini\u0119tym ogonem i u\u015bmiechem, w kolorze\u00a0r\u00f3\u017cowym. Talerzyk mo\u017ce s\u0142u\u017cy\u0107 do podawania drobnych potraw, s\u0142odyczy, przechowywania niewielkich rzeczy, jako mydelniczka lub podstawka na \u015bwiece. Kotek zosta\u0142 wykonany r\u0119cznie, dlatego ka\u017cdy egzemplarz mo\u017ce delikatnie r\u00f3\u017cni\u0107 si\u0119 w swoich detalach. Sygnowany na spodzie, o nieregularnej \u015brednicy, oko\u0142o\u00a014 cm. Oferta obejmuje jedn\u0105 sztuk\u0119,\u00a0w &#8230; <a title=\"R\u00f3\u017cowy talerzyk deserowy kot &#8211; R\u0119kodzie\u0142o na prezent &#8211; Podstawka &#8211; Lamabo\" class=\"read-more\" href=\"https:\/\/selleetools.com\/pl\/product\/rozowy-talerzyk-deserowy-kot-rekodzielo-na-prezent-podstawka-lamabo\/\">Read more<span class=\"screen-reader-text\">R\u00f3\u017cowy talerzyk deserowy kot &#8211; R\u0119kodzie\u0142o na prezent &#8211; Podstawka &#8211; Lamabo<\/span><\/a><\/p>\n","protected":false},"featured_media":659683,"comment_status":"open","ping_status":"closed","template":"","meta":{"_links_to":"","_links_to_target":""},"yoast_head":"<!-- This site is optimized with the Yoast SEO plugin v19.4 - https:\/\/yoast.com\/wordpress\/plugins\/seo\/ -->\n<title>R\u00f3\u017cowy talerzyk deserowy kot - R\u0119kodzie\u0142o na prezent - Podstawka - Lamabo - Selleetools.com<\/title>\n<meta name=\"robots\" content=\"index, follow, max-snippet:-1, max-image-preview:large, max-video-preview:-1\" \/>\n<link rel=\"canonical\" href=\"https:\/\/admincentral.selleetools.com\/product\/rozowy-talerzyk-deserowy-kot-rekodzielo-na-prezent-podstawka-lamabo\/\" \/>\n<meta property=\"og:locale\" content=\"pl_PL\" \/>\n<meta property=\"og:type\" content=\"article\" \/>\n<meta property=\"og:title\" content=\"R\u00f3\u017cowy talerzyk deserowy kot - R\u0119kodzie\u0142o na prezent - Podstawka - Lamabo - Selleetools.com\" \/>\n<meta property=\"og:description\" content=\"Ceramiczny\u00a0talerzyk deserowy\u00a0w kszta\u0142cie\u00a0kota\u00a0z noskiem, kocimi uszkami, zawini\u0119tym ogonem i u\u015bmiechem, w kolorze\u00a0r\u00f3\u017cowym. Talerzyk mo\u017ce s\u0142u\u017cy\u0107 do podawania drobnych potraw, s\u0142odyczy, przechowywania niewielkich rzeczy, jako mydelniczka lub podstawka na \u015bwiece. Kotek zosta\u0142 wykonany r\u0119cznie, dlatego ka\u017cdy egzemplarz mo\u017ce delikatnie r\u00f3\u017cni\u0107 si\u0119 w swoich detalach. Sygnowany na spodzie, o nieregularnej \u015brednicy, oko\u0142o\u00a014 cm. Oferta obejmuje jedn\u0105 sztuk\u0119,\u00a0w ... Read moreR\u00f3\u017cowy talerzyk deserowy kot &#8211; R\u0119kodzie\u0142o na prezent &#8211; Podstawka &#8211; Lamabo\" \/>\n<meta property=\"og:url\" content=\"https:\/\/admincentral.selleetools.com\/product\/rozowy-talerzyk-deserowy-kot-rekodzielo-na-prezent-podstawka-lamabo\/\" \/>\n<meta property=\"og:site_name\" content=\"Selleetools.com\" \/>\n<meta property=\"og:image\" content=\"https:\/\/selleetools.com\/wp-content\/uploads\/2026\/01\/talerzyk-kot-rozowy-lamabo.jpg\" \/>\n\t<meta property=\"og:image:width\" content=\"976\" \/>\n\t<meta property=\"og:image:height\" content=\"984\" \/>\n\t<meta property=\"og:image:type\" content=\"image\/jpeg\" \/>\n<meta name=\"twitter:card\" content=\"summary_large_image\" \/>\n<meta name=\"twitter:label1\" content=\"Est. reading time\" \/>\n\t<meta name=\"twitter:data1\" content=\"1 minuta\" \/>\n<!-- \/ Yoast SEO plugin. -->","yoast_head_json":{"title":"R\u00f3\u017cowy talerzyk deserowy kot - R\u0119kodzie\u0142o na prezent - Podstawka - Lamabo - Selleetools.com","robots":{"index":"index","follow":"follow","max-snippet":"max-snippet:-1","max-image-preview":"max-image-preview:large","max-video-preview":"max-video-preview:-1"},"canonical":"https:\/\/admincentral.selleetools.com\/product\/rozowy-talerzyk-deserowy-kot-rekodzielo-na-prezent-podstawka-lamabo\/","og_locale":"pl_PL","og_type":"article","og_title":"R\u00f3\u017cowy talerzyk deserowy kot - R\u0119kodzie\u0142o na prezent - Podstawka - Lamabo - Selleetools.com","og_description":"Ceramiczny\u00a0talerzyk deserowy\u00a0w kszta\u0142cie\u00a0kota\u00a0z noskiem, kocimi uszkami, zawini\u0119tym ogonem i u\u015bmiechem, w kolorze\u00a0r\u00f3\u017cowym. Talerzyk mo\u017ce s\u0142u\u017cy\u0107 do podawania drobnych potraw, s\u0142odyczy, przechowywania niewielkich rzeczy, jako mydelniczka lub podstawka na \u015bwiece. Kotek zosta\u0142 wykonany r\u0119cznie, dlatego ka\u017cdy egzemplarz mo\u017ce delikatnie r\u00f3\u017cni\u0107 si\u0119 w swoich detalach. Sygnowany na spodzie, o nieregularnej \u015brednicy, oko\u0142o\u00a014 cm. Oferta obejmuje jedn\u0105 sztuk\u0119,\u00a0w ... Read moreR\u00f3\u017cowy talerzyk deserowy kot &#8211; R\u0119kodzie\u0142o na prezent &#8211; Podstawka &#8211; Lamabo","og_url":"https:\/\/admincentral.selleetools.com\/product\/rozowy-talerzyk-deserowy-kot-rekodzielo-na-prezent-podstawka-lamabo\/","og_site_name":"Selleetools.com","og_image":[{"width":976,"height":984,"url":"https:\/\/selleetools.com\/wp-content\/uploads\/2026\/01\/talerzyk-kot-rozowy-lamabo.jpg","type":"image\/jpeg"}],"twitter_card":"summary_large_image","twitter_misc":{"Est. reading time":"1 minuta"},"schema":{"@context":"https:\/\/schema.org","@graph":[{"@type":"Organization","@id":"https:\/\/selleetools.com\/#organization","name":"Selleetools","url":"https:\/\/selleetools.com\/","sameAs":[],"logo":{"@type":"ImageObject","inLanguage":"pl-PL","@id":"https:\/\/selleetools.com\/#\/schema\/logo\/image\/","url":"https:\/\/selleetools.com\/wp-content\/uploads\/2021\/10\/logo-dark.png","contentUrl":"https:\/\/selleetools.com\/wp-content\/uploads\/2021\/10\/logo-dark.png","width":320,"height":76,"caption":"Selleetools"},"image":{"@id":"https:\/\/selleetools.com\/#\/schema\/logo\/image\/"}},{"@type":"WebSite","@id":"https:\/\/selleetools.com\/#website","url":"https:\/\/selleetools.com\/","name":"Selleetools.com","description":"","publisher":{"@id":"https:\/\/selleetools.com\/#organization"},"potentialAction":[{"@type":"SearchAction","target":{"@type":"EntryPoint","urlTemplate":"https:\/\/selleetools.com\/?s={search_term_string}"},"query-input":"required name=search_term_string"}],"inLanguage":"pl-PL"},{"@type":"WebPage","@id":"https:\/\/admincentral.selleetools.com\/product\/rozowy-talerzyk-deserowy-kot-rekodzielo-na-prezent-podstawka-lamabo\/","url":"https:\/\/admincentral.selleetools.com\/product\/rozowy-talerzyk-deserowy-kot-rekodzielo-na-prezent-podstawka-lamabo\/","name":"R\u00f3\u017cowy talerzyk deserowy kot - R\u0119kodzie\u0142o na prezent - Podstawka - Lamabo - Selleetools.com","isPartOf":{"@id":"https:\/\/selleetools.com\/#website"},"datePublished":"2026-01-12T15:33:57+00:00","dateModified":"2026-01-12T15:33:57+00:00","breadcrumb":{"@id":"https:\/\/admincentral.selleetools.com\/product\/rozowy-talerzyk-deserowy-kot-rekodzielo-na-prezent-podstawka-lamabo\/#breadcrumb"},"inLanguage":"pl-PL","potentialAction":[{"@type":"ReadAction","target":["https:\/\/admincentral.selleetools.com\/product\/rozowy-talerzyk-deserowy-kot-rekodzielo-na-prezent-podstawka-lamabo\/"]}]},{"@type":"BreadcrumbList","@id":"https:\/\/admincentral.selleetools.com\/product\/rozowy-talerzyk-deserowy-kot-rekodzielo-na-prezent-podstawka-lamabo\/#breadcrumb","itemListElement":[{"@type":"ListItem","position":1,"name":"Home","item":"https:\/\/selleetools.com\/pl\/"},{"@type":"ListItem","position":2,"name":"Katalog","item":"https:\/\/selleetools.com\/pl\/katalog\/"},{"@type":"ListItem","position":3,"name":"R\u00f3\u017cowy talerzyk deserowy kot &#8211; R\u0119kodzie\u0142o na prezent &#8211; Podstawka &#8211; Lamabo"}]}]}},"_links":{"self":[{"href":"https:\/\/selleetools.com\/pl\/wp-json\/wp\/v2\/product\/659689"}],"collection":[{"href":"https:\/\/selleetools.com\/pl\/wp-json\/wp\/v2\/product"}],"about":[{"href":"https:\/\/selleetools.com\/pl\/wp-json\/wp\/v2\/types\/product"}],"replies":[{"embeddable":true,"href":"https:\/\/selleetools.com\/pl\/wp-json\/wp\/v2\/comments?post=659689"}],"wp:featuredmedia":[{"embeddable":true,"href":"https:\/\/selleetools.com\/pl\/wp-json\/wp\/v2\/media\/659683"}],"wp:attachment":[{"href":"https:\/\/selleetools.com\/pl\/wp-json\/wp\/v2\/media?parent=659689"}],"curies":[{"name":"wp","href":"https:\/\/api.w.org\/{rel}","templated":true}]}}