{"id":613839,"date":"2025-10-28T14:46:08","date_gmt":"2025-10-28T13:46:08","guid":{"rendered":"https:\/\/selleetools.com\/?post_type=product&#038;p=613839"},"modified":"2026-01-14T23:18:33","modified_gmt":"2026-01-14T22:18:33","slug":"medicube-zero-pore-blackhead-mud-mask-100g-maska-blotna-do-twarzy","status":"publish","type":"product","link":"https:\/\/selleetools.com\/pl\/product\/medicube-zero-pore-blackhead-mud-mask-100g-maska-blotna-do-twarzy\/","title":{"rendered":"Medicube ZERO PORE BLACKHEAD MUD MASK 100g maska b\u0142otna do twarzy"},"content":{"rendered":"<p>Medicube Zero Pore Blackhead Mud Mask to oczyszczaj\u0105ca maska b\u0142otna, kt\u00f3ra usuwa zask\u00f3rniki, nadmiar sebum i zanieczyszczenia w zaledwie 3 minuty. Formu\u0142a \u0142\u0105czy dzia\u0142anie AHA, BHA i PHA z mieszank\u0105 5 rodzaj\u00f3w glinek, kt\u00f3re dok\u0142adnie oczyszczaj\u0105 pory i wyg\u0142adzaj\u0105 struktur\u0119 sk\u00f3ry. Zawarte w masce ekstrakty ro\u015blinne, kofeina i alantoina dzia\u0142aj\u0105 \u0142agodz\u0105co, a naturalne minera\u0142y zapewniaj\u0105 efekt ch\u0142odzenia i od\u015bwie\u017cenia. Po u\u017cyciu sk\u00f3ra jest czysta, zmatowiona i wyra\u017anie g\u0142adsza. Korzy\u015bci dla sk\u00f3ry: Skuteczne oczyszczenie por\u00f3w i redukcja zask\u00f3rnik\u00f3w Zmniejszenie nadmiaru sebum i wyg\u0142adzenie sk\u00f3ry Uczucie ch\u0142odzenia i od\u015bwie\u017cenia po aplikacji Sk\u00f3ra staje si\u0119 czysta, g\u0142adka i bardziej promienna Spos\u00f3b u\u017cycia: Na such\u0105, oczyszczon\u0105 sk\u00f3r\u0119 na\u0142\u00f3\u017c r\u00f3wnomiernie cienk\u0105 warstw\u0119 maski, omijaj\u0105c okolice oczu i ust. Pozostaw na 3\u20135 minut, a\u017c maska wyschnie, a nast\u0119pnie dok\u0142adnie sp\u0142ucz letni\u0105 wod\u0105. Stosuj 2\u20133 razy w tygodniu, koncentruj\u0105c si\u0119 na strefach z rozszerzonymi porami (nos, czo\u0142o, broda).<\/p>\n","protected":false},"excerpt":{"rendered":"<p>Medicube Zero Pore Blackhead Mud Mask to oczyszczaj\u0105ca maska b\u0142otna, kt\u00f3ra usuwa zask\u00f3rniki, nadmiar sebum i zanieczyszczenia w zaledwie 3 minuty. Formu\u0142a \u0142\u0105czy dzia\u0142anie AHA, BHA i PHA z mieszank\u0105 5 rodzaj\u00f3w glinek, kt\u00f3re dok\u0142adnie oczyszczaj\u0105 pory i wyg\u0142adzaj\u0105 struktur\u0119 sk\u00f3ry. Zawarte w masce ekstrakty ro\u015blinne, kofeina i alantoina dzia\u0142aj\u0105 \u0142agodz\u0105co, a naturalne minera\u0142y zapewniaj\u0105 &#8230; <a title=\"Medicube ZERO PORE BLACKHEAD MUD MASK 100g maska b\u0142otna do twarzy\" class=\"read-more\" href=\"https:\/\/selleetools.com\/pl\/product\/medicube-zero-pore-blackhead-mud-mask-100g-maska-blotna-do-twarzy\/\">Read more<span class=\"screen-reader-text\">Medicube ZERO PORE BLACKHEAD MUD MASK 100g maska b\u0142otna do twarzy<\/span><\/a><\/p>\n","protected":false},"featured_media":613837,"comment_status":"closed","ping_status":"closed","template":"","meta":{"_links_to":"","_links_to_target":""},"yoast_head":"<!-- This site is optimized with the Yoast SEO plugin v19.4 - https:\/\/yoast.com\/wordpress\/plugins\/seo\/ -->\n<title>Medicube ZERO PORE BLACKHEAD MUD MASK 100g maska b\u0142otna do twarzy - Selleetools.com<\/title>\n<meta name=\"robots\" content=\"index, follow, max-snippet:-1, max-image-preview:large, max-video-preview:-1\" \/>\n<link rel=\"canonical\" href=\"https:\/\/selleetools.com\/pl\/product\/medicube-zero-pore-blackhead-mud-mask-100g-maska-blotna-do-twarzy\/\" \/>\n<meta property=\"og:locale\" content=\"pl_PL\" \/>\n<meta property=\"og:type\" content=\"article\" \/>\n<meta property=\"og:title\" content=\"Medicube ZERO PORE BLACKHEAD MUD MASK 100g maska b\u0142otna do twarzy - Selleetools.com\" \/>\n<meta property=\"og:description\" content=\"Medicube Zero Pore Blackhead Mud Mask to oczyszczaj\u0105ca maska b\u0142otna, kt\u00f3ra usuwa zask\u00f3rniki, nadmiar sebum i zanieczyszczenia w zaledwie 3 minuty. Formu\u0142a \u0142\u0105czy dzia\u0142anie AHA, BHA i PHA z mieszank\u0105 5 rodzaj\u00f3w glinek, kt\u00f3re dok\u0142adnie oczyszczaj\u0105 pory i wyg\u0142adzaj\u0105 struktur\u0119 sk\u00f3ry. Zawarte w masce ekstrakty ro\u015blinne, kofeina i alantoina dzia\u0142aj\u0105 \u0142agodz\u0105co, a naturalne minera\u0142y zapewniaj\u0105 ... Read moreMedicube ZERO PORE BLACKHEAD MUD MASK 100g maska b\u0142otna do twarzy\" \/>\n<meta property=\"og:url\" content=\"https:\/\/selleetools.com\/pl\/product\/medicube-zero-pore-blackhead-mud-mask-100g-maska-blotna-do-twarzy\/\" \/>\n<meta property=\"og:site_name\" content=\"Selleetools.com\" \/>\n<meta property=\"article:modified_time\" content=\"2026-01-14T22:18:33+00:00\" \/>\n<meta property=\"og:image\" content=\"https:\/\/selleetools.com\/wp-content\/uploads\/2025\/10\/efcb031260ecaab8648b3e964f0e66f6.png\" \/>\n\t<meta property=\"og:image:width\" content=\"1200\" \/>\n\t<meta property=\"og:image:height\" content=\"1200\" \/>\n\t<meta property=\"og:image:type\" content=\"image\/png\" \/>\n<meta name=\"twitter:card\" content=\"summary_large_image\" \/>\n<meta name=\"twitter:label1\" content=\"Est. reading time\" \/>\n\t<meta name=\"twitter:data1\" content=\"1 minuta\" \/>\n<!-- \/ Yoast SEO plugin. -->","yoast_head_json":{"title":"Medicube ZERO PORE BLACKHEAD MUD MASK 100g maska b\u0142otna do twarzy - Selleetools.com","robots":{"index":"index","follow":"follow","max-snippet":"max-snippet:-1","max-image-preview":"max-image-preview:large","max-video-preview":"max-video-preview:-1"},"canonical":"https:\/\/selleetools.com\/pl\/product\/medicube-zero-pore-blackhead-mud-mask-100g-maska-blotna-do-twarzy\/","og_locale":"pl_PL","og_type":"article","og_title":"Medicube ZERO PORE BLACKHEAD MUD MASK 100g maska b\u0142otna do twarzy - Selleetools.com","og_description":"Medicube Zero Pore Blackhead Mud Mask to oczyszczaj\u0105ca maska b\u0142otna, kt\u00f3ra usuwa zask\u00f3rniki, nadmiar sebum i zanieczyszczenia w zaledwie 3 minuty. Formu\u0142a \u0142\u0105czy dzia\u0142anie AHA, BHA i PHA z mieszank\u0105 5 rodzaj\u00f3w glinek, kt\u00f3re dok\u0142adnie oczyszczaj\u0105 pory i wyg\u0142adzaj\u0105 struktur\u0119 sk\u00f3ry. Zawarte w masce ekstrakty ro\u015blinne, kofeina i alantoina dzia\u0142aj\u0105 \u0142agodz\u0105co, a naturalne minera\u0142y zapewniaj\u0105 ... Read moreMedicube ZERO PORE BLACKHEAD MUD MASK 100g maska b\u0142otna do twarzy","og_url":"https:\/\/selleetools.com\/pl\/product\/medicube-zero-pore-blackhead-mud-mask-100g-maska-blotna-do-twarzy\/","og_site_name":"Selleetools.com","article_modified_time":"2026-01-14T22:18:33+00:00","og_image":[{"width":1200,"height":1200,"url":"https:\/\/selleetools.com\/wp-content\/uploads\/2025\/10\/efcb031260ecaab8648b3e964f0e66f6.png","type":"image\/png"}],"twitter_card":"summary_large_image","twitter_misc":{"Est. reading time":"1 minuta"},"schema":{"@context":"https:\/\/schema.org","@graph":[{"@type":"Organization","@id":"https:\/\/selleetools.com\/#organization","name":"Selleetools","url":"https:\/\/selleetools.com\/","sameAs":[],"logo":{"@type":"ImageObject","inLanguage":"pl-PL","@id":"https:\/\/selleetools.com\/#\/schema\/logo\/image\/","url":"https:\/\/selleetools.com\/wp-content\/uploads\/2021\/10\/logo-dark.png","contentUrl":"https:\/\/selleetools.com\/wp-content\/uploads\/2021\/10\/logo-dark.png","width":320,"height":76,"caption":"Selleetools"},"image":{"@id":"https:\/\/selleetools.com\/#\/schema\/logo\/image\/"}},{"@type":"WebSite","@id":"https:\/\/selleetools.com\/#website","url":"https:\/\/selleetools.com\/","name":"Selleetools.com","description":"","publisher":{"@id":"https:\/\/selleetools.com\/#organization"},"potentialAction":[{"@type":"SearchAction","target":{"@type":"EntryPoint","urlTemplate":"https:\/\/selleetools.com\/?s={search_term_string}"},"query-input":"required name=search_term_string"}],"inLanguage":"pl-PL"},{"@type":"WebPage","@id":"https:\/\/selleetools.com\/pl\/product\/medicube-zero-pore-blackhead-mud-mask-100g-maska-blotna-do-twarzy\/","url":"https:\/\/selleetools.com\/pl\/product\/medicube-zero-pore-blackhead-mud-mask-100g-maska-blotna-do-twarzy\/","name":"Medicube ZERO PORE BLACKHEAD MUD MASK 100g maska b\u0142otna do twarzy - Selleetools.com","isPartOf":{"@id":"https:\/\/selleetools.com\/#website"},"datePublished":"2025-10-28T13:46:08+00:00","dateModified":"2026-01-14T22:18:33+00:00","breadcrumb":{"@id":"https:\/\/selleetools.com\/pl\/product\/medicube-zero-pore-blackhead-mud-mask-100g-maska-blotna-do-twarzy\/#breadcrumb"},"inLanguage":"pl-PL","potentialAction":[{"@type":"ReadAction","target":["https:\/\/selleetools.com\/pl\/product\/medicube-zero-pore-blackhead-mud-mask-100g-maska-blotna-do-twarzy\/"]}]},{"@type":"BreadcrumbList","@id":"https:\/\/selleetools.com\/pl\/product\/medicube-zero-pore-blackhead-mud-mask-100g-maska-blotna-do-twarzy\/#breadcrumb","itemListElement":[{"@type":"ListItem","position":1,"name":"Home","item":"https:\/\/selleetools.com\/pl\/"},{"@type":"ListItem","position":2,"name":"Katalog","item":"https:\/\/selleetools.com\/pl\/katalog\/"},{"@type":"ListItem","position":3,"name":"Medicube ZERO PORE BLACKHEAD MUD MASK 100g maska b\u0142otna do twarzy"}]}]}},"_links":{"self":[{"href":"https:\/\/selleetools.com\/pl\/wp-json\/wp\/v2\/product\/613839"}],"collection":[{"href":"https:\/\/selleetools.com\/pl\/wp-json\/wp\/v2\/product"}],"about":[{"href":"https:\/\/selleetools.com\/pl\/wp-json\/wp\/v2\/types\/product"}],"replies":[{"embeddable":true,"href":"https:\/\/selleetools.com\/pl\/wp-json\/wp\/v2\/comments?post=613839"}],"wp:featuredmedia":[{"embeddable":true,"href":"https:\/\/selleetools.com\/pl\/wp-json\/wp\/v2\/media\/613837"}],"wp:attachment":[{"href":"https:\/\/selleetools.com\/pl\/wp-json\/wp\/v2\/media?parent=613839"}],"curies":[{"name":"wp","href":"https:\/\/api.w.org\/{rel}","templated":true}]}}