{"id":613818,"date":"2025-10-28T14:45:41","date_gmt":"2025-10-28T13:45:41","guid":{"rendered":"https:\/\/selleetools.com\/?post_type=product&#038;p=613818"},"modified":"2025-11-03T16:59:59","modified_gmt":"2025-11-03T15:59:59","slug":"medicube-pdrn-pink-peptide-serum-30-ml-serum-przeciwstarzeniowe","status":"publish","type":"product","link":"https:\/\/selleetools.com\/pl\/product\/medicube-pdrn-pink-peptide-serum-30-ml-serum-przeciwstarzeniowe\/","title":{"rendered":"Medicube PDRN PINK PEPTIDE SERUM 30 ml &#8211; serum przeciwstarzeniowe"},"content":{"rendered":"<p>Zaawansowane serum o lekkiej, nawil\u017caj\u0105cej konsystencji, kt\u00f3re poprawia elastyczno\u015b\u0107 sk\u00f3ry, wyr\u00f3wnuje koloryt i przywraca jej zdrowy blask. Ju\u017c po dw\u00f3ch tygodniach regularnego stosowania sk\u00f3ra staje si\u0119 bardziej spr\u0119\u017cysta, g\u0142adka i pe\u0142na energii.<br \/>\nFormu\u0142a z PDRN \u2013 sk\u0142adnikiem pozyskiwanym z DNA \u0142ososia lub w wersji wega\u0144skiej z r\u00f3\u017cy \u2013 wspiera naturalne procesy regeneracyjne, wzmacnia barier\u0119 ochronn\u0105 i redukuje oznaki zm\u0119czenia. Kompleks 5 peptyd\u00f3w pobudza produkcj\u0119 kolagenu, a niacynamid rozja\u015bnia przebarwienia i wspomaga walk\u0119 z nier\u00f3wnym kolorytem. Dodatek adenozyny wyg\u0142adza drobne linie, nadaj\u0105c sk\u00f3rze \u015bwie\u017cy, m\u0142odzie\u0144czy wygl\u0105d.<\/p>\n<p>Korzy\u015bci:<br \/>\nWyr\u00f3wnuje koloryt i roz\u015bwietla cer\u0119<br \/>\nNawil\u017ca i wzmacnia barier\u0119 ochronn\u0105 sk\u00f3ry<br \/>\nPoprawia j\u0119drno\u015b\u0107 i elastyczno\u015b\u0107<br \/>\n\u0141agodzi podra\u017cnienia i wspiera regeneracj\u0119<br \/>\nOdpowiedni dla ka\u017cdego typu cery, tak\u017ce wra\u017cliwej<\/p>\n<p>Spos\u00f3b u\u017cycia: Stosuj rano i wieczorem na oczyszczon\u0105 sk\u00f3r\u0119 twarzy i szyi. Delikatnie wklep dla lepszego wch\u0142oni\u0119cia, a nast\u0119pnie na\u0142\u00f3\u017c krem. W ci\u0105gu dnia zako\u0144cz piel\u0119gnacj\u0119 filtrem SPF.<\/p>\n","protected":false},"excerpt":{"rendered":"<p>Zaawansowane serum o lekkiej, nawil\u017caj\u0105cej konsystencji, kt\u00f3re poprawia elastyczno\u015b\u0107 sk\u00f3ry, wyr\u00f3wnuje koloryt i przywraca jej zdrowy blask. Ju\u017c po dw\u00f3ch tygodniach regularnego stosowania sk\u00f3ra staje si\u0119 bardziej spr\u0119\u017cysta, g\u0142adka i pe\u0142na energii. Formu\u0142a z PDRN \u2013 sk\u0142adnikiem pozyskiwanym z DNA \u0142ososia lub w wersji wega\u0144skiej z r\u00f3\u017cy \u2013 wspiera naturalne procesy regeneracyjne, wzmacnia barier\u0119 ochronn\u0105 &#8230; <a title=\"Medicube PDRN PINK PEPTIDE SERUM 30 ml &#8211; serum przeciwstarzeniowe\" class=\"read-more\" href=\"https:\/\/selleetools.com\/pl\/product\/medicube-pdrn-pink-peptide-serum-30-ml-serum-przeciwstarzeniowe\/\">Read more<span class=\"screen-reader-text\">Medicube PDRN PINK PEPTIDE SERUM 30 ml &#8211; serum przeciwstarzeniowe<\/span><\/a><\/p>\n","protected":false},"featured_media":613816,"comment_status":"open","ping_status":"closed","template":"","meta":{"_links_to":"","_links_to_target":""},"yoast_head":"<!-- This site is optimized with the Yoast SEO plugin v19.4 - https:\/\/yoast.com\/wordpress\/plugins\/seo\/ -->\n<title>Medicube PDRN PINK PEPTIDE SERUM 30 ml - serum przeciwstarzeniowe - Selleetools.com<\/title>\n<meta name=\"robots\" content=\"index, follow, max-snippet:-1, max-image-preview:large, max-video-preview:-1\" \/>\n<link rel=\"canonical\" href=\"https:\/\/selleetools.com\/pl\/product\/medicube-pdrn-pink-peptide-serum-30-ml-serum-przeciwstarzeniowe\/\" \/>\n<meta property=\"og:locale\" content=\"pl_PL\" \/>\n<meta property=\"og:type\" content=\"article\" \/>\n<meta property=\"og:title\" content=\"Medicube PDRN PINK PEPTIDE SERUM 30 ml - serum przeciwstarzeniowe - Selleetools.com\" \/>\n<meta property=\"og:description\" content=\"Zaawansowane serum o lekkiej, nawil\u017caj\u0105cej konsystencji, kt\u00f3re poprawia elastyczno\u015b\u0107 sk\u00f3ry, wyr\u00f3wnuje koloryt i przywraca jej zdrowy blask. Ju\u017c po dw\u00f3ch tygodniach regularnego stosowania sk\u00f3ra staje si\u0119 bardziej spr\u0119\u017cysta, g\u0142adka i pe\u0142na energii. Formu\u0142a z PDRN \u2013 sk\u0142adnikiem pozyskiwanym z DNA \u0142ososia lub w wersji wega\u0144skiej z r\u00f3\u017cy \u2013 wspiera naturalne procesy regeneracyjne, wzmacnia barier\u0119 ochronn\u0105 ... Read moreMedicube PDRN PINK PEPTIDE SERUM 30 ml &#8211; serum przeciwstarzeniowe\" \/>\n<meta property=\"og:url\" content=\"https:\/\/selleetools.com\/pl\/product\/medicube-pdrn-pink-peptide-serum-30-ml-serum-przeciwstarzeniowe\/\" \/>\n<meta property=\"og:site_name\" content=\"Selleetools.com\" \/>\n<meta property=\"article:modified_time\" content=\"2025-11-03T15:59:59+00:00\" \/>\n<meta property=\"og:image\" content=\"https:\/\/selleetools.com\/wp-content\/uploads\/2025\/10\/4ce10ce328c0f5072ae0fd2e91804aed.png\" \/>\n\t<meta property=\"og:image:width\" content=\"1200\" \/>\n\t<meta property=\"og:image:height\" content=\"1200\" \/>\n\t<meta property=\"og:image:type\" content=\"image\/png\" \/>\n<meta name=\"twitter:card\" content=\"summary_large_image\" \/>\n<meta name=\"twitter:label1\" content=\"Est. reading time\" \/>\n\t<meta name=\"twitter:data1\" content=\"1 minuta\" \/>\n<!-- \/ Yoast SEO plugin. -->","yoast_head_json":{"title":"Medicube PDRN PINK PEPTIDE SERUM 30 ml - serum przeciwstarzeniowe - Selleetools.com","robots":{"index":"index","follow":"follow","max-snippet":"max-snippet:-1","max-image-preview":"max-image-preview:large","max-video-preview":"max-video-preview:-1"},"canonical":"https:\/\/selleetools.com\/pl\/product\/medicube-pdrn-pink-peptide-serum-30-ml-serum-przeciwstarzeniowe\/","og_locale":"pl_PL","og_type":"article","og_title":"Medicube PDRN PINK PEPTIDE SERUM 30 ml - serum przeciwstarzeniowe - Selleetools.com","og_description":"Zaawansowane serum o lekkiej, nawil\u017caj\u0105cej konsystencji, kt\u00f3re poprawia elastyczno\u015b\u0107 sk\u00f3ry, wyr\u00f3wnuje koloryt i przywraca jej zdrowy blask. Ju\u017c po dw\u00f3ch tygodniach regularnego stosowania sk\u00f3ra staje si\u0119 bardziej spr\u0119\u017cysta, g\u0142adka i pe\u0142na energii. Formu\u0142a z PDRN \u2013 sk\u0142adnikiem pozyskiwanym z DNA \u0142ososia lub w wersji wega\u0144skiej z r\u00f3\u017cy \u2013 wspiera naturalne procesy regeneracyjne, wzmacnia barier\u0119 ochronn\u0105 ... Read moreMedicube PDRN PINK PEPTIDE SERUM 30 ml &#8211; serum przeciwstarzeniowe","og_url":"https:\/\/selleetools.com\/pl\/product\/medicube-pdrn-pink-peptide-serum-30-ml-serum-przeciwstarzeniowe\/","og_site_name":"Selleetools.com","article_modified_time":"2025-11-03T15:59:59+00:00","og_image":[{"width":1200,"height":1200,"url":"https:\/\/selleetools.com\/wp-content\/uploads\/2025\/10\/4ce10ce328c0f5072ae0fd2e91804aed.png","type":"image\/png"}],"twitter_card":"summary_large_image","twitter_misc":{"Est. reading time":"1 minuta"},"schema":{"@context":"https:\/\/schema.org","@graph":[{"@type":"Organization","@id":"https:\/\/selleetools.com\/#organization","name":"Selleetools","url":"https:\/\/selleetools.com\/","sameAs":[],"logo":{"@type":"ImageObject","inLanguage":"pl-PL","@id":"https:\/\/selleetools.com\/#\/schema\/logo\/image\/","url":"https:\/\/selleetools.com\/wp-content\/uploads\/2021\/10\/logo-dark.png","contentUrl":"https:\/\/selleetools.com\/wp-content\/uploads\/2021\/10\/logo-dark.png","width":320,"height":76,"caption":"Selleetools"},"image":{"@id":"https:\/\/selleetools.com\/#\/schema\/logo\/image\/"}},{"@type":"WebSite","@id":"https:\/\/selleetools.com\/#website","url":"https:\/\/selleetools.com\/","name":"Selleetools.com","description":"","publisher":{"@id":"https:\/\/selleetools.com\/#organization"},"potentialAction":[{"@type":"SearchAction","target":{"@type":"EntryPoint","urlTemplate":"https:\/\/selleetools.com\/?s={search_term_string}"},"query-input":"required name=search_term_string"}],"inLanguage":"pl-PL"},{"@type":"WebPage","@id":"https:\/\/selleetools.com\/pl\/product\/medicube-pdrn-pink-peptide-serum-30-ml-serum-przeciwstarzeniowe\/","url":"https:\/\/selleetools.com\/pl\/product\/medicube-pdrn-pink-peptide-serum-30-ml-serum-przeciwstarzeniowe\/","name":"Medicube PDRN PINK PEPTIDE SERUM 30 ml - serum przeciwstarzeniowe - Selleetools.com","isPartOf":{"@id":"https:\/\/selleetools.com\/#website"},"datePublished":"2025-10-28T13:45:41+00:00","dateModified":"2025-11-03T15:59:59+00:00","breadcrumb":{"@id":"https:\/\/selleetools.com\/pl\/product\/medicube-pdrn-pink-peptide-serum-30-ml-serum-przeciwstarzeniowe\/#breadcrumb"},"inLanguage":"pl-PL","potentialAction":[{"@type":"ReadAction","target":["https:\/\/selleetools.com\/pl\/product\/medicube-pdrn-pink-peptide-serum-30-ml-serum-przeciwstarzeniowe\/"]}]},{"@type":"BreadcrumbList","@id":"https:\/\/selleetools.com\/pl\/product\/medicube-pdrn-pink-peptide-serum-30-ml-serum-przeciwstarzeniowe\/#breadcrumb","itemListElement":[{"@type":"ListItem","position":1,"name":"Home","item":"https:\/\/selleetools.com\/pl\/"},{"@type":"ListItem","position":2,"name":"Katalog","item":"https:\/\/selleetools.com\/pl\/katalog\/"},{"@type":"ListItem","position":3,"name":"Medicube PDRN PINK PEPTIDE SERUM 30 ml &#8211; serum przeciwstarzeniowe"}]}]}},"_links":{"self":[{"href":"https:\/\/selleetools.com\/pl\/wp-json\/wp\/v2\/product\/613818"}],"collection":[{"href":"https:\/\/selleetools.com\/pl\/wp-json\/wp\/v2\/product"}],"about":[{"href":"https:\/\/selleetools.com\/pl\/wp-json\/wp\/v2\/types\/product"}],"replies":[{"embeddable":true,"href":"https:\/\/selleetools.com\/pl\/wp-json\/wp\/v2\/comments?post=613818"}],"wp:featuredmedia":[{"embeddable":true,"href":"https:\/\/selleetools.com\/pl\/wp-json\/wp\/v2\/media\/613816"}],"wp:attachment":[{"href":"https:\/\/selleetools.com\/pl\/wp-json\/wp\/v2\/media?parent=613818"}],"curies":[{"name":"wp","href":"https:\/\/api.w.org\/{rel}","templated":true}]}}