{"id":613760,"date":"2025-10-28T14:44:40","date_gmt":"2025-10-28T13:44:40","guid":{"rendered":"https:\/\/selleetools.com\/?post_type=product&#038;p=613760"},"modified":"2026-01-25T14:43:48","modified_gmt":"2026-01-25T13:43:48","slug":"medi-peel-peptide-9-volume-tox-cream-pro-50-ml-ujedrniajacy-krem-przeciwstarzeniowy","status":"publish","type":"product","link":"https:\/\/selleetools.com\/pl\/product\/medi-peel-peptide-9-volume-tox-cream-pro-50-ml-ujedrniajacy-krem-przeciwstarzeniowy\/","title":{"rendered":"MEDI-PEEL Peptide 9 Volume Tox Cream Pro 50 ml &#8211; uj\u0119drniaj\u0105cy krem przeciwstarzeniowy"},"content":{"rendered":"<p>MEDI-PEEL Peptide 9 Volume Tox Cream Pro to intensywnie dzia\u0142aj\u0105cy krem przeciwstarzeniowy, stworzony z my\u015bl\u0105 o zaawansowanej piel\u0119gnacji sk\u00f3ry dojrza\u0142ej, potrzebuj\u0105cej uj\u0119drnienia, wyg\u0142adzenia i regeneracji. Zawiera kompleks a\u017c 9 peptyd\u00f3w o silnym dzia\u0142aniu odm\u0142adzaj\u0105cym, wspomagaj\u0105cych produkcj\u0119 kolagenu i poprawiaj\u0105cych elastyczno\u015b\u0107 sk\u00f3ry. Unikalna formu\u0142a dzia\u0142a niczym zabieg wolumetryczny \u2013 przywraca obj\u0119to\u015b\u0107 i napi\u0119cie zwiotcza\u0142ej sk\u00f3rze. Produkt zawiera tak\u017ce sk\u0142adniki intensywnie nawil\u017caj\u0105ce, takie jak kwas hialuronowy w r\u00f3\u017cnych formach, trehaloza i kolagen hydrolizowany, kt\u00f3re wsp\u00f3lnie wzmacniaj\u0105 barier\u0119 hydrolipidow\u0105 i chroni\u0105 przed utrat\u0105 wilgoci.<\/p>\n<p>Korzy\u015bci ze stosowania:<br \/>\nWidoczne uj\u0119drnienie sk\u00f3ry i efekt liftingu<br \/>\nRedukcja widoczno\u015bci zmarszczek mimicznych i g\u0142\u0119bokich linii<br \/>\nPoprawa elastyczno\u015bci i g\u0119sto\u015bci sk\u00f3ry<br \/>\nIntensywne nawil\u017cenie i wyg\u0142adzenie nask\u00f3rka<br \/>\nWzmocnienie struktury sk\u00f3ry dzi\u0119ki dzia\u0142aniu peptyd\u00f3w i kolagenu<br \/>\nWyr\u00f3wnanie kolorytu i poprawa og\u00f3lnej kondycji sk\u00f3ry<\/p>\n<p>Spos\u00f3b u\u017cycia:<br \/>\nNanie\u015b odpowiedni\u0105 ilo\u015b\u0107 kremu na oczyszczon\u0105 i stonizowan\u0105 sk\u00f3r\u0119 twarzy, szyi i dekoltu. Delikatnie wmasuj a\u017c do wch\u0142oni\u0119cia. Stosuj rano i\/lub wieczorem jako ostatni etap piel\u0119gnacji.<\/p>\n","protected":false},"excerpt":{"rendered":"<p>MEDI-PEEL Peptide 9 Volume Tox Cream Pro to intensywnie dzia\u0142aj\u0105cy krem przeciwstarzeniowy, stworzony z my\u015bl\u0105 o zaawansowanej piel\u0119gnacji sk\u00f3ry dojrza\u0142ej, potrzebuj\u0105cej uj\u0119drnienia, wyg\u0142adzenia i regeneracji. Zawiera kompleks a\u017c 9 peptyd\u00f3w o silnym dzia\u0142aniu odm\u0142adzaj\u0105cym, wspomagaj\u0105cych produkcj\u0119 kolagenu i poprawiaj\u0105cych elastyczno\u015b\u0107 sk\u00f3ry. Unikalna formu\u0142a dzia\u0142a niczym zabieg wolumetryczny \u2013 przywraca obj\u0119to\u015b\u0107 i napi\u0119cie zwiotcza\u0142ej sk\u00f3rze. Produkt &#8230; <a title=\"MEDI-PEEL Peptide 9 Volume Tox Cream Pro 50 ml &#8211; uj\u0119drniaj\u0105cy krem przeciwstarzeniowy\" class=\"read-more\" href=\"https:\/\/selleetools.com\/pl\/product\/medi-peel-peptide-9-volume-tox-cream-pro-50-ml-ujedrniajacy-krem-przeciwstarzeniowy\/\">Read more<span class=\"screen-reader-text\">MEDI-PEEL Peptide 9 Volume Tox Cream Pro 50 ml &#8211; uj\u0119drniaj\u0105cy krem przeciwstarzeniowy<\/span><\/a><\/p>\n","protected":false},"featured_media":613758,"comment_status":"open","ping_status":"closed","template":"","meta":{"_links_to":"","_links_to_target":""},"yoast_head":"<!-- This site is optimized with the Yoast SEO plugin v19.4 - https:\/\/yoast.com\/wordpress\/plugins\/seo\/ -->\n<title>MEDI-PEEL Peptide 9 Volume Tox Cream Pro 50 ml - uj\u0119drniaj\u0105cy krem przeciwstarzeniowy - Selleetools.com<\/title>\n<meta name=\"robots\" content=\"index, follow, max-snippet:-1, max-image-preview:large, max-video-preview:-1\" \/>\n<link rel=\"canonical\" href=\"https:\/\/admincentral.selleetools.com\/product\/medi-peel-peptide-9-volume-tox-cream-pro-50-ml-ujedrniajacy-krem-przeciwstarzeniowy\/\" \/>\n<meta property=\"og:locale\" content=\"pl_PL\" \/>\n<meta property=\"og:type\" content=\"article\" \/>\n<meta property=\"og:title\" content=\"MEDI-PEEL Peptide 9 Volume Tox Cream Pro 50 ml - uj\u0119drniaj\u0105cy krem przeciwstarzeniowy - Selleetools.com\" \/>\n<meta property=\"og:description\" content=\"MEDI-PEEL Peptide 9 Volume Tox Cream Pro to intensywnie dzia\u0142aj\u0105cy krem przeciwstarzeniowy, stworzony z my\u015bl\u0105 o zaawansowanej piel\u0119gnacji sk\u00f3ry dojrza\u0142ej, potrzebuj\u0105cej uj\u0119drnienia, wyg\u0142adzenia i regeneracji. Zawiera kompleks a\u017c 9 peptyd\u00f3w o silnym dzia\u0142aniu odm\u0142adzaj\u0105cym, wspomagaj\u0105cych produkcj\u0119 kolagenu i poprawiaj\u0105cych elastyczno\u015b\u0107 sk\u00f3ry. Unikalna formu\u0142a dzia\u0142a niczym zabieg wolumetryczny \u2013 przywraca obj\u0119to\u015b\u0107 i napi\u0119cie zwiotcza\u0142ej sk\u00f3rze. Produkt ... Read moreMEDI-PEEL Peptide 9 Volume Tox Cream Pro 50 ml &#8211; uj\u0119drniaj\u0105cy krem przeciwstarzeniowy\" \/>\n<meta property=\"og:url\" content=\"https:\/\/admincentral.selleetools.com\/product\/medi-peel-peptide-9-volume-tox-cream-pro-50-ml-ujedrniajacy-krem-przeciwstarzeniowy\/\" \/>\n<meta property=\"og:site_name\" content=\"Selleetools.com\" \/>\n<meta property=\"article:modified_time\" content=\"2026-01-25T13:43:48+00:00\" \/>\n<meta property=\"og:image\" content=\"https:\/\/selleetools.com\/wp-content\/uploads\/2025\/10\/91688d052f8ca63b14d5df09e299216d.jpg\" \/>\n\t<meta property=\"og:image:width\" content=\"1000\" \/>\n\t<meta property=\"og:image:height\" content=\"1000\" \/>\n\t<meta property=\"og:image:type\" content=\"image\/jpeg\" \/>\n<meta name=\"twitter:card\" content=\"summary_large_image\" \/>\n<meta name=\"twitter:label1\" content=\"Est. reading time\" \/>\n\t<meta name=\"twitter:data1\" content=\"1 minuta\" \/>\n<!-- \/ Yoast SEO plugin. -->","yoast_head_json":{"title":"MEDI-PEEL Peptide 9 Volume Tox Cream Pro 50 ml - uj\u0119drniaj\u0105cy krem przeciwstarzeniowy - Selleetools.com","robots":{"index":"index","follow":"follow","max-snippet":"max-snippet:-1","max-image-preview":"max-image-preview:large","max-video-preview":"max-video-preview:-1"},"canonical":"https:\/\/admincentral.selleetools.com\/product\/medi-peel-peptide-9-volume-tox-cream-pro-50-ml-ujedrniajacy-krem-przeciwstarzeniowy\/","og_locale":"pl_PL","og_type":"article","og_title":"MEDI-PEEL Peptide 9 Volume Tox Cream Pro 50 ml - uj\u0119drniaj\u0105cy krem przeciwstarzeniowy - Selleetools.com","og_description":"MEDI-PEEL Peptide 9 Volume Tox Cream Pro to intensywnie dzia\u0142aj\u0105cy krem przeciwstarzeniowy, stworzony z my\u015bl\u0105 o zaawansowanej piel\u0119gnacji sk\u00f3ry dojrza\u0142ej, potrzebuj\u0105cej uj\u0119drnienia, wyg\u0142adzenia i regeneracji. Zawiera kompleks a\u017c 9 peptyd\u00f3w o silnym dzia\u0142aniu odm\u0142adzaj\u0105cym, wspomagaj\u0105cych produkcj\u0119 kolagenu i poprawiaj\u0105cych elastyczno\u015b\u0107 sk\u00f3ry. Unikalna formu\u0142a dzia\u0142a niczym zabieg wolumetryczny \u2013 przywraca obj\u0119to\u015b\u0107 i napi\u0119cie zwiotcza\u0142ej sk\u00f3rze. Produkt ... Read moreMEDI-PEEL Peptide 9 Volume Tox Cream Pro 50 ml &#8211; uj\u0119drniaj\u0105cy krem przeciwstarzeniowy","og_url":"https:\/\/admincentral.selleetools.com\/product\/medi-peel-peptide-9-volume-tox-cream-pro-50-ml-ujedrniajacy-krem-przeciwstarzeniowy\/","og_site_name":"Selleetools.com","article_modified_time":"2026-01-25T13:43:48+00:00","og_image":[{"width":1000,"height":1000,"url":"https:\/\/selleetools.com\/wp-content\/uploads\/2025\/10\/91688d052f8ca63b14d5df09e299216d.jpg","type":"image\/jpeg"}],"twitter_card":"summary_large_image","twitter_misc":{"Est. reading time":"1 minuta"},"schema":{"@context":"https:\/\/schema.org","@graph":[{"@type":"Organization","@id":"https:\/\/selleetools.com\/#organization","name":"Selleetools","url":"https:\/\/selleetools.com\/","sameAs":[],"logo":{"@type":"ImageObject","inLanguage":"pl-PL","@id":"https:\/\/selleetools.com\/#\/schema\/logo\/image\/","url":"https:\/\/selleetools.com\/wp-content\/uploads\/2021\/10\/logo-dark.png","contentUrl":"https:\/\/selleetools.com\/wp-content\/uploads\/2021\/10\/logo-dark.png","width":320,"height":76,"caption":"Selleetools"},"image":{"@id":"https:\/\/selleetools.com\/#\/schema\/logo\/image\/"}},{"@type":"WebSite","@id":"https:\/\/selleetools.com\/#website","url":"https:\/\/selleetools.com\/","name":"Selleetools.com","description":"","publisher":{"@id":"https:\/\/selleetools.com\/#organization"},"potentialAction":[{"@type":"SearchAction","target":{"@type":"EntryPoint","urlTemplate":"https:\/\/selleetools.com\/?s={search_term_string}"},"query-input":"required name=search_term_string"}],"inLanguage":"pl-PL"},{"@type":"WebPage","@id":"https:\/\/admincentral.selleetools.com\/product\/medi-peel-peptide-9-volume-tox-cream-pro-50-ml-ujedrniajacy-krem-przeciwstarzeniowy\/","url":"https:\/\/admincentral.selleetools.com\/product\/medi-peel-peptide-9-volume-tox-cream-pro-50-ml-ujedrniajacy-krem-przeciwstarzeniowy\/","name":"MEDI-PEEL Peptide 9 Volume Tox Cream Pro 50 ml - uj\u0119drniaj\u0105cy krem przeciwstarzeniowy - Selleetools.com","isPartOf":{"@id":"https:\/\/selleetools.com\/#website"},"datePublished":"2025-10-28T13:44:40+00:00","dateModified":"2026-01-25T13:43:48+00:00","breadcrumb":{"@id":"https:\/\/admincentral.selleetools.com\/product\/medi-peel-peptide-9-volume-tox-cream-pro-50-ml-ujedrniajacy-krem-przeciwstarzeniowy\/#breadcrumb"},"inLanguage":"pl-PL","potentialAction":[{"@type":"ReadAction","target":["https:\/\/admincentral.selleetools.com\/product\/medi-peel-peptide-9-volume-tox-cream-pro-50-ml-ujedrniajacy-krem-przeciwstarzeniowy\/"]}]},{"@type":"BreadcrumbList","@id":"https:\/\/admincentral.selleetools.com\/product\/medi-peel-peptide-9-volume-tox-cream-pro-50-ml-ujedrniajacy-krem-przeciwstarzeniowy\/#breadcrumb","itemListElement":[{"@type":"ListItem","position":1,"name":"Home","item":"https:\/\/selleetools.com\/pl\/"},{"@type":"ListItem","position":2,"name":"Katalog","item":"https:\/\/selleetools.com\/pl\/katalog\/"},{"@type":"ListItem","position":3,"name":"MEDI-PEEL Peptide 9 Volume Tox Cream Pro 50 ml &#8211; uj\u0119drniaj\u0105cy krem przeciwstarzeniowy"}]}]}},"_links":{"self":[{"href":"https:\/\/selleetools.com\/pl\/wp-json\/wp\/v2\/product\/613760"}],"collection":[{"href":"https:\/\/selleetools.com\/pl\/wp-json\/wp\/v2\/product"}],"about":[{"href":"https:\/\/selleetools.com\/pl\/wp-json\/wp\/v2\/types\/product"}],"replies":[{"embeddable":true,"href":"https:\/\/selleetools.com\/pl\/wp-json\/wp\/v2\/comments?post=613760"}],"wp:featuredmedia":[{"embeddable":true,"href":"https:\/\/selleetools.com\/pl\/wp-json\/wp\/v2\/media\/613758"}],"wp:attachment":[{"href":"https:\/\/selleetools.com\/pl\/wp-json\/wp\/v2\/media?parent=613760"}],"curies":[{"name":"wp","href":"https:\/\/api.w.org\/{rel}","templated":true}]}}