{"id":613605,"date":"2025-10-28T14:41:28","date_gmt":"2025-10-28T13:41:28","guid":{"rendered":"https:\/\/selleetools.com\/?post_type=product&#038;p=613605"},"modified":"2025-11-04T18:22:29","modified_gmt":"2025-11-04T17:22:29","slug":"nine-less-b-boost-1-kojic-acid-serum-30-ml-rozjasniajace-serum-do-twarzy","status":"publish","type":"product","link":"https:\/\/selleetools.com\/pl\/product\/nine-less-b-boost-1-kojic-acid-serum-30-ml-rozjasniajace-serum-do-twarzy\/","title":{"rendered":"NINE LESS B-Boost 1% Kojic Acid Serum 30 ml &#8211; rozja\u015bniaj\u0105ce serum do twarzy"},"content":{"rendered":"<p>NINE LESS B-Boost 1% Kojic Acid Serum to intensywnie rozja\u015bniaj\u0105ce serum do twarzy, stworzone z my\u015bl\u0105 o piel\u0119gnacji sk\u00f3ry z przebarwieniami, nier\u00f3wnym kolorytem oraz utrat\u0105 blasku. Zawiera st\u0119\u017cenie 1% kwasu kojowego (10 000 ppm) \u2013 skutecznego sk\u0142adnika rozja\u015bniaj\u0105cego, kt\u00f3ry wspomaga walk\u0119 z hiperpigmentacj\u0105 i przebarwieniami potr\u0105dzikowymi. Formu\u0142a zosta\u0142a wzbogacona o niacynamid, traneksamowy kwas, witamin\u0119 C oraz kompleks peptyd\u00f3w, kt\u00f3re dzia\u0142aj\u0105 synergicznie dla poprawy kondycji sk\u00f3ry. Korzy\u015bci ze stosowania: Redukuje przebarwienia i plamy pigmentacyjne \u2013 dzi\u0119ki dzia\u0142aniu kwasu kojowego, niacynamidu i kwasu traneksamowego Rozja\u015bnia i wyr\u00f3wnuje koloryt sk\u00f3ry \u2013 formu\u0142a dzia\u0142a na wiele poziom\u00f3w mechanizmu melanogenezy Poprawia elastyczno\u015b\u0107 i wyg\u0142adza \u2013 obecno\u015b\u0107 peptyd\u00f3w (Palmitoyl Tripeptide-1, Hexapeptide-9, Acetyl Hexapeptide-8) wspiera produkcj\u0119 kolagenu Wspomaga regeneracj\u0119 i nawil\u017ca \u2013 pantenol, gliceryna, kwas hialuronowy i betaina wspieraj\u0105 barier\u0119 hydrolipidow\u0105 sk\u00f3ry Chroni przed stresem oksydacyjnym \u2013 glutation, witamina E i ekstrakt z rokitnika to silne antyoksydanty \u0141agodzi i koi podra\u017cnienia \u2013 ekstrakty ro\u015blinne z tarczycy bajkalskiej, korzenia lukrecji i bisabolol Spos\u00f3b u\u017cycia: Na\u0142\u00f3\u017c kilka kropli serum na oczyszczon\u0105 i stonizowan\u0105 sk\u00f3r\u0119 twarzy. Delikatnie wklep do wch\u0142oni\u0119cia, omijaj\u0105c okolice oczu. Stosuj rano i\/lub wieczorem. Rano zawsze nak\u0142adaj krem z filtrem SPF.<\/p>\n","protected":false},"excerpt":{"rendered":"<p>NINE LESS B-Boost 1% Kojic Acid Serum to intensywnie rozja\u015bniaj\u0105ce serum do twarzy, stworzone z my\u015bl\u0105 o piel\u0119gnacji sk\u00f3ry z przebarwieniami, nier\u00f3wnym kolorytem oraz utrat\u0105 blasku. Zawiera st\u0119\u017cenie 1% kwasu kojowego (10 000 ppm) \u2013 skutecznego sk\u0142adnika rozja\u015bniaj\u0105cego, kt\u00f3ry wspomaga walk\u0119 z hiperpigmentacj\u0105 i przebarwieniami potr\u0105dzikowymi. Formu\u0142a zosta\u0142a wzbogacona o niacynamid, traneksamowy kwas, witamin\u0119 C &#8230; <a title=\"NINE LESS B-Boost 1% Kojic Acid Serum 30 ml &#8211; rozja\u015bniaj\u0105ce serum do twarzy\" class=\"read-more\" href=\"https:\/\/selleetools.com\/pl\/product\/nine-less-b-boost-1-kojic-acid-serum-30-ml-rozjasniajace-serum-do-twarzy\/\">Read more<span class=\"screen-reader-text\">NINE LESS B-Boost 1% Kojic Acid Serum 30 ml &#8211; rozja\u015bniaj\u0105ce serum do twarzy<\/span><\/a><\/p>\n","protected":false},"featured_media":613603,"comment_status":"closed","ping_status":"closed","template":"","meta":{"_links_to":"","_links_to_target":""},"yoast_head":"<!-- This site is optimized with the Yoast SEO plugin v19.4 - https:\/\/yoast.com\/wordpress\/plugins\/seo\/ -->\n<title>NINE LESS B-Boost 1% Kojic Acid Serum 30 ml - rozja\u015bniaj\u0105ce serum do twarzy - Selleetools.com<\/title>\n<meta name=\"robots\" content=\"index, follow, max-snippet:-1, max-image-preview:large, max-video-preview:-1\" \/>\n<link rel=\"canonical\" href=\"https:\/\/selleetools.com\/pl\/product\/nine-less-b-boost-1-kojic-acid-serum-30-ml-rozjasniajace-serum-do-twarzy\/\" \/>\n<meta property=\"og:locale\" content=\"pl_PL\" \/>\n<meta property=\"og:type\" content=\"article\" \/>\n<meta property=\"og:title\" content=\"NINE LESS B-Boost 1% Kojic Acid Serum 30 ml - rozja\u015bniaj\u0105ce serum do twarzy - Selleetools.com\" \/>\n<meta property=\"og:description\" content=\"NINE LESS B-Boost 1% Kojic Acid Serum to intensywnie rozja\u015bniaj\u0105ce serum do twarzy, stworzone z my\u015bl\u0105 o piel\u0119gnacji sk\u00f3ry z przebarwieniami, nier\u00f3wnym kolorytem oraz utrat\u0105 blasku. Zawiera st\u0119\u017cenie 1% kwasu kojowego (10 000 ppm) \u2013 skutecznego sk\u0142adnika rozja\u015bniaj\u0105cego, kt\u00f3ry wspomaga walk\u0119 z hiperpigmentacj\u0105 i przebarwieniami potr\u0105dzikowymi. Formu\u0142a zosta\u0142a wzbogacona o niacynamid, traneksamowy kwas, witamin\u0119 C ... Read moreNINE LESS B-Boost 1% Kojic Acid Serum 30 ml &#8211; rozja\u015bniaj\u0105ce serum do twarzy\" \/>\n<meta property=\"og:url\" content=\"https:\/\/selleetools.com\/pl\/product\/nine-less-b-boost-1-kojic-acid-serum-30-ml-rozjasniajace-serum-do-twarzy\/\" \/>\n<meta property=\"og:site_name\" content=\"Selleetools.com\" \/>\n<meta property=\"article:modified_time\" content=\"2025-11-04T17:22:29+00:00\" \/>\n<meta property=\"og:image\" content=\"https:\/\/selleetools.com\/wp-content\/uploads\/2025\/10\/4e2e4d03db5aedf815a042f8dba64577.jpg\" \/>\n\t<meta property=\"og:image:width\" content=\"1000\" \/>\n\t<meta property=\"og:image:height\" content=\"1000\" \/>\n\t<meta property=\"og:image:type\" content=\"image\/jpeg\" \/>\n<meta name=\"twitter:card\" content=\"summary_large_image\" \/>\n<meta name=\"twitter:label1\" content=\"Est. reading time\" \/>\n\t<meta name=\"twitter:data1\" content=\"1 minuta\" \/>\n<!-- \/ Yoast SEO plugin. -->","yoast_head_json":{"title":"NINE LESS B-Boost 1% Kojic Acid Serum 30 ml - rozja\u015bniaj\u0105ce serum do twarzy - Selleetools.com","robots":{"index":"index","follow":"follow","max-snippet":"max-snippet:-1","max-image-preview":"max-image-preview:large","max-video-preview":"max-video-preview:-1"},"canonical":"https:\/\/selleetools.com\/pl\/product\/nine-less-b-boost-1-kojic-acid-serum-30-ml-rozjasniajace-serum-do-twarzy\/","og_locale":"pl_PL","og_type":"article","og_title":"NINE LESS B-Boost 1% Kojic Acid Serum 30 ml - rozja\u015bniaj\u0105ce serum do twarzy - Selleetools.com","og_description":"NINE LESS B-Boost 1% Kojic Acid Serum to intensywnie rozja\u015bniaj\u0105ce serum do twarzy, stworzone z my\u015bl\u0105 o piel\u0119gnacji sk\u00f3ry z przebarwieniami, nier\u00f3wnym kolorytem oraz utrat\u0105 blasku. Zawiera st\u0119\u017cenie 1% kwasu kojowego (10 000 ppm) \u2013 skutecznego sk\u0142adnika rozja\u015bniaj\u0105cego, kt\u00f3ry wspomaga walk\u0119 z hiperpigmentacj\u0105 i przebarwieniami potr\u0105dzikowymi. Formu\u0142a zosta\u0142a wzbogacona o niacynamid, traneksamowy kwas, witamin\u0119 C ... Read moreNINE LESS B-Boost 1% Kojic Acid Serum 30 ml &#8211; rozja\u015bniaj\u0105ce serum do twarzy","og_url":"https:\/\/selleetools.com\/pl\/product\/nine-less-b-boost-1-kojic-acid-serum-30-ml-rozjasniajace-serum-do-twarzy\/","og_site_name":"Selleetools.com","article_modified_time":"2025-11-04T17:22:29+00:00","og_image":[{"width":1000,"height":1000,"url":"https:\/\/selleetools.com\/wp-content\/uploads\/2025\/10\/4e2e4d03db5aedf815a042f8dba64577.jpg","type":"image\/jpeg"}],"twitter_card":"summary_large_image","twitter_misc":{"Est. reading time":"1 minuta"},"schema":{"@context":"https:\/\/schema.org","@graph":[{"@type":"Organization","@id":"https:\/\/selleetools.com\/#organization","name":"Selleetools","url":"https:\/\/selleetools.com\/","sameAs":[],"logo":{"@type":"ImageObject","inLanguage":"pl-PL","@id":"https:\/\/selleetools.com\/#\/schema\/logo\/image\/","url":"https:\/\/selleetools.com\/wp-content\/uploads\/2021\/10\/logo-dark.png","contentUrl":"https:\/\/selleetools.com\/wp-content\/uploads\/2021\/10\/logo-dark.png","width":320,"height":76,"caption":"Selleetools"},"image":{"@id":"https:\/\/selleetools.com\/#\/schema\/logo\/image\/"}},{"@type":"WebSite","@id":"https:\/\/selleetools.com\/#website","url":"https:\/\/selleetools.com\/","name":"Selleetools.com","description":"","publisher":{"@id":"https:\/\/selleetools.com\/#organization"},"potentialAction":[{"@type":"SearchAction","target":{"@type":"EntryPoint","urlTemplate":"https:\/\/selleetools.com\/?s={search_term_string}"},"query-input":"required name=search_term_string"}],"inLanguage":"pl-PL"},{"@type":"WebPage","@id":"https:\/\/selleetools.com\/pl\/product\/nine-less-b-boost-1-kojic-acid-serum-30-ml-rozjasniajace-serum-do-twarzy\/","url":"https:\/\/selleetools.com\/pl\/product\/nine-less-b-boost-1-kojic-acid-serum-30-ml-rozjasniajace-serum-do-twarzy\/","name":"NINE LESS B-Boost 1% Kojic Acid Serum 30 ml - rozja\u015bniaj\u0105ce serum do twarzy - Selleetools.com","isPartOf":{"@id":"https:\/\/selleetools.com\/#website"},"datePublished":"2025-10-28T13:41:28+00:00","dateModified":"2025-11-04T17:22:29+00:00","breadcrumb":{"@id":"https:\/\/selleetools.com\/pl\/product\/nine-less-b-boost-1-kojic-acid-serum-30-ml-rozjasniajace-serum-do-twarzy\/#breadcrumb"},"inLanguage":"pl-PL","potentialAction":[{"@type":"ReadAction","target":["https:\/\/selleetools.com\/pl\/product\/nine-less-b-boost-1-kojic-acid-serum-30-ml-rozjasniajace-serum-do-twarzy\/"]}]},{"@type":"BreadcrumbList","@id":"https:\/\/selleetools.com\/pl\/product\/nine-less-b-boost-1-kojic-acid-serum-30-ml-rozjasniajace-serum-do-twarzy\/#breadcrumb","itemListElement":[{"@type":"ListItem","position":1,"name":"Home","item":"https:\/\/selleetools.com\/pl\/"},{"@type":"ListItem","position":2,"name":"Katalog","item":"https:\/\/selleetools.com\/pl\/katalog\/"},{"@type":"ListItem","position":3,"name":"NINE LESS B-Boost 1% Kojic Acid Serum 30 ml &#8211; rozja\u015bniaj\u0105ce serum do twarzy"}]}]}},"_links":{"self":[{"href":"https:\/\/selleetools.com\/pl\/wp-json\/wp\/v2\/product\/613605"}],"collection":[{"href":"https:\/\/selleetools.com\/pl\/wp-json\/wp\/v2\/product"}],"about":[{"href":"https:\/\/selleetools.com\/pl\/wp-json\/wp\/v2\/types\/product"}],"replies":[{"embeddable":true,"href":"https:\/\/selleetools.com\/pl\/wp-json\/wp\/v2\/comments?post=613605"}],"wp:featuredmedia":[{"embeddable":true,"href":"https:\/\/selleetools.com\/pl\/wp-json\/wp\/v2\/media\/613603"}],"wp:attachment":[{"href":"https:\/\/selleetools.com\/pl\/wp-json\/wp\/v2\/media?parent=613605"}],"curies":[{"name":"wp","href":"https:\/\/api.w.org\/{rel}","templated":true}]}}