{"id":613561,"date":"2025-10-28T14:40:44","date_gmt":"2025-10-28T13:40:44","guid":{"rendered":"https:\/\/selleetools.com\/?post_type=product&#038;p=613561"},"modified":"2025-11-21T10:30:50","modified_gmt":"2025-11-21T09:30:50","slug":"beauty-of-joseon-light-on-serum-centella-vita-c-30-ml-lagodzaco-rozjasniajace-serum-do-twarzy","status":"publish","type":"product","link":"https:\/\/selleetools.com\/pl\/product\/beauty-of-joseon-light-on-serum-centella-vita-c-30-ml-lagodzaco-rozjasniajace-serum-do-twarzy\/","title":{"rendered":"Beauty of Joseon Light On Serum Centella + Vita C 30 ml &#8211; \u0141agodz\u0105co-rozja\u015bniaj\u0105ce serum do twarzy"},"content":{"rendered":"<p style=\"caret-color: rgb(0, 0, 0); color: rgb(0, 0, 0);\"><font style=\"font-size: 12px;\">Beauty of Joseon Light On Serum to serum, kt\u00f3re \u0142\u0105czy w sobie w\u0142a\u015bciwo\u015bci \u0142agodz\u0105ce i rozja\u015bniaj\u0105ce, dzi\u0119ki po\u0142\u0105czeniu centelli azjatyckiej i witaminy C. Ten lekki serum pomaga wyr\u00f3wna\u0107 koloryt sk\u00f3ry, zmniejsza\u0107 przebarwienia oraz redukowa\u0107 widoczno\u015b\u0107 blizn. Dzia\u0142a tak\u017ce koj\u0105co i regeneruj\u0105co, przynosz\u0105c ulg\u0119 podra\u017cnionej sk\u00f3rze.<\/font><\/p>\n<h4 style=\"caret-color: rgb(0, 0, 0); color: rgb(0, 0, 0);\"><font style=\"font-size: 12px;\">Korzy\u015bci dla sk\u00f3ry<\/font><\/h4>\n<ul style=\"caret-color: rgb(0, 0, 0); color: rgb(0, 0, 0);\">\n<li><font style=\"font-size: 12px;\"><strong>Rozja\u015bnienie i wyr\u00f3wnanie kolorytu<\/strong>: Pomaga zredukowa\u0107 przebarwienia i poprawi\u0107 blask cery.<\/font><\/li>\n<li><font style=\"font-size: 12px;\"><strong>Regeneracja i kojenie<\/strong>: \u0141agodzi podra\u017cnienia i wspiera regeneracj\u0119 sk\u00f3ry.<\/font><\/li>\n<\/ul>\n<h4 style=\"caret-color: rgb(0, 0, 0); color: rgb(0, 0, 0);\"><font style=\"font-size: 12px;\">Spos\u00f3b u\u017cycia<\/font><\/h4>\n<p style=\"caret-color: rgb(0, 0, 0); color: rgb(0, 0, 0);\"><font style=\"font-size: 12px;\">Na\u0142\u00f3\u017c kilka kropel serum na oczyszczon\u0105 sk\u00f3r\u0119 twarzy, delikatnie wklepuj\u0105c produkt a\u017c do ca\u0142kowitego wch\u0142oni\u0119cia. Stosuj rano i wieczorem przed na\u0142o\u017ceniem kremu nawil\u017caj\u0105cego.<\/font><\/p>\n","protected":false},"excerpt":{"rendered":"<p>Beauty of Joseon Light On Serum to serum, kt\u00f3re \u0142\u0105czy w sobie w\u0142a\u015bciwo\u015bci \u0142agodz\u0105ce i rozja\u015bniaj\u0105ce, dzi\u0119ki po\u0142\u0105czeniu centelli azjatyckiej i witaminy C. Ten lekki serum pomaga wyr\u00f3wna\u0107 koloryt sk\u00f3ry, zmniejsza\u0107 przebarwienia oraz redukowa\u0107 widoczno\u015b\u0107 blizn. Dzia\u0142a tak\u017ce koj\u0105co i regeneruj\u0105co, przynosz\u0105c ulg\u0119 podra\u017cnionej sk\u00f3rze. Korzy\u015bci dla sk\u00f3ry Rozja\u015bnienie i wyr\u00f3wnanie kolorytu: Pomaga zredukowa\u0107 przebarwienia &#8230; <a title=\"Beauty of Joseon Light On Serum Centella + Vita C 30 ml &#8211; \u0141agodz\u0105co-rozja\u015bniaj\u0105ce serum do twarzy\" class=\"read-more\" href=\"https:\/\/selleetools.com\/pl\/product\/beauty-of-joseon-light-on-serum-centella-vita-c-30-ml-lagodzaco-rozjasniajace-serum-do-twarzy\/\">Read more<span class=\"screen-reader-text\">Beauty of Joseon Light On Serum Centella + Vita C 30 ml &#8211; \u0141agodz\u0105co-rozja\u015bniaj\u0105ce serum do twarzy<\/span><\/a><\/p>\n","protected":false},"featured_media":613559,"comment_status":"open","ping_status":"closed","template":"","meta":{"_links_to":"","_links_to_target":""},"yoast_head":"<!-- This site is optimized with the Yoast SEO plugin v19.4 - https:\/\/yoast.com\/wordpress\/plugins\/seo\/ -->\n<title>Beauty of Joseon Light On Serum Centella + Vita C 30 ml - \u0141agodz\u0105co-rozja\u015bniaj\u0105ce serum do twarzy - Selleetools.com<\/title>\n<meta name=\"robots\" content=\"index, follow, max-snippet:-1, max-image-preview:large, max-video-preview:-1\" \/>\n<link rel=\"canonical\" href=\"https:\/\/selleetools.com\/pl\/product\/beauty-of-joseon-light-on-serum-centella-vita-c-30-ml-lagodzaco-rozjasniajace-serum-do-twarzy\/\" \/>\n<meta property=\"og:locale\" content=\"pl_PL\" \/>\n<meta property=\"og:type\" content=\"article\" \/>\n<meta property=\"og:title\" content=\"Beauty of Joseon Light On Serum Centella + Vita C 30 ml - \u0141agodz\u0105co-rozja\u015bniaj\u0105ce serum do twarzy - Selleetools.com\" \/>\n<meta property=\"og:description\" content=\"Beauty of Joseon Light On Serum to serum, kt\u00f3re \u0142\u0105czy w sobie w\u0142a\u015bciwo\u015bci \u0142agodz\u0105ce i rozja\u015bniaj\u0105ce, dzi\u0119ki po\u0142\u0105czeniu centelli azjatyckiej i witaminy C. Ten lekki serum pomaga wyr\u00f3wna\u0107 koloryt sk\u00f3ry, zmniejsza\u0107 przebarwienia oraz redukowa\u0107 widoczno\u015b\u0107 blizn. Dzia\u0142a tak\u017ce koj\u0105co i regeneruj\u0105co, przynosz\u0105c ulg\u0119 podra\u017cnionej sk\u00f3rze. Korzy\u015bci dla sk\u00f3ry Rozja\u015bnienie i wyr\u00f3wnanie kolorytu: Pomaga zredukowa\u0107 przebarwienia ... Read moreBeauty of Joseon Light On Serum Centella + Vita C 30 ml &#8211; \u0141agodz\u0105co-rozja\u015bniaj\u0105ce serum do twarzy\" \/>\n<meta property=\"og:url\" content=\"https:\/\/selleetools.com\/pl\/product\/beauty-of-joseon-light-on-serum-centella-vita-c-30-ml-lagodzaco-rozjasniajace-serum-do-twarzy\/\" \/>\n<meta property=\"og:site_name\" content=\"Selleetools.com\" \/>\n<meta property=\"article:modified_time\" content=\"2025-11-21T09:30:50+00:00\" \/>\n<meta property=\"og:image\" content=\"https:\/\/selleetools.com\/wp-content\/uploads\/2025\/10\/1.jpg\" \/>\n\t<meta property=\"og:image:width\" content=\"1200\" \/>\n\t<meta property=\"og:image:height\" content=\"1200\" \/>\n\t<meta property=\"og:image:type\" content=\"image\/jpeg\" \/>\n<meta name=\"twitter:card\" content=\"summary_large_image\" \/>\n<meta name=\"twitter:label1\" content=\"Est. reading time\" \/>\n\t<meta name=\"twitter:data1\" content=\"1 minuta\" \/>\n<!-- \/ Yoast SEO plugin. -->","yoast_head_json":{"title":"Beauty of Joseon Light On Serum Centella + Vita C 30 ml - \u0141agodz\u0105co-rozja\u015bniaj\u0105ce serum do twarzy - Selleetools.com","robots":{"index":"index","follow":"follow","max-snippet":"max-snippet:-1","max-image-preview":"max-image-preview:large","max-video-preview":"max-video-preview:-1"},"canonical":"https:\/\/selleetools.com\/pl\/product\/beauty-of-joseon-light-on-serum-centella-vita-c-30-ml-lagodzaco-rozjasniajace-serum-do-twarzy\/","og_locale":"pl_PL","og_type":"article","og_title":"Beauty of Joseon Light On Serum Centella + Vita C 30 ml - \u0141agodz\u0105co-rozja\u015bniaj\u0105ce serum do twarzy - Selleetools.com","og_description":"Beauty of Joseon Light On Serum to serum, kt\u00f3re \u0142\u0105czy w sobie w\u0142a\u015bciwo\u015bci \u0142agodz\u0105ce i rozja\u015bniaj\u0105ce, dzi\u0119ki po\u0142\u0105czeniu centelli azjatyckiej i witaminy C. Ten lekki serum pomaga wyr\u00f3wna\u0107 koloryt sk\u00f3ry, zmniejsza\u0107 przebarwienia oraz redukowa\u0107 widoczno\u015b\u0107 blizn. Dzia\u0142a tak\u017ce koj\u0105co i regeneruj\u0105co, przynosz\u0105c ulg\u0119 podra\u017cnionej sk\u00f3rze. Korzy\u015bci dla sk\u00f3ry Rozja\u015bnienie i wyr\u00f3wnanie kolorytu: Pomaga zredukowa\u0107 przebarwienia ... Read moreBeauty of Joseon Light On Serum Centella + Vita C 30 ml &#8211; \u0141agodz\u0105co-rozja\u015bniaj\u0105ce serum do twarzy","og_url":"https:\/\/selleetools.com\/pl\/product\/beauty-of-joseon-light-on-serum-centella-vita-c-30-ml-lagodzaco-rozjasniajace-serum-do-twarzy\/","og_site_name":"Selleetools.com","article_modified_time":"2025-11-21T09:30:50+00:00","og_image":[{"width":1200,"height":1200,"url":"https:\/\/selleetools.com\/wp-content\/uploads\/2025\/10\/1.jpg","type":"image\/jpeg"}],"twitter_card":"summary_large_image","twitter_misc":{"Est. reading time":"1 minuta"},"schema":{"@context":"https:\/\/schema.org","@graph":[{"@type":"Organization","@id":"https:\/\/selleetools.com\/#organization","name":"Selleetools","url":"https:\/\/selleetools.com\/","sameAs":[],"logo":{"@type":"ImageObject","inLanguage":"pl-PL","@id":"https:\/\/selleetools.com\/#\/schema\/logo\/image\/","url":"https:\/\/selleetools.com\/wp-content\/uploads\/2021\/10\/logo-dark.png","contentUrl":"https:\/\/selleetools.com\/wp-content\/uploads\/2021\/10\/logo-dark.png","width":320,"height":76,"caption":"Selleetools"},"image":{"@id":"https:\/\/selleetools.com\/#\/schema\/logo\/image\/"}},{"@type":"WebSite","@id":"https:\/\/selleetools.com\/#website","url":"https:\/\/selleetools.com\/","name":"Selleetools.com","description":"","publisher":{"@id":"https:\/\/selleetools.com\/#organization"},"potentialAction":[{"@type":"SearchAction","target":{"@type":"EntryPoint","urlTemplate":"https:\/\/selleetools.com\/?s={search_term_string}"},"query-input":"required name=search_term_string"}],"inLanguage":"pl-PL"},{"@type":"WebPage","@id":"https:\/\/selleetools.com\/pl\/product\/beauty-of-joseon-light-on-serum-centella-vita-c-30-ml-lagodzaco-rozjasniajace-serum-do-twarzy\/","url":"https:\/\/selleetools.com\/pl\/product\/beauty-of-joseon-light-on-serum-centella-vita-c-30-ml-lagodzaco-rozjasniajace-serum-do-twarzy\/","name":"Beauty of Joseon Light On Serum Centella + Vita C 30 ml - \u0141agodz\u0105co-rozja\u015bniaj\u0105ce serum do twarzy - Selleetools.com","isPartOf":{"@id":"https:\/\/selleetools.com\/#website"},"datePublished":"2025-10-28T13:40:44+00:00","dateModified":"2025-11-21T09:30:50+00:00","breadcrumb":{"@id":"https:\/\/selleetools.com\/pl\/product\/beauty-of-joseon-light-on-serum-centella-vita-c-30-ml-lagodzaco-rozjasniajace-serum-do-twarzy\/#breadcrumb"},"inLanguage":"pl-PL","potentialAction":[{"@type":"ReadAction","target":["https:\/\/selleetools.com\/pl\/product\/beauty-of-joseon-light-on-serum-centella-vita-c-30-ml-lagodzaco-rozjasniajace-serum-do-twarzy\/"]}]},{"@type":"BreadcrumbList","@id":"https:\/\/selleetools.com\/pl\/product\/beauty-of-joseon-light-on-serum-centella-vita-c-30-ml-lagodzaco-rozjasniajace-serum-do-twarzy\/#breadcrumb","itemListElement":[{"@type":"ListItem","position":1,"name":"Home","item":"https:\/\/selleetools.com\/pl\/"},{"@type":"ListItem","position":2,"name":"Katalog","item":"https:\/\/selleetools.com\/pl\/katalog\/"},{"@type":"ListItem","position":3,"name":"Beauty of Joseon Light On Serum Centella + Vita C 30 ml &#8211; \u0141agodz\u0105co-rozja\u015bniaj\u0105ce serum do twarzy"}]}]}},"_links":{"self":[{"href":"https:\/\/selleetools.com\/pl\/wp-json\/wp\/v2\/product\/613561"}],"collection":[{"href":"https:\/\/selleetools.com\/pl\/wp-json\/wp\/v2\/product"}],"about":[{"href":"https:\/\/selleetools.com\/pl\/wp-json\/wp\/v2\/types\/product"}],"replies":[{"embeddable":true,"href":"https:\/\/selleetools.com\/pl\/wp-json\/wp\/v2\/comments?post=613561"}],"wp:featuredmedia":[{"embeddable":true,"href":"https:\/\/selleetools.com\/pl\/wp-json\/wp\/v2\/media\/613559"}],"wp:attachment":[{"href":"https:\/\/selleetools.com\/pl\/wp-json\/wp\/v2\/media?parent=613561"}],"curies":[{"name":"wp","href":"https:\/\/api.w.org\/{rel}","templated":true}]}}