{"id":613558,"date":"2025-10-28T14:40:41","date_gmt":"2025-10-28T13:40:41","guid":{"rendered":"https:\/\/selleetools.com\/?post_type=product&#038;p=613558"},"modified":"2026-01-25T14:38:58","modified_gmt":"2026-01-25T13:38:58","slug":"anua-green-lemon-vitamin-c-blemish-serum-20-ml-rozjasniajace-serum-do-twarzy-z-witamina-c","status":"publish","type":"product","link":"https:\/\/selleetools.com\/pl\/product\/anua-green-lemon-vitamin-c-blemish-serum-20-ml-rozjasniajace-serum-do-twarzy-z-witamina-c\/","title":{"rendered":"ANUA GREEN LEMON VITAMIN C BLEMISH SERUM 20 ml &#8211; Rozja\u015bniaj\u0105ce serum do twarzy z witamin\u0105 C"},"content":{"rendered":"<p style=\"caret-color: rgb(0, 0, 0); color: rgb(0, 0, 0);\"><font style=\"font-size: 12px;\">ANUA GREEN LEMON VITAMIN C BLEMISH SERUM to serum do twarzy, kt\u00f3re skutecznie rozja\u015bnia przebarwienia i poprawia og\u00f3lny koloryt sk\u00f3ry. Dzi\u0119ki lekkiej formule szybko si\u0119 wch\u0142ania, pozostawiaj\u0105c sk\u00f3r\u0119 nawil\u017con\u0105 i promienn\u0105. Regularne stosowanie serum wspomaga redukcj\u0119 blizn potr\u0105dzikowych i zapobiega powstawaniu nowych przebarwie\u0144.<\/font><\/p>\n<h4 style=\"caret-color: rgb(0, 0, 0); color: rgb(0, 0, 0);\"><font style=\"font-size: 12px;\">Korzy\u015bci dla sk\u00f3ry:<\/font><\/h4>\n<ul style=\"caret-color: rgb(0, 0, 0); color: rgb(0, 0, 0);\">\n<li><font style=\"font-size: 12px;\"><strong>Rozja\u015bnianie przebarwie\u0144<\/strong>: Serum pomaga wyr\u00f3wna\u0107 koloryt sk\u00f3ry i rozja\u015bni\u0107 ciemne plamy.<\/font><\/li>\n<li><font style=\"font-size: 12px;\"><strong>Nawil\u017cenie i od\u017cywienie<\/strong>: Produkt zapewnia intensywne nawil\u017cenie, poprawiaj\u0105c elastyczno\u015b\u0107 sk\u00f3ry.<\/font><\/li>\n<li><font style=\"font-size: 12px;\"><strong>Poprawa tekstury sk\u00f3ry<\/strong>: Regularne stosowanie wyg\u0142adza sk\u00f3r\u0119 i nadaje jej zdrowy blask.<\/font><\/li>\n<\/ul>\n<h4 style=\"caret-color: rgb(0, 0, 0); color: rgb(0, 0, 0);\"><font style=\"font-size: 12px;\">Spos\u00f3b u\u017cycia:<\/font><\/h4>\n<ol style=\"caret-color: rgb(0, 0, 0); color: rgb(0, 0, 0);\">\n<li><font style=\"font-size: 12px;\"><strong>Oczyszczenie<\/strong>: Na\u0142\u00f3\u017c serum na dobrze oczyszczon\u0105 sk\u00f3r\u0119 twarzy.<\/font><\/li>\n<li><font style=\"font-size: 12px;\"><strong>Aplikacja<\/strong>: Delikatnie wmasuj kilka kropel serum w sk\u00f3r\u0119, omijaj\u0105c okolice oczu.<\/font><\/li>\n<li><font style=\"font-size: 12px;\"><strong>Codzienne stosowanie<\/strong>: U\u017cywaj serum rano i wieczorem przed na\u0142o\u017ceniem kremu nawil\u017caj\u0105cego.<\/font><\/li>\n<\/ol>\n","protected":false},"excerpt":{"rendered":"<p>ANUA GREEN LEMON VITAMIN C BLEMISH SERUM to serum do twarzy, kt\u00f3re skutecznie rozja\u015bnia przebarwienia i poprawia og\u00f3lny koloryt sk\u00f3ry. Dzi\u0119ki lekkiej formule szybko si\u0119 wch\u0142ania, pozostawiaj\u0105c sk\u00f3r\u0119 nawil\u017con\u0105 i promienn\u0105. Regularne stosowanie serum wspomaga redukcj\u0119 blizn potr\u0105dzikowych i zapobiega powstawaniu nowych przebarwie\u0144. Korzy\u015bci dla sk\u00f3ry: Rozja\u015bnianie przebarwie\u0144: Serum pomaga wyr\u00f3wna\u0107 koloryt sk\u00f3ry i rozja\u015bni\u0107 &#8230; <a title=\"ANUA GREEN LEMON VITAMIN C BLEMISH SERUM 20 ml &#8211; Rozja\u015bniaj\u0105ce serum do twarzy z witamin\u0105 C\" class=\"read-more\" href=\"https:\/\/selleetools.com\/pl\/product\/anua-green-lemon-vitamin-c-blemish-serum-20-ml-rozjasniajace-serum-do-twarzy-z-witamina-c\/\">Read more<span class=\"screen-reader-text\">ANUA GREEN LEMON VITAMIN C BLEMISH SERUM 20 ml &#8211; Rozja\u015bniaj\u0105ce serum do twarzy z witamin\u0105 C<\/span><\/a><\/p>\n","protected":false},"featured_media":613556,"comment_status":"open","ping_status":"closed","template":"","meta":{"_links_to":"","_links_to_target":""},"yoast_head":"<!-- This site is optimized with the Yoast SEO plugin v19.4 - https:\/\/yoast.com\/wordpress\/plugins\/seo\/ -->\n<title>ANUA GREEN LEMON VITAMIN C BLEMISH SERUM 20 ml - Rozja\u015bniaj\u0105ce serum do twarzy z witamin\u0105 C - Selleetools.com<\/title>\n<meta name=\"robots\" content=\"index, follow, max-snippet:-1, max-image-preview:large, max-video-preview:-1\" \/>\n<link rel=\"canonical\" href=\"https:\/\/admincentral.selleetools.com\/product\/anua-green-lemon-vitamin-c-blemish-serum-20-ml-rozjasniajace-serum-do-twarzy-z-witamina-c\/\" \/>\n<meta property=\"og:locale\" content=\"pl_PL\" \/>\n<meta property=\"og:type\" content=\"article\" \/>\n<meta property=\"og:title\" content=\"ANUA GREEN LEMON VITAMIN C BLEMISH SERUM 20 ml - Rozja\u015bniaj\u0105ce serum do twarzy z witamin\u0105 C - Selleetools.com\" \/>\n<meta property=\"og:description\" content=\"ANUA GREEN LEMON VITAMIN C BLEMISH SERUM to serum do twarzy, kt\u00f3re skutecznie rozja\u015bnia przebarwienia i poprawia og\u00f3lny koloryt sk\u00f3ry. Dzi\u0119ki lekkiej formule szybko si\u0119 wch\u0142ania, pozostawiaj\u0105c sk\u00f3r\u0119 nawil\u017con\u0105 i promienn\u0105. Regularne stosowanie serum wspomaga redukcj\u0119 blizn potr\u0105dzikowych i zapobiega powstawaniu nowych przebarwie\u0144. Korzy\u015bci dla sk\u00f3ry: Rozja\u015bnianie przebarwie\u0144: Serum pomaga wyr\u00f3wna\u0107 koloryt sk\u00f3ry i rozja\u015bni\u0107 ... Read moreANUA GREEN LEMON VITAMIN C BLEMISH SERUM 20 ml &#8211; Rozja\u015bniaj\u0105ce serum do twarzy z witamin\u0105 C\" \/>\n<meta property=\"og:url\" content=\"https:\/\/admincentral.selleetools.com\/product\/anua-green-lemon-vitamin-c-blemish-serum-20-ml-rozjasniajace-serum-do-twarzy-z-witamina-c\/\" \/>\n<meta property=\"og:site_name\" content=\"Selleetools.com\" \/>\n<meta property=\"article:modified_time\" content=\"2026-01-25T13:38:58+00:00\" \/>\n<meta property=\"og:image\" content=\"https:\/\/selleetools.com\/wp-content\/uploads\/2025\/10\/e17af9cb8052b12d034621de456a4489.jpg\" \/>\n\t<meta property=\"og:image:width\" content=\"450\" \/>\n\t<meta property=\"og:image:height\" content=\"450\" \/>\n\t<meta property=\"og:image:type\" content=\"image\/jpeg\" \/>\n<meta name=\"twitter:card\" content=\"summary_large_image\" \/>\n<meta name=\"twitter:label1\" content=\"Est. reading time\" \/>\n\t<meta name=\"twitter:data1\" content=\"1 minuta\" \/>\n<!-- \/ Yoast SEO plugin. -->","yoast_head_json":{"title":"ANUA GREEN LEMON VITAMIN C BLEMISH SERUM 20 ml - Rozja\u015bniaj\u0105ce serum do twarzy z witamin\u0105 C - Selleetools.com","robots":{"index":"index","follow":"follow","max-snippet":"max-snippet:-1","max-image-preview":"max-image-preview:large","max-video-preview":"max-video-preview:-1"},"canonical":"https:\/\/admincentral.selleetools.com\/product\/anua-green-lemon-vitamin-c-blemish-serum-20-ml-rozjasniajace-serum-do-twarzy-z-witamina-c\/","og_locale":"pl_PL","og_type":"article","og_title":"ANUA GREEN LEMON VITAMIN C BLEMISH SERUM 20 ml - Rozja\u015bniaj\u0105ce serum do twarzy z witamin\u0105 C - Selleetools.com","og_description":"ANUA GREEN LEMON VITAMIN C BLEMISH SERUM to serum do twarzy, kt\u00f3re skutecznie rozja\u015bnia przebarwienia i poprawia og\u00f3lny koloryt sk\u00f3ry. Dzi\u0119ki lekkiej formule szybko si\u0119 wch\u0142ania, pozostawiaj\u0105c sk\u00f3r\u0119 nawil\u017con\u0105 i promienn\u0105. Regularne stosowanie serum wspomaga redukcj\u0119 blizn potr\u0105dzikowych i zapobiega powstawaniu nowych przebarwie\u0144. Korzy\u015bci dla sk\u00f3ry: Rozja\u015bnianie przebarwie\u0144: Serum pomaga wyr\u00f3wna\u0107 koloryt sk\u00f3ry i rozja\u015bni\u0107 ... Read moreANUA GREEN LEMON VITAMIN C BLEMISH SERUM 20 ml &#8211; Rozja\u015bniaj\u0105ce serum do twarzy z witamin\u0105 C","og_url":"https:\/\/admincentral.selleetools.com\/product\/anua-green-lemon-vitamin-c-blemish-serum-20-ml-rozjasniajace-serum-do-twarzy-z-witamina-c\/","og_site_name":"Selleetools.com","article_modified_time":"2026-01-25T13:38:58+00:00","og_image":[{"width":450,"height":450,"url":"https:\/\/selleetools.com\/wp-content\/uploads\/2025\/10\/e17af9cb8052b12d034621de456a4489.jpg","type":"image\/jpeg"}],"twitter_card":"summary_large_image","twitter_misc":{"Est. reading time":"1 minuta"},"schema":{"@context":"https:\/\/schema.org","@graph":[{"@type":"Organization","@id":"https:\/\/selleetools.com\/#organization","name":"Selleetools","url":"https:\/\/selleetools.com\/","sameAs":[],"logo":{"@type":"ImageObject","inLanguage":"pl-PL","@id":"https:\/\/selleetools.com\/#\/schema\/logo\/image\/","url":"https:\/\/selleetools.com\/wp-content\/uploads\/2021\/10\/logo-dark.png","contentUrl":"https:\/\/selleetools.com\/wp-content\/uploads\/2021\/10\/logo-dark.png","width":320,"height":76,"caption":"Selleetools"},"image":{"@id":"https:\/\/selleetools.com\/#\/schema\/logo\/image\/"}},{"@type":"WebSite","@id":"https:\/\/selleetools.com\/#website","url":"https:\/\/selleetools.com\/","name":"Selleetools.com","description":"","publisher":{"@id":"https:\/\/selleetools.com\/#organization"},"potentialAction":[{"@type":"SearchAction","target":{"@type":"EntryPoint","urlTemplate":"https:\/\/selleetools.com\/?s={search_term_string}"},"query-input":"required name=search_term_string"}],"inLanguage":"pl-PL"},{"@type":"WebPage","@id":"https:\/\/admincentral.selleetools.com\/product\/anua-green-lemon-vitamin-c-blemish-serum-20-ml-rozjasniajace-serum-do-twarzy-z-witamina-c\/","url":"https:\/\/admincentral.selleetools.com\/product\/anua-green-lemon-vitamin-c-blemish-serum-20-ml-rozjasniajace-serum-do-twarzy-z-witamina-c\/","name":"ANUA GREEN LEMON VITAMIN C BLEMISH SERUM 20 ml - Rozja\u015bniaj\u0105ce serum do twarzy z witamin\u0105 C - Selleetools.com","isPartOf":{"@id":"https:\/\/selleetools.com\/#website"},"datePublished":"2025-10-28T13:40:41+00:00","dateModified":"2026-01-25T13:38:58+00:00","breadcrumb":{"@id":"https:\/\/admincentral.selleetools.com\/product\/anua-green-lemon-vitamin-c-blemish-serum-20-ml-rozjasniajace-serum-do-twarzy-z-witamina-c\/#breadcrumb"},"inLanguage":"pl-PL","potentialAction":[{"@type":"ReadAction","target":["https:\/\/admincentral.selleetools.com\/product\/anua-green-lemon-vitamin-c-blemish-serum-20-ml-rozjasniajace-serum-do-twarzy-z-witamina-c\/"]}]},{"@type":"BreadcrumbList","@id":"https:\/\/admincentral.selleetools.com\/product\/anua-green-lemon-vitamin-c-blemish-serum-20-ml-rozjasniajace-serum-do-twarzy-z-witamina-c\/#breadcrumb","itemListElement":[{"@type":"ListItem","position":1,"name":"Home","item":"https:\/\/selleetools.com\/pl\/"},{"@type":"ListItem","position":2,"name":"Katalog","item":"https:\/\/selleetools.com\/pl\/katalog\/"},{"@type":"ListItem","position":3,"name":"ANUA GREEN LEMON VITAMIN C BLEMISH SERUM 20 ml &#8211; Rozja\u015bniaj\u0105ce serum do twarzy z witamin\u0105 C"}]}]}},"_links":{"self":[{"href":"https:\/\/selleetools.com\/pl\/wp-json\/wp\/v2\/product\/613558"}],"collection":[{"href":"https:\/\/selleetools.com\/pl\/wp-json\/wp\/v2\/product"}],"about":[{"href":"https:\/\/selleetools.com\/pl\/wp-json\/wp\/v2\/types\/product"}],"replies":[{"embeddable":true,"href":"https:\/\/selleetools.com\/pl\/wp-json\/wp\/v2\/comments?post=613558"}],"wp:featuredmedia":[{"embeddable":true,"href":"https:\/\/selleetools.com\/pl\/wp-json\/wp\/v2\/media\/613556"}],"wp:attachment":[{"href":"https:\/\/selleetools.com\/pl\/wp-json\/wp\/v2\/media?parent=613558"}],"curies":[{"name":"wp","href":"https:\/\/api.w.org\/{rel}","templated":true}]}}