{"id":613552,"date":"2025-10-28T14:40:35","date_gmt":"2025-10-28T13:40:35","guid":{"rendered":"https:\/\/selleetools.com\/?post_type=product&#038;p=613552"},"modified":"2025-11-03T17:00:00","modified_gmt":"2025-11-03T16:00:00","slug":"beauty-of-joseon-green-plum-refreshing-toner-aha-bha-150-ml-delikatnie-zluszczajacy-tonik-do-twarzy","status":"publish","type":"product","link":"https:\/\/selleetools.com\/pl\/product\/beauty-of-joseon-green-plum-refreshing-toner-aha-bha-150-ml-delikatnie-zluszczajacy-tonik-do-twarzy\/","title":{"rendered":"Beauty of Joseon Green plum refreshing toner : AHA + BHA, 150 ml &#8211; Delikatnie z\u0142uszczaj\u0105cy tonik do twarzy"},"content":{"rendered":"<p>Beauty of Joseon Green Plum Refreshing Toner AHA BHA to tonik o w\u0142a\u015bciwo\u015bciach oczyszczaj\u0105cych i od\u015bwie\u017caj\u0105cych, stworzony z owoc\u00f3w moreli japo\u0144skiej, kt\u00f3re pomagaj\u0105 w przywr\u00f3ceniu r\u00f3wnowagi sk\u00f3rze. Formu\u0142a zawiera AHA i BHA, kt\u00f3re delikatnie z\u0142uszczaj\u0105 martwy nask\u00f3rek, oczyszczaj\u0105c pory i poprawiaj\u0105c tekstur\u0119 sk\u00f3ry. Dodatkowo, tonik wzbogacony jest o ekstrakty ro\u015blinne, takie jak ekstrakt z melii czy kurkumy, kt\u00f3re wspieraj\u0105 regeneracj\u0119 sk\u00f3ry i zapewniaj\u0105 jej \u015bwie\u017cy wygl\u0105d.<\/p>\n<p>Korzy\u015bci dla sk\u00f3ry:<br \/>\nZ\u0142uszczanie martwego nask\u00f3rka \u2013 AHA i BHA usuwaj\u0105 martwe kom\u00f3rki sk\u00f3ry, pomagaj\u0105c w uzyskaniu g\u0142adkiej i \u015bwie\u017cej cery.<br \/>\nOczyszczanie por\u00f3w \u2013 kwas salicylowy w sk\u0142adzie pomaga w walce z zanieczyszczeniami w porach, zapobiegaj\u0105c ich zatykaniu.<br \/>\nPoprawa tekstury sk\u00f3ry \u2013 regularne stosowanie poprawia struktur\u0119 sk\u00f3ry, sprawiaj\u0105c, \u017ce staje si\u0119 ona bardziej jednolita i promienna.<br \/>\nNawil\u017cenie i od\u017cywienie \u2013 ekstrakty ro\u015blinne od\u017cywiaj\u0105 sk\u00f3r\u0119 i wzmacniaj\u0105 jej naturaln\u0105 barier\u0119 ochronn\u0105.<br \/>\nOd\u015bwie\u017cenie sk\u00f3ry \u2013 tonik daje uczucie ch\u0142odzenia i od\u015bwie\u017cenia, idealny dla sk\u00f3ry wymagaj\u0105cej nawil\u017cenia i oczyszczenia.<\/p>\n<p>Spos\u00f3b u\u017cycia: Po oczyszczeniu twarzy, na\u0142\u00f3\u017c kilka kropli toniku na d\u0142onie i delikatnie wklep w sk\u00f3r\u0119 twarzy i szyi. Alternatywnie, nanie\u015b tonik na wacik i przetrzyj nim sk\u00f3r\u0119 twarzy, zaczynaj\u0105c od \u015brodka twarzy ku zewn\u0119trznym partiom. Stosuj rano i wieczorem, aby uzyska\u0107 najlepsze efekty.<\/p>\n","protected":false},"excerpt":{"rendered":"<p>Beauty of Joseon Green Plum Refreshing Toner AHA BHA to tonik o w\u0142a\u015bciwo\u015bciach oczyszczaj\u0105cych i od\u015bwie\u017caj\u0105cych, stworzony z owoc\u00f3w moreli japo\u0144skiej, kt\u00f3re pomagaj\u0105 w przywr\u00f3ceniu r\u00f3wnowagi sk\u00f3rze. Formu\u0142a zawiera AHA i BHA, kt\u00f3re delikatnie z\u0142uszczaj\u0105 martwy nask\u00f3rek, oczyszczaj\u0105c pory i poprawiaj\u0105c tekstur\u0119 sk\u00f3ry. Dodatkowo, tonik wzbogacony jest o ekstrakty ro\u015blinne, takie jak ekstrakt z melii &#8230; <a title=\"Beauty of Joseon Green plum refreshing toner : AHA + BHA, 150 ml &#8211; Delikatnie z\u0142uszczaj\u0105cy tonik do twarzy\" class=\"read-more\" href=\"https:\/\/selleetools.com\/pl\/product\/beauty-of-joseon-green-plum-refreshing-toner-aha-bha-150-ml-delikatnie-zluszczajacy-tonik-do-twarzy\/\">Read more<span class=\"screen-reader-text\">Beauty of Joseon Green plum refreshing toner : AHA + BHA, 150 ml &#8211; Delikatnie z\u0142uszczaj\u0105cy tonik do twarzy<\/span><\/a><\/p>\n","protected":false},"featured_media":613550,"comment_status":"open","ping_status":"closed","template":"","meta":{"_links_to":"","_links_to_target":""},"yoast_head":"<!-- This site is optimized with the Yoast SEO plugin v19.4 - https:\/\/yoast.com\/wordpress\/plugins\/seo\/ -->\n<title>Beauty of Joseon Green plum refreshing toner : AHA + BHA, 150 ml - Delikatnie z\u0142uszczaj\u0105cy tonik do twarzy - Selleetools.com<\/title>\n<meta name=\"robots\" content=\"index, follow, max-snippet:-1, max-image-preview:large, max-video-preview:-1\" \/>\n<link rel=\"canonical\" href=\"https:\/\/selleetools.com\/pl\/product\/beauty-of-joseon-green-plum-refreshing-toner-aha-bha-150-ml-delikatnie-zluszczajacy-tonik-do-twarzy\/\" \/>\n<meta property=\"og:locale\" content=\"pl_PL\" \/>\n<meta property=\"og:type\" content=\"article\" \/>\n<meta property=\"og:title\" content=\"Beauty of Joseon Green plum refreshing toner : AHA + BHA, 150 ml - Delikatnie z\u0142uszczaj\u0105cy tonik do twarzy - Selleetools.com\" \/>\n<meta property=\"og:description\" content=\"Beauty of Joseon Green Plum Refreshing Toner AHA BHA to tonik o w\u0142a\u015bciwo\u015bciach oczyszczaj\u0105cych i od\u015bwie\u017caj\u0105cych, stworzony z owoc\u00f3w moreli japo\u0144skiej, kt\u00f3re pomagaj\u0105 w przywr\u00f3ceniu r\u00f3wnowagi sk\u00f3rze. Formu\u0142a zawiera AHA i BHA, kt\u00f3re delikatnie z\u0142uszczaj\u0105 martwy nask\u00f3rek, oczyszczaj\u0105c pory i poprawiaj\u0105c tekstur\u0119 sk\u00f3ry. Dodatkowo, tonik wzbogacony jest o ekstrakty ro\u015blinne, takie jak ekstrakt z melii ... Read moreBeauty of Joseon Green plum refreshing toner : AHA + BHA, 150 ml &#8211; Delikatnie z\u0142uszczaj\u0105cy tonik do twarzy\" \/>\n<meta property=\"og:url\" content=\"https:\/\/selleetools.com\/pl\/product\/beauty-of-joseon-green-plum-refreshing-toner-aha-bha-150-ml-delikatnie-zluszczajacy-tonik-do-twarzy\/\" \/>\n<meta property=\"og:site_name\" content=\"Selleetools.com\" \/>\n<meta property=\"article:modified_time\" content=\"2025-11-03T16:00:00+00:00\" \/>\n<meta property=\"og:image\" content=\"https:\/\/selleetools.com\/wp-content\/uploads\/2025\/10\/bcc9e6f907f0ae0c39c6c670e15ef9b8.jpg\" \/>\n\t<meta property=\"og:image:width\" content=\"750\" \/>\n\t<meta property=\"og:image:height\" content=\"750\" \/>\n\t<meta property=\"og:image:type\" content=\"image\/jpeg\" \/>\n<meta name=\"twitter:card\" content=\"summary_large_image\" \/>\n<meta name=\"twitter:label1\" content=\"Est. reading time\" \/>\n\t<meta name=\"twitter:data1\" content=\"1 minuta\" \/>\n<!-- \/ Yoast SEO plugin. -->","yoast_head_json":{"title":"Beauty of Joseon Green plum refreshing toner : AHA + BHA, 150 ml - Delikatnie z\u0142uszczaj\u0105cy tonik do twarzy - Selleetools.com","robots":{"index":"index","follow":"follow","max-snippet":"max-snippet:-1","max-image-preview":"max-image-preview:large","max-video-preview":"max-video-preview:-1"},"canonical":"https:\/\/selleetools.com\/pl\/product\/beauty-of-joseon-green-plum-refreshing-toner-aha-bha-150-ml-delikatnie-zluszczajacy-tonik-do-twarzy\/","og_locale":"pl_PL","og_type":"article","og_title":"Beauty of Joseon Green plum refreshing toner : AHA + BHA, 150 ml - Delikatnie z\u0142uszczaj\u0105cy tonik do twarzy - Selleetools.com","og_description":"Beauty of Joseon Green Plum Refreshing Toner AHA BHA to tonik o w\u0142a\u015bciwo\u015bciach oczyszczaj\u0105cych i od\u015bwie\u017caj\u0105cych, stworzony z owoc\u00f3w moreli japo\u0144skiej, kt\u00f3re pomagaj\u0105 w przywr\u00f3ceniu r\u00f3wnowagi sk\u00f3rze. Formu\u0142a zawiera AHA i BHA, kt\u00f3re delikatnie z\u0142uszczaj\u0105 martwy nask\u00f3rek, oczyszczaj\u0105c pory i poprawiaj\u0105c tekstur\u0119 sk\u00f3ry. Dodatkowo, tonik wzbogacony jest o ekstrakty ro\u015blinne, takie jak ekstrakt z melii ... Read moreBeauty of Joseon Green plum refreshing toner : AHA + BHA, 150 ml &#8211; Delikatnie z\u0142uszczaj\u0105cy tonik do twarzy","og_url":"https:\/\/selleetools.com\/pl\/product\/beauty-of-joseon-green-plum-refreshing-toner-aha-bha-150-ml-delikatnie-zluszczajacy-tonik-do-twarzy\/","og_site_name":"Selleetools.com","article_modified_time":"2025-11-03T16:00:00+00:00","og_image":[{"width":750,"height":750,"url":"https:\/\/selleetools.com\/wp-content\/uploads\/2025\/10\/bcc9e6f907f0ae0c39c6c670e15ef9b8.jpg","type":"image\/jpeg"}],"twitter_card":"summary_large_image","twitter_misc":{"Est. reading time":"1 minuta"},"schema":{"@context":"https:\/\/schema.org","@graph":[{"@type":"Organization","@id":"https:\/\/selleetools.com\/#organization","name":"Selleetools","url":"https:\/\/selleetools.com\/","sameAs":[],"logo":{"@type":"ImageObject","inLanguage":"pl-PL","@id":"https:\/\/selleetools.com\/#\/schema\/logo\/image\/","url":"https:\/\/selleetools.com\/wp-content\/uploads\/2021\/10\/logo-dark.png","contentUrl":"https:\/\/selleetools.com\/wp-content\/uploads\/2021\/10\/logo-dark.png","width":320,"height":76,"caption":"Selleetools"},"image":{"@id":"https:\/\/selleetools.com\/#\/schema\/logo\/image\/"}},{"@type":"WebSite","@id":"https:\/\/selleetools.com\/#website","url":"https:\/\/selleetools.com\/","name":"Selleetools.com","description":"","publisher":{"@id":"https:\/\/selleetools.com\/#organization"},"potentialAction":[{"@type":"SearchAction","target":{"@type":"EntryPoint","urlTemplate":"https:\/\/selleetools.com\/?s={search_term_string}"},"query-input":"required name=search_term_string"}],"inLanguage":"pl-PL"},{"@type":"WebPage","@id":"https:\/\/selleetools.com\/pl\/product\/beauty-of-joseon-green-plum-refreshing-toner-aha-bha-150-ml-delikatnie-zluszczajacy-tonik-do-twarzy\/","url":"https:\/\/selleetools.com\/pl\/product\/beauty-of-joseon-green-plum-refreshing-toner-aha-bha-150-ml-delikatnie-zluszczajacy-tonik-do-twarzy\/","name":"Beauty of Joseon Green plum refreshing toner : AHA + BHA, 150 ml - Delikatnie z\u0142uszczaj\u0105cy tonik do twarzy - Selleetools.com","isPartOf":{"@id":"https:\/\/selleetools.com\/#website"},"datePublished":"2025-10-28T13:40:35+00:00","dateModified":"2025-11-03T16:00:00+00:00","breadcrumb":{"@id":"https:\/\/selleetools.com\/pl\/product\/beauty-of-joseon-green-plum-refreshing-toner-aha-bha-150-ml-delikatnie-zluszczajacy-tonik-do-twarzy\/#breadcrumb"},"inLanguage":"pl-PL","potentialAction":[{"@type":"ReadAction","target":["https:\/\/selleetools.com\/pl\/product\/beauty-of-joseon-green-plum-refreshing-toner-aha-bha-150-ml-delikatnie-zluszczajacy-tonik-do-twarzy\/"]}]},{"@type":"BreadcrumbList","@id":"https:\/\/selleetools.com\/pl\/product\/beauty-of-joseon-green-plum-refreshing-toner-aha-bha-150-ml-delikatnie-zluszczajacy-tonik-do-twarzy\/#breadcrumb","itemListElement":[{"@type":"ListItem","position":1,"name":"Home","item":"https:\/\/selleetools.com\/pl\/"},{"@type":"ListItem","position":2,"name":"Katalog","item":"https:\/\/selleetools.com\/pl\/katalog\/"},{"@type":"ListItem","position":3,"name":"Beauty of Joseon Green plum refreshing toner : AHA + BHA, 150 ml &#8211; Delikatnie z\u0142uszczaj\u0105cy tonik do twarzy"}]}]}},"_links":{"self":[{"href":"https:\/\/selleetools.com\/pl\/wp-json\/wp\/v2\/product\/613552"}],"collection":[{"href":"https:\/\/selleetools.com\/pl\/wp-json\/wp\/v2\/product"}],"about":[{"href":"https:\/\/selleetools.com\/pl\/wp-json\/wp\/v2\/types\/product"}],"replies":[{"embeddable":true,"href":"https:\/\/selleetools.com\/pl\/wp-json\/wp\/v2\/comments?post=613552"}],"wp:featuredmedia":[{"embeddable":true,"href":"https:\/\/selleetools.com\/pl\/wp-json\/wp\/v2\/media\/613550"}],"wp:attachment":[{"href":"https:\/\/selleetools.com\/pl\/wp-json\/wp\/v2\/media?parent=613552"}],"curies":[{"name":"wp","href":"https:\/\/api.w.org\/{rel}","templated":true}]}}