{"id":613549,"date":"2025-10-28T14:40:32","date_gmt":"2025-10-28T13:40:32","guid":{"rendered":"https:\/\/selleetools.com\/?post_type=product&#038;p=613549"},"modified":"2025-12-24T20:12:42","modified_gmt":"2025-12-24T19:12:42","slug":"beauty-of-joseon-ginseng-cleansing-oil-210-ml-luksusowy-olejek-do-demakijazu","status":"publish","type":"product","link":"https:\/\/selleetools.com\/pl\/product\/beauty-of-joseon-ginseng-cleansing-oil-210-ml-luksusowy-olejek-do-demakijazu\/","title":{"rendered":"Beauty of Joseon Ginseng Cleansing Oil, 210 ml &#8211; Luksusowy olejek do demakija\u017cu"},"content":{"rendered":"<p style=\"caret-color: rgb(0, 0, 0); color: rgb(0, 0, 0);\"><font style=\"font-size: 12px;\">Beauty of Joseon Ginseng Cleansing Oil to luksusowy olejek do demakija\u017cu, kt\u00f3ry skutecznie usuwa makija\u017c i zanieczyszczenia, jednocze\u015bnie nawil\u017caj\u0105c i od\u017cywiaj\u0105c sk\u00f3r\u0119. Dzi\u0119ki bogactwu naturalnych sk\u0142adnik\u00f3w, produkt ten pozostawia sk\u00f3r\u0119 czyst\u0105, mi\u0119kk\u0105 i promienn\u0105, zapewniaj\u0105c uczucie \u015bwie\u017co\u015bci i komfortu. Idealny dla wszystkich typ\u00f3w cery, olejek wspomaga regeneracj\u0119 i roz\u015bwietlenie sk\u00f3ry.<\/font><\/p>\n<h4 style=\"caret-color: rgb(0, 0, 0); color: rgb(0, 0, 0);\"><font style=\"font-size: 12px;\">Korzy\u015bci dla sk\u00f3ry<\/font><\/h4>\n<ul style=\"caret-color: rgb(0, 0, 0); color: rgb(0, 0, 0);\">\n<li><font style=\"font-size: 12px;\">Skutecznie usuwa makija\u017c i zanieczyszczenia<\/font><\/li>\n<li><font style=\"font-size: 12px;\">Nawil\u017ca i od\u017cywia sk\u00f3r\u0119<\/font><\/li>\n<li><font style=\"font-size: 12px;\">Poprawia mi\u0119kko\u015b\u0107 i promienno\u015b\u0107 cery<\/font><\/li>\n<\/ul>\n<h4 style=\"caret-color: rgb(0, 0, 0); color: rgb(0, 0, 0);\"><font style=\"font-size: 12px;\">Spos\u00f3b u\u017cycia<\/font><\/h4>\n<ol style=\"caret-color: rgb(0, 0, 0); color: rgb(0, 0, 0);\">\n<li><font style=\"font-size: 12px;\">Nanie\u015b odpowiedni\u0105 ilo\u015b\u0107 olejku na such\u0105 sk\u00f3r\u0119 twarzy.<\/font><\/li>\n<li><font style=\"font-size: 12px;\">Masuj delikatnie kolistymi ruchami, aby rozpu\u015bci\u0107 makija\u017c i zanieczyszczenia.<\/font><\/li>\n<li><font style=\"font-size: 12px;\">Dodaj troch\u0119 wody, aby emulgowa\u0107 olejek, a nast\u0119pnie dok\u0142adnie sp\u0142ucz ciep\u0142\u0105 wod\u0105.<\/font><\/li>\n<\/ol>\n","protected":false},"excerpt":{"rendered":"<p>Beauty of Joseon Ginseng Cleansing Oil to luksusowy olejek do demakija\u017cu, kt\u00f3ry skutecznie usuwa makija\u017c i zanieczyszczenia, jednocze\u015bnie nawil\u017caj\u0105c i od\u017cywiaj\u0105c sk\u00f3r\u0119. Dzi\u0119ki bogactwu naturalnych sk\u0142adnik\u00f3w, produkt ten pozostawia sk\u00f3r\u0119 czyst\u0105, mi\u0119kk\u0105 i promienn\u0105, zapewniaj\u0105c uczucie \u015bwie\u017co\u015bci i komfortu. Idealny dla wszystkich typ\u00f3w cery, olejek wspomaga regeneracj\u0119 i roz\u015bwietlenie sk\u00f3ry. Korzy\u015bci dla sk\u00f3ry Skutecznie usuwa &#8230; <a title=\"Beauty of Joseon Ginseng Cleansing Oil, 210 ml &#8211; Luksusowy olejek do demakija\u017cu\" class=\"read-more\" href=\"https:\/\/selleetools.com\/pl\/product\/beauty-of-joseon-ginseng-cleansing-oil-210-ml-luksusowy-olejek-do-demakijazu\/\">Read more<span class=\"screen-reader-text\">Beauty of Joseon Ginseng Cleansing Oil, 210 ml &#8211; Luksusowy olejek do demakija\u017cu<\/span><\/a><\/p>\n","protected":false},"featured_media":613547,"comment_status":"open","ping_status":"closed","template":"","meta":{"_links_to":"","_links_to_target":""},"yoast_head":"<!-- This site is optimized with the Yoast SEO plugin v19.4 - https:\/\/yoast.com\/wordpress\/plugins\/seo\/ -->\n<title>Beauty of Joseon Ginseng Cleansing Oil, 210 ml - Luksusowy olejek do demakija\u017cu - Selleetools.com<\/title>\n<meta name=\"robots\" content=\"index, follow, max-snippet:-1, max-image-preview:large, max-video-preview:-1\" \/>\n<link rel=\"canonical\" href=\"https:\/\/selleetools.com\/pl\/product\/beauty-of-joseon-ginseng-cleansing-oil-210-ml-luksusowy-olejek-do-demakijazu\/\" \/>\n<meta property=\"og:locale\" content=\"pl_PL\" \/>\n<meta property=\"og:type\" content=\"article\" \/>\n<meta property=\"og:title\" content=\"Beauty of Joseon Ginseng Cleansing Oil, 210 ml - Luksusowy olejek do demakija\u017cu - Selleetools.com\" \/>\n<meta property=\"og:description\" content=\"Beauty of Joseon Ginseng Cleansing Oil to luksusowy olejek do demakija\u017cu, kt\u00f3ry skutecznie usuwa makija\u017c i zanieczyszczenia, jednocze\u015bnie nawil\u017caj\u0105c i od\u017cywiaj\u0105c sk\u00f3r\u0119. Dzi\u0119ki bogactwu naturalnych sk\u0142adnik\u00f3w, produkt ten pozostawia sk\u00f3r\u0119 czyst\u0105, mi\u0119kk\u0105 i promienn\u0105, zapewniaj\u0105c uczucie \u015bwie\u017co\u015bci i komfortu. Idealny dla wszystkich typ\u00f3w cery, olejek wspomaga regeneracj\u0119 i roz\u015bwietlenie sk\u00f3ry. Korzy\u015bci dla sk\u00f3ry Skutecznie usuwa ... Read moreBeauty of Joseon Ginseng Cleansing Oil, 210 ml &#8211; Luksusowy olejek do demakija\u017cu\" \/>\n<meta property=\"og:url\" content=\"https:\/\/selleetools.com\/pl\/product\/beauty-of-joseon-ginseng-cleansing-oil-210-ml-luksusowy-olejek-do-demakijazu\/\" \/>\n<meta property=\"og:site_name\" content=\"Selleetools.com\" \/>\n<meta property=\"article:modified_time\" content=\"2025-12-24T19:12:42+00:00\" \/>\n<meta property=\"og:image\" content=\"https:\/\/selleetools.com\/wp-content\/uploads\/2025\/10\/30ea30a2e36062cd3d0d1cba4306a541.jpg\" \/>\n\t<meta property=\"og:image:width\" content=\"487\" \/>\n\t<meta property=\"og:image:height\" content=\"761\" \/>\n\t<meta property=\"og:image:type\" content=\"image\/jpeg\" \/>\n<meta name=\"twitter:card\" content=\"summary_large_image\" \/>\n<meta name=\"twitter:label1\" content=\"Est. reading time\" \/>\n\t<meta name=\"twitter:data1\" content=\"1 minuta\" \/>\n<!-- \/ Yoast SEO plugin. -->","yoast_head_json":{"title":"Beauty of Joseon Ginseng Cleansing Oil, 210 ml - Luksusowy olejek do demakija\u017cu - Selleetools.com","robots":{"index":"index","follow":"follow","max-snippet":"max-snippet:-1","max-image-preview":"max-image-preview:large","max-video-preview":"max-video-preview:-1"},"canonical":"https:\/\/selleetools.com\/pl\/product\/beauty-of-joseon-ginseng-cleansing-oil-210-ml-luksusowy-olejek-do-demakijazu\/","og_locale":"pl_PL","og_type":"article","og_title":"Beauty of Joseon Ginseng Cleansing Oil, 210 ml - Luksusowy olejek do demakija\u017cu - Selleetools.com","og_description":"Beauty of Joseon Ginseng Cleansing Oil to luksusowy olejek do demakija\u017cu, kt\u00f3ry skutecznie usuwa makija\u017c i zanieczyszczenia, jednocze\u015bnie nawil\u017caj\u0105c i od\u017cywiaj\u0105c sk\u00f3r\u0119. Dzi\u0119ki bogactwu naturalnych sk\u0142adnik\u00f3w, produkt ten pozostawia sk\u00f3r\u0119 czyst\u0105, mi\u0119kk\u0105 i promienn\u0105, zapewniaj\u0105c uczucie \u015bwie\u017co\u015bci i komfortu. Idealny dla wszystkich typ\u00f3w cery, olejek wspomaga regeneracj\u0119 i roz\u015bwietlenie sk\u00f3ry. Korzy\u015bci dla sk\u00f3ry Skutecznie usuwa ... Read moreBeauty of Joseon Ginseng Cleansing Oil, 210 ml &#8211; Luksusowy olejek do demakija\u017cu","og_url":"https:\/\/selleetools.com\/pl\/product\/beauty-of-joseon-ginseng-cleansing-oil-210-ml-luksusowy-olejek-do-demakijazu\/","og_site_name":"Selleetools.com","article_modified_time":"2025-12-24T19:12:42+00:00","og_image":[{"width":487,"height":761,"url":"https:\/\/selleetools.com\/wp-content\/uploads\/2025\/10\/30ea30a2e36062cd3d0d1cba4306a541.jpg","type":"image\/jpeg"}],"twitter_card":"summary_large_image","twitter_misc":{"Est. reading time":"1 minuta"},"schema":{"@context":"https:\/\/schema.org","@graph":[{"@type":"Organization","@id":"https:\/\/selleetools.com\/#organization","name":"Selleetools","url":"https:\/\/selleetools.com\/","sameAs":[],"logo":{"@type":"ImageObject","inLanguage":"pl-PL","@id":"https:\/\/selleetools.com\/#\/schema\/logo\/image\/","url":"https:\/\/selleetools.com\/wp-content\/uploads\/2021\/10\/logo-dark.png","contentUrl":"https:\/\/selleetools.com\/wp-content\/uploads\/2021\/10\/logo-dark.png","width":320,"height":76,"caption":"Selleetools"},"image":{"@id":"https:\/\/selleetools.com\/#\/schema\/logo\/image\/"}},{"@type":"WebSite","@id":"https:\/\/selleetools.com\/#website","url":"https:\/\/selleetools.com\/","name":"Selleetools.com","description":"","publisher":{"@id":"https:\/\/selleetools.com\/#organization"},"potentialAction":[{"@type":"SearchAction","target":{"@type":"EntryPoint","urlTemplate":"https:\/\/selleetools.com\/?s={search_term_string}"},"query-input":"required name=search_term_string"}],"inLanguage":"pl-PL"},{"@type":"WebPage","@id":"https:\/\/selleetools.com\/pl\/product\/beauty-of-joseon-ginseng-cleansing-oil-210-ml-luksusowy-olejek-do-demakijazu\/","url":"https:\/\/selleetools.com\/pl\/product\/beauty-of-joseon-ginseng-cleansing-oil-210-ml-luksusowy-olejek-do-demakijazu\/","name":"Beauty of Joseon Ginseng Cleansing Oil, 210 ml - Luksusowy olejek do demakija\u017cu - Selleetools.com","isPartOf":{"@id":"https:\/\/selleetools.com\/#website"},"datePublished":"2025-10-28T13:40:32+00:00","dateModified":"2025-12-24T19:12:42+00:00","breadcrumb":{"@id":"https:\/\/selleetools.com\/pl\/product\/beauty-of-joseon-ginseng-cleansing-oil-210-ml-luksusowy-olejek-do-demakijazu\/#breadcrumb"},"inLanguage":"pl-PL","potentialAction":[{"@type":"ReadAction","target":["https:\/\/selleetools.com\/pl\/product\/beauty-of-joseon-ginseng-cleansing-oil-210-ml-luksusowy-olejek-do-demakijazu\/"]}]},{"@type":"BreadcrumbList","@id":"https:\/\/selleetools.com\/pl\/product\/beauty-of-joseon-ginseng-cleansing-oil-210-ml-luksusowy-olejek-do-demakijazu\/#breadcrumb","itemListElement":[{"@type":"ListItem","position":1,"name":"Home","item":"https:\/\/selleetools.com\/pl\/"},{"@type":"ListItem","position":2,"name":"Katalog","item":"https:\/\/selleetools.com\/pl\/katalog\/"},{"@type":"ListItem","position":3,"name":"Beauty of Joseon Ginseng Cleansing Oil, 210 ml &#8211; Luksusowy olejek do demakija\u017cu"}]}]}},"_links":{"self":[{"href":"https:\/\/selleetools.com\/pl\/wp-json\/wp\/v2\/product\/613549"}],"collection":[{"href":"https:\/\/selleetools.com\/pl\/wp-json\/wp\/v2\/product"}],"about":[{"href":"https:\/\/selleetools.com\/pl\/wp-json\/wp\/v2\/types\/product"}],"replies":[{"embeddable":true,"href":"https:\/\/selleetools.com\/pl\/wp-json\/wp\/v2\/comments?post=613549"}],"wp:featuredmedia":[{"embeddable":true,"href":"https:\/\/selleetools.com\/pl\/wp-json\/wp\/v2\/media\/613547"}],"wp:attachment":[{"href":"https:\/\/selleetools.com\/pl\/wp-json\/wp\/v2\/media?parent=613549"}],"curies":[{"name":"wp","href":"https:\/\/api.w.org\/{rel}","templated":true}]}}