{"id":613546,"date":"2025-10-28T14:40:29","date_gmt":"2025-10-28T13:40:29","guid":{"rendered":"https:\/\/selleetools.com\/?post_type=product&#038;p=613546"},"modified":"2025-11-04T18:21:46","modified_gmt":"2025-11-04T17:21:46","slug":"marymay-collagen-peptide-vital-mask-30-szt-nawilzajaco-ujedrniajace-maseczki-w-plachcie","status":"publish","type":"product","link":"https:\/\/selleetools.com\/pl\/product\/marymay-collagen-peptide-vital-mask-30-szt-nawilzajaco-ujedrniajace-maseczki-w-plachcie\/","title":{"rendered":"Mary&#038;May Collagen Peptide Vital Mask, 30 szt &#8211; Nawil\u017caj\u0105co-uj\u0119drniaj\u0105ce maseczki w p\u0142achcie"},"content":{"rendered":"<p style=\"caret-color: rgb(0, 0, 0); color: rgb(0, 0, 0);\"><font style=\"font-size: 12px;\">Mary&#038;May Collagen Peptide Vital Mask to zaawansowana maska w p\u0142achcie, kt\u00f3ra oferuje intensywn\u0105 piel\u0119gnacj\u0119 sk\u00f3ry dzi\u0119ki zawarto\u015bci kolagenu i peptyd\u00f3w. Ka\u017cda maska jest nas\u0105czona esencj\u0105, kt\u00f3ra g\u0142\u0119boko nawil\u017ca, regeneruje i uj\u0119drnia sk\u00f3r\u0119, nadaj\u0105c jej m\u0142odszy i zdrowszy wygl\u0105d.<\/font><\/p>\n<h4 style=\"caret-color: rgb(0, 0, 0); color: rgb(0, 0, 0);\"><font style=\"font-size: 12px;\">Korzy\u015bci dla sk\u00f3ry<\/font><\/h4>\n<ul style=\"caret-color: rgb(0, 0, 0); color: rgb(0, 0, 0);\">\n<li><font style=\"font-size: 12px;\"><strong>Nawil\u017cenie i wyg\u0142adzenie<\/strong>: Kwas hialuronowy intensywnie nawil\u017ca sk\u00f3r\u0119, redukuj\u0105c sucho\u015b\u0107 i szorstko\u015b\u0107.<\/font><\/li>\n<li><font style=\"font-size: 12px;\"><strong>Regeneracja i uj\u0119drnienie<\/strong>: Kolagen i peptydy wspomagaj\u0105 regeneracj\u0119 sk\u00f3ry, poprawiaj\u0105c jej elastyczno\u015b\u0107 i j\u0119drno\u015b\u0107.<\/font><\/li>\n<li><font style=\"font-size: 12px;\"><strong>Redukcja zmarszczek<\/strong>: Peptydy pomagaj\u0105 w zmniejszaniu widoczno\u015bci drobnych linii i zmarszczek, nadaj\u0105c sk\u00f3rze m\u0142odszy wygl\u0105d.<\/font><\/li>\n<\/ul>\n<h4 style=\"caret-color: rgb(0, 0, 0); color: rgb(0, 0, 0);\"><font style=\"font-size: 12px;\">Spos\u00f3b u\u017cycia<\/font><\/h4>\n<ol style=\"caret-color: rgb(0, 0, 0); color: rgb(0, 0, 0);\">\n<li><font style=\"font-size: 12px;\"><strong>Przygotowanie sk\u00f3ry<\/strong>: Oczy\u015b\u0107 i osusz twarz przed na\u0142o\u017ceniem maski.<\/font><\/li>\n<li><font style=\"font-size: 12px;\"><strong>Aplikacja<\/strong>: Wyjmij mask\u0119 z opakowania i delikatnie roz\u0142\u00f3\u017c j\u0105 na twarzy, dostosowuj\u0105c do kszta\u0142tu twarzy.<\/font><\/li>\n<li><font style=\"font-size: 12px;\"><strong>Relaks<\/strong>: Pozostaw mask\u0119 na sk\u00f3rze na 10-20 minut, aby sk\u0142adniki aktywne mog\u0142y si\u0119 wch\u0142on\u0105\u0107.<\/font><\/li>\n<li><font style=\"font-size: 12px;\"><strong>Zako\u0144czenie<\/strong>: Po zdj\u0119ciu maski, delikatnie wklep pozosta\u0142\u0105 esencj\u0119 w sk\u00f3r\u0119 do ca\u0142kowitego wch\u0142oni\u0119cia.<\/font><\/li>\n<\/ol>\n<p style=\"caret-color: rgb(0, 0, 0); color: rgb(0, 0, 0);\"><font style=\"font-size: 12px;\">Mary&#038;May Collagen Peptide Vital Mask to doskona\u0142e rozwi\u0105zanie dla os\u00f3b szukaj\u0105cych skutecznej i wygodnej piel\u0119gnacji sk\u00f3ry, kt\u00f3ra zapewni intensywne nawil\u017cenie, regeneracj\u0119 i odm\u0142odzenie cery.<\/font><\/p>\n","protected":false},"excerpt":{"rendered":"<p>Mary&#038;May Collagen Peptide Vital Mask to zaawansowana maska w p\u0142achcie, kt\u00f3ra oferuje intensywn\u0105 piel\u0119gnacj\u0119 sk\u00f3ry dzi\u0119ki zawarto\u015bci kolagenu i peptyd\u00f3w. Ka\u017cda maska jest nas\u0105czona esencj\u0105, kt\u00f3ra g\u0142\u0119boko nawil\u017ca, regeneruje i uj\u0119drnia sk\u00f3r\u0119, nadaj\u0105c jej m\u0142odszy i zdrowszy wygl\u0105d. Korzy\u015bci dla sk\u00f3ry Nawil\u017cenie i wyg\u0142adzenie: Kwas hialuronowy intensywnie nawil\u017ca sk\u00f3r\u0119, redukuj\u0105c sucho\u015b\u0107 i szorstko\u015b\u0107. Regeneracja i &#8230; <a title=\"Mary&#038;May Collagen Peptide Vital Mask, 30 szt &#8211; Nawil\u017caj\u0105co-uj\u0119drniaj\u0105ce maseczki w p\u0142achcie\" class=\"read-more\" href=\"https:\/\/selleetools.com\/pl\/product\/marymay-collagen-peptide-vital-mask-30-szt-nawilzajaco-ujedrniajace-maseczki-w-plachcie\/\">Read more<span class=\"screen-reader-text\">Mary&#038;May Collagen Peptide Vital Mask, 30 szt &#8211; Nawil\u017caj\u0105co-uj\u0119drniaj\u0105ce maseczki w p\u0142achcie<\/span><\/a><\/p>\n","protected":false},"featured_media":613542,"comment_status":"open","ping_status":"closed","template":"","meta":{"_links_to":"","_links_to_target":""},"yoast_head":"<!-- This site is optimized with the Yoast SEO plugin v19.4 - https:\/\/yoast.com\/wordpress\/plugins\/seo\/ -->\n<title>Mary&amp;May Collagen Peptide Vital Mask, 30 szt - Nawil\u017caj\u0105co-uj\u0119drniaj\u0105ce maseczki w p\u0142achcie - Selleetools.com<\/title>\n<meta name=\"robots\" content=\"index, follow, max-snippet:-1, max-image-preview:large, max-video-preview:-1\" \/>\n<link rel=\"canonical\" href=\"https:\/\/selleetools.com\/pl\/product\/marymay-collagen-peptide-vital-mask-30-szt-nawilzajaco-ujedrniajace-maseczki-w-plachcie\/\" \/>\n<meta property=\"og:locale\" content=\"pl_PL\" \/>\n<meta property=\"og:type\" content=\"article\" \/>\n<meta property=\"og:title\" content=\"Mary&amp;May Collagen Peptide Vital Mask, 30 szt - Nawil\u017caj\u0105co-uj\u0119drniaj\u0105ce maseczki w p\u0142achcie - Selleetools.com\" \/>\n<meta property=\"og:description\" content=\"Mary&#038;May Collagen Peptide Vital Mask to zaawansowana maska w p\u0142achcie, kt\u00f3ra oferuje intensywn\u0105 piel\u0119gnacj\u0119 sk\u00f3ry dzi\u0119ki zawarto\u015bci kolagenu i peptyd\u00f3w. Ka\u017cda maska jest nas\u0105czona esencj\u0105, kt\u00f3ra g\u0142\u0119boko nawil\u017ca, regeneruje i uj\u0119drnia sk\u00f3r\u0119, nadaj\u0105c jej m\u0142odszy i zdrowszy wygl\u0105d. Korzy\u015bci dla sk\u00f3ry Nawil\u017cenie i wyg\u0142adzenie: Kwas hialuronowy intensywnie nawil\u017ca sk\u00f3r\u0119, redukuj\u0105c sucho\u015b\u0107 i szorstko\u015b\u0107. Regeneracja i ... Read moreMary&#038;May Collagen Peptide Vital Mask, 30 szt &#8211; Nawil\u017caj\u0105co-uj\u0119drniaj\u0105ce maseczki w p\u0142achcie\" \/>\n<meta property=\"og:url\" content=\"https:\/\/selleetools.com\/pl\/product\/marymay-collagen-peptide-vital-mask-30-szt-nawilzajaco-ujedrniajace-maseczki-w-plachcie\/\" \/>\n<meta property=\"og:site_name\" content=\"Selleetools.com\" \/>\n<meta property=\"article:modified_time\" content=\"2025-11-04T17:21:46+00:00\" \/>\n<meta property=\"og:image\" content=\"https:\/\/selleetools.com\/wp-content\/uploads\/2025\/10\/f3fc364d2d52d7050785993ebd66a179.jpg\" \/>\n\t<meta property=\"og:image:width\" content=\"405\" \/>\n\t<meta property=\"og:image:height\" content=\"405\" \/>\n\t<meta property=\"og:image:type\" content=\"image\/jpeg\" \/>\n<meta name=\"twitter:card\" content=\"summary_large_image\" \/>\n<meta name=\"twitter:label1\" content=\"Est. reading time\" \/>\n\t<meta name=\"twitter:data1\" content=\"1 minuta\" \/>\n<!-- \/ Yoast SEO plugin. -->","yoast_head_json":{"title":"Mary&May Collagen Peptide Vital Mask, 30 szt - Nawil\u017caj\u0105co-uj\u0119drniaj\u0105ce maseczki w p\u0142achcie - Selleetools.com","robots":{"index":"index","follow":"follow","max-snippet":"max-snippet:-1","max-image-preview":"max-image-preview:large","max-video-preview":"max-video-preview:-1"},"canonical":"https:\/\/selleetools.com\/pl\/product\/marymay-collagen-peptide-vital-mask-30-szt-nawilzajaco-ujedrniajace-maseczki-w-plachcie\/","og_locale":"pl_PL","og_type":"article","og_title":"Mary&May Collagen Peptide Vital Mask, 30 szt - Nawil\u017caj\u0105co-uj\u0119drniaj\u0105ce maseczki w p\u0142achcie - Selleetools.com","og_description":"Mary&#038;May Collagen Peptide Vital Mask to zaawansowana maska w p\u0142achcie, kt\u00f3ra oferuje intensywn\u0105 piel\u0119gnacj\u0119 sk\u00f3ry dzi\u0119ki zawarto\u015bci kolagenu i peptyd\u00f3w. Ka\u017cda maska jest nas\u0105czona esencj\u0105, kt\u00f3ra g\u0142\u0119boko nawil\u017ca, regeneruje i uj\u0119drnia sk\u00f3r\u0119, nadaj\u0105c jej m\u0142odszy i zdrowszy wygl\u0105d. Korzy\u015bci dla sk\u00f3ry Nawil\u017cenie i wyg\u0142adzenie: Kwas hialuronowy intensywnie nawil\u017ca sk\u00f3r\u0119, redukuj\u0105c sucho\u015b\u0107 i szorstko\u015b\u0107. Regeneracja i ... Read moreMary&#038;May Collagen Peptide Vital Mask, 30 szt &#8211; Nawil\u017caj\u0105co-uj\u0119drniaj\u0105ce maseczki w p\u0142achcie","og_url":"https:\/\/selleetools.com\/pl\/product\/marymay-collagen-peptide-vital-mask-30-szt-nawilzajaco-ujedrniajace-maseczki-w-plachcie\/","og_site_name":"Selleetools.com","article_modified_time":"2025-11-04T17:21:46+00:00","og_image":[{"width":405,"height":405,"url":"https:\/\/selleetools.com\/wp-content\/uploads\/2025\/10\/f3fc364d2d52d7050785993ebd66a179.jpg","type":"image\/jpeg"}],"twitter_card":"summary_large_image","twitter_misc":{"Est. reading time":"1 minuta"},"schema":{"@context":"https:\/\/schema.org","@graph":[{"@type":"Organization","@id":"https:\/\/selleetools.com\/#organization","name":"Selleetools","url":"https:\/\/selleetools.com\/","sameAs":[],"logo":{"@type":"ImageObject","inLanguage":"pl-PL","@id":"https:\/\/selleetools.com\/#\/schema\/logo\/image\/","url":"https:\/\/selleetools.com\/wp-content\/uploads\/2021\/10\/logo-dark.png","contentUrl":"https:\/\/selleetools.com\/wp-content\/uploads\/2021\/10\/logo-dark.png","width":320,"height":76,"caption":"Selleetools"},"image":{"@id":"https:\/\/selleetools.com\/#\/schema\/logo\/image\/"}},{"@type":"WebSite","@id":"https:\/\/selleetools.com\/#website","url":"https:\/\/selleetools.com\/","name":"Selleetools.com","description":"","publisher":{"@id":"https:\/\/selleetools.com\/#organization"},"potentialAction":[{"@type":"SearchAction","target":{"@type":"EntryPoint","urlTemplate":"https:\/\/selleetools.com\/?s={search_term_string}"},"query-input":"required name=search_term_string"}],"inLanguage":"pl-PL"},{"@type":"WebPage","@id":"https:\/\/selleetools.com\/pl\/product\/marymay-collagen-peptide-vital-mask-30-szt-nawilzajaco-ujedrniajace-maseczki-w-plachcie\/","url":"https:\/\/selleetools.com\/pl\/product\/marymay-collagen-peptide-vital-mask-30-szt-nawilzajaco-ujedrniajace-maseczki-w-plachcie\/","name":"Mary&May Collagen Peptide Vital Mask, 30 szt - Nawil\u017caj\u0105co-uj\u0119drniaj\u0105ce maseczki w p\u0142achcie - Selleetools.com","isPartOf":{"@id":"https:\/\/selleetools.com\/#website"},"datePublished":"2025-10-28T13:40:29+00:00","dateModified":"2025-11-04T17:21:46+00:00","breadcrumb":{"@id":"https:\/\/selleetools.com\/pl\/product\/marymay-collagen-peptide-vital-mask-30-szt-nawilzajaco-ujedrniajace-maseczki-w-plachcie\/#breadcrumb"},"inLanguage":"pl-PL","potentialAction":[{"@type":"ReadAction","target":["https:\/\/selleetools.com\/pl\/product\/marymay-collagen-peptide-vital-mask-30-szt-nawilzajaco-ujedrniajace-maseczki-w-plachcie\/"]}]},{"@type":"BreadcrumbList","@id":"https:\/\/selleetools.com\/pl\/product\/marymay-collagen-peptide-vital-mask-30-szt-nawilzajaco-ujedrniajace-maseczki-w-plachcie\/#breadcrumb","itemListElement":[{"@type":"ListItem","position":1,"name":"Home","item":"https:\/\/selleetools.com\/pl\/"},{"@type":"ListItem","position":2,"name":"Katalog","item":"https:\/\/selleetools.com\/pl\/katalog\/"},{"@type":"ListItem","position":3,"name":"Mary&#038;May Collagen Peptide Vital Mask, 30 szt &#8211; Nawil\u017caj\u0105co-uj\u0119drniaj\u0105ce maseczki w p\u0142achcie"}]}]}},"_links":{"self":[{"href":"https:\/\/selleetools.com\/pl\/wp-json\/wp\/v2\/product\/613546"}],"collection":[{"href":"https:\/\/selleetools.com\/pl\/wp-json\/wp\/v2\/product"}],"about":[{"href":"https:\/\/selleetools.com\/pl\/wp-json\/wp\/v2\/types\/product"}],"replies":[{"embeddable":true,"href":"https:\/\/selleetools.com\/pl\/wp-json\/wp\/v2\/comments?post=613546"}],"wp:featuredmedia":[{"embeddable":true,"href":"https:\/\/selleetools.com\/pl\/wp-json\/wp\/v2\/media\/613542"}],"wp:attachment":[{"href":"https:\/\/selleetools.com\/pl\/wp-json\/wp\/v2\/media?parent=613546"}],"curies":[{"name":"wp","href":"https:\/\/api.w.org\/{rel}","templated":true}]}}