{"id":613541,"date":"2025-10-28T14:40:26","date_gmt":"2025-10-28T13:40:26","guid":{"rendered":"https:\/\/selleetools.com\/?post_type=product&#038;p=613541"},"modified":"2025-12-26T16:23:36","modified_gmt":"2025-12-26T15:23:36","slug":"pyunkang-yul-deep-clear-cleansing-balm-100-ml-gleboko-oczyszczajacy-balsam-do-demakijazu","status":"publish","type":"product","link":"https:\/\/selleetools.com\/pl\/product\/pyunkang-yul-deep-clear-cleansing-balm-100-ml-gleboko-oczyszczajacy-balsam-do-demakijazu\/","title":{"rendered":"Pyunkang Yul Deep Clear Cleansing Balm 100 ml &#8211; G\u0142\u0119boko oczyszczaj\u0105cy balsam do demakija\u017cu"},"content":{"rendered":"<p>Pyunkang Yul Deep Clear Cleansing Balm to luksusowy, korea\u0144ski kosmetyk do codziennego oczyszczania sk\u00f3ry twarzy. Balsam ten zosta\u0142 stworzony z my\u015bl\u0105 o dok\u0142adnym, ale delikatnym usuwaniu makija\u017cu, zanieczyszcze\u0144 oraz nadmiaru sebum, pozostawiaj\u0105c sk\u00f3r\u0119 \u015bwie\u017c\u0105, czyst\u0105 i dobrze nawil\u017con\u0105.<\/p>\n<p>Korzy\u015bci dla sk\u00f3ry:<br \/>\nG\u0142\u0119bokie oczyszczenie: Sk\u0142adniki balsamu skutecznie usuwaj\u0105 wszelkie zanieczyszczenia, w tym makija\u017c wodoodporny, zanieczyszczenia miejskie i nadmiar sebum.<br \/>\nNawil\u017cenie i od\u017cywienie: Dzi\u0119ki zawarto\u015bci naturalnych olej\u00f3w i ekstrakt\u00f3w ro\u015blinnych, balsam nie tylko oczyszcza, ale r\u00f3wnie\u017c nawil\u017ca sk\u00f3r\u0119, zapobiegaj\u0105c uczuciu sucho\u015bci i \u015bci\u0105gni\u0119cia.<br \/>\nDelikatno\u015b\u0107: Formu\u0142a balsamu jest odpowiednia nawet dla wra\u017cliwej sk\u00f3ry, nie powoduje podra\u017cnie\u0144 ani zaczerwienie\u0144.<br \/>\nOchrona bariery sk\u00f3rnej: Pomaga utrzyma\u0107 zdrow\u0105 barier\u0119 ochronn\u0105 sk\u00f3ry, wspomagaj\u0105c jej naturaln\u0105 zdolno\u015b\u0107 do regeneracji i ochrony przed czynnikami zewn\u0119trznymi.<\/p>\n<p>Spos\u00f3b u\u017cycia:<br \/>\nAplikacja: Na\u0142\u00f3\u017c niewielk\u0105 ilo\u015b\u0107 balsamu na suche d\u0142onie.<br \/>\nMasowanie: Delikatnie wmasuj balsam w such\u0105 sk\u00f3r\u0119 twarzy, koncentruj\u0105c si\u0119 na obszarach z makija\u017cem i zanieczyszczeniami.<br \/>\nEmulgacja: Zwil\u017c d\u0142onie ciep\u0142\u0105 wod\u0105 i kontynuuj masowanie, a\u017c balsam zamieni si\u0119 w mleczn\u0105 emulsj\u0119.<br \/>\nSp\u0142ukiwanie: Dok\u0142adnie sp\u0142ucz twarz ciep\u0142\u0105 wod\u0105, a nast\u0119pnie kontynuuj swoj\u0105 rutyn\u0119 piel\u0119gnacyjn\u0105.<\/p>\n<p>Pyunkang Yul Deep Clear Cleansing Balm to idealny pierwszy krok w Twojej codziennej piel\u0119gnacji, zapewniaj\u0105c sk\u00f3rze czysto\u015b\u0107 i \u015bwie\u017co\u015b\u0107 bez kompromis\u00f3w na jej zdrowiu i komforcie.<\/p>\n","protected":false},"excerpt":{"rendered":"<p>Pyunkang Yul Deep Clear Cleansing Balm to luksusowy, korea\u0144ski kosmetyk do codziennego oczyszczania sk\u00f3ry twarzy. Balsam ten zosta\u0142 stworzony z my\u015bl\u0105 o dok\u0142adnym, ale delikatnym usuwaniu makija\u017cu, zanieczyszcze\u0144 oraz nadmiaru sebum, pozostawiaj\u0105c sk\u00f3r\u0119 \u015bwie\u017c\u0105, czyst\u0105 i dobrze nawil\u017con\u0105. Korzy\u015bci dla sk\u00f3ry: G\u0142\u0119bokie oczyszczenie: Sk\u0142adniki balsamu skutecznie usuwaj\u0105 wszelkie zanieczyszczenia, w tym makija\u017c wodoodporny, zanieczyszczenia miejskie &#8230; <a title=\"Pyunkang Yul Deep Clear Cleansing Balm 100 ml &#8211; G\u0142\u0119boko oczyszczaj\u0105cy balsam do demakija\u017cu\" class=\"read-more\" href=\"https:\/\/selleetools.com\/pl\/product\/pyunkang-yul-deep-clear-cleansing-balm-100-ml-gleboko-oczyszczajacy-balsam-do-demakijazu\/\">Read more<span class=\"screen-reader-text\">Pyunkang Yul Deep Clear Cleansing Balm 100 ml &#8211; G\u0142\u0119boko oczyszczaj\u0105cy balsam do demakija\u017cu<\/span><\/a><\/p>\n","protected":false},"featured_media":613539,"comment_status":"open","ping_status":"closed","template":"","meta":{"_links_to":"","_links_to_target":""},"yoast_head":"<!-- This site is optimized with the Yoast SEO plugin v19.4 - https:\/\/yoast.com\/wordpress\/plugins\/seo\/ -->\n<title>Pyunkang Yul Deep Clear Cleansing Balm 100 ml - G\u0142\u0119boko oczyszczaj\u0105cy balsam do demakija\u017cu - Selleetools.com<\/title>\n<meta name=\"robots\" content=\"index, follow, max-snippet:-1, max-image-preview:large, max-video-preview:-1\" \/>\n<link rel=\"canonical\" href=\"https:\/\/admincentral.selleetools.com\/pl\/product\/pyunkang-yul-deep-clear-cleansing-balm-100-ml-gleboko-oczyszczajacy-balsam-do-demakijazu\/\" \/>\n<meta property=\"og:locale\" content=\"pl_PL\" \/>\n<meta property=\"og:type\" content=\"article\" \/>\n<meta property=\"og:title\" content=\"Pyunkang Yul Deep Clear Cleansing Balm 100 ml - G\u0142\u0119boko oczyszczaj\u0105cy balsam do demakija\u017cu - Selleetools.com\" \/>\n<meta property=\"og:description\" content=\"Pyunkang Yul Deep Clear Cleansing Balm to luksusowy, korea\u0144ski kosmetyk do codziennego oczyszczania sk\u00f3ry twarzy. Balsam ten zosta\u0142 stworzony z my\u015bl\u0105 o dok\u0142adnym, ale delikatnym usuwaniu makija\u017cu, zanieczyszcze\u0144 oraz nadmiaru sebum, pozostawiaj\u0105c sk\u00f3r\u0119 \u015bwie\u017c\u0105, czyst\u0105 i dobrze nawil\u017con\u0105. Korzy\u015bci dla sk\u00f3ry: G\u0142\u0119bokie oczyszczenie: Sk\u0142adniki balsamu skutecznie usuwaj\u0105 wszelkie zanieczyszczenia, w tym makija\u017c wodoodporny, zanieczyszczenia miejskie ... Read morePyunkang Yul Deep Clear Cleansing Balm 100 ml &#8211; G\u0142\u0119boko oczyszczaj\u0105cy balsam do demakija\u017cu\" \/>\n<meta property=\"og:url\" content=\"https:\/\/admincentral.selleetools.com\/pl\/product\/pyunkang-yul-deep-clear-cleansing-balm-100-ml-gleboko-oczyszczajacy-balsam-do-demakijazu\/\" \/>\n<meta property=\"og:site_name\" content=\"Selleetools.com\" \/>\n<meta property=\"article:modified_time\" content=\"2025-12-26T15:23:36+00:00\" \/>\n<meta property=\"og:image\" content=\"https:\/\/selleetools.com\/wp-content\/uploads\/2025\/10\/e3269245e0b7321300c4a2f92e550c57.jpg\" \/>\n\t<meta property=\"og:image:width\" content=\"650\" \/>\n\t<meta property=\"og:image:height\" content=\"650\" \/>\n\t<meta property=\"og:image:type\" content=\"image\/jpeg\" \/>\n<meta name=\"twitter:card\" content=\"summary_large_image\" \/>\n<meta name=\"twitter:label1\" content=\"Est. reading time\" \/>\n\t<meta name=\"twitter:data1\" content=\"1 minuta\" \/>\n<!-- \/ Yoast SEO plugin. -->","yoast_head_json":{"title":"Pyunkang Yul Deep Clear Cleansing Balm 100 ml - G\u0142\u0119boko oczyszczaj\u0105cy balsam do demakija\u017cu - Selleetools.com","robots":{"index":"index","follow":"follow","max-snippet":"max-snippet:-1","max-image-preview":"max-image-preview:large","max-video-preview":"max-video-preview:-1"},"canonical":"https:\/\/admincentral.selleetools.com\/pl\/product\/pyunkang-yul-deep-clear-cleansing-balm-100-ml-gleboko-oczyszczajacy-balsam-do-demakijazu\/","og_locale":"pl_PL","og_type":"article","og_title":"Pyunkang Yul Deep Clear Cleansing Balm 100 ml - G\u0142\u0119boko oczyszczaj\u0105cy balsam do demakija\u017cu - Selleetools.com","og_description":"Pyunkang Yul Deep Clear Cleansing Balm to luksusowy, korea\u0144ski kosmetyk do codziennego oczyszczania sk\u00f3ry twarzy. Balsam ten zosta\u0142 stworzony z my\u015bl\u0105 o dok\u0142adnym, ale delikatnym usuwaniu makija\u017cu, zanieczyszcze\u0144 oraz nadmiaru sebum, pozostawiaj\u0105c sk\u00f3r\u0119 \u015bwie\u017c\u0105, czyst\u0105 i dobrze nawil\u017con\u0105. Korzy\u015bci dla sk\u00f3ry: G\u0142\u0119bokie oczyszczenie: Sk\u0142adniki balsamu skutecznie usuwaj\u0105 wszelkie zanieczyszczenia, w tym makija\u017c wodoodporny, zanieczyszczenia miejskie ... Read morePyunkang Yul Deep Clear Cleansing Balm 100 ml &#8211; G\u0142\u0119boko oczyszczaj\u0105cy balsam do demakija\u017cu","og_url":"https:\/\/admincentral.selleetools.com\/pl\/product\/pyunkang-yul-deep-clear-cleansing-balm-100-ml-gleboko-oczyszczajacy-balsam-do-demakijazu\/","og_site_name":"Selleetools.com","article_modified_time":"2025-12-26T15:23:36+00:00","og_image":[{"width":650,"height":650,"url":"https:\/\/selleetools.com\/wp-content\/uploads\/2025\/10\/e3269245e0b7321300c4a2f92e550c57.jpg","type":"image\/jpeg"}],"twitter_card":"summary_large_image","twitter_misc":{"Est. reading time":"1 minuta"},"schema":{"@context":"https:\/\/schema.org","@graph":[{"@type":"Organization","@id":"https:\/\/selleetools.com\/#organization","name":"Selleetools","url":"https:\/\/selleetools.com\/","sameAs":[],"logo":{"@type":"ImageObject","inLanguage":"pl-PL","@id":"https:\/\/selleetools.com\/#\/schema\/logo\/image\/","url":"https:\/\/selleetools.com\/wp-content\/uploads\/2021\/10\/logo-dark.png","contentUrl":"https:\/\/selleetools.com\/wp-content\/uploads\/2021\/10\/logo-dark.png","width":320,"height":76,"caption":"Selleetools"},"image":{"@id":"https:\/\/selleetools.com\/#\/schema\/logo\/image\/"}},{"@type":"WebSite","@id":"https:\/\/selleetools.com\/#website","url":"https:\/\/selleetools.com\/","name":"Selleetools.com","description":"","publisher":{"@id":"https:\/\/selleetools.com\/#organization"},"potentialAction":[{"@type":"SearchAction","target":{"@type":"EntryPoint","urlTemplate":"https:\/\/selleetools.com\/?s={search_term_string}"},"query-input":"required name=search_term_string"}],"inLanguage":"pl-PL"},{"@type":"WebPage","@id":"https:\/\/admincentral.selleetools.com\/pl\/product\/pyunkang-yul-deep-clear-cleansing-balm-100-ml-gleboko-oczyszczajacy-balsam-do-demakijazu\/","url":"https:\/\/admincentral.selleetools.com\/pl\/product\/pyunkang-yul-deep-clear-cleansing-balm-100-ml-gleboko-oczyszczajacy-balsam-do-demakijazu\/","name":"Pyunkang Yul Deep Clear Cleansing Balm 100 ml - G\u0142\u0119boko oczyszczaj\u0105cy balsam do demakija\u017cu - Selleetools.com","isPartOf":{"@id":"https:\/\/selleetools.com\/#website"},"datePublished":"2025-10-28T13:40:26+00:00","dateModified":"2025-12-26T15:23:36+00:00","breadcrumb":{"@id":"https:\/\/admincentral.selleetools.com\/pl\/product\/pyunkang-yul-deep-clear-cleansing-balm-100-ml-gleboko-oczyszczajacy-balsam-do-demakijazu\/#breadcrumb"},"inLanguage":"pl-PL","potentialAction":[{"@type":"ReadAction","target":["https:\/\/admincentral.selleetools.com\/pl\/product\/pyunkang-yul-deep-clear-cleansing-balm-100-ml-gleboko-oczyszczajacy-balsam-do-demakijazu\/"]}]},{"@type":"BreadcrumbList","@id":"https:\/\/admincentral.selleetools.com\/pl\/product\/pyunkang-yul-deep-clear-cleansing-balm-100-ml-gleboko-oczyszczajacy-balsam-do-demakijazu\/#breadcrumb","itemListElement":[{"@type":"ListItem","position":1,"name":"Home","item":"https:\/\/selleetools.com\/pl\/"},{"@type":"ListItem","position":2,"name":"Katalog","item":"https:\/\/selleetools.com\/pl\/katalog\/"},{"@type":"ListItem","position":3,"name":"Pyunkang Yul Deep Clear Cleansing Balm 100 ml &#8211; G\u0142\u0119boko oczyszczaj\u0105cy balsam do demakija\u017cu"}]}]}},"_links":{"self":[{"href":"https:\/\/selleetools.com\/pl\/wp-json\/wp\/v2\/product\/613541"}],"collection":[{"href":"https:\/\/selleetools.com\/pl\/wp-json\/wp\/v2\/product"}],"about":[{"href":"https:\/\/selleetools.com\/pl\/wp-json\/wp\/v2\/types\/product"}],"replies":[{"embeddable":true,"href":"https:\/\/selleetools.com\/pl\/wp-json\/wp\/v2\/comments?post=613541"}],"wp:featuredmedia":[{"embeddable":true,"href":"https:\/\/selleetools.com\/pl\/wp-json\/wp\/v2\/media\/613539"}],"wp:attachment":[{"href":"https:\/\/selleetools.com\/pl\/wp-json\/wp\/v2\/media?parent=613541"}],"curies":[{"name":"wp","href":"https:\/\/api.w.org\/{rel}","templated":true}]}}