{"id":610842,"date":"2025-10-24T14:57:08","date_gmt":"2025-10-24T12:57:08","guid":{"rendered":"https:\/\/selleetools.com\/?post_type=product&#038;p=610842"},"modified":"2025-11-04T18:21:02","modified_gmt":"2025-11-04T17:21:02","slug":"vt-cosmetics-vita-light-reedle-shot-100-50ml-serum-rozjasniajace","status":"publish","type":"product","link":"https:\/\/selleetools.com\/pl\/product\/vt-cosmetics-vita-light-reedle-shot-100-50ml-serum-rozjasniajace\/","title":{"rendered":"VT Cosmetics Vita-Light Reedle Shot 100, 50ml &#8211; serum rozja\u015bniaj\u0105ce"},"content":{"rendered":"<p>VT Cosmetics Vita-Light Reedle Shot 100 to innowacyjna, roz\u015bwietlaj\u0105ca esencja z mikroigie\u0142kami CICA REEDLE\u2122, kt\u00f3re wspomagaj\u0105 przenikanie sk\u0142adnik\u00f3w aktywnych w g\u0142\u0105b sk\u00f3ry. Formu\u0142a \u0142\u0105czy moc czystej witaminy C, niacynamidu (5%), witamin\u0105 E i kompleksem CICAHYALON\u2122, zapewniaj\u0105c intensywne rozja\u015bnienie, wyg\u0142adzenie oraz popraw\u0119 elastyczno\u015bci cery. Produkt pomaga zredukowa\u0107 przebarwienia, przywraca sk\u00f3rze promienny wygl\u0105d i wspiera jej regeneracj\u0119.<\/p>\n<p>Korzy\u015bci dla sk\u00f3ry:<br \/>\nWidocznie rozja\u015bnia, ujednolica koloryt i dodaje blasku.<br \/>\nWspomaga regeneracj\u0119 i wyg\u0142adza struktur\u0119 sk\u00f3ry.<br \/>\nWzmacnia barier\u0119 hydrolipidow\u0105 i zapewnia nawil\u017cenie.<br \/>\nMikroigie\u0142ki CICA REEDLE\u2122 stymuluj\u0105 mikrokr\u0105\u017cenie i u\u0142atwiaj\u0105 wch\u0142anianie sk\u0142adnik\u00f3w od\u017cywczych.<\/p>\n<p>Spos\u00f3b u\u017cycia<br \/>\nStosuj wieczorem jako pierwszy krok piel\u0119gnacji po oczyszczeniu twarzy.<br \/>\nNa\u0142\u00f3\u017c niewielk\u0105 ilo\u015b\u0107 produktu na sk\u00f3r\u0119 i delikatnie wklep d\u0142oni\u0105.<br \/>\nPo wch\u0142oni\u0119ciu zastosuj krem nawil\u017caj\u0105cy.<br \/>\nW przypadku delikatnego mrowienia \u2013 jest to naturalny efekt dzia\u0142ania mikronak\u0142u\u0107.<br \/>\nNie u\u017cywaj z urz\u0105dzeniami kosmetycznymi (LED, masa\u017cery) ani bezpo\u015brednio po zabiegach dermatologicznych. Unikaj kontaktu z oczami. Rano stosuj krem z filtrem SPF.<\/p>\n","protected":false},"excerpt":{"rendered":"<p>VT Cosmetics Vita-Light Reedle Shot 100 to innowacyjna, roz\u015bwietlaj\u0105ca esencja z mikroigie\u0142kami CICA REEDLE\u2122, kt\u00f3re wspomagaj\u0105 przenikanie sk\u0142adnik\u00f3w aktywnych w g\u0142\u0105b sk\u00f3ry. Formu\u0142a \u0142\u0105czy moc czystej witaminy C, niacynamidu (5%), witamin\u0105 E i kompleksem CICAHYALON\u2122, zapewniaj\u0105c intensywne rozja\u015bnienie, wyg\u0142adzenie oraz popraw\u0119 elastyczno\u015bci cery. Produkt pomaga zredukowa\u0107 przebarwienia, przywraca sk\u00f3rze promienny wygl\u0105d i wspiera jej regeneracj\u0119. &#8230; <a title=\"VT Cosmetics Vita-Light Reedle Shot 100, 50ml &#8211; serum rozja\u015bniaj\u0105ce\" class=\"read-more\" href=\"https:\/\/selleetools.com\/pl\/product\/vt-cosmetics-vita-light-reedle-shot-100-50ml-serum-rozjasniajace\/\">Read more<span class=\"screen-reader-text\">VT Cosmetics Vita-Light Reedle Shot 100, 50ml &#8211; serum rozja\u015bniaj\u0105ce<\/span><\/a><\/p>\n","protected":false},"featured_media":610840,"comment_status":"open","ping_status":"closed","template":"","meta":{"_links_to":"","_links_to_target":""},"yoast_head":"<!-- This site is optimized with the Yoast SEO plugin v19.4 - https:\/\/yoast.com\/wordpress\/plugins\/seo\/ -->\n<title>VT Cosmetics Vita-Light Reedle Shot 100, 50ml - serum rozja\u015bniaj\u0105ce - Selleetools.com<\/title>\n<meta name=\"robots\" content=\"index, follow, max-snippet:-1, max-image-preview:large, max-video-preview:-1\" \/>\n<link rel=\"canonical\" href=\"https:\/\/selleetools.com\/pl\/product\/vt-cosmetics-vita-light-reedle-shot-100-50ml-serum-rozjasniajace\/\" \/>\n<meta property=\"og:locale\" content=\"pl_PL\" \/>\n<meta property=\"og:type\" content=\"article\" \/>\n<meta property=\"og:title\" content=\"VT Cosmetics Vita-Light Reedle Shot 100, 50ml - serum rozja\u015bniaj\u0105ce - Selleetools.com\" \/>\n<meta property=\"og:description\" content=\"VT Cosmetics Vita-Light Reedle Shot 100 to innowacyjna, roz\u015bwietlaj\u0105ca esencja z mikroigie\u0142kami CICA REEDLE\u2122, kt\u00f3re wspomagaj\u0105 przenikanie sk\u0142adnik\u00f3w aktywnych w g\u0142\u0105b sk\u00f3ry. Formu\u0142a \u0142\u0105czy moc czystej witaminy C, niacynamidu (5%), witamin\u0105 E i kompleksem CICAHYALON\u2122, zapewniaj\u0105c intensywne rozja\u015bnienie, wyg\u0142adzenie oraz popraw\u0119 elastyczno\u015bci cery. Produkt pomaga zredukowa\u0107 przebarwienia, przywraca sk\u00f3rze promienny wygl\u0105d i wspiera jej regeneracj\u0119. ... Read moreVT Cosmetics Vita-Light Reedle Shot 100, 50ml &#8211; serum rozja\u015bniaj\u0105ce\" \/>\n<meta property=\"og:url\" content=\"https:\/\/selleetools.com\/pl\/product\/vt-cosmetics-vita-light-reedle-shot-100-50ml-serum-rozjasniajace\/\" \/>\n<meta property=\"og:site_name\" content=\"Selleetools.com\" \/>\n<meta property=\"article:modified_time\" content=\"2025-11-04T17:21:02+00:00\" \/>\n<meta property=\"og:image\" content=\"https:\/\/selleetools.com\/wp-content\/uploads\/2025\/10\/6eb3df865bb2d4cd4ead4b8aa32f1149.png\" \/>\n\t<meta property=\"og:image:width\" content=\"1200\" \/>\n\t<meta property=\"og:image:height\" content=\"1200\" \/>\n\t<meta property=\"og:image:type\" content=\"image\/png\" \/>\n<meta name=\"twitter:card\" content=\"summary_large_image\" \/>\n<meta name=\"twitter:label1\" content=\"Est. reading time\" \/>\n\t<meta name=\"twitter:data1\" content=\"1 minuta\" \/>\n<!-- \/ Yoast SEO plugin. -->","yoast_head_json":{"title":"VT Cosmetics Vita-Light Reedle Shot 100, 50ml - serum rozja\u015bniaj\u0105ce - Selleetools.com","robots":{"index":"index","follow":"follow","max-snippet":"max-snippet:-1","max-image-preview":"max-image-preview:large","max-video-preview":"max-video-preview:-1"},"canonical":"https:\/\/selleetools.com\/pl\/product\/vt-cosmetics-vita-light-reedle-shot-100-50ml-serum-rozjasniajace\/","og_locale":"pl_PL","og_type":"article","og_title":"VT Cosmetics Vita-Light Reedle Shot 100, 50ml - serum rozja\u015bniaj\u0105ce - Selleetools.com","og_description":"VT Cosmetics Vita-Light Reedle Shot 100 to innowacyjna, roz\u015bwietlaj\u0105ca esencja z mikroigie\u0142kami CICA REEDLE\u2122, kt\u00f3re wspomagaj\u0105 przenikanie sk\u0142adnik\u00f3w aktywnych w g\u0142\u0105b sk\u00f3ry. Formu\u0142a \u0142\u0105czy moc czystej witaminy C, niacynamidu (5%), witamin\u0105 E i kompleksem CICAHYALON\u2122, zapewniaj\u0105c intensywne rozja\u015bnienie, wyg\u0142adzenie oraz popraw\u0119 elastyczno\u015bci cery. Produkt pomaga zredukowa\u0107 przebarwienia, przywraca sk\u00f3rze promienny wygl\u0105d i wspiera jej regeneracj\u0119. ... Read moreVT Cosmetics Vita-Light Reedle Shot 100, 50ml &#8211; serum rozja\u015bniaj\u0105ce","og_url":"https:\/\/selleetools.com\/pl\/product\/vt-cosmetics-vita-light-reedle-shot-100-50ml-serum-rozjasniajace\/","og_site_name":"Selleetools.com","article_modified_time":"2025-11-04T17:21:02+00:00","og_image":[{"width":1200,"height":1200,"url":"https:\/\/selleetools.com\/wp-content\/uploads\/2025\/10\/6eb3df865bb2d4cd4ead4b8aa32f1149.png","type":"image\/png"}],"twitter_card":"summary_large_image","twitter_misc":{"Est. reading time":"1 minuta"},"schema":{"@context":"https:\/\/schema.org","@graph":[{"@type":"Organization","@id":"https:\/\/selleetools.com\/#organization","name":"Selleetools","url":"https:\/\/selleetools.com\/","sameAs":[],"logo":{"@type":"ImageObject","inLanguage":"pl-PL","@id":"https:\/\/selleetools.com\/#\/schema\/logo\/image\/","url":"https:\/\/selleetools.com\/wp-content\/uploads\/2021\/10\/logo-dark.png","contentUrl":"https:\/\/selleetools.com\/wp-content\/uploads\/2021\/10\/logo-dark.png","width":320,"height":76,"caption":"Selleetools"},"image":{"@id":"https:\/\/selleetools.com\/#\/schema\/logo\/image\/"}},{"@type":"WebSite","@id":"https:\/\/selleetools.com\/#website","url":"https:\/\/selleetools.com\/","name":"Selleetools.com","description":"","publisher":{"@id":"https:\/\/selleetools.com\/#organization"},"potentialAction":[{"@type":"SearchAction","target":{"@type":"EntryPoint","urlTemplate":"https:\/\/selleetools.com\/?s={search_term_string}"},"query-input":"required name=search_term_string"}],"inLanguage":"pl-PL"},{"@type":"WebPage","@id":"https:\/\/selleetools.com\/pl\/product\/vt-cosmetics-vita-light-reedle-shot-100-50ml-serum-rozjasniajace\/","url":"https:\/\/selleetools.com\/pl\/product\/vt-cosmetics-vita-light-reedle-shot-100-50ml-serum-rozjasniajace\/","name":"VT Cosmetics Vita-Light Reedle Shot 100, 50ml - serum rozja\u015bniaj\u0105ce - Selleetools.com","isPartOf":{"@id":"https:\/\/selleetools.com\/#website"},"datePublished":"2025-10-24T12:57:08+00:00","dateModified":"2025-11-04T17:21:02+00:00","breadcrumb":{"@id":"https:\/\/selleetools.com\/pl\/product\/vt-cosmetics-vita-light-reedle-shot-100-50ml-serum-rozjasniajace\/#breadcrumb"},"inLanguage":"pl-PL","potentialAction":[{"@type":"ReadAction","target":["https:\/\/selleetools.com\/pl\/product\/vt-cosmetics-vita-light-reedle-shot-100-50ml-serum-rozjasniajace\/"]}]},{"@type":"BreadcrumbList","@id":"https:\/\/selleetools.com\/pl\/product\/vt-cosmetics-vita-light-reedle-shot-100-50ml-serum-rozjasniajace\/#breadcrumb","itemListElement":[{"@type":"ListItem","position":1,"name":"Home","item":"https:\/\/selleetools.com\/pl\/"},{"@type":"ListItem","position":2,"name":"Katalog","item":"https:\/\/selleetools.com\/pl\/katalog\/"},{"@type":"ListItem","position":3,"name":"VT Cosmetics Vita-Light Reedle Shot 100, 50ml &#8211; serum rozja\u015bniaj\u0105ce"}]}]}},"_links":{"self":[{"href":"https:\/\/selleetools.com\/pl\/wp-json\/wp\/v2\/product\/610842"}],"collection":[{"href":"https:\/\/selleetools.com\/pl\/wp-json\/wp\/v2\/product"}],"about":[{"href":"https:\/\/selleetools.com\/pl\/wp-json\/wp\/v2\/types\/product"}],"replies":[{"embeddable":true,"href":"https:\/\/selleetools.com\/pl\/wp-json\/wp\/v2\/comments?post=610842"}],"wp:featuredmedia":[{"embeddable":true,"href":"https:\/\/selleetools.com\/pl\/wp-json\/wp\/v2\/media\/610840"}],"wp:attachment":[{"href":"https:\/\/selleetools.com\/pl\/wp-json\/wp\/v2\/media?parent=610842"}],"curies":[{"name":"wp","href":"https:\/\/api.w.org\/{rel}","templated":true}]}}