{"id":610836,"date":"2025-10-24T14:57:02","date_gmt":"2025-10-24T12:57:02","guid":{"rendered":"https:\/\/selleetools.com\/?post_type=product&#038;p=610836"},"modified":"2025-11-04T18:20:38","modified_gmt":"2025-11-04T17:20:38","slug":"vt-cosmetics-tx-toning-essence-1000-shot-30ml-esencja-rozjasniajaca","status":"publish","type":"product","link":"https:\/\/selleetools.com\/pl\/product\/vt-cosmetics-tx-toning-essence-1000-shot-30ml-esencja-rozjasniajaca\/","title":{"rendered":"VT Cosmetics Tx-Toning Essence 1000 Shot 30ml esencja rozja\u015bniaj\u0105ca"},"content":{"rendered":"<p>VT Cosmetics TX-Toning Essence 1000 Shot to skoncentrowana, roz\u015bwietlaj\u0105ca esencja stworzona z my\u015bl\u0105 o piel\u0119gnacji sk\u00f3ry z przebarwieniami, \u015bladami po tr\u0105dziku i nier\u00f3wnym kolorytem. Dzi\u0119ki po\u0142\u0105czeniu 6% kwasu traneksamowego (TXA), glutationu i niacynamidu, esencja dzia\u0142a na trzech poziomach procesu powstawania melaniny \u2013 ogranicza powstawanie przebarwie\u0144. W efekcie cera staje si\u0119 ja\u015bniejsza, g\u0142adsza i bardziej jednolita. Formu\u0142a oparta na technologii TX Capsule\u2122 i ER-Delivery System pozwala sk\u0142adnikom aktywnym wnika\u0107 g\u0142\u0119boko w sk\u00f3r\u0119, nie powoduj\u0105c podra\u017cnie\u0144. Lekka, wodno-\u017celowa konsystencja szybko si\u0119 wch\u0142ania, pozostawiaj\u0105c sk\u00f3r\u0119 nawil\u017con\u0105 i roz\u015bwietlon\u0105 \u2013 bez uczucia lepko\u015bci.<\/p>\n<p>Korzy\u015bci dla sk\u00f3ry<br \/>\nWidocznie rozja\u015bnia przebarwienia, \u015blady potr\u0105dzikowe i nier\u00f3wny koloryt.<br \/>\nWyg\u0142adza struktur\u0119 sk\u00f3ry, nadaj\u0105c jej efekt \u201eglass skin\u201d.<br \/>\nG\u0142\u0119boko nawil\u017ca i przywraca cerze zdrowy blask.<br \/>\nWzmacnia barier\u0119 ochronn\u0105 i dzia\u0142a antyoksydacyjnie.<br \/>\nOdpowiednia dla sk\u00f3ry wra\u017cliwej, bezzapachowa i niekomedogenna.<\/p>\n<p>Spos\u00f3b u\u017cycia<br \/>\nPo oczyszczeniu sk\u00f3ry, na\u0142\u00f3\u017c niewielk\u0105 ilo\u015b\u0107 esencji na twarz.<br \/>\nDelikatnie wklep, a\u017c do ca\u0142kowitego wch\u0142oni\u0119cia.<br \/>\nStosuj rano i wieczorem, przed serum lub kremem.<br \/>\nRano pami\u0119taj o ochronie przeciws\u0142onecznej (SPF)<\/p>\n","protected":false},"excerpt":{"rendered":"<p>VT Cosmetics TX-Toning Essence 1000 Shot to skoncentrowana, roz\u015bwietlaj\u0105ca esencja stworzona z my\u015bl\u0105 o piel\u0119gnacji sk\u00f3ry z przebarwieniami, \u015bladami po tr\u0105dziku i nier\u00f3wnym kolorytem. Dzi\u0119ki po\u0142\u0105czeniu 6% kwasu traneksamowego (TXA), glutationu i niacynamidu, esencja dzia\u0142a na trzech poziomach procesu powstawania melaniny \u2013 ogranicza powstawanie przebarwie\u0144. W efekcie cera staje si\u0119 ja\u015bniejsza, g\u0142adsza i bardziej jednolita. &#8230; <a title=\"VT Cosmetics Tx-Toning Essence 1000 Shot 30ml esencja rozja\u015bniaj\u0105ca\" class=\"read-more\" href=\"https:\/\/selleetools.com\/pl\/product\/vt-cosmetics-tx-toning-essence-1000-shot-30ml-esencja-rozjasniajaca\/\">Read more<span class=\"screen-reader-text\">VT Cosmetics Tx-Toning Essence 1000 Shot 30ml esencja rozja\u015bniaj\u0105ca<\/span><\/a><\/p>\n","protected":false},"featured_media":610834,"comment_status":"open","ping_status":"closed","template":"","meta":{"_links_to":"","_links_to_target":""},"yoast_head":"<!-- This site is optimized with the Yoast SEO plugin v19.4 - https:\/\/yoast.com\/wordpress\/plugins\/seo\/ -->\n<title>VT Cosmetics Tx-Toning Essence 1000 Shot 30ml esencja rozja\u015bniaj\u0105ca - Selleetools.com<\/title>\n<meta name=\"robots\" content=\"index, follow, max-snippet:-1, max-image-preview:large, max-video-preview:-1\" \/>\n<link rel=\"canonical\" href=\"https:\/\/selleetools.com\/pl\/product\/vt-cosmetics-tx-toning-essence-1000-shot-30ml-esencja-rozjasniajaca\/\" \/>\n<meta property=\"og:locale\" content=\"pl_PL\" \/>\n<meta property=\"og:type\" content=\"article\" \/>\n<meta property=\"og:title\" content=\"VT Cosmetics Tx-Toning Essence 1000 Shot 30ml esencja rozja\u015bniaj\u0105ca - Selleetools.com\" \/>\n<meta property=\"og:description\" content=\"VT Cosmetics TX-Toning Essence 1000 Shot to skoncentrowana, roz\u015bwietlaj\u0105ca esencja stworzona z my\u015bl\u0105 o piel\u0119gnacji sk\u00f3ry z przebarwieniami, \u015bladami po tr\u0105dziku i nier\u00f3wnym kolorytem. Dzi\u0119ki po\u0142\u0105czeniu 6% kwasu traneksamowego (TXA), glutationu i niacynamidu, esencja dzia\u0142a na trzech poziomach procesu powstawania melaniny \u2013 ogranicza powstawanie przebarwie\u0144. W efekcie cera staje si\u0119 ja\u015bniejsza, g\u0142adsza i bardziej jednolita. ... Read moreVT Cosmetics Tx-Toning Essence 1000 Shot 30ml esencja rozja\u015bniaj\u0105ca\" \/>\n<meta property=\"og:url\" content=\"https:\/\/selleetools.com\/pl\/product\/vt-cosmetics-tx-toning-essence-1000-shot-30ml-esencja-rozjasniajaca\/\" \/>\n<meta property=\"og:site_name\" content=\"Selleetools.com\" \/>\n<meta property=\"article:modified_time\" content=\"2025-11-04T17:20:38+00:00\" \/>\n<meta property=\"og:image\" content=\"https:\/\/selleetools.com\/wp-content\/uploads\/2025\/10\/36b68537b970895ac1ea732b580630a4.png\" \/>\n\t<meta property=\"og:image:width\" content=\"1200\" \/>\n\t<meta property=\"og:image:height\" content=\"1200\" \/>\n\t<meta property=\"og:image:type\" content=\"image\/png\" \/>\n<meta name=\"twitter:card\" content=\"summary_large_image\" \/>\n<meta name=\"twitter:label1\" content=\"Est. reading time\" \/>\n\t<meta name=\"twitter:data1\" content=\"1 minuta\" \/>\n<!-- \/ Yoast SEO plugin. -->","yoast_head_json":{"title":"VT Cosmetics Tx-Toning Essence 1000 Shot 30ml esencja rozja\u015bniaj\u0105ca - Selleetools.com","robots":{"index":"index","follow":"follow","max-snippet":"max-snippet:-1","max-image-preview":"max-image-preview:large","max-video-preview":"max-video-preview:-1"},"canonical":"https:\/\/selleetools.com\/pl\/product\/vt-cosmetics-tx-toning-essence-1000-shot-30ml-esencja-rozjasniajaca\/","og_locale":"pl_PL","og_type":"article","og_title":"VT Cosmetics Tx-Toning Essence 1000 Shot 30ml esencja rozja\u015bniaj\u0105ca - Selleetools.com","og_description":"VT Cosmetics TX-Toning Essence 1000 Shot to skoncentrowana, roz\u015bwietlaj\u0105ca esencja stworzona z my\u015bl\u0105 o piel\u0119gnacji sk\u00f3ry z przebarwieniami, \u015bladami po tr\u0105dziku i nier\u00f3wnym kolorytem. Dzi\u0119ki po\u0142\u0105czeniu 6% kwasu traneksamowego (TXA), glutationu i niacynamidu, esencja dzia\u0142a na trzech poziomach procesu powstawania melaniny \u2013 ogranicza powstawanie przebarwie\u0144. W efekcie cera staje si\u0119 ja\u015bniejsza, g\u0142adsza i bardziej jednolita. ... Read moreVT Cosmetics Tx-Toning Essence 1000 Shot 30ml esencja rozja\u015bniaj\u0105ca","og_url":"https:\/\/selleetools.com\/pl\/product\/vt-cosmetics-tx-toning-essence-1000-shot-30ml-esencja-rozjasniajaca\/","og_site_name":"Selleetools.com","article_modified_time":"2025-11-04T17:20:38+00:00","og_image":[{"width":1200,"height":1200,"url":"https:\/\/selleetools.com\/wp-content\/uploads\/2025\/10\/36b68537b970895ac1ea732b580630a4.png","type":"image\/png"}],"twitter_card":"summary_large_image","twitter_misc":{"Est. reading time":"1 minuta"},"schema":{"@context":"https:\/\/schema.org","@graph":[{"@type":"Organization","@id":"https:\/\/selleetools.com\/#organization","name":"Selleetools","url":"https:\/\/selleetools.com\/","sameAs":[],"logo":{"@type":"ImageObject","inLanguage":"pl-PL","@id":"https:\/\/selleetools.com\/#\/schema\/logo\/image\/","url":"https:\/\/selleetools.com\/wp-content\/uploads\/2021\/10\/logo-dark.png","contentUrl":"https:\/\/selleetools.com\/wp-content\/uploads\/2021\/10\/logo-dark.png","width":320,"height":76,"caption":"Selleetools"},"image":{"@id":"https:\/\/selleetools.com\/#\/schema\/logo\/image\/"}},{"@type":"WebSite","@id":"https:\/\/selleetools.com\/#website","url":"https:\/\/selleetools.com\/","name":"Selleetools.com","description":"","publisher":{"@id":"https:\/\/selleetools.com\/#organization"},"potentialAction":[{"@type":"SearchAction","target":{"@type":"EntryPoint","urlTemplate":"https:\/\/selleetools.com\/?s={search_term_string}"},"query-input":"required name=search_term_string"}],"inLanguage":"pl-PL"},{"@type":"WebPage","@id":"https:\/\/selleetools.com\/pl\/product\/vt-cosmetics-tx-toning-essence-1000-shot-30ml-esencja-rozjasniajaca\/","url":"https:\/\/selleetools.com\/pl\/product\/vt-cosmetics-tx-toning-essence-1000-shot-30ml-esencja-rozjasniajaca\/","name":"VT Cosmetics Tx-Toning Essence 1000 Shot 30ml esencja rozja\u015bniaj\u0105ca - Selleetools.com","isPartOf":{"@id":"https:\/\/selleetools.com\/#website"},"datePublished":"2025-10-24T12:57:02+00:00","dateModified":"2025-11-04T17:20:38+00:00","breadcrumb":{"@id":"https:\/\/selleetools.com\/pl\/product\/vt-cosmetics-tx-toning-essence-1000-shot-30ml-esencja-rozjasniajaca\/#breadcrumb"},"inLanguage":"pl-PL","potentialAction":[{"@type":"ReadAction","target":["https:\/\/selleetools.com\/pl\/product\/vt-cosmetics-tx-toning-essence-1000-shot-30ml-esencja-rozjasniajaca\/"]}]},{"@type":"BreadcrumbList","@id":"https:\/\/selleetools.com\/pl\/product\/vt-cosmetics-tx-toning-essence-1000-shot-30ml-esencja-rozjasniajaca\/#breadcrumb","itemListElement":[{"@type":"ListItem","position":1,"name":"Home","item":"https:\/\/selleetools.com\/pl\/"},{"@type":"ListItem","position":2,"name":"Katalog","item":"https:\/\/selleetools.com\/pl\/katalog\/"},{"@type":"ListItem","position":3,"name":"VT Cosmetics Tx-Toning Essence 1000 Shot 30ml esencja rozja\u015bniaj\u0105ca"}]}]}},"_links":{"self":[{"href":"https:\/\/selleetools.com\/pl\/wp-json\/wp\/v2\/product\/610836"}],"collection":[{"href":"https:\/\/selleetools.com\/pl\/wp-json\/wp\/v2\/product"}],"about":[{"href":"https:\/\/selleetools.com\/pl\/wp-json\/wp\/v2\/types\/product"}],"replies":[{"embeddable":true,"href":"https:\/\/selleetools.com\/pl\/wp-json\/wp\/v2\/comments?post=610836"}],"wp:featuredmedia":[{"embeddable":true,"href":"https:\/\/selleetools.com\/pl\/wp-json\/wp\/v2\/media\/610834"}],"wp:attachment":[{"href":"https:\/\/selleetools.com\/pl\/wp-json\/wp\/v2\/media?parent=610836"}],"curies":[{"name":"wp","href":"https:\/\/api.w.org\/{rel}","templated":true}]}}