{"id":610833,"date":"2025-10-24T14:56:59","date_gmt":"2025-10-24T12:56:59","guid":{"rendered":"https:\/\/selleetools.com\/?post_type=product&#038;p=610833"},"modified":"2025-11-04T18:20:28","modified_gmt":"2025-11-04T17:20:28","slug":"vt-cosmetics-tx-toning-cream-50ml-krem-rozjasniajacy","status":"publish","type":"product","link":"https:\/\/selleetools.com\/pl\/product\/vt-cosmetics-tx-toning-cream-50ml-krem-rozjasniajacy\/","title":{"rendered":"VT Cosmetics Tx-Toning Cream 50ml krem rozja\u015bniaj\u0105cy"},"content":{"rendered":"<p>VT Cosmetics TX-Toning Cream to lekki, bezzapachowy krem roz\u015bwietlaj\u0105co-nawil\u017caj\u0105cy, kt\u00f3ry \u0142\u0105czy w sobie moc kwasu traneksamowego (TXA), glutationu i niacynamidu, tworz\u0105c zaawansowany kompleks tonizuj\u0105cy. Pomaga redukowa\u0107 przebarwienia, \u015blady potr\u0105dzikowe i nier\u00f3wny koloryt sk\u00f3ry, przywracaj\u0105c jej zdrowy, promienny wygl\u0105d. Dzi\u0119ki technologii TX Capsule\u2122 i systemowi ER-Delivery System, sk\u0142adniki aktywne wnikaj\u0105 g\u0142\u0119boko w nask\u00f3rek, skutecznie rozja\u015bniaj\u0105c i wzmacniaj\u0105c barier\u0119 ochronn\u0105 bez podra\u017cnie\u0144.<br \/>\nKrem ma lekk\u0105, aksamitn\u0105 konsystencj\u0119 typu water-drop, kt\u00f3ra szybko si\u0119 wch\u0142ania, nie pozostawiaj\u0105c t\u0142ustego filmu. Idealny do codziennego stosowania \u2013 zar\u00f3wno rano, jak i wieczorem.<\/p>\n<p>Korzy\u015bci dla sk\u00f3ry<br \/>\nWidocznie rozja\u015bnia i wyr\u00f3wnuje koloryt cery.<br \/>\nWspomaga redukcj\u0119 przebarwie\u0144 i \u015blad\u00f3w po tr\u0105dziku.<br \/>\nWzmacnia barier\u0119 hydrolipidow\u0105 i intensywnie nawil\u017ca.<br \/>\nWyg\u0142adza, zmi\u0119kcza i poprawia struktur\u0119 sk\u00f3ry.<br \/>\nDzia\u0142a koj\u0105co i \u0142agodz\u0105co \u2013 r\u00f3wnie\u017c dla sk\u00f3ry wra\u017cliwej.<\/p>\n<p>Spos\u00f3b u\u017cycia<br \/>\nStosuj jako ostatni krok piel\u0119gnacji \u2013 rano i wieczorem.<br \/>\nNanie\u015b odpowiedni\u0105 ilo\u015b\u0107 kremu na twarz.<br \/>\nDelikatnie wmasuj, a\u017c ca\u0142kowicie si\u0119 wch\u0142onie.<br \/>\nRano pami\u0119taj o ochronie SPF.<\/p>\n","protected":false},"excerpt":{"rendered":"<p>VT Cosmetics TX-Toning Cream to lekki, bezzapachowy krem roz\u015bwietlaj\u0105co-nawil\u017caj\u0105cy, kt\u00f3ry \u0142\u0105czy w sobie moc kwasu traneksamowego (TXA), glutationu i niacynamidu, tworz\u0105c zaawansowany kompleks tonizuj\u0105cy. Pomaga redukowa\u0107 przebarwienia, \u015blady potr\u0105dzikowe i nier\u00f3wny koloryt sk\u00f3ry, przywracaj\u0105c jej zdrowy, promienny wygl\u0105d. Dzi\u0119ki technologii TX Capsule\u2122 i systemowi ER-Delivery System, sk\u0142adniki aktywne wnikaj\u0105 g\u0142\u0119boko w nask\u00f3rek, skutecznie rozja\u015bniaj\u0105c i &#8230; <a title=\"VT Cosmetics Tx-Toning Cream 50ml krem rozja\u015bniaj\u0105cy\" class=\"read-more\" href=\"https:\/\/selleetools.com\/pl\/product\/vt-cosmetics-tx-toning-cream-50ml-krem-rozjasniajacy\/\">Read more<span class=\"screen-reader-text\">VT Cosmetics Tx-Toning Cream 50ml krem rozja\u015bniaj\u0105cy<\/span><\/a><\/p>\n","protected":false},"featured_media":610831,"comment_status":"open","ping_status":"closed","template":"","meta":{"_links_to":"","_links_to_target":""},"yoast_head":"<!-- This site is optimized with the Yoast SEO plugin v19.4 - https:\/\/yoast.com\/wordpress\/plugins\/seo\/ -->\n<title>VT Cosmetics Tx-Toning Cream 50ml krem rozja\u015bniaj\u0105cy - Selleetools.com<\/title>\n<meta name=\"robots\" content=\"index, follow, max-snippet:-1, max-image-preview:large, max-video-preview:-1\" \/>\n<link rel=\"canonical\" href=\"https:\/\/admincentral.selleetools.com\/pl\/product\/vt-cosmetics-tx-toning-cream-50ml-krem-rozjasniajacy\/\" \/>\n<meta property=\"og:locale\" content=\"pl_PL\" \/>\n<meta property=\"og:type\" content=\"article\" \/>\n<meta property=\"og:title\" content=\"VT Cosmetics Tx-Toning Cream 50ml krem rozja\u015bniaj\u0105cy - Selleetools.com\" \/>\n<meta property=\"og:description\" content=\"VT Cosmetics TX-Toning Cream to lekki, bezzapachowy krem roz\u015bwietlaj\u0105co-nawil\u017caj\u0105cy, kt\u00f3ry \u0142\u0105czy w sobie moc kwasu traneksamowego (TXA), glutationu i niacynamidu, tworz\u0105c zaawansowany kompleks tonizuj\u0105cy. Pomaga redukowa\u0107 przebarwienia, \u015blady potr\u0105dzikowe i nier\u00f3wny koloryt sk\u00f3ry, przywracaj\u0105c jej zdrowy, promienny wygl\u0105d. Dzi\u0119ki technologii TX Capsule\u2122 i systemowi ER-Delivery System, sk\u0142adniki aktywne wnikaj\u0105 g\u0142\u0119boko w nask\u00f3rek, skutecznie rozja\u015bniaj\u0105c i ... Read moreVT Cosmetics Tx-Toning Cream 50ml krem rozja\u015bniaj\u0105cy\" \/>\n<meta property=\"og:url\" content=\"https:\/\/admincentral.selleetools.com\/pl\/product\/vt-cosmetics-tx-toning-cream-50ml-krem-rozjasniajacy\/\" \/>\n<meta property=\"og:site_name\" content=\"Selleetools.com\" \/>\n<meta property=\"article:modified_time\" content=\"2025-11-04T17:20:28+00:00\" \/>\n<meta property=\"og:image\" content=\"https:\/\/selleetools.com\/wp-content\/uploads\/2025\/10\/4ba05867befe858f56011460a56626c7.png\" \/>\n\t<meta property=\"og:image:width\" content=\"1200\" \/>\n\t<meta property=\"og:image:height\" content=\"1200\" \/>\n\t<meta property=\"og:image:type\" content=\"image\/png\" \/>\n<meta name=\"twitter:card\" content=\"summary_large_image\" \/>\n<meta name=\"twitter:label1\" content=\"Est. reading time\" \/>\n\t<meta name=\"twitter:data1\" content=\"1 minuta\" \/>\n<!-- \/ Yoast SEO plugin. -->","yoast_head_json":{"title":"VT Cosmetics Tx-Toning Cream 50ml krem rozja\u015bniaj\u0105cy - Selleetools.com","robots":{"index":"index","follow":"follow","max-snippet":"max-snippet:-1","max-image-preview":"max-image-preview:large","max-video-preview":"max-video-preview:-1"},"canonical":"https:\/\/admincentral.selleetools.com\/pl\/product\/vt-cosmetics-tx-toning-cream-50ml-krem-rozjasniajacy\/","og_locale":"pl_PL","og_type":"article","og_title":"VT Cosmetics Tx-Toning Cream 50ml krem rozja\u015bniaj\u0105cy - Selleetools.com","og_description":"VT Cosmetics TX-Toning Cream to lekki, bezzapachowy krem roz\u015bwietlaj\u0105co-nawil\u017caj\u0105cy, kt\u00f3ry \u0142\u0105czy w sobie moc kwasu traneksamowego (TXA), glutationu i niacynamidu, tworz\u0105c zaawansowany kompleks tonizuj\u0105cy. Pomaga redukowa\u0107 przebarwienia, \u015blady potr\u0105dzikowe i nier\u00f3wny koloryt sk\u00f3ry, przywracaj\u0105c jej zdrowy, promienny wygl\u0105d. Dzi\u0119ki technologii TX Capsule\u2122 i systemowi ER-Delivery System, sk\u0142adniki aktywne wnikaj\u0105 g\u0142\u0119boko w nask\u00f3rek, skutecznie rozja\u015bniaj\u0105c i ... Read moreVT Cosmetics Tx-Toning Cream 50ml krem rozja\u015bniaj\u0105cy","og_url":"https:\/\/admincentral.selleetools.com\/pl\/product\/vt-cosmetics-tx-toning-cream-50ml-krem-rozjasniajacy\/","og_site_name":"Selleetools.com","article_modified_time":"2025-11-04T17:20:28+00:00","og_image":[{"width":1200,"height":1200,"url":"https:\/\/selleetools.com\/wp-content\/uploads\/2025\/10\/4ba05867befe858f56011460a56626c7.png","type":"image\/png"}],"twitter_card":"summary_large_image","twitter_misc":{"Est. reading time":"1 minuta"},"schema":{"@context":"https:\/\/schema.org","@graph":[{"@type":"Organization","@id":"https:\/\/selleetools.com\/#organization","name":"Selleetools","url":"https:\/\/selleetools.com\/","sameAs":[],"logo":{"@type":"ImageObject","inLanguage":"pl-PL","@id":"https:\/\/selleetools.com\/#\/schema\/logo\/image\/","url":"https:\/\/selleetools.com\/wp-content\/uploads\/2021\/10\/logo-dark.png","contentUrl":"https:\/\/selleetools.com\/wp-content\/uploads\/2021\/10\/logo-dark.png","width":320,"height":76,"caption":"Selleetools"},"image":{"@id":"https:\/\/selleetools.com\/#\/schema\/logo\/image\/"}},{"@type":"WebSite","@id":"https:\/\/selleetools.com\/#website","url":"https:\/\/selleetools.com\/","name":"Selleetools.com","description":"","publisher":{"@id":"https:\/\/selleetools.com\/#organization"},"potentialAction":[{"@type":"SearchAction","target":{"@type":"EntryPoint","urlTemplate":"https:\/\/selleetools.com\/?s={search_term_string}"},"query-input":"required name=search_term_string"}],"inLanguage":"pl-PL"},{"@type":"WebPage","@id":"https:\/\/admincentral.selleetools.com\/pl\/product\/vt-cosmetics-tx-toning-cream-50ml-krem-rozjasniajacy\/","url":"https:\/\/admincentral.selleetools.com\/pl\/product\/vt-cosmetics-tx-toning-cream-50ml-krem-rozjasniajacy\/","name":"VT Cosmetics Tx-Toning Cream 50ml krem rozja\u015bniaj\u0105cy - Selleetools.com","isPartOf":{"@id":"https:\/\/selleetools.com\/#website"},"datePublished":"2025-10-24T12:56:59+00:00","dateModified":"2025-11-04T17:20:28+00:00","breadcrumb":{"@id":"https:\/\/admincentral.selleetools.com\/pl\/product\/vt-cosmetics-tx-toning-cream-50ml-krem-rozjasniajacy\/#breadcrumb"},"inLanguage":"pl-PL","potentialAction":[{"@type":"ReadAction","target":["https:\/\/admincentral.selleetools.com\/pl\/product\/vt-cosmetics-tx-toning-cream-50ml-krem-rozjasniajacy\/"]}]},{"@type":"BreadcrumbList","@id":"https:\/\/admincentral.selleetools.com\/pl\/product\/vt-cosmetics-tx-toning-cream-50ml-krem-rozjasniajacy\/#breadcrumb","itemListElement":[{"@type":"ListItem","position":1,"name":"Home","item":"https:\/\/selleetools.com\/pl\/"},{"@type":"ListItem","position":2,"name":"Katalog","item":"https:\/\/selleetools.com\/pl\/katalog\/"},{"@type":"ListItem","position":3,"name":"VT Cosmetics Tx-Toning Cream 50ml krem rozja\u015bniaj\u0105cy"}]}]}},"_links":{"self":[{"href":"https:\/\/selleetools.com\/pl\/wp-json\/wp\/v2\/product\/610833"}],"collection":[{"href":"https:\/\/selleetools.com\/pl\/wp-json\/wp\/v2\/product"}],"about":[{"href":"https:\/\/selleetools.com\/pl\/wp-json\/wp\/v2\/types\/product"}],"replies":[{"embeddable":true,"href":"https:\/\/selleetools.com\/pl\/wp-json\/wp\/v2\/comments?post=610833"}],"wp:featuredmedia":[{"embeddable":true,"href":"https:\/\/selleetools.com\/pl\/wp-json\/wp\/v2\/media\/610831"}],"wp:attachment":[{"href":"https:\/\/selleetools.com\/pl\/wp-json\/wp\/v2\/media?parent=610833"}],"curies":[{"name":"wp","href":"https:\/\/api.w.org\/{rel}","templated":true}]}}