{"id":610830,"date":"2025-10-24T14:56:56","date_gmt":"2025-10-24T12:56:56","guid":{"rendered":"https:\/\/selleetools.com\/?post_type=product&#038;p=610830"},"modified":"2026-01-04T14:59:49","modified_gmt":"2026-01-04T13:59:49","slug":"medicube-deep-vita-a-retinol-serum-30ml-serum-przeciwzmarszczkowe","status":"publish","type":"product","link":"https:\/\/selleetools.com\/pl\/product\/medicube-deep-vita-a-retinol-serum-30ml-serum-przeciwzmarszczkowe\/","title":{"rendered":"Medicube DEEP VITA A RETINOL SERUM 30ml serum przeciwzmarszczkowe"},"content":{"rendered":"<p>Medicube Deep Vita A Retinol Serum to zaawansowane serum przeciwstarzeniowe, kt\u00f3re \u0142\u0105czy cztery generacje retinoid\u00f3w \u2013 1% Granactive Retinoid, Retinal, Encapsulated Retinol i Bakuchiol \u2013 zapewniaj\u0105c maksymaln\u0105 skuteczno\u015b\u0107 przy minimalnym ryzyku podra\u017cnie\u0144. Produkt dzia\u0142a kompleksowo: wyg\u0142adza zmarszczki, poprawia elastyczno\u015b\u0107 sk\u00f3ry, wyr\u00f3wnuje koloryt i redukuje \u015blady po tr\u0105dziku.<br \/>\nDzi\u0119ki liposomalnemu systemowi dostarczania retinolu sk\u0142adniki aktywne wnikaj\u0105 g\u0142\u0119boko w sk\u00f3r\u0119, poprawiaj\u0105c jej struktur\u0119 i g\u0119sto\u015b\u0107. Serum zawiera r\u00f3wnie\u017c niacynamid, kolagen i pantenol, kt\u00f3re wzmacniaj\u0105 barier\u0119 hydrolipidow\u0105, nawil\u017caj\u0105 i \u0142agodz\u0105 sk\u00f3r\u0119.<\/p>\n<p>Korzy\u015bci dla sk\u00f3ry<br \/>\nWidocznie redukuje zmarszczki i linie mimiczne (potwierdzone klinicznie).<br \/>\nPoprawia j\u0119drno\u015b\u0107, elastyczno\u015b\u0107 i g\u0119sto\u015b\u0107 sk\u00f3ry ju\u017c po kilku tygodniach stosowania.<br \/>\nWyr\u00f3wnuje koloryt i rozja\u015bnia przebarwienia, w tym potr\u0105dzikowe.<br \/>\nWyg\u0142adza tekstur\u0119 sk\u00f3ry i nadaje jej promienny, zdrowy wygl\u0105d.<br \/>\nZapewnia dzia\u0142anie odm\u0142adzaj\u0105ce bez podra\u017cnie\u0144 \u2013 odpowiednie r\u00f3wnie\u017c dla sk\u00f3ry wra\u017cliwej.<\/p>\n<p>Spos\u00f3b u\u017cycia<br \/>\nFaza adaptacji (pierwsze 2 tygodnie):<br \/>\nStosuj co drugi dzie\u0144 wieczorem, po oczyszczeniu sk\u00f3ry.<br \/>\nAplikuj niewielk\u0105 ilo\u015b\u0107 (wielko\u015bci ziarenka ry\u017cu) na miejsca problematyczne.<br \/>\nPo 2 tygodniach:<br \/>\nStosuj codziennie wieczorem na ca\u0142\u0105 twarz, omijaj\u0105c okolice oczu.<br \/>\nW ci\u0105gu dnia obowi\u0105zkowo stosuj krem z filtrem SPF 30+.<\/p>\n","protected":false},"excerpt":{"rendered":"<p>Medicube Deep Vita A Retinol Serum to zaawansowane serum przeciwstarzeniowe, kt\u00f3re \u0142\u0105czy cztery generacje retinoid\u00f3w \u2013 1% Granactive Retinoid, Retinal, Encapsulated Retinol i Bakuchiol \u2013 zapewniaj\u0105c maksymaln\u0105 skuteczno\u015b\u0107 przy minimalnym ryzyku podra\u017cnie\u0144. Produkt dzia\u0142a kompleksowo: wyg\u0142adza zmarszczki, poprawia elastyczno\u015b\u0107 sk\u00f3ry, wyr\u00f3wnuje koloryt i redukuje \u015blady po tr\u0105dziku. Dzi\u0119ki liposomalnemu systemowi dostarczania retinolu sk\u0142adniki aktywne wnikaj\u0105 &#8230; <a title=\"Medicube DEEP VITA A RETINOL SERUM 30ml serum przeciwzmarszczkowe\" class=\"read-more\" href=\"https:\/\/selleetools.com\/pl\/product\/medicube-deep-vita-a-retinol-serum-30ml-serum-przeciwzmarszczkowe\/\">Read more<span class=\"screen-reader-text\">Medicube DEEP VITA A RETINOL SERUM 30ml serum przeciwzmarszczkowe<\/span><\/a><\/p>\n","protected":false},"featured_media":610828,"comment_status":"open","ping_status":"closed","template":"","meta":{"_links_to":"","_links_to_target":""},"yoast_head":"<!-- This site is optimized with the Yoast SEO plugin v19.4 - https:\/\/yoast.com\/wordpress\/plugins\/seo\/ -->\n<title>Medicube DEEP VITA A RETINOL SERUM 30ml serum przeciwzmarszczkowe - Selleetools.com<\/title>\n<meta name=\"robots\" content=\"index, follow, max-snippet:-1, max-image-preview:large, max-video-preview:-1\" \/>\n<link rel=\"canonical\" href=\"https:\/\/selleetools.com\/pl\/product\/medicube-deep-vita-a-retinol-serum-30ml-serum-przeciwzmarszczkowe\/\" \/>\n<meta property=\"og:locale\" content=\"pl_PL\" \/>\n<meta property=\"og:type\" content=\"article\" \/>\n<meta property=\"og:title\" content=\"Medicube DEEP VITA A RETINOL SERUM 30ml serum przeciwzmarszczkowe - Selleetools.com\" \/>\n<meta property=\"og:description\" content=\"Medicube Deep Vita A Retinol Serum to zaawansowane serum przeciwstarzeniowe, kt\u00f3re \u0142\u0105czy cztery generacje retinoid\u00f3w \u2013 1% Granactive Retinoid, Retinal, Encapsulated Retinol i Bakuchiol \u2013 zapewniaj\u0105c maksymaln\u0105 skuteczno\u015b\u0107 przy minimalnym ryzyku podra\u017cnie\u0144. Produkt dzia\u0142a kompleksowo: wyg\u0142adza zmarszczki, poprawia elastyczno\u015b\u0107 sk\u00f3ry, wyr\u00f3wnuje koloryt i redukuje \u015blady po tr\u0105dziku. Dzi\u0119ki liposomalnemu systemowi dostarczania retinolu sk\u0142adniki aktywne wnikaj\u0105 ... Read moreMedicube DEEP VITA A RETINOL SERUM 30ml serum przeciwzmarszczkowe\" \/>\n<meta property=\"og:url\" content=\"https:\/\/selleetools.com\/pl\/product\/medicube-deep-vita-a-retinol-serum-30ml-serum-przeciwzmarszczkowe\/\" \/>\n<meta property=\"og:site_name\" content=\"Selleetools.com\" \/>\n<meta property=\"article:modified_time\" content=\"2026-01-04T13:59:49+00:00\" \/>\n<meta property=\"og:image\" content=\"https:\/\/selleetools.com\/wp-content\/uploads\/2025\/10\/377efeb56509af13e8ec2fe634ee20c0.png\" \/>\n\t<meta property=\"og:image:width\" content=\"1200\" \/>\n\t<meta property=\"og:image:height\" content=\"1200\" \/>\n\t<meta property=\"og:image:type\" content=\"image\/png\" \/>\n<meta name=\"twitter:card\" content=\"summary_large_image\" \/>\n<meta name=\"twitter:label1\" content=\"Est. reading time\" \/>\n\t<meta name=\"twitter:data1\" content=\"1 minuta\" \/>\n<!-- \/ Yoast SEO plugin. -->","yoast_head_json":{"title":"Medicube DEEP VITA A RETINOL SERUM 30ml serum przeciwzmarszczkowe - Selleetools.com","robots":{"index":"index","follow":"follow","max-snippet":"max-snippet:-1","max-image-preview":"max-image-preview:large","max-video-preview":"max-video-preview:-1"},"canonical":"https:\/\/selleetools.com\/pl\/product\/medicube-deep-vita-a-retinol-serum-30ml-serum-przeciwzmarszczkowe\/","og_locale":"pl_PL","og_type":"article","og_title":"Medicube DEEP VITA A RETINOL SERUM 30ml serum przeciwzmarszczkowe - Selleetools.com","og_description":"Medicube Deep Vita A Retinol Serum to zaawansowane serum przeciwstarzeniowe, kt\u00f3re \u0142\u0105czy cztery generacje retinoid\u00f3w \u2013 1% Granactive Retinoid, Retinal, Encapsulated Retinol i Bakuchiol \u2013 zapewniaj\u0105c maksymaln\u0105 skuteczno\u015b\u0107 przy minimalnym ryzyku podra\u017cnie\u0144. Produkt dzia\u0142a kompleksowo: wyg\u0142adza zmarszczki, poprawia elastyczno\u015b\u0107 sk\u00f3ry, wyr\u00f3wnuje koloryt i redukuje \u015blady po tr\u0105dziku. Dzi\u0119ki liposomalnemu systemowi dostarczania retinolu sk\u0142adniki aktywne wnikaj\u0105 ... Read moreMedicube DEEP VITA A RETINOL SERUM 30ml serum przeciwzmarszczkowe","og_url":"https:\/\/selleetools.com\/pl\/product\/medicube-deep-vita-a-retinol-serum-30ml-serum-przeciwzmarszczkowe\/","og_site_name":"Selleetools.com","article_modified_time":"2026-01-04T13:59:49+00:00","og_image":[{"width":1200,"height":1200,"url":"https:\/\/selleetools.com\/wp-content\/uploads\/2025\/10\/377efeb56509af13e8ec2fe634ee20c0.png","type":"image\/png"}],"twitter_card":"summary_large_image","twitter_misc":{"Est. reading time":"1 minuta"},"schema":{"@context":"https:\/\/schema.org","@graph":[{"@type":"Organization","@id":"https:\/\/selleetools.com\/#organization","name":"Selleetools","url":"https:\/\/selleetools.com\/","sameAs":[],"logo":{"@type":"ImageObject","inLanguage":"pl-PL","@id":"https:\/\/selleetools.com\/#\/schema\/logo\/image\/","url":"https:\/\/selleetools.com\/wp-content\/uploads\/2021\/10\/logo-dark.png","contentUrl":"https:\/\/selleetools.com\/wp-content\/uploads\/2021\/10\/logo-dark.png","width":320,"height":76,"caption":"Selleetools"},"image":{"@id":"https:\/\/selleetools.com\/#\/schema\/logo\/image\/"}},{"@type":"WebSite","@id":"https:\/\/selleetools.com\/#website","url":"https:\/\/selleetools.com\/","name":"Selleetools.com","description":"","publisher":{"@id":"https:\/\/selleetools.com\/#organization"},"potentialAction":[{"@type":"SearchAction","target":{"@type":"EntryPoint","urlTemplate":"https:\/\/selleetools.com\/?s={search_term_string}"},"query-input":"required name=search_term_string"}],"inLanguage":"pl-PL"},{"@type":"WebPage","@id":"https:\/\/selleetools.com\/pl\/product\/medicube-deep-vita-a-retinol-serum-30ml-serum-przeciwzmarszczkowe\/","url":"https:\/\/selleetools.com\/pl\/product\/medicube-deep-vita-a-retinol-serum-30ml-serum-przeciwzmarszczkowe\/","name":"Medicube DEEP VITA A RETINOL SERUM 30ml serum przeciwzmarszczkowe - Selleetools.com","isPartOf":{"@id":"https:\/\/selleetools.com\/#website"},"datePublished":"2025-10-24T12:56:56+00:00","dateModified":"2026-01-04T13:59:49+00:00","breadcrumb":{"@id":"https:\/\/selleetools.com\/pl\/product\/medicube-deep-vita-a-retinol-serum-30ml-serum-przeciwzmarszczkowe\/#breadcrumb"},"inLanguage":"pl-PL","potentialAction":[{"@type":"ReadAction","target":["https:\/\/selleetools.com\/pl\/product\/medicube-deep-vita-a-retinol-serum-30ml-serum-przeciwzmarszczkowe\/"]}]},{"@type":"BreadcrumbList","@id":"https:\/\/selleetools.com\/pl\/product\/medicube-deep-vita-a-retinol-serum-30ml-serum-przeciwzmarszczkowe\/#breadcrumb","itemListElement":[{"@type":"ListItem","position":1,"name":"Home","item":"https:\/\/selleetools.com\/pl\/"},{"@type":"ListItem","position":2,"name":"Katalog","item":"https:\/\/selleetools.com\/pl\/katalog\/"},{"@type":"ListItem","position":3,"name":"Medicube DEEP VITA A RETINOL SERUM 30ml serum przeciwzmarszczkowe"}]}]}},"_links":{"self":[{"href":"https:\/\/selleetools.com\/pl\/wp-json\/wp\/v2\/product\/610830"}],"collection":[{"href":"https:\/\/selleetools.com\/pl\/wp-json\/wp\/v2\/product"}],"about":[{"href":"https:\/\/selleetools.com\/pl\/wp-json\/wp\/v2\/types\/product"}],"replies":[{"embeddable":true,"href":"https:\/\/selleetools.com\/pl\/wp-json\/wp\/v2\/comments?post=610830"}],"wp:featuredmedia":[{"embeddable":true,"href":"https:\/\/selleetools.com\/pl\/wp-json\/wp\/v2\/media\/610828"}],"wp:attachment":[{"href":"https:\/\/selleetools.com\/pl\/wp-json\/wp\/v2\/media?parent=610830"}],"curies":[{"name":"wp","href":"https:\/\/api.w.org\/{rel}","templated":true}]}}