{"id":610824,"date":"2025-10-24T14:56:51","date_gmt":"2025-10-24T12:56:51","guid":{"rendered":"https:\/\/selleetools.com\/?post_type=product&#038;p=610824"},"modified":"2025-12-02T21:06:36","modified_gmt":"2025-12-02T20:06:36","slug":"dr-althea-15-niacinamide-purity-serum-30ml-serum-rozjasniajace","status":"publish","type":"product","link":"https:\/\/selleetools.com\/pl\/product\/dr-althea-15-niacinamide-purity-serum-30ml-serum-rozjasniajace\/","title":{"rendered":"Dr.Althea &#8211; 15% Niacinamide Purity Serum 30ml serum rozja\u015bniaj\u0105ce"},"content":{"rendered":"<p>Dr.Althea 15% Niacinamide Purity Serum to wysoko skoncentrowane serum, kt\u00f3re skutecznie rozja\u015bnia, wyg\u0142adza i zw\u0119\u017ca pory, jednocze\u015bnie reguluj\u0105c wydzielanie sebum. Formu\u0142a zawiera 15% niacynamidu, Zinc PCA oraz opatentowany kompleks Melacut, kt\u00f3ry \u0142agodzi podra\u017cnienia i poprawia struktur\u0119 sk\u00f3ry. Dzi\u0119ki lekkiej, szybko wch\u0142aniaj\u0105cej si\u0119 konsystencji serum nie pozostawia lepkiej warstwy i sprawdza si\u0119 zar\u00f3wno w porannej, jak i wieczornej piel\u0119gnacji. Wega\u0144ska formu\u0142a z naturalnymi olejkami (rozmarynowym i z drzewa herbacianego) zapewnia delikatne dzia\u0142anie oczyszczaj\u0105ce i antybakteryjne \u2013 idealna dla sk\u00f3ry t\u0142ustej, mieszanej i wra\u017cliwej.<\/p>\n<p>Korzy\u015bci dla sk\u00f3ry<br \/>\nWidocznie rozja\u015bnia cer\u0119 i poprawia jej koloryt.<br \/>\nZw\u0119\u017ca pory i reguluje wydzielanie sebum.<br \/>\nWyr\u00f3wnuje struktur\u0119 sk\u00f3ry i nadaje jej g\u0142adko\u015b\u0107.<br \/>\n\u0141agodzi podra\u017cnienia i wspiera regeneracj\u0119.<br \/>\nPomaga redukowa\u0107 przebarwienia i \u015blady potr\u0105dzikowe.<\/p>\n<p>Spos\u00f3b u\u017cycia<br \/>\nPo tonizacji nanie\u015b kilka kropli serum na twarz.<br \/>\nDelikatnie wklep do ca\u0142kowitego wch\u0142oni\u0119cia.<br \/>\nStosuj rano i wieczorem.<\/p>\n<p>Dla efektu roz\u015bwietlenia \u2013 na\u0142\u00f3\u017c 2\u20133 warstwy; dla piel\u0119gnacji por\u00f3w \u2013 stosuj codziennie, ko\u0144cz\u0105c piel\u0119gnacj\u0119 kremem i SPF.<\/p>\n","protected":false},"excerpt":{"rendered":"<p>Dr.Althea 15% Niacinamide Purity Serum to wysoko skoncentrowane serum, kt\u00f3re skutecznie rozja\u015bnia, wyg\u0142adza i zw\u0119\u017ca pory, jednocze\u015bnie reguluj\u0105c wydzielanie sebum. Formu\u0142a zawiera 15% niacynamidu, Zinc PCA oraz opatentowany kompleks Melacut, kt\u00f3ry \u0142agodzi podra\u017cnienia i poprawia struktur\u0119 sk\u00f3ry. Dzi\u0119ki lekkiej, szybko wch\u0142aniaj\u0105cej si\u0119 konsystencji serum nie pozostawia lepkiej warstwy i sprawdza si\u0119 zar\u00f3wno w porannej, jak &#8230; <a title=\"Dr.Althea &#8211; 15% Niacinamide Purity Serum 30ml serum rozja\u015bniaj\u0105ce\" class=\"read-more\" href=\"https:\/\/selleetools.com\/pl\/product\/dr-althea-15-niacinamide-purity-serum-30ml-serum-rozjasniajace\/\">Read more<span class=\"screen-reader-text\">Dr.Althea &#8211; 15% Niacinamide Purity Serum 30ml serum rozja\u015bniaj\u0105ce<\/span><\/a><\/p>\n","protected":false},"featured_media":610822,"comment_status":"open","ping_status":"closed","template":"","meta":{"_links_to":"","_links_to_target":""},"yoast_head":"<!-- This site is optimized with the Yoast SEO plugin v19.4 - https:\/\/yoast.com\/wordpress\/plugins\/seo\/ -->\n<title>Dr.Althea - 15% Niacinamide Purity Serum 30ml serum rozja\u015bniaj\u0105ce - Selleetools.com<\/title>\n<meta name=\"robots\" content=\"index, follow, max-snippet:-1, max-image-preview:large, max-video-preview:-1\" \/>\n<link rel=\"canonical\" href=\"https:\/\/selleetools.com\/pl\/product\/dr-althea-15-niacinamide-purity-serum-30ml-serum-rozjasniajace\/\" \/>\n<meta property=\"og:locale\" content=\"pl_PL\" \/>\n<meta property=\"og:type\" content=\"article\" \/>\n<meta property=\"og:title\" content=\"Dr.Althea - 15% Niacinamide Purity Serum 30ml serum rozja\u015bniaj\u0105ce - Selleetools.com\" \/>\n<meta property=\"og:description\" content=\"Dr.Althea 15% Niacinamide Purity Serum to wysoko skoncentrowane serum, kt\u00f3re skutecznie rozja\u015bnia, wyg\u0142adza i zw\u0119\u017ca pory, jednocze\u015bnie reguluj\u0105c wydzielanie sebum. Formu\u0142a zawiera 15% niacynamidu, Zinc PCA oraz opatentowany kompleks Melacut, kt\u00f3ry \u0142agodzi podra\u017cnienia i poprawia struktur\u0119 sk\u00f3ry. Dzi\u0119ki lekkiej, szybko wch\u0142aniaj\u0105cej si\u0119 konsystencji serum nie pozostawia lepkiej warstwy i sprawdza si\u0119 zar\u00f3wno w porannej, jak ... Read moreDr.Althea &#8211; 15% Niacinamide Purity Serum 30ml serum rozja\u015bniaj\u0105ce\" \/>\n<meta property=\"og:url\" content=\"https:\/\/selleetools.com\/pl\/product\/dr-althea-15-niacinamide-purity-serum-30ml-serum-rozjasniajace\/\" \/>\n<meta property=\"og:site_name\" content=\"Selleetools.com\" \/>\n<meta property=\"article:modified_time\" content=\"2025-12-02T20:06:36+00:00\" \/>\n<meta property=\"og:image\" content=\"https:\/\/selleetools.com\/wp-content\/uploads\/2025\/10\/533dab3f84c0f131fd33a9dbaea8428c.png\" \/>\n\t<meta property=\"og:image:width\" content=\"1200\" \/>\n\t<meta property=\"og:image:height\" content=\"1200\" \/>\n\t<meta property=\"og:image:type\" content=\"image\/png\" \/>\n<meta name=\"twitter:card\" content=\"summary_large_image\" \/>\n<meta name=\"twitter:label1\" content=\"Est. reading time\" \/>\n\t<meta name=\"twitter:data1\" content=\"1 minuta\" \/>\n<!-- \/ Yoast SEO plugin. -->","yoast_head_json":{"title":"Dr.Althea - 15% Niacinamide Purity Serum 30ml serum rozja\u015bniaj\u0105ce - Selleetools.com","robots":{"index":"index","follow":"follow","max-snippet":"max-snippet:-1","max-image-preview":"max-image-preview:large","max-video-preview":"max-video-preview:-1"},"canonical":"https:\/\/selleetools.com\/pl\/product\/dr-althea-15-niacinamide-purity-serum-30ml-serum-rozjasniajace\/","og_locale":"pl_PL","og_type":"article","og_title":"Dr.Althea - 15% Niacinamide Purity Serum 30ml serum rozja\u015bniaj\u0105ce - Selleetools.com","og_description":"Dr.Althea 15% Niacinamide Purity Serum to wysoko skoncentrowane serum, kt\u00f3re skutecznie rozja\u015bnia, wyg\u0142adza i zw\u0119\u017ca pory, jednocze\u015bnie reguluj\u0105c wydzielanie sebum. Formu\u0142a zawiera 15% niacynamidu, Zinc PCA oraz opatentowany kompleks Melacut, kt\u00f3ry \u0142agodzi podra\u017cnienia i poprawia struktur\u0119 sk\u00f3ry. Dzi\u0119ki lekkiej, szybko wch\u0142aniaj\u0105cej si\u0119 konsystencji serum nie pozostawia lepkiej warstwy i sprawdza si\u0119 zar\u00f3wno w porannej, jak ... Read moreDr.Althea &#8211; 15% Niacinamide Purity Serum 30ml serum rozja\u015bniaj\u0105ce","og_url":"https:\/\/selleetools.com\/pl\/product\/dr-althea-15-niacinamide-purity-serum-30ml-serum-rozjasniajace\/","og_site_name":"Selleetools.com","article_modified_time":"2025-12-02T20:06:36+00:00","og_image":[{"width":1200,"height":1200,"url":"https:\/\/selleetools.com\/wp-content\/uploads\/2025\/10\/533dab3f84c0f131fd33a9dbaea8428c.png","type":"image\/png"}],"twitter_card":"summary_large_image","twitter_misc":{"Est. reading time":"1 minuta"},"schema":{"@context":"https:\/\/schema.org","@graph":[{"@type":"Organization","@id":"https:\/\/selleetools.com\/#organization","name":"Selleetools","url":"https:\/\/selleetools.com\/","sameAs":[],"logo":{"@type":"ImageObject","inLanguage":"pl-PL","@id":"https:\/\/selleetools.com\/#\/schema\/logo\/image\/","url":"https:\/\/selleetools.com\/wp-content\/uploads\/2021\/10\/logo-dark.png","contentUrl":"https:\/\/selleetools.com\/wp-content\/uploads\/2021\/10\/logo-dark.png","width":320,"height":76,"caption":"Selleetools"},"image":{"@id":"https:\/\/selleetools.com\/#\/schema\/logo\/image\/"}},{"@type":"WebSite","@id":"https:\/\/selleetools.com\/#website","url":"https:\/\/selleetools.com\/","name":"Selleetools.com","description":"","publisher":{"@id":"https:\/\/selleetools.com\/#organization"},"potentialAction":[{"@type":"SearchAction","target":{"@type":"EntryPoint","urlTemplate":"https:\/\/selleetools.com\/?s={search_term_string}"},"query-input":"required name=search_term_string"}],"inLanguage":"pl-PL"},{"@type":"WebPage","@id":"https:\/\/selleetools.com\/pl\/product\/dr-althea-15-niacinamide-purity-serum-30ml-serum-rozjasniajace\/","url":"https:\/\/selleetools.com\/pl\/product\/dr-althea-15-niacinamide-purity-serum-30ml-serum-rozjasniajace\/","name":"Dr.Althea - 15% Niacinamide Purity Serum 30ml serum rozja\u015bniaj\u0105ce - Selleetools.com","isPartOf":{"@id":"https:\/\/selleetools.com\/#website"},"datePublished":"2025-10-24T12:56:51+00:00","dateModified":"2025-12-02T20:06:36+00:00","breadcrumb":{"@id":"https:\/\/selleetools.com\/pl\/product\/dr-althea-15-niacinamide-purity-serum-30ml-serum-rozjasniajace\/#breadcrumb"},"inLanguage":"pl-PL","potentialAction":[{"@type":"ReadAction","target":["https:\/\/selleetools.com\/pl\/product\/dr-althea-15-niacinamide-purity-serum-30ml-serum-rozjasniajace\/"]}]},{"@type":"BreadcrumbList","@id":"https:\/\/selleetools.com\/pl\/product\/dr-althea-15-niacinamide-purity-serum-30ml-serum-rozjasniajace\/#breadcrumb","itemListElement":[{"@type":"ListItem","position":1,"name":"Home","item":"https:\/\/selleetools.com\/pl\/"},{"@type":"ListItem","position":2,"name":"Katalog","item":"https:\/\/selleetools.com\/pl\/katalog\/"},{"@type":"ListItem","position":3,"name":"Dr.Althea &#8211; 15% Niacinamide Purity Serum 30ml serum rozja\u015bniaj\u0105ce"}]}]}},"_links":{"self":[{"href":"https:\/\/selleetools.com\/pl\/wp-json\/wp\/v2\/product\/610824"}],"collection":[{"href":"https:\/\/selleetools.com\/pl\/wp-json\/wp\/v2\/product"}],"about":[{"href":"https:\/\/selleetools.com\/pl\/wp-json\/wp\/v2\/types\/product"}],"replies":[{"embeddable":true,"href":"https:\/\/selleetools.com\/pl\/wp-json\/wp\/v2\/comments?post=610824"}],"wp:featuredmedia":[{"embeddable":true,"href":"https:\/\/selleetools.com\/pl\/wp-json\/wp\/v2\/media\/610822"}],"wp:attachment":[{"href":"https:\/\/selleetools.com\/pl\/wp-json\/wp\/v2\/media?parent=610824"}],"curies":[{"name":"wp","href":"https:\/\/api.w.org\/{rel}","templated":true}]}}