{"id":610815,"date":"2025-10-24T14:56:41","date_gmt":"2025-10-24T12:56:41","guid":{"rendered":"https:\/\/selleetools.com\/?post_type=product&#038;p=610815"},"modified":"2025-12-26T16:23:29","modified_gmt":"2025-12-26T15:23:29","slug":"medicube-zero-pore-one-day-cream-50ml-krem-zwezajacy-pory","status":"publish","type":"product","link":"https:\/\/selleetools.com\/pl\/product\/medicube-zero-pore-one-day-cream-50ml-krem-zwezajacy-pory\/","title":{"rendered":"Medicube Zero Pore One Day Cream 50ml krem zw\u0119\u017caj\u0105cy pory"},"content":{"rendered":"<p>Medicube Zero Pore One Day Cream to zaawansowany krem do piel\u0119gnacji por\u00f3w, kt\u00f3ry widocznie zmniejsza ich rozmiar, poprawia elastyczno\u015b\u0107 sk\u00f3ry i przywraca jej g\u0142adki wygl\u0105d. Dzi\u0119ki kompleksowi opatentowanych sk\u0142adnik\u00f3w krem dzia\u0142a wielokierunkowo \u2013 napina, wyg\u0142adza i oczyszcza sk\u00f3r\u0119, jednocze\u015bnie j\u0105 nawil\u017caj\u0105c. Klinicznie udowodniono, \u017ce ju\u017c po jednym u\u017cyciu pory staj\u0105 si\u0119 o ponad 50% mniej widoczne. Lekka, niet\u0142usta formu\u0142a doskonale sprawdza si\u0119 w piel\u0119gnacji sk\u00f3ry mieszanej, t\u0142ustej i z rozszerzonymi porami.<\/p>\n<p>Korzy\u015bci dla sk\u00f3ry<br \/>\nWidocznie zmniejsza rozmiar, g\u0142\u0119boko\u015b\u0107 i obj\u0119to\u015b\u0107 por\u00f3w (potwierdzone klinicznie).<br \/>\nReguluje wydzielanie sebum i ogranicza powstawanie zask\u00f3rnik\u00f3w.<br \/>\nPoprawia elastyczno\u015b\u0107 sk\u00f3ry i przywraca jej g\u0142adko\u015b\u0107.<br \/>\nZapewnia nawil\u017cenie bez uczucia lepko\u015bci i b\u0142yszczenia.<br \/>\nOdpowiedni dla sk\u00f3ry t\u0142ustej, mieszanej i wra\u017cliwej.<\/p>\n<p>Spos\u00f3b u\u017cycia<br \/>\nStosuj rano i wieczorem po oczyszczeniu i tonizacji sk\u00f3ry.<br \/>\nNa\u0142\u00f3\u017c niewielk\u0105 ilo\u015b\u0107 kremu na twarz, zaczynaj\u0105c od jej \u015brodka.<br \/>\nDelikatnie wklep dla lepszego wch\u0142oni\u0119cia.<\/p>\n","protected":false},"excerpt":{"rendered":"<p>Medicube Zero Pore One Day Cream to zaawansowany krem do piel\u0119gnacji por\u00f3w, kt\u00f3ry widocznie zmniejsza ich rozmiar, poprawia elastyczno\u015b\u0107 sk\u00f3ry i przywraca jej g\u0142adki wygl\u0105d. Dzi\u0119ki kompleksowi opatentowanych sk\u0142adnik\u00f3w krem dzia\u0142a wielokierunkowo \u2013 napina, wyg\u0142adza i oczyszcza sk\u00f3r\u0119, jednocze\u015bnie j\u0105 nawil\u017caj\u0105c. Klinicznie udowodniono, \u017ce ju\u017c po jednym u\u017cyciu pory staj\u0105 si\u0119 o ponad 50% mniej &#8230; <a title=\"Medicube Zero Pore One Day Cream 50ml krem zw\u0119\u017caj\u0105cy pory\" class=\"read-more\" href=\"https:\/\/selleetools.com\/pl\/product\/medicube-zero-pore-one-day-cream-50ml-krem-zwezajacy-pory\/\">Read more<span class=\"screen-reader-text\">Medicube Zero Pore One Day Cream 50ml krem zw\u0119\u017caj\u0105cy pory<\/span><\/a><\/p>\n","protected":false},"featured_media":610813,"comment_status":"open","ping_status":"closed","template":"","meta":{"_links_to":"","_links_to_target":""},"yoast_head":"<!-- This site is optimized with the Yoast SEO plugin v19.4 - https:\/\/yoast.com\/wordpress\/plugins\/seo\/ -->\n<title>Medicube Zero Pore One Day Cream 50ml krem zw\u0119\u017caj\u0105cy pory - Selleetools.com<\/title>\n<meta name=\"robots\" content=\"index, follow, max-snippet:-1, max-image-preview:large, max-video-preview:-1\" \/>\n<link rel=\"canonical\" href=\"https:\/\/selleetools.com\/pl\/product\/medicube-zero-pore-one-day-cream-50ml-krem-zwezajacy-pory\/\" \/>\n<meta property=\"og:locale\" content=\"pl_PL\" \/>\n<meta property=\"og:type\" content=\"article\" \/>\n<meta property=\"og:title\" content=\"Medicube Zero Pore One Day Cream 50ml krem zw\u0119\u017caj\u0105cy pory - Selleetools.com\" \/>\n<meta property=\"og:description\" content=\"Medicube Zero Pore One Day Cream to zaawansowany krem do piel\u0119gnacji por\u00f3w, kt\u00f3ry widocznie zmniejsza ich rozmiar, poprawia elastyczno\u015b\u0107 sk\u00f3ry i przywraca jej g\u0142adki wygl\u0105d. Dzi\u0119ki kompleksowi opatentowanych sk\u0142adnik\u00f3w krem dzia\u0142a wielokierunkowo \u2013 napina, wyg\u0142adza i oczyszcza sk\u00f3r\u0119, jednocze\u015bnie j\u0105 nawil\u017caj\u0105c. Klinicznie udowodniono, \u017ce ju\u017c po jednym u\u017cyciu pory staj\u0105 si\u0119 o ponad 50% mniej ... Read moreMedicube Zero Pore One Day Cream 50ml krem zw\u0119\u017caj\u0105cy pory\" \/>\n<meta property=\"og:url\" content=\"https:\/\/selleetools.com\/pl\/product\/medicube-zero-pore-one-day-cream-50ml-krem-zwezajacy-pory\/\" \/>\n<meta property=\"og:site_name\" content=\"Selleetools.com\" \/>\n<meta property=\"article:modified_time\" content=\"2025-12-26T15:23:29+00:00\" \/>\n<meta property=\"og:image\" content=\"https:\/\/selleetools.com\/wp-content\/uploads\/2025\/10\/8abbe58bbdb67c44a992f7787f27c9f9.png\" \/>\n\t<meta property=\"og:image:width\" content=\"1200\" \/>\n\t<meta property=\"og:image:height\" content=\"1200\" \/>\n\t<meta property=\"og:image:type\" content=\"image\/png\" \/>\n<meta name=\"twitter:card\" content=\"summary_large_image\" \/>\n<meta name=\"twitter:label1\" content=\"Est. reading time\" \/>\n\t<meta name=\"twitter:data1\" content=\"1 minuta\" \/>\n<!-- \/ Yoast SEO plugin. -->","yoast_head_json":{"title":"Medicube Zero Pore One Day Cream 50ml krem zw\u0119\u017caj\u0105cy pory - Selleetools.com","robots":{"index":"index","follow":"follow","max-snippet":"max-snippet:-1","max-image-preview":"max-image-preview:large","max-video-preview":"max-video-preview:-1"},"canonical":"https:\/\/selleetools.com\/pl\/product\/medicube-zero-pore-one-day-cream-50ml-krem-zwezajacy-pory\/","og_locale":"pl_PL","og_type":"article","og_title":"Medicube Zero Pore One Day Cream 50ml krem zw\u0119\u017caj\u0105cy pory - Selleetools.com","og_description":"Medicube Zero Pore One Day Cream to zaawansowany krem do piel\u0119gnacji por\u00f3w, kt\u00f3ry widocznie zmniejsza ich rozmiar, poprawia elastyczno\u015b\u0107 sk\u00f3ry i przywraca jej g\u0142adki wygl\u0105d. Dzi\u0119ki kompleksowi opatentowanych sk\u0142adnik\u00f3w krem dzia\u0142a wielokierunkowo \u2013 napina, wyg\u0142adza i oczyszcza sk\u00f3r\u0119, jednocze\u015bnie j\u0105 nawil\u017caj\u0105c. Klinicznie udowodniono, \u017ce ju\u017c po jednym u\u017cyciu pory staj\u0105 si\u0119 o ponad 50% mniej ... Read moreMedicube Zero Pore One Day Cream 50ml krem zw\u0119\u017caj\u0105cy pory","og_url":"https:\/\/selleetools.com\/pl\/product\/medicube-zero-pore-one-day-cream-50ml-krem-zwezajacy-pory\/","og_site_name":"Selleetools.com","article_modified_time":"2025-12-26T15:23:29+00:00","og_image":[{"width":1200,"height":1200,"url":"https:\/\/selleetools.com\/wp-content\/uploads\/2025\/10\/8abbe58bbdb67c44a992f7787f27c9f9.png","type":"image\/png"}],"twitter_card":"summary_large_image","twitter_misc":{"Est. reading time":"1 minuta"},"schema":{"@context":"https:\/\/schema.org","@graph":[{"@type":"Organization","@id":"https:\/\/selleetools.com\/#organization","name":"Selleetools","url":"https:\/\/selleetools.com\/","sameAs":[],"logo":{"@type":"ImageObject","inLanguage":"pl-PL","@id":"https:\/\/selleetools.com\/#\/schema\/logo\/image\/","url":"https:\/\/selleetools.com\/wp-content\/uploads\/2021\/10\/logo-dark.png","contentUrl":"https:\/\/selleetools.com\/wp-content\/uploads\/2021\/10\/logo-dark.png","width":320,"height":76,"caption":"Selleetools"},"image":{"@id":"https:\/\/selleetools.com\/#\/schema\/logo\/image\/"}},{"@type":"WebSite","@id":"https:\/\/selleetools.com\/#website","url":"https:\/\/selleetools.com\/","name":"Selleetools.com","description":"","publisher":{"@id":"https:\/\/selleetools.com\/#organization"},"potentialAction":[{"@type":"SearchAction","target":{"@type":"EntryPoint","urlTemplate":"https:\/\/selleetools.com\/?s={search_term_string}"},"query-input":"required name=search_term_string"}],"inLanguage":"pl-PL"},{"@type":"WebPage","@id":"https:\/\/selleetools.com\/pl\/product\/medicube-zero-pore-one-day-cream-50ml-krem-zwezajacy-pory\/","url":"https:\/\/selleetools.com\/pl\/product\/medicube-zero-pore-one-day-cream-50ml-krem-zwezajacy-pory\/","name":"Medicube Zero Pore One Day Cream 50ml krem zw\u0119\u017caj\u0105cy pory - Selleetools.com","isPartOf":{"@id":"https:\/\/selleetools.com\/#website"},"datePublished":"2025-10-24T12:56:41+00:00","dateModified":"2025-12-26T15:23:29+00:00","breadcrumb":{"@id":"https:\/\/selleetools.com\/pl\/product\/medicube-zero-pore-one-day-cream-50ml-krem-zwezajacy-pory\/#breadcrumb"},"inLanguage":"pl-PL","potentialAction":[{"@type":"ReadAction","target":["https:\/\/selleetools.com\/pl\/product\/medicube-zero-pore-one-day-cream-50ml-krem-zwezajacy-pory\/"]}]},{"@type":"BreadcrumbList","@id":"https:\/\/selleetools.com\/pl\/product\/medicube-zero-pore-one-day-cream-50ml-krem-zwezajacy-pory\/#breadcrumb","itemListElement":[{"@type":"ListItem","position":1,"name":"Home","item":"https:\/\/selleetools.com\/pl\/"},{"@type":"ListItem","position":2,"name":"Katalog","item":"https:\/\/selleetools.com\/pl\/katalog\/"},{"@type":"ListItem","position":3,"name":"Medicube Zero Pore One Day Cream 50ml krem zw\u0119\u017caj\u0105cy pory"}]}]}},"_links":{"self":[{"href":"https:\/\/selleetools.com\/pl\/wp-json\/wp\/v2\/product\/610815"}],"collection":[{"href":"https:\/\/selleetools.com\/pl\/wp-json\/wp\/v2\/product"}],"about":[{"href":"https:\/\/selleetools.com\/pl\/wp-json\/wp\/v2\/types\/product"}],"replies":[{"embeddable":true,"href":"https:\/\/selleetools.com\/pl\/wp-json\/wp\/v2\/comments?post=610815"}],"wp:featuredmedia":[{"embeddable":true,"href":"https:\/\/selleetools.com\/pl\/wp-json\/wp\/v2\/media\/610813"}],"wp:attachment":[{"href":"https:\/\/selleetools.com\/pl\/wp-json\/wp\/v2\/media?parent=610815"}],"curies":[{"name":"wp","href":"https:\/\/api.w.org\/{rel}","templated":true}]}}