{"id":610771,"date":"2025-10-24T14:55:56","date_gmt":"2025-10-24T12:55:56","guid":{"rendered":"https:\/\/selleetools.com\/?post_type=product&#038;p=610771"},"modified":"2025-12-12T11:08:59","modified_gmt":"2025-12-12T10:08:59","slug":"aestura-atobarrier-365-hydro-essence-200ml-esencja-nawilzajaca","status":"publish","type":"product","link":"https:\/\/selleetools.com\/pl\/product\/aestura-atobarrier-365-hydro-essence-200ml-esencja-nawilzajaca\/","title":{"rendered":"AESTURA Atobarrier 365 Hydro Essence 200ml esencja nawil\u017caj\u0105ca"},"content":{"rendered":"<p>Aestura Atobarrier 365 Hydro Essence to lekka, mleczna esencja nawil\u017caj\u0105ca opracowana z my\u015bl\u0105 o sk\u00f3rze suchej, odwodnionej i wra\u017cliwej. Zawiera kompleks DermaON\u00ae oraz BMF\u2122 (Barrier Moisture Factors) \u2013 po\u0142\u0105czenie sk\u0142adnik\u00f3w lipidowych i naturalnych czynnik\u00f3w nawil\u017caj\u0105cych, kt\u00f3re na\u015bladuj\u0105 struktur\u0119 bariery sk\u00f3ry, zapewniaj\u0105c jej g\u0142\u0119bokie i d\u0142ugotrwa\u0142e nawodnienie. Esencja natychmiast \u0142agodzi uczucie \u015bci\u0105gni\u0119cia, poprawia elastyczno\u015b\u0107 oraz chroni przed utrat\u0105 wilgoci, pozostawiaj\u0105c cer\u0119 mi\u0119kk\u0105 i \u015bwie\u017c\u0105 bez efektu lepko\u015bci.<\/p>\n<p>Korzy\u015bci dla sk\u00f3ry<br \/>\nNatychmiastowo i d\u0142ugotrwale nawil\u017ca nawet bardzo such\u0105 sk\u00f3r\u0119.<br \/>\nWzmacnia barier\u0119 hydrolipidow\u0105 i zapobiega utracie wody.<br \/>\nZwi\u0119ksza elastyczno\u015b\u0107 i g\u0142adko\u015b\u0107 nask\u00f3rka.<br \/>\nLekka, szybko wch\u0142aniaj\u0105ca si\u0119 konsystencja \u2013 bez obci\u0105\u017cenia i lepko\u015bci.<br \/>\nOdpowiednia dla sk\u00f3ry wra\u017cliwej i tr\u0105dzikowej (testowana dermatologicznie i niekomedogenna).<\/p>\n<p>Spos\u00f3b u\u017cycia<br \/>\nPo oczyszczeniu sk\u00f3ry na\u0142\u00f3\u017c niewielk\u0105 ilo\u015b\u0107 esencji na twarz i szyj\u0119.<br \/>\nDelikatnie wklep, a\u017c do ca\u0142kowitego wch\u0142oni\u0119cia.<br \/>\nDla intensywnego efektu nawil\u017cenia \u2013 na\u0142\u00f3\u017c 2\u20133 cienkie warstwy.<br \/>\nStosuj codziennie rano i wieczorem, przed kremem lub serum.<\/p>\n","protected":false},"excerpt":{"rendered":"<p>Aestura Atobarrier 365 Hydro Essence to lekka, mleczna esencja nawil\u017caj\u0105ca opracowana z my\u015bl\u0105 o sk\u00f3rze suchej, odwodnionej i wra\u017cliwej. Zawiera kompleks DermaON\u00ae oraz BMF\u2122 (Barrier Moisture Factors) \u2013 po\u0142\u0105czenie sk\u0142adnik\u00f3w lipidowych i naturalnych czynnik\u00f3w nawil\u017caj\u0105cych, kt\u00f3re na\u015bladuj\u0105 struktur\u0119 bariery sk\u00f3ry, zapewniaj\u0105c jej g\u0142\u0119bokie i d\u0142ugotrwa\u0142e nawodnienie. Esencja natychmiast \u0142agodzi uczucie \u015bci\u0105gni\u0119cia, poprawia elastyczno\u015b\u0107 oraz chroni &#8230; <a title=\"AESTURA Atobarrier 365 Hydro Essence 200ml esencja nawil\u017caj\u0105ca\" class=\"read-more\" href=\"https:\/\/selleetools.com\/pl\/product\/aestura-atobarrier-365-hydro-essence-200ml-esencja-nawilzajaca\/\">Read more<span class=\"screen-reader-text\">AESTURA Atobarrier 365 Hydro Essence 200ml esencja nawil\u017caj\u0105ca<\/span><\/a><\/p>\n","protected":false},"featured_media":610769,"comment_status":"open","ping_status":"closed","template":"","meta":{"_links_to":"","_links_to_target":""},"yoast_head":"<!-- This site is optimized with the Yoast SEO plugin v19.4 - https:\/\/yoast.com\/wordpress\/plugins\/seo\/ -->\n<title>AESTURA Atobarrier 365 Hydro Essence 200ml esencja nawil\u017caj\u0105ca - Selleetools.com<\/title>\n<meta name=\"robots\" content=\"index, follow, max-snippet:-1, max-image-preview:large, max-video-preview:-1\" \/>\n<link rel=\"canonical\" href=\"https:\/\/selleetools.com\/product\/aestura-atobarrier-365-hydro-essence-200ml-esencja-nawilzajaca\/\" \/>\n<meta property=\"og:locale\" content=\"pl_PL\" \/>\n<meta property=\"og:type\" content=\"article\" \/>\n<meta property=\"og:title\" content=\"AESTURA Atobarrier 365 Hydro Essence 200ml esencja nawil\u017caj\u0105ca - Selleetools.com\" \/>\n<meta property=\"og:description\" content=\"Aestura Atobarrier 365 Hydro Essence to lekka, mleczna esencja nawil\u017caj\u0105ca opracowana z my\u015bl\u0105 o sk\u00f3rze suchej, odwodnionej i wra\u017cliwej. Zawiera kompleks DermaON\u00ae oraz BMF\u2122 (Barrier Moisture Factors) \u2013 po\u0142\u0105czenie sk\u0142adnik\u00f3w lipidowych i naturalnych czynnik\u00f3w nawil\u017caj\u0105cych, kt\u00f3re na\u015bladuj\u0105 struktur\u0119 bariery sk\u00f3ry, zapewniaj\u0105c jej g\u0142\u0119bokie i d\u0142ugotrwa\u0142e nawodnienie. Esencja natychmiast \u0142agodzi uczucie \u015bci\u0105gni\u0119cia, poprawia elastyczno\u015b\u0107 oraz chroni ... Read moreAESTURA Atobarrier 365 Hydro Essence 200ml esencja nawil\u017caj\u0105ca\" \/>\n<meta property=\"og:url\" content=\"https:\/\/selleetools.com\/product\/aestura-atobarrier-365-hydro-essence-200ml-esencja-nawilzajaca\/\" \/>\n<meta property=\"og:site_name\" content=\"Selleetools.com\" \/>\n<meta property=\"article:modified_time\" content=\"2025-12-12T10:08:59+00:00\" \/>\n<meta property=\"og:image\" content=\"https:\/\/selleetools.com\/wp-content\/uploads\/2025\/10\/d32b33a6aeca26fce03cc9ba483ae148.png\" \/>\n\t<meta property=\"og:image:width\" content=\"1200\" \/>\n\t<meta property=\"og:image:height\" content=\"1200\" \/>\n\t<meta property=\"og:image:type\" content=\"image\/png\" \/>\n<meta name=\"twitter:card\" content=\"summary_large_image\" \/>\n<meta name=\"twitter:label1\" content=\"Est. reading time\" \/>\n\t<meta name=\"twitter:data1\" content=\"1 minuta\" \/>\n<!-- \/ Yoast SEO plugin. -->","yoast_head_json":{"title":"AESTURA Atobarrier 365 Hydro Essence 200ml esencja nawil\u017caj\u0105ca - Selleetools.com","robots":{"index":"index","follow":"follow","max-snippet":"max-snippet:-1","max-image-preview":"max-image-preview:large","max-video-preview":"max-video-preview:-1"},"canonical":"https:\/\/selleetools.com\/product\/aestura-atobarrier-365-hydro-essence-200ml-esencja-nawilzajaca\/","og_locale":"pl_PL","og_type":"article","og_title":"AESTURA Atobarrier 365 Hydro Essence 200ml esencja nawil\u017caj\u0105ca - Selleetools.com","og_description":"Aestura Atobarrier 365 Hydro Essence to lekka, mleczna esencja nawil\u017caj\u0105ca opracowana z my\u015bl\u0105 o sk\u00f3rze suchej, odwodnionej i wra\u017cliwej. Zawiera kompleks DermaON\u00ae oraz BMF\u2122 (Barrier Moisture Factors) \u2013 po\u0142\u0105czenie sk\u0142adnik\u00f3w lipidowych i naturalnych czynnik\u00f3w nawil\u017caj\u0105cych, kt\u00f3re na\u015bladuj\u0105 struktur\u0119 bariery sk\u00f3ry, zapewniaj\u0105c jej g\u0142\u0119bokie i d\u0142ugotrwa\u0142e nawodnienie. Esencja natychmiast \u0142agodzi uczucie \u015bci\u0105gni\u0119cia, poprawia elastyczno\u015b\u0107 oraz chroni ... Read moreAESTURA Atobarrier 365 Hydro Essence 200ml esencja nawil\u017caj\u0105ca","og_url":"https:\/\/selleetools.com\/product\/aestura-atobarrier-365-hydro-essence-200ml-esencja-nawilzajaca\/","og_site_name":"Selleetools.com","article_modified_time":"2025-12-12T10:08:59+00:00","og_image":[{"width":1200,"height":1200,"url":"https:\/\/selleetools.com\/wp-content\/uploads\/2025\/10\/d32b33a6aeca26fce03cc9ba483ae148.png","type":"image\/png"}],"twitter_card":"summary_large_image","twitter_misc":{"Est. reading time":"1 minuta"},"schema":{"@context":"https:\/\/schema.org","@graph":[{"@type":"Organization","@id":"https:\/\/selleetools.com\/#organization","name":"Selleetools","url":"https:\/\/selleetools.com\/","sameAs":[],"logo":{"@type":"ImageObject","inLanguage":"pl-PL","@id":"https:\/\/selleetools.com\/#\/schema\/logo\/image\/","url":"https:\/\/selleetools.com\/wp-content\/uploads\/2021\/10\/logo-dark.png","contentUrl":"https:\/\/selleetools.com\/wp-content\/uploads\/2021\/10\/logo-dark.png","width":320,"height":76,"caption":"Selleetools"},"image":{"@id":"https:\/\/selleetools.com\/#\/schema\/logo\/image\/"}},{"@type":"WebSite","@id":"https:\/\/selleetools.com\/#website","url":"https:\/\/selleetools.com\/","name":"Selleetools.com","description":"","publisher":{"@id":"https:\/\/selleetools.com\/#organization"},"potentialAction":[{"@type":"SearchAction","target":{"@type":"EntryPoint","urlTemplate":"https:\/\/selleetools.com\/?s={search_term_string}"},"query-input":"required name=search_term_string"}],"inLanguage":"pl-PL"},{"@type":"WebPage","@id":"https:\/\/selleetools.com\/product\/aestura-atobarrier-365-hydro-essence-200ml-esencja-nawilzajaca\/","url":"https:\/\/selleetools.com\/product\/aestura-atobarrier-365-hydro-essence-200ml-esencja-nawilzajaca\/","name":"AESTURA Atobarrier 365 Hydro Essence 200ml esencja nawil\u017caj\u0105ca - Selleetools.com","isPartOf":{"@id":"https:\/\/selleetools.com\/#website"},"datePublished":"2025-10-24T12:55:56+00:00","dateModified":"2025-12-12T10:08:59+00:00","breadcrumb":{"@id":"https:\/\/selleetools.com\/product\/aestura-atobarrier-365-hydro-essence-200ml-esencja-nawilzajaca\/#breadcrumb"},"inLanguage":"pl-PL","potentialAction":[{"@type":"ReadAction","target":["https:\/\/selleetools.com\/product\/aestura-atobarrier-365-hydro-essence-200ml-esencja-nawilzajaca\/"]}]},{"@type":"BreadcrumbList","@id":"https:\/\/selleetools.com\/product\/aestura-atobarrier-365-hydro-essence-200ml-esencja-nawilzajaca\/#breadcrumb","itemListElement":[{"@type":"ListItem","position":1,"name":"Home","item":"https:\/\/selleetools.com\/pl\/"},{"@type":"ListItem","position":2,"name":"Katalog","item":"https:\/\/selleetools.com\/pl\/katalog\/"},{"@type":"ListItem","position":3,"name":"AESTURA Atobarrier 365 Hydro Essence 200ml esencja nawil\u017caj\u0105ca"}]}]}},"_links":{"self":[{"href":"https:\/\/selleetools.com\/pl\/wp-json\/wp\/v2\/product\/610771"}],"collection":[{"href":"https:\/\/selleetools.com\/pl\/wp-json\/wp\/v2\/product"}],"about":[{"href":"https:\/\/selleetools.com\/pl\/wp-json\/wp\/v2\/types\/product"}],"replies":[{"embeddable":true,"href":"https:\/\/selleetools.com\/pl\/wp-json\/wp\/v2\/comments?post=610771"}],"wp:featuredmedia":[{"embeddable":true,"href":"https:\/\/selleetools.com\/pl\/wp-json\/wp\/v2\/media\/610769"}],"wp:attachment":[{"href":"https:\/\/selleetools.com\/pl\/wp-json\/wp\/v2\/media?parent=610771"}],"curies":[{"name":"wp","href":"https:\/\/api.w.org\/{rel}","templated":true}]}}