{"id":610756,"date":"2025-10-24T14:55:41","date_gmt":"2025-10-24T12:55:41","guid":{"rendered":"https:\/\/selleetools.com\/?post_type=product&#038;p=610756"},"modified":"2025-11-03T17:00:06","modified_gmt":"2025-11-03T16:00:06","slug":"cosrx-peptide-132-ultra-perfect-hair-bonding-treatment-120ml-odzywka-regenerujaca-do-wlosow","status":"publish","type":"product","link":"https:\/\/selleetools.com\/pl\/product\/cosrx-peptide-132-ultra-perfect-hair-bonding-treatment-120ml-odzywka-regenerujaca-do-wlosow\/","title":{"rendered":"COSRX PEPTIDE-132 Ultra Perfect Hair Bonding Treatment 120ml od\u017cywka regeneruj\u0105ca do w\u0142os\u00f3w"},"content":{"rendered":"<p>COSRX Peptide-132 Ultra Perfect Hair Bonding Treatment to profesjonalna kuracja odbudowuj\u0105ca do w\u0142os\u00f3w, kt\u00f3ra dzia\u0142a jak zabieg salonowy w domowym zaciszu. Formu\u0142a zawiera opatentowany kompleks PEPTIDE-132\u2122, kt\u00f3ry wnika w g\u0142\u0105b w\u0142\u00f3kna w\u0142osa, odbudowuj\u0105c uszkodzone wi\u0105zania keratynowe i wzmacniaj\u0105c jego struktur\u0119 od \u015brodka. Bogata, jedwabista konsystencja otula w\u0142osy od\u017cywczym filmem, wyg\u0142adzaj\u0105c je i przywracaj\u0105c im elastyczno\u015b\u0107, mi\u0119kko\u015b\u0107 oraz po\u0142ysk. Dzi\u0119ki po\u0142\u0105czeniu biotyny, pantenolu, niacynamidu i ceramid\u00f3w, od\u017cywka nie tylko regeneruje, ale te\u017c dba o nawil\u017cenie oraz ochron\u0119 w\u0142os\u00f3w i sk\u00f3ry g\u0142owy.<\/p>\n<p>Korzy\u015bci dla w\u0142os\u00f3w:<br \/>\nintensywnie regeneruje zniszczone i os\u0142abione w\u0142osy,<br \/>\nodbudowuje wi\u0105zania keratynowe, zwi\u0119kszaj\u0105c odporno\u015b\u0107 na \u0142amanie,<br \/>\nnadaje w\u0142osom jedwabist\u0105 g\u0142adko\u015b\u0107 i po\u0142ysk,<br \/>\nu\u0142atwia rozczesywanie i ogranicza pl\u0105tanie,<br \/>\npoprawia elastyczno\u015b\u0107 i mi\u0119kko\u015b\u0107 w\u0142os\u00f3w,<br \/>\ng\u0142\u0119boko nawil\u017ca i zapobiega puszeniu si\u0119 w\u0142os\u00f3w,<br \/>\nodpowiednia do ka\u017cdego typu w\u0142os\u00f3w, szczeg\u00f3lnie suchych, farbowanych i po zabiegach chemicznych.<\/p>\n<p>Spos\u00f3b u\u017cycia:<br \/>\nPo umyciu w\u0142os\u00f3w szamponem (najlepiej COSRX Peptide-132 Ultra Perfect Hair Bonding Shampoo) delikatnie odci\u015bnij nadmiar wody. Na\u0142\u00f3\u017c odpowiedni\u0105 ilo\u015b\u0107 od\u017cywki na d\u0142ugo\u015bci i ko\u0144c\u00f3wki w\u0142os\u00f3w, pozostaw na 3\u201310 minut, a nast\u0119pnie dok\u0142adnie sp\u0142ucz letni\u0105 wod\u0105.<br \/>\nDla intensywniejszego efektu regeneracji pozostaw produkt na w\u0142osach przez oko\u0142o 10 minut przed sp\u0142ukaniem.<\/p>\n","protected":false},"excerpt":{"rendered":"<p>COSRX Peptide-132 Ultra Perfect Hair Bonding Treatment to profesjonalna kuracja odbudowuj\u0105ca do w\u0142os\u00f3w, kt\u00f3ra dzia\u0142a jak zabieg salonowy w domowym zaciszu. Formu\u0142a zawiera opatentowany kompleks PEPTIDE-132\u2122, kt\u00f3ry wnika w g\u0142\u0105b w\u0142\u00f3kna w\u0142osa, odbudowuj\u0105c uszkodzone wi\u0105zania keratynowe i wzmacniaj\u0105c jego struktur\u0119 od \u015brodka. Bogata, jedwabista konsystencja otula w\u0142osy od\u017cywczym filmem, wyg\u0142adzaj\u0105c je i przywracaj\u0105c im elastyczno\u015b\u0107, &#8230; <a title=\"COSRX PEPTIDE-132 Ultra Perfect Hair Bonding Treatment 120ml od\u017cywka regeneruj\u0105ca do w\u0142os\u00f3w\" class=\"read-more\" href=\"https:\/\/selleetools.com\/pl\/product\/cosrx-peptide-132-ultra-perfect-hair-bonding-treatment-120ml-odzywka-regenerujaca-do-wlosow\/\">Read more<span class=\"screen-reader-text\">COSRX PEPTIDE-132 Ultra Perfect Hair Bonding Treatment 120ml od\u017cywka regeneruj\u0105ca do w\u0142os\u00f3w<\/span><\/a><\/p>\n","protected":false},"featured_media":610754,"comment_status":"open","ping_status":"closed","template":"","meta":{"_links_to":"","_links_to_target":""},"yoast_head":"<!-- This site is optimized with the Yoast SEO plugin v19.4 - https:\/\/yoast.com\/wordpress\/plugins\/seo\/ -->\n<title>COSRX PEPTIDE-132 Ultra Perfect Hair Bonding Treatment 120ml od\u017cywka regeneruj\u0105ca do w\u0142os\u00f3w - Selleetools.com<\/title>\n<meta name=\"robots\" content=\"index, follow, max-snippet:-1, max-image-preview:large, max-video-preview:-1\" \/>\n<link rel=\"canonical\" href=\"https:\/\/selleetools.com\/pl\/product\/cosrx-peptide-132-ultra-perfect-hair-bonding-treatment-120ml-odzywka-regenerujaca-do-wlosow\/\" \/>\n<meta property=\"og:locale\" content=\"pl_PL\" \/>\n<meta property=\"og:type\" content=\"article\" \/>\n<meta property=\"og:title\" content=\"COSRX PEPTIDE-132 Ultra Perfect Hair Bonding Treatment 120ml od\u017cywka regeneruj\u0105ca do w\u0142os\u00f3w - Selleetools.com\" \/>\n<meta property=\"og:description\" content=\"COSRX Peptide-132 Ultra Perfect Hair Bonding Treatment to profesjonalna kuracja odbudowuj\u0105ca do w\u0142os\u00f3w, kt\u00f3ra dzia\u0142a jak zabieg salonowy w domowym zaciszu. Formu\u0142a zawiera opatentowany kompleks PEPTIDE-132\u2122, kt\u00f3ry wnika w g\u0142\u0105b w\u0142\u00f3kna w\u0142osa, odbudowuj\u0105c uszkodzone wi\u0105zania keratynowe i wzmacniaj\u0105c jego struktur\u0119 od \u015brodka. Bogata, jedwabista konsystencja otula w\u0142osy od\u017cywczym filmem, wyg\u0142adzaj\u0105c je i przywracaj\u0105c im elastyczno\u015b\u0107, ... Read moreCOSRX PEPTIDE-132 Ultra Perfect Hair Bonding Treatment 120ml od\u017cywka regeneruj\u0105ca do w\u0142os\u00f3w\" \/>\n<meta property=\"og:url\" content=\"https:\/\/selleetools.com\/pl\/product\/cosrx-peptide-132-ultra-perfect-hair-bonding-treatment-120ml-odzywka-regenerujaca-do-wlosow\/\" \/>\n<meta property=\"og:site_name\" content=\"Selleetools.com\" \/>\n<meta property=\"article:modified_time\" content=\"2025-11-03T16:00:06+00:00\" \/>\n<meta property=\"og:image\" content=\"https:\/\/selleetools.com\/wp-content\/uploads\/2025\/10\/cb59226301026d6fc6737ca4957f1f37.png\" \/>\n\t<meta property=\"og:image:width\" content=\"1200\" \/>\n\t<meta property=\"og:image:height\" content=\"1200\" \/>\n\t<meta property=\"og:image:type\" content=\"image\/png\" \/>\n<meta name=\"twitter:card\" content=\"summary_large_image\" \/>\n<meta name=\"twitter:label1\" content=\"Est. reading time\" \/>\n\t<meta name=\"twitter:data1\" content=\"1 minuta\" \/>\n<!-- \/ Yoast SEO plugin. -->","yoast_head_json":{"title":"COSRX PEPTIDE-132 Ultra Perfect Hair Bonding Treatment 120ml od\u017cywka regeneruj\u0105ca do w\u0142os\u00f3w - Selleetools.com","robots":{"index":"index","follow":"follow","max-snippet":"max-snippet:-1","max-image-preview":"max-image-preview:large","max-video-preview":"max-video-preview:-1"},"canonical":"https:\/\/selleetools.com\/pl\/product\/cosrx-peptide-132-ultra-perfect-hair-bonding-treatment-120ml-odzywka-regenerujaca-do-wlosow\/","og_locale":"pl_PL","og_type":"article","og_title":"COSRX PEPTIDE-132 Ultra Perfect Hair Bonding Treatment 120ml od\u017cywka regeneruj\u0105ca do w\u0142os\u00f3w - Selleetools.com","og_description":"COSRX Peptide-132 Ultra Perfect Hair Bonding Treatment to profesjonalna kuracja odbudowuj\u0105ca do w\u0142os\u00f3w, kt\u00f3ra dzia\u0142a jak zabieg salonowy w domowym zaciszu. Formu\u0142a zawiera opatentowany kompleks PEPTIDE-132\u2122, kt\u00f3ry wnika w g\u0142\u0105b w\u0142\u00f3kna w\u0142osa, odbudowuj\u0105c uszkodzone wi\u0105zania keratynowe i wzmacniaj\u0105c jego struktur\u0119 od \u015brodka. Bogata, jedwabista konsystencja otula w\u0142osy od\u017cywczym filmem, wyg\u0142adzaj\u0105c je i przywracaj\u0105c im elastyczno\u015b\u0107, ... Read moreCOSRX PEPTIDE-132 Ultra Perfect Hair Bonding Treatment 120ml od\u017cywka regeneruj\u0105ca do w\u0142os\u00f3w","og_url":"https:\/\/selleetools.com\/pl\/product\/cosrx-peptide-132-ultra-perfect-hair-bonding-treatment-120ml-odzywka-regenerujaca-do-wlosow\/","og_site_name":"Selleetools.com","article_modified_time":"2025-11-03T16:00:06+00:00","og_image":[{"width":1200,"height":1200,"url":"https:\/\/selleetools.com\/wp-content\/uploads\/2025\/10\/cb59226301026d6fc6737ca4957f1f37.png","type":"image\/png"}],"twitter_card":"summary_large_image","twitter_misc":{"Est. reading time":"1 minuta"},"schema":{"@context":"https:\/\/schema.org","@graph":[{"@type":"Organization","@id":"https:\/\/selleetools.com\/#organization","name":"Selleetools","url":"https:\/\/selleetools.com\/","sameAs":[],"logo":{"@type":"ImageObject","inLanguage":"pl-PL","@id":"https:\/\/selleetools.com\/#\/schema\/logo\/image\/","url":"https:\/\/selleetools.com\/wp-content\/uploads\/2021\/10\/logo-dark.png","contentUrl":"https:\/\/selleetools.com\/wp-content\/uploads\/2021\/10\/logo-dark.png","width":320,"height":76,"caption":"Selleetools"},"image":{"@id":"https:\/\/selleetools.com\/#\/schema\/logo\/image\/"}},{"@type":"WebSite","@id":"https:\/\/selleetools.com\/#website","url":"https:\/\/selleetools.com\/","name":"Selleetools.com","description":"","publisher":{"@id":"https:\/\/selleetools.com\/#organization"},"potentialAction":[{"@type":"SearchAction","target":{"@type":"EntryPoint","urlTemplate":"https:\/\/selleetools.com\/?s={search_term_string}"},"query-input":"required name=search_term_string"}],"inLanguage":"pl-PL"},{"@type":"WebPage","@id":"https:\/\/selleetools.com\/pl\/product\/cosrx-peptide-132-ultra-perfect-hair-bonding-treatment-120ml-odzywka-regenerujaca-do-wlosow\/","url":"https:\/\/selleetools.com\/pl\/product\/cosrx-peptide-132-ultra-perfect-hair-bonding-treatment-120ml-odzywka-regenerujaca-do-wlosow\/","name":"COSRX PEPTIDE-132 Ultra Perfect Hair Bonding Treatment 120ml od\u017cywka regeneruj\u0105ca do w\u0142os\u00f3w - Selleetools.com","isPartOf":{"@id":"https:\/\/selleetools.com\/#website"},"datePublished":"2025-10-24T12:55:41+00:00","dateModified":"2025-11-03T16:00:06+00:00","breadcrumb":{"@id":"https:\/\/selleetools.com\/pl\/product\/cosrx-peptide-132-ultra-perfect-hair-bonding-treatment-120ml-odzywka-regenerujaca-do-wlosow\/#breadcrumb"},"inLanguage":"pl-PL","potentialAction":[{"@type":"ReadAction","target":["https:\/\/selleetools.com\/pl\/product\/cosrx-peptide-132-ultra-perfect-hair-bonding-treatment-120ml-odzywka-regenerujaca-do-wlosow\/"]}]},{"@type":"BreadcrumbList","@id":"https:\/\/selleetools.com\/pl\/product\/cosrx-peptide-132-ultra-perfect-hair-bonding-treatment-120ml-odzywka-regenerujaca-do-wlosow\/#breadcrumb","itemListElement":[{"@type":"ListItem","position":1,"name":"Home","item":"https:\/\/selleetools.com\/pl\/"},{"@type":"ListItem","position":2,"name":"Katalog","item":"https:\/\/selleetools.com\/pl\/katalog\/"},{"@type":"ListItem","position":3,"name":"COSRX PEPTIDE-132 Ultra Perfect Hair Bonding Treatment 120ml od\u017cywka regeneruj\u0105ca do w\u0142os\u00f3w"}]}]}},"_links":{"self":[{"href":"https:\/\/selleetools.com\/pl\/wp-json\/wp\/v2\/product\/610756"}],"collection":[{"href":"https:\/\/selleetools.com\/pl\/wp-json\/wp\/v2\/product"}],"about":[{"href":"https:\/\/selleetools.com\/pl\/wp-json\/wp\/v2\/types\/product"}],"replies":[{"embeddable":true,"href":"https:\/\/selleetools.com\/pl\/wp-json\/wp\/v2\/comments?post=610756"}],"wp:featuredmedia":[{"embeddable":true,"href":"https:\/\/selleetools.com\/pl\/wp-json\/wp\/v2\/media\/610754"}],"wp:attachment":[{"href":"https:\/\/selleetools.com\/pl\/wp-json\/wp\/v2\/media?parent=610756"}],"curies":[{"name":"wp","href":"https:\/\/api.w.org\/{rel}","templated":true}]}}