{"id":610753,"date":"2025-10-24T14:55:38","date_gmt":"2025-10-24T12:55:38","guid":{"rendered":"https:\/\/selleetools.com\/?post_type=product&#038;p=610753"},"modified":"2025-11-05T12:10:17","modified_gmt":"2025-11-05T11:10:17","slug":"cosrx-peptide-132-ultra-perfect-hair-bonding-shampoo-200ml-szampon-regenerujacy","status":"publish","type":"product","link":"https:\/\/selleetools.com\/pl\/product\/cosrx-peptide-132-ultra-perfect-hair-bonding-shampoo-200ml-szampon-regenerujacy\/","title":{"rendered":"COSRX PEPTIDE-132 Ultra Perfect Hair Bonding Shampoo 200ml szampon regeneruj\u0105cy"},"content":{"rendered":"<p>COSRX Peptide-132 Ultra Perfect Hair Bonding Shampoo to zaawansowany szampon odbudowuj\u0105cy, kt\u00f3ry \u0142\u0105czy piel\u0119gnacj\u0119 w\u0142os\u00f3w i sk\u00f3ry g\u0142owy w jednym kroku. Zawiera opatentowany kompleks PEPTIDE-132\u2122, dzia\u0142aj\u0105cy na poziomie molekularnym, aby odbudowa\u0107 zerwane wi\u0105zania keratynowe i przywr\u00f3ci\u0107 w\u0142osom si\u0142\u0119, spr\u0119\u017cysto\u015b\u0107 oraz blask. Delikatna, kremowa piana skutecznie usuwa zanieczyszczenia, jednocze\u015bnie dostarczaj\u0105c w\u0142osom od\u017cywczych sk\u0142adnik\u00f3w i nawil\u017cenia bez obci\u0105\u017cenia. Dzi\u0119ki zr\u00f3wnowa\u017conemu pH szampon piel\u0119gnuje r\u00f3wnie\u017c wra\u017cliw\u0105 sk\u00f3r\u0119 g\u0142owy, zapewniaj\u0105c uczucie \u015bwie\u017co\u015bci i komfortu.<\/p>\n<p>Korzy\u015bci dla w\u0142os\u00f3w i sk\u00f3ry g\u0142owy:<br \/>\ndelikatnie, ale skutecznie oczyszcza sk\u00f3r\u0119 g\u0142owy i w\u0142osy z zanieczyszcze\u0144,<br \/>\nodbudowuje struktur\u0119 w\u0142osa i wzmacnia jego wewn\u0119trzne wi\u0105zania,<br \/>\nredukuje \u0142amliwo\u015b\u0107 i poprawia elastyczno\u015b\u0107 w\u0142os\u00f3w,<br \/>\nkoi podra\u017cnienia sk\u00f3ry g\u0142owy i pomaga regulowa\u0107 wydzielanie sebum,<br \/>\nnadaje w\u0142osom mi\u0119kko\u015b\u0107, g\u0142adko\u015b\u0107 i zdrowy po\u0142ysk,<br \/>\nodpowiedni do codziennego stosowania, nawet przy wra\u017cliwej sk\u00f3rze g\u0142owy.<\/p>\n<p>Spos\u00f3b u\u017cycia:<br \/>\nNa\u0142\u00f3\u017c odpowiedni\u0105 ilo\u015b\u0107 szamponu na wilgotne w\u0142osy i sk\u00f3r\u0119 g\u0142owy. Delikatnie masuj, a\u017c powstanie g\u0119sta, kremowa piana. Dok\u0142adnie sp\u0142ucz letni\u0105 wod\u0105. W razie potrzeby powt\u00f3rz czynno\u015b\u0107.<\/p>\n","protected":false},"excerpt":{"rendered":"<p>COSRX Peptide-132 Ultra Perfect Hair Bonding Shampoo to zaawansowany szampon odbudowuj\u0105cy, kt\u00f3ry \u0142\u0105czy piel\u0119gnacj\u0119 w\u0142os\u00f3w i sk\u00f3ry g\u0142owy w jednym kroku. Zawiera opatentowany kompleks PEPTIDE-132\u2122, dzia\u0142aj\u0105cy na poziomie molekularnym, aby odbudowa\u0107 zerwane wi\u0105zania keratynowe i przywr\u00f3ci\u0107 w\u0142osom si\u0142\u0119, spr\u0119\u017cysto\u015b\u0107 oraz blask. Delikatna, kremowa piana skutecznie usuwa zanieczyszczenia, jednocze\u015bnie dostarczaj\u0105c w\u0142osom od\u017cywczych sk\u0142adnik\u00f3w i nawil\u017cenia bez &#8230; <a title=\"COSRX PEPTIDE-132 Ultra Perfect Hair Bonding Shampoo 200ml szampon regeneruj\u0105cy\" class=\"read-more\" href=\"https:\/\/selleetools.com\/pl\/product\/cosrx-peptide-132-ultra-perfect-hair-bonding-shampoo-200ml-szampon-regenerujacy\/\">Read more<span class=\"screen-reader-text\">COSRX PEPTIDE-132 Ultra Perfect Hair Bonding Shampoo 200ml szampon regeneruj\u0105cy<\/span><\/a><\/p>\n","protected":false},"featured_media":610751,"comment_status":"open","ping_status":"closed","template":"","meta":{"_links_to":"","_links_to_target":""},"yoast_head":"<!-- This site is optimized with the Yoast SEO plugin v19.4 - https:\/\/yoast.com\/wordpress\/plugins\/seo\/ -->\n<title>COSRX PEPTIDE-132 Ultra Perfect Hair Bonding Shampoo 200ml szampon regeneruj\u0105cy - Selleetools.com<\/title>\n<meta name=\"robots\" content=\"index, follow, max-snippet:-1, max-image-preview:large, max-video-preview:-1\" \/>\n<link rel=\"canonical\" href=\"https:\/\/selleetools.com\/pl\/product\/cosrx-peptide-132-ultra-perfect-hair-bonding-shampoo-200ml-szampon-regenerujacy\/\" \/>\n<meta property=\"og:locale\" content=\"pl_PL\" \/>\n<meta property=\"og:type\" content=\"article\" \/>\n<meta property=\"og:title\" content=\"COSRX PEPTIDE-132 Ultra Perfect Hair Bonding Shampoo 200ml szampon regeneruj\u0105cy - Selleetools.com\" \/>\n<meta property=\"og:description\" content=\"COSRX Peptide-132 Ultra Perfect Hair Bonding Shampoo to zaawansowany szampon odbudowuj\u0105cy, kt\u00f3ry \u0142\u0105czy piel\u0119gnacj\u0119 w\u0142os\u00f3w i sk\u00f3ry g\u0142owy w jednym kroku. Zawiera opatentowany kompleks PEPTIDE-132\u2122, dzia\u0142aj\u0105cy na poziomie molekularnym, aby odbudowa\u0107 zerwane wi\u0105zania keratynowe i przywr\u00f3ci\u0107 w\u0142osom si\u0142\u0119, spr\u0119\u017cysto\u015b\u0107 oraz blask. Delikatna, kremowa piana skutecznie usuwa zanieczyszczenia, jednocze\u015bnie dostarczaj\u0105c w\u0142osom od\u017cywczych sk\u0142adnik\u00f3w i nawil\u017cenia bez ... Read moreCOSRX PEPTIDE-132 Ultra Perfect Hair Bonding Shampoo 200ml szampon regeneruj\u0105cy\" \/>\n<meta property=\"og:url\" content=\"https:\/\/selleetools.com\/pl\/product\/cosrx-peptide-132-ultra-perfect-hair-bonding-shampoo-200ml-szampon-regenerujacy\/\" \/>\n<meta property=\"og:site_name\" content=\"Selleetools.com\" \/>\n<meta property=\"article:modified_time\" content=\"2025-11-05T11:10:17+00:00\" \/>\n<meta property=\"og:image\" content=\"https:\/\/selleetools.com\/wp-content\/uploads\/2025\/10\/3bd4f5ab07ff74ec56413f0068b5cdb0.png\" \/>\n\t<meta property=\"og:image:width\" content=\"1200\" \/>\n\t<meta property=\"og:image:height\" content=\"1200\" \/>\n\t<meta property=\"og:image:type\" content=\"image\/png\" \/>\n<meta name=\"twitter:card\" content=\"summary_large_image\" \/>\n<meta name=\"twitter:label1\" content=\"Est. reading time\" \/>\n\t<meta name=\"twitter:data1\" content=\"1 minuta\" \/>\n<!-- \/ Yoast SEO plugin. -->","yoast_head_json":{"title":"COSRX PEPTIDE-132 Ultra Perfect Hair Bonding Shampoo 200ml szampon regeneruj\u0105cy - Selleetools.com","robots":{"index":"index","follow":"follow","max-snippet":"max-snippet:-1","max-image-preview":"max-image-preview:large","max-video-preview":"max-video-preview:-1"},"canonical":"https:\/\/selleetools.com\/pl\/product\/cosrx-peptide-132-ultra-perfect-hair-bonding-shampoo-200ml-szampon-regenerujacy\/","og_locale":"pl_PL","og_type":"article","og_title":"COSRX PEPTIDE-132 Ultra Perfect Hair Bonding Shampoo 200ml szampon regeneruj\u0105cy - Selleetools.com","og_description":"COSRX Peptide-132 Ultra Perfect Hair Bonding Shampoo to zaawansowany szampon odbudowuj\u0105cy, kt\u00f3ry \u0142\u0105czy piel\u0119gnacj\u0119 w\u0142os\u00f3w i sk\u00f3ry g\u0142owy w jednym kroku. Zawiera opatentowany kompleks PEPTIDE-132\u2122, dzia\u0142aj\u0105cy na poziomie molekularnym, aby odbudowa\u0107 zerwane wi\u0105zania keratynowe i przywr\u00f3ci\u0107 w\u0142osom si\u0142\u0119, spr\u0119\u017cysto\u015b\u0107 oraz blask. Delikatna, kremowa piana skutecznie usuwa zanieczyszczenia, jednocze\u015bnie dostarczaj\u0105c w\u0142osom od\u017cywczych sk\u0142adnik\u00f3w i nawil\u017cenia bez ... Read moreCOSRX PEPTIDE-132 Ultra Perfect Hair Bonding Shampoo 200ml szampon regeneruj\u0105cy","og_url":"https:\/\/selleetools.com\/pl\/product\/cosrx-peptide-132-ultra-perfect-hair-bonding-shampoo-200ml-szampon-regenerujacy\/","og_site_name":"Selleetools.com","article_modified_time":"2025-11-05T11:10:17+00:00","og_image":[{"width":1200,"height":1200,"url":"https:\/\/selleetools.com\/wp-content\/uploads\/2025\/10\/3bd4f5ab07ff74ec56413f0068b5cdb0.png","type":"image\/png"}],"twitter_card":"summary_large_image","twitter_misc":{"Est. reading time":"1 minuta"},"schema":{"@context":"https:\/\/schema.org","@graph":[{"@type":"Organization","@id":"https:\/\/selleetools.com\/#organization","name":"Selleetools","url":"https:\/\/selleetools.com\/","sameAs":[],"logo":{"@type":"ImageObject","inLanguage":"pl-PL","@id":"https:\/\/selleetools.com\/#\/schema\/logo\/image\/","url":"https:\/\/selleetools.com\/wp-content\/uploads\/2021\/10\/logo-dark.png","contentUrl":"https:\/\/selleetools.com\/wp-content\/uploads\/2021\/10\/logo-dark.png","width":320,"height":76,"caption":"Selleetools"},"image":{"@id":"https:\/\/selleetools.com\/#\/schema\/logo\/image\/"}},{"@type":"WebSite","@id":"https:\/\/selleetools.com\/#website","url":"https:\/\/selleetools.com\/","name":"Selleetools.com","description":"","publisher":{"@id":"https:\/\/selleetools.com\/#organization"},"potentialAction":[{"@type":"SearchAction","target":{"@type":"EntryPoint","urlTemplate":"https:\/\/selleetools.com\/?s={search_term_string}"},"query-input":"required name=search_term_string"}],"inLanguage":"pl-PL"},{"@type":"WebPage","@id":"https:\/\/selleetools.com\/pl\/product\/cosrx-peptide-132-ultra-perfect-hair-bonding-shampoo-200ml-szampon-regenerujacy\/","url":"https:\/\/selleetools.com\/pl\/product\/cosrx-peptide-132-ultra-perfect-hair-bonding-shampoo-200ml-szampon-regenerujacy\/","name":"COSRX PEPTIDE-132 Ultra Perfect Hair Bonding Shampoo 200ml szampon regeneruj\u0105cy - Selleetools.com","isPartOf":{"@id":"https:\/\/selleetools.com\/#website"},"datePublished":"2025-10-24T12:55:38+00:00","dateModified":"2025-11-05T11:10:17+00:00","breadcrumb":{"@id":"https:\/\/selleetools.com\/pl\/product\/cosrx-peptide-132-ultra-perfect-hair-bonding-shampoo-200ml-szampon-regenerujacy\/#breadcrumb"},"inLanguage":"pl-PL","potentialAction":[{"@type":"ReadAction","target":["https:\/\/selleetools.com\/pl\/product\/cosrx-peptide-132-ultra-perfect-hair-bonding-shampoo-200ml-szampon-regenerujacy\/"]}]},{"@type":"BreadcrumbList","@id":"https:\/\/selleetools.com\/pl\/product\/cosrx-peptide-132-ultra-perfect-hair-bonding-shampoo-200ml-szampon-regenerujacy\/#breadcrumb","itemListElement":[{"@type":"ListItem","position":1,"name":"Home","item":"https:\/\/selleetools.com\/pl\/"},{"@type":"ListItem","position":2,"name":"Katalog","item":"https:\/\/selleetools.com\/pl\/katalog\/"},{"@type":"ListItem","position":3,"name":"COSRX PEPTIDE-132 Ultra Perfect Hair Bonding Shampoo 200ml szampon regeneruj\u0105cy"}]}]}},"_links":{"self":[{"href":"https:\/\/selleetools.com\/pl\/wp-json\/wp\/v2\/product\/610753"}],"collection":[{"href":"https:\/\/selleetools.com\/pl\/wp-json\/wp\/v2\/product"}],"about":[{"href":"https:\/\/selleetools.com\/pl\/wp-json\/wp\/v2\/types\/product"}],"replies":[{"embeddable":true,"href":"https:\/\/selleetools.com\/pl\/wp-json\/wp\/v2\/comments?post=610753"}],"wp:featuredmedia":[{"embeddable":true,"href":"https:\/\/selleetools.com\/pl\/wp-json\/wp\/v2\/media\/610751"}],"wp:attachment":[{"href":"https:\/\/selleetools.com\/pl\/wp-json\/wp\/v2\/media?parent=610753"}],"curies":[{"name":"wp","href":"https:\/\/api.w.org\/{rel}","templated":true}]}}