{"id":610750,"date":"2025-10-24T14:55:35","date_gmt":"2025-10-24T12:55:35","guid":{"rendered":"https:\/\/selleetools.com\/?post_type=product&#038;p=610750"},"modified":"2025-11-05T12:10:04","modified_gmt":"2025-11-05T11:10:04","slug":"cosrx-peptide-132-ultra-perfect-hair-bonding-oil-serum-28ml-odbudowujacy-olejek-do-wlosow","status":"publish","type":"product","link":"https:\/\/selleetools.com\/pl\/product\/cosrx-peptide-132-ultra-perfect-hair-bonding-oil-serum-28ml-odbudowujacy-olejek-do-wlosow\/","title":{"rendered":"COSRX PEPTIDE-132 Ultra Perfect Hair Bonding Oil Serum 28ml odbudowuj\u0105cy olejek do w\u0142os\u00f3w"},"content":{"rendered":"<p>COSRX Peptide-132 Ultra Perfect Hair Bonding Oil Serum to lekkie, szybko wch\u0142aniaj\u0105ce si\u0119 serum olejkowe, kt\u00f3re intensywnie regeneruje i wyg\u0142adza w\u0142osy bez obci\u0105\u017cenia. Formu\u0142a zawiera opatentowany kompleks PEPTIDE-132\u2122, dzia\u0142aj\u0105cy na poziomie molekularnym, by odbudowa\u0107 uszkodzone wi\u0105zania keratynowe i przywr\u00f3ci\u0107 w\u0142osom si\u0142\u0119, spr\u0119\u017cysto\u015b\u0107 oraz naturalny po\u0142ysk. Serum tworzy na powierzchni w\u0142osa ochronn\u0105 pow\u0142ok\u0119, zabezpieczaj\u0105c\u0105 przed wysok\u0105 temperatur\u0105, promieniowaniem UV i uszkodzeniami mechanicznymi. Dzi\u0119ki po\u0142\u0105czeniu witamin i siedmiu naturalnych olejk\u00f3w ro\u015blinnych, w\u0142osy staj\u0105 si\u0119 jedwabi\u015bcie g\u0142adkie, mi\u0119kkie i pe\u0142ne blasku \u2013 bez efektu t\u0142usto\u015bci czy obci\u0105\u017cenia.<\/p>\n<p>Korzy\u015bci dla w\u0142os\u00f3w:<br \/>\nodbudowuje i wzmacnia struktur\u0119 w\u0142osa od wewn\u0105trz,<br \/>\nnadaje w\u0142osom zdrowy, l\u015bni\u0105cy wygl\u0105d,<br \/>\nwyg\u0142adza, ujarzmia puszenie i zapobiega elektryzowaniu,<br \/>\nzabezpiecza ko\u0144c\u00f3wki przed rozdwajaniem,<br \/>\nchroni w\u0142osy przed dzia\u0142aniem wysokiej temperatury i czynnik\u00f3w zewn\u0119trznych,<br \/>\nnie pozostawia t\u0142ustej warstwy ani uczucia ci\u0119\u017cko\u015bci.<\/p>\n<p>Spos\u00f3b u\u017cycia:<br \/>\nNa\u0142\u00f3\u017c niewielk\u0105 ilo\u015b\u0107 serum na wilgotne lub suche w\u0142osy \u2013 od po\u0142owy d\u0142ugo\u015bci a\u017c po ko\u0144c\u00f3wki. Nie sp\u0142ukuj.<br \/>\nDla najlepszych efekt\u00f3w stosuj przed stylizacj\u0105 lub w ci\u0105gu dnia, gdy w\u0142osy potrzebuj\u0105 dodatkowego wyg\u0142adzenia i po\u0142ysku.<\/p>\n","protected":false},"excerpt":{"rendered":"<p>COSRX Peptide-132 Ultra Perfect Hair Bonding Oil Serum to lekkie, szybko wch\u0142aniaj\u0105ce si\u0119 serum olejkowe, kt\u00f3re intensywnie regeneruje i wyg\u0142adza w\u0142osy bez obci\u0105\u017cenia. Formu\u0142a zawiera opatentowany kompleks PEPTIDE-132\u2122, dzia\u0142aj\u0105cy na poziomie molekularnym, by odbudowa\u0107 uszkodzone wi\u0105zania keratynowe i przywr\u00f3ci\u0107 w\u0142osom si\u0142\u0119, spr\u0119\u017cysto\u015b\u0107 oraz naturalny po\u0142ysk. Serum tworzy na powierzchni w\u0142osa ochronn\u0105 pow\u0142ok\u0119, zabezpieczaj\u0105c\u0105 przed wysok\u0105 &#8230; <a title=\"COSRX PEPTIDE-132 Ultra Perfect Hair Bonding Oil Serum 28ml odbudowuj\u0105cy olejek do w\u0142os\u00f3w\" class=\"read-more\" href=\"https:\/\/selleetools.com\/pl\/product\/cosrx-peptide-132-ultra-perfect-hair-bonding-oil-serum-28ml-odbudowujacy-olejek-do-wlosow\/\">Read more<span class=\"screen-reader-text\">COSRX PEPTIDE-132 Ultra Perfect Hair Bonding Oil Serum 28ml odbudowuj\u0105cy olejek do w\u0142os\u00f3w<\/span><\/a><\/p>\n","protected":false},"featured_media":610748,"comment_status":"open","ping_status":"closed","template":"","meta":{"_links_to":"","_links_to_target":""},"yoast_head":"<!-- This site is optimized with the Yoast SEO plugin v19.4 - https:\/\/yoast.com\/wordpress\/plugins\/seo\/ -->\n<title>COSRX PEPTIDE-132 Ultra Perfect Hair Bonding Oil Serum 28ml odbudowuj\u0105cy olejek do w\u0142os\u00f3w - Selleetools.com<\/title>\n<meta name=\"robots\" content=\"index, follow, max-snippet:-1, max-image-preview:large, max-video-preview:-1\" \/>\n<link rel=\"canonical\" href=\"https:\/\/selleetools.com\/pl\/product\/cosrx-peptide-132-ultra-perfect-hair-bonding-oil-serum-28ml-odbudowujacy-olejek-do-wlosow\/\" \/>\n<meta property=\"og:locale\" content=\"pl_PL\" \/>\n<meta property=\"og:type\" content=\"article\" \/>\n<meta property=\"og:title\" content=\"COSRX PEPTIDE-132 Ultra Perfect Hair Bonding Oil Serum 28ml odbudowuj\u0105cy olejek do w\u0142os\u00f3w - Selleetools.com\" \/>\n<meta property=\"og:description\" content=\"COSRX Peptide-132 Ultra Perfect Hair Bonding Oil Serum to lekkie, szybko wch\u0142aniaj\u0105ce si\u0119 serum olejkowe, kt\u00f3re intensywnie regeneruje i wyg\u0142adza w\u0142osy bez obci\u0105\u017cenia. Formu\u0142a zawiera opatentowany kompleks PEPTIDE-132\u2122, dzia\u0142aj\u0105cy na poziomie molekularnym, by odbudowa\u0107 uszkodzone wi\u0105zania keratynowe i przywr\u00f3ci\u0107 w\u0142osom si\u0142\u0119, spr\u0119\u017cysto\u015b\u0107 oraz naturalny po\u0142ysk. Serum tworzy na powierzchni w\u0142osa ochronn\u0105 pow\u0142ok\u0119, zabezpieczaj\u0105c\u0105 przed wysok\u0105 ... Read moreCOSRX PEPTIDE-132 Ultra Perfect Hair Bonding Oil Serum 28ml odbudowuj\u0105cy olejek do w\u0142os\u00f3w\" \/>\n<meta property=\"og:url\" content=\"https:\/\/selleetools.com\/pl\/product\/cosrx-peptide-132-ultra-perfect-hair-bonding-oil-serum-28ml-odbudowujacy-olejek-do-wlosow\/\" \/>\n<meta property=\"og:site_name\" content=\"Selleetools.com\" \/>\n<meta property=\"article:modified_time\" content=\"2025-11-05T11:10:04+00:00\" \/>\n<meta property=\"og:image\" content=\"https:\/\/selleetools.com\/wp-content\/uploads\/2025\/10\/2dbcb57ad041cdb897402d853634303f.png\" \/>\n\t<meta property=\"og:image:width\" content=\"1200\" \/>\n\t<meta property=\"og:image:height\" content=\"1200\" \/>\n\t<meta property=\"og:image:type\" content=\"image\/png\" \/>\n<meta name=\"twitter:card\" content=\"summary_large_image\" \/>\n<meta name=\"twitter:label1\" content=\"Est. reading time\" \/>\n\t<meta name=\"twitter:data1\" content=\"1 minuta\" \/>\n<!-- \/ Yoast SEO plugin. -->","yoast_head_json":{"title":"COSRX PEPTIDE-132 Ultra Perfect Hair Bonding Oil Serum 28ml odbudowuj\u0105cy olejek do w\u0142os\u00f3w - Selleetools.com","robots":{"index":"index","follow":"follow","max-snippet":"max-snippet:-1","max-image-preview":"max-image-preview:large","max-video-preview":"max-video-preview:-1"},"canonical":"https:\/\/selleetools.com\/pl\/product\/cosrx-peptide-132-ultra-perfect-hair-bonding-oil-serum-28ml-odbudowujacy-olejek-do-wlosow\/","og_locale":"pl_PL","og_type":"article","og_title":"COSRX PEPTIDE-132 Ultra Perfect Hair Bonding Oil Serum 28ml odbudowuj\u0105cy olejek do w\u0142os\u00f3w - Selleetools.com","og_description":"COSRX Peptide-132 Ultra Perfect Hair Bonding Oil Serum to lekkie, szybko wch\u0142aniaj\u0105ce si\u0119 serum olejkowe, kt\u00f3re intensywnie regeneruje i wyg\u0142adza w\u0142osy bez obci\u0105\u017cenia. Formu\u0142a zawiera opatentowany kompleks PEPTIDE-132\u2122, dzia\u0142aj\u0105cy na poziomie molekularnym, by odbudowa\u0107 uszkodzone wi\u0105zania keratynowe i przywr\u00f3ci\u0107 w\u0142osom si\u0142\u0119, spr\u0119\u017cysto\u015b\u0107 oraz naturalny po\u0142ysk. Serum tworzy na powierzchni w\u0142osa ochronn\u0105 pow\u0142ok\u0119, zabezpieczaj\u0105c\u0105 przed wysok\u0105 ... Read moreCOSRX PEPTIDE-132 Ultra Perfect Hair Bonding Oil Serum 28ml odbudowuj\u0105cy olejek do w\u0142os\u00f3w","og_url":"https:\/\/selleetools.com\/pl\/product\/cosrx-peptide-132-ultra-perfect-hair-bonding-oil-serum-28ml-odbudowujacy-olejek-do-wlosow\/","og_site_name":"Selleetools.com","article_modified_time":"2025-11-05T11:10:04+00:00","og_image":[{"width":1200,"height":1200,"url":"https:\/\/selleetools.com\/wp-content\/uploads\/2025\/10\/2dbcb57ad041cdb897402d853634303f.png","type":"image\/png"}],"twitter_card":"summary_large_image","twitter_misc":{"Est. reading time":"1 minuta"},"schema":{"@context":"https:\/\/schema.org","@graph":[{"@type":"Organization","@id":"https:\/\/selleetools.com\/#organization","name":"Selleetools","url":"https:\/\/selleetools.com\/","sameAs":[],"logo":{"@type":"ImageObject","inLanguage":"pl-PL","@id":"https:\/\/selleetools.com\/#\/schema\/logo\/image\/","url":"https:\/\/selleetools.com\/wp-content\/uploads\/2021\/10\/logo-dark.png","contentUrl":"https:\/\/selleetools.com\/wp-content\/uploads\/2021\/10\/logo-dark.png","width":320,"height":76,"caption":"Selleetools"},"image":{"@id":"https:\/\/selleetools.com\/#\/schema\/logo\/image\/"}},{"@type":"WebSite","@id":"https:\/\/selleetools.com\/#website","url":"https:\/\/selleetools.com\/","name":"Selleetools.com","description":"","publisher":{"@id":"https:\/\/selleetools.com\/#organization"},"potentialAction":[{"@type":"SearchAction","target":{"@type":"EntryPoint","urlTemplate":"https:\/\/selleetools.com\/?s={search_term_string}"},"query-input":"required name=search_term_string"}],"inLanguage":"pl-PL"},{"@type":"WebPage","@id":"https:\/\/selleetools.com\/pl\/product\/cosrx-peptide-132-ultra-perfect-hair-bonding-oil-serum-28ml-odbudowujacy-olejek-do-wlosow\/","url":"https:\/\/selleetools.com\/pl\/product\/cosrx-peptide-132-ultra-perfect-hair-bonding-oil-serum-28ml-odbudowujacy-olejek-do-wlosow\/","name":"COSRX PEPTIDE-132 Ultra Perfect Hair Bonding Oil Serum 28ml odbudowuj\u0105cy olejek do w\u0142os\u00f3w - Selleetools.com","isPartOf":{"@id":"https:\/\/selleetools.com\/#website"},"datePublished":"2025-10-24T12:55:35+00:00","dateModified":"2025-11-05T11:10:04+00:00","breadcrumb":{"@id":"https:\/\/selleetools.com\/pl\/product\/cosrx-peptide-132-ultra-perfect-hair-bonding-oil-serum-28ml-odbudowujacy-olejek-do-wlosow\/#breadcrumb"},"inLanguage":"pl-PL","potentialAction":[{"@type":"ReadAction","target":["https:\/\/selleetools.com\/pl\/product\/cosrx-peptide-132-ultra-perfect-hair-bonding-oil-serum-28ml-odbudowujacy-olejek-do-wlosow\/"]}]},{"@type":"BreadcrumbList","@id":"https:\/\/selleetools.com\/pl\/product\/cosrx-peptide-132-ultra-perfect-hair-bonding-oil-serum-28ml-odbudowujacy-olejek-do-wlosow\/#breadcrumb","itemListElement":[{"@type":"ListItem","position":1,"name":"Home","item":"https:\/\/selleetools.com\/pl\/"},{"@type":"ListItem","position":2,"name":"Katalog","item":"https:\/\/selleetools.com\/pl\/katalog\/"},{"@type":"ListItem","position":3,"name":"COSRX PEPTIDE-132 Ultra Perfect Hair Bonding Oil Serum 28ml odbudowuj\u0105cy olejek do w\u0142os\u00f3w"}]}]}},"_links":{"self":[{"href":"https:\/\/selleetools.com\/pl\/wp-json\/wp\/v2\/product\/610750"}],"collection":[{"href":"https:\/\/selleetools.com\/pl\/wp-json\/wp\/v2\/product"}],"about":[{"href":"https:\/\/selleetools.com\/pl\/wp-json\/wp\/v2\/types\/product"}],"replies":[{"embeddable":true,"href":"https:\/\/selleetools.com\/pl\/wp-json\/wp\/v2\/comments?post=610750"}],"wp:featuredmedia":[{"embeddable":true,"href":"https:\/\/selleetools.com\/pl\/wp-json\/wp\/v2\/media\/610748"}],"wp:attachment":[{"href":"https:\/\/selleetools.com\/pl\/wp-json\/wp\/v2\/media?parent=610750"}],"curies":[{"name":"wp","href":"https:\/\/api.w.org\/{rel}","templated":true}]}}