{"id":610735,"date":"2025-10-24T14:55:21","date_gmt":"2025-10-24T12:55:21","guid":{"rendered":"https:\/\/selleetools.com\/?post_type=product&#038;p=610735"},"modified":"2025-11-05T12:09:49","modified_gmt":"2025-11-05T11:09:49","slug":"dr-althea-gentle-vitamin-c-serum-30ml-serum-rozjasniajace","status":"publish","type":"product","link":"https:\/\/selleetools.com\/pl\/product\/dr-althea-gentle-vitamin-c-serum-30ml-serum-rozjasniajace\/","title":{"rendered":"Dr.Althea &#8211; Gentle Vitamin C Serum, 30ml serum rozja\u015bniaj\u0105ce"},"content":{"rendered":"<p>Dr.Althea Gentle Vitamin C Serum to delikatne serum roz\u015bwietlaj\u0105ce, stworzone z my\u015bl\u0105 o cerach wra\u017cliwych i sk\u0142onnych do niedoskona\u0142o\u015bci. Dzi\u0119ki po\u0142\u0105czeniu 20% wody z owoc\u00f3w rokitnika, bogatej w naturaln\u0105 witamin\u0119 C, oraz wody z li\u015bci zielonej herbaty, kosmetyk dzia\u0142a rozja\u015bniaj\u0105co, \u0142agodz\u0105co i wzmacniaj\u0105co. Lekka, wodnista formu\u0142a z mikrokapsu\u0142kami olejowymi zapewnia g\u0142\u0119bokie nawil\u017cenie bez uczucia lepko\u015bci i nie powoduje podra\u017cnie\u0144 ani \u017c\u00f3\u0142kni\u0119cia typowego dla klasycznych serum witaminowych.<\/p>\n<p>Korzy\u015bci dla sk\u00f3ry:<br \/>\nrozja\u015bnia przebarwienia i wyr\u00f3wnuje koloryt cery,<br \/>\nprzywraca sk\u00f3rze naturalny blask i \u015bwie\u017co\u015b\u0107,<br \/>\ndzia\u0142a koj\u0105co i \u0142agodzi podra\u017cnienia,<br \/>\nwspomaga regeneracj\u0119 sk\u00f3ry oraz dzia\u0142a przeciwstarzeniowo,<br \/>\nnie zapycha por\u00f3w i jest bezpieczne dla sk\u00f3ry tr\u0105dzikowej,<br \/>\npozostawia sk\u00f3r\u0119 mi\u0119kk\u0105, g\u0142adk\u0105 i intensywnie nawil\u017con\u0105.<\/p>\n<p>Spos\u00f3b u\u017cycia:<br \/>\nPo oczyszczeniu i tonizacji sk\u00f3ry na\u0142\u00f3\u017c kilka kropli serum na twarz. Delikatnie wklep, aby u\u0142atwi\u0107 wch\u0142anianie. Stosuj codziennie rano i wieczorem.<br \/>\nW ci\u0105gu dnia pami\u0119taj o zastosowaniu kremu z filtrem SPF.<\/p>\n","protected":false},"excerpt":{"rendered":"<p>Dr.Althea Gentle Vitamin C Serum to delikatne serum roz\u015bwietlaj\u0105ce, stworzone z my\u015bl\u0105 o cerach wra\u017cliwych i sk\u0142onnych do niedoskona\u0142o\u015bci. Dzi\u0119ki po\u0142\u0105czeniu 20% wody z owoc\u00f3w rokitnika, bogatej w naturaln\u0105 witamin\u0119 C, oraz wody z li\u015bci zielonej herbaty, kosmetyk dzia\u0142a rozja\u015bniaj\u0105co, \u0142agodz\u0105co i wzmacniaj\u0105co. Lekka, wodnista formu\u0142a z mikrokapsu\u0142kami olejowymi zapewnia g\u0142\u0119bokie nawil\u017cenie bez uczucia lepko\u015bci &#8230; <a title=\"Dr.Althea &#8211; Gentle Vitamin C Serum, 30ml serum rozja\u015bniaj\u0105ce\" class=\"read-more\" href=\"https:\/\/selleetools.com\/pl\/product\/dr-althea-gentle-vitamin-c-serum-30ml-serum-rozjasniajace\/\">Read more<span class=\"screen-reader-text\">Dr.Althea &#8211; Gentle Vitamin C Serum, 30ml serum rozja\u015bniaj\u0105ce<\/span><\/a><\/p>\n","protected":false},"featured_media":610733,"comment_status":"open","ping_status":"closed","template":"","meta":{"_links_to":"","_links_to_target":""},"yoast_head":"<!-- This site is optimized with the Yoast SEO plugin v19.4 - https:\/\/yoast.com\/wordpress\/plugins\/seo\/ -->\n<title>Dr.Althea - Gentle Vitamin C Serum, 30ml serum rozja\u015bniaj\u0105ce - Selleetools.com<\/title>\n<meta name=\"robots\" content=\"index, follow, max-snippet:-1, max-image-preview:large, max-video-preview:-1\" \/>\n<link rel=\"canonical\" href=\"https:\/\/selleetools.com\/pl\/product\/dr-althea-gentle-vitamin-c-serum-30ml-serum-rozjasniajace\/\" \/>\n<meta property=\"og:locale\" content=\"pl_PL\" \/>\n<meta property=\"og:type\" content=\"article\" \/>\n<meta property=\"og:title\" content=\"Dr.Althea - Gentle Vitamin C Serum, 30ml serum rozja\u015bniaj\u0105ce - Selleetools.com\" \/>\n<meta property=\"og:description\" content=\"Dr.Althea Gentle Vitamin C Serum to delikatne serum roz\u015bwietlaj\u0105ce, stworzone z my\u015bl\u0105 o cerach wra\u017cliwych i sk\u0142onnych do niedoskona\u0142o\u015bci. Dzi\u0119ki po\u0142\u0105czeniu 20% wody z owoc\u00f3w rokitnika, bogatej w naturaln\u0105 witamin\u0119 C, oraz wody z li\u015bci zielonej herbaty, kosmetyk dzia\u0142a rozja\u015bniaj\u0105co, \u0142agodz\u0105co i wzmacniaj\u0105co. Lekka, wodnista formu\u0142a z mikrokapsu\u0142kami olejowymi zapewnia g\u0142\u0119bokie nawil\u017cenie bez uczucia lepko\u015bci ... Read moreDr.Althea &#8211; Gentle Vitamin C Serum, 30ml serum rozja\u015bniaj\u0105ce\" \/>\n<meta property=\"og:url\" content=\"https:\/\/selleetools.com\/pl\/product\/dr-althea-gentle-vitamin-c-serum-30ml-serum-rozjasniajace\/\" \/>\n<meta property=\"og:site_name\" content=\"Selleetools.com\" \/>\n<meta property=\"article:modified_time\" content=\"2025-11-05T11:09:49+00:00\" \/>\n<meta property=\"og:image\" content=\"https:\/\/selleetools.com\/wp-content\/uploads\/2025\/10\/912683db4c00d5a9123353a08eae165d.png\" \/>\n\t<meta property=\"og:image:width\" content=\"1200\" \/>\n\t<meta property=\"og:image:height\" content=\"1200\" \/>\n\t<meta property=\"og:image:type\" content=\"image\/png\" \/>\n<meta name=\"twitter:card\" content=\"summary_large_image\" \/>\n<meta name=\"twitter:label1\" content=\"Est. reading time\" \/>\n\t<meta name=\"twitter:data1\" content=\"1 minuta\" \/>\n<!-- \/ Yoast SEO plugin. -->","yoast_head_json":{"title":"Dr.Althea - Gentle Vitamin C Serum, 30ml serum rozja\u015bniaj\u0105ce - Selleetools.com","robots":{"index":"index","follow":"follow","max-snippet":"max-snippet:-1","max-image-preview":"max-image-preview:large","max-video-preview":"max-video-preview:-1"},"canonical":"https:\/\/selleetools.com\/pl\/product\/dr-althea-gentle-vitamin-c-serum-30ml-serum-rozjasniajace\/","og_locale":"pl_PL","og_type":"article","og_title":"Dr.Althea - Gentle Vitamin C Serum, 30ml serum rozja\u015bniaj\u0105ce - Selleetools.com","og_description":"Dr.Althea Gentle Vitamin C Serum to delikatne serum roz\u015bwietlaj\u0105ce, stworzone z my\u015bl\u0105 o cerach wra\u017cliwych i sk\u0142onnych do niedoskona\u0142o\u015bci. Dzi\u0119ki po\u0142\u0105czeniu 20% wody z owoc\u00f3w rokitnika, bogatej w naturaln\u0105 witamin\u0119 C, oraz wody z li\u015bci zielonej herbaty, kosmetyk dzia\u0142a rozja\u015bniaj\u0105co, \u0142agodz\u0105co i wzmacniaj\u0105co. Lekka, wodnista formu\u0142a z mikrokapsu\u0142kami olejowymi zapewnia g\u0142\u0119bokie nawil\u017cenie bez uczucia lepko\u015bci ... Read moreDr.Althea &#8211; Gentle Vitamin C Serum, 30ml serum rozja\u015bniaj\u0105ce","og_url":"https:\/\/selleetools.com\/pl\/product\/dr-althea-gentle-vitamin-c-serum-30ml-serum-rozjasniajace\/","og_site_name":"Selleetools.com","article_modified_time":"2025-11-05T11:09:49+00:00","og_image":[{"width":1200,"height":1200,"url":"https:\/\/selleetools.com\/wp-content\/uploads\/2025\/10\/912683db4c00d5a9123353a08eae165d.png","type":"image\/png"}],"twitter_card":"summary_large_image","twitter_misc":{"Est. reading time":"1 minuta"},"schema":{"@context":"https:\/\/schema.org","@graph":[{"@type":"Organization","@id":"https:\/\/selleetools.com\/#organization","name":"Selleetools","url":"https:\/\/selleetools.com\/","sameAs":[],"logo":{"@type":"ImageObject","inLanguage":"pl-PL","@id":"https:\/\/selleetools.com\/#\/schema\/logo\/image\/","url":"https:\/\/selleetools.com\/wp-content\/uploads\/2021\/10\/logo-dark.png","contentUrl":"https:\/\/selleetools.com\/wp-content\/uploads\/2021\/10\/logo-dark.png","width":320,"height":76,"caption":"Selleetools"},"image":{"@id":"https:\/\/selleetools.com\/#\/schema\/logo\/image\/"}},{"@type":"WebSite","@id":"https:\/\/selleetools.com\/#website","url":"https:\/\/selleetools.com\/","name":"Selleetools.com","description":"","publisher":{"@id":"https:\/\/selleetools.com\/#organization"},"potentialAction":[{"@type":"SearchAction","target":{"@type":"EntryPoint","urlTemplate":"https:\/\/selleetools.com\/?s={search_term_string}"},"query-input":"required name=search_term_string"}],"inLanguage":"pl-PL"},{"@type":"WebPage","@id":"https:\/\/selleetools.com\/pl\/product\/dr-althea-gentle-vitamin-c-serum-30ml-serum-rozjasniajace\/","url":"https:\/\/selleetools.com\/pl\/product\/dr-althea-gentle-vitamin-c-serum-30ml-serum-rozjasniajace\/","name":"Dr.Althea - Gentle Vitamin C Serum, 30ml serum rozja\u015bniaj\u0105ce - Selleetools.com","isPartOf":{"@id":"https:\/\/selleetools.com\/#website"},"datePublished":"2025-10-24T12:55:21+00:00","dateModified":"2025-11-05T11:09:49+00:00","breadcrumb":{"@id":"https:\/\/selleetools.com\/pl\/product\/dr-althea-gentle-vitamin-c-serum-30ml-serum-rozjasniajace\/#breadcrumb"},"inLanguage":"pl-PL","potentialAction":[{"@type":"ReadAction","target":["https:\/\/selleetools.com\/pl\/product\/dr-althea-gentle-vitamin-c-serum-30ml-serum-rozjasniajace\/"]}]},{"@type":"BreadcrumbList","@id":"https:\/\/selleetools.com\/pl\/product\/dr-althea-gentle-vitamin-c-serum-30ml-serum-rozjasniajace\/#breadcrumb","itemListElement":[{"@type":"ListItem","position":1,"name":"Home","item":"https:\/\/selleetools.com\/pl\/"},{"@type":"ListItem","position":2,"name":"Katalog","item":"https:\/\/selleetools.com\/pl\/katalog\/"},{"@type":"ListItem","position":3,"name":"Dr.Althea &#8211; Gentle Vitamin C Serum, 30ml serum rozja\u015bniaj\u0105ce"}]}]}},"_links":{"self":[{"href":"https:\/\/selleetools.com\/pl\/wp-json\/wp\/v2\/product\/610735"}],"collection":[{"href":"https:\/\/selleetools.com\/pl\/wp-json\/wp\/v2\/product"}],"about":[{"href":"https:\/\/selleetools.com\/pl\/wp-json\/wp\/v2\/types\/product"}],"replies":[{"embeddable":true,"href":"https:\/\/selleetools.com\/pl\/wp-json\/wp\/v2\/comments?post=610735"}],"wp:featuredmedia":[{"embeddable":true,"href":"https:\/\/selleetools.com\/pl\/wp-json\/wp\/v2\/media\/610733"}],"wp:attachment":[{"href":"https:\/\/selleetools.com\/pl\/wp-json\/wp\/v2\/media?parent=610735"}],"curies":[{"name":"wp","href":"https:\/\/api.w.org\/{rel}","templated":true}]}}