{"id":610637,"date":"2025-10-24T14:53:39","date_gmt":"2025-10-24T12:53:39","guid":{"rendered":"https:\/\/selleetools.com\/?post_type=product&#038;p=610637"},"modified":"2025-11-05T12:09:01","modified_gmt":"2025-11-05T11:09:01","slug":"tfit-fluffy-velvet-cushion-blush-b01-charming-berry-4g-roz-do-policzkow","status":"publish","type":"product","link":"https:\/\/selleetools.com\/pl\/product\/tfit-fluffy-velvet-cushion-blush-b01-charming-berry-4g-roz-do-policzkow\/","title":{"rendered":"TFIT &#8211; FLUFFY VELVET CUSHION BLUSH B01 CHARMING BERRY, 4g r\u00f3\u017c do policzk\u00f3w"},"content":{"rendered":"<p>TFIT Fluffy Velvet Cushion Blush to innowacyjny r\u00f3\u017c do policzk\u00f3w o \u017celowo-pudrowej konsystencji, kt\u00f3ry wtapia si\u0119 w sk\u00f3r\u0119, pozostawiaj\u0105c efekt naturalnego rumie\u0144ca. Dzi\u0119ki aplikacji w formie cushion \u2013 z lusterkiem i mi\u0119kkim puszkiem \u2013 aplikacja jest szybka, higieniczna i idealna do poprawek w ci\u0105gu dnia.<br \/>\nR\u00f3\u017c ma unikaln\u0105, \u201epuszyst\u0105\u201d konsystencj\u0119: elastyczny jak \u017cel, a jednocze\u015bnie lekki jak puder. Daje d\u0142ugotrwa\u0142y efekt \u015bwie\u017co\u015bci bez smug i nieestetycznego osypywania. Mo\u017cesz stopniowa\u0107 intensywno\u015b\u0107 \u2013 od subtelnego mu\u015bni\u0119cia kolorem po wyrazisty akcent w makija\u017cu.<\/p>\n<p>Kolor: B01 Charming Berry \u2013 ch\u0142odny, fioletowo-jagodowy r\u00f3\u017c dla zimowych ton\u00f3w.<\/p>\n<p>Korzy\u015bci dla sk\u00f3ry i efekt makija\u017cu<br \/>\nNaturalny, d\u0142ugotrwa\u0142y efekt zdrowego rumie\u0144ca.<br \/>\nMo\u017cliwo\u015b\u0107 budowania intensywno\u015bci \u2013 jeden tap dla delikatnego koloru, kolejne warstwy dla mocniejszego efektu.<br \/>\nLekka, komfortowa formu\u0142a, kt\u00f3ra wtapia si\u0119 w sk\u00f3r\u0119 i nie obci\u0105\u017ca makija\u017cu.<br \/>\nAplikacja cushion z lusterkiem \u2013 higieniczna i wygodna w ka\u017cdej sytuacji.<\/p>\n<p>Spos\u00f3b u\u017cycia<br \/>\nDelikatnie naci\u015bnij puszek w g\u0105beczk\u0119, aby nabra\u0107 odpowiedni\u0105 ilo\u015b\u0107 produktu.<br \/>\nNa\u0142\u00f3\u017c na policzki delikatnie wklepuj\u0105c.<br \/>\nStopniuj intensywno\u015b\u0107 w zale\u017cno\u015bci od efektu, jaki chcesz uzyska\u0107.<br \/>\nTip: resztk\u0105 produktu z puszka musnij grzbiet nosa \u2013 to trik na naturalny, \u015bwie\u017cy efekt.<\/p>\n","protected":false},"excerpt":{"rendered":"<p>TFIT Fluffy Velvet Cushion Blush to innowacyjny r\u00f3\u017c do policzk\u00f3w o \u017celowo-pudrowej konsystencji, kt\u00f3ry wtapia si\u0119 w sk\u00f3r\u0119, pozostawiaj\u0105c efekt naturalnego rumie\u0144ca. Dzi\u0119ki aplikacji w formie cushion \u2013 z lusterkiem i mi\u0119kkim puszkiem \u2013 aplikacja jest szybka, higieniczna i idealna do poprawek w ci\u0105gu dnia. R\u00f3\u017c ma unikaln\u0105, \u201epuszyst\u0105\u201d konsystencj\u0119: elastyczny jak \u017cel, a jednocze\u015bnie &#8230; <a title=\"TFIT &#8211; FLUFFY VELVET CUSHION BLUSH B01 CHARMING BERRY, 4g r\u00f3\u017c do policzk\u00f3w\" class=\"read-more\" href=\"https:\/\/selleetools.com\/pl\/product\/tfit-fluffy-velvet-cushion-blush-b01-charming-berry-4g-roz-do-policzkow\/\">Read more<span class=\"screen-reader-text\">TFIT &#8211; FLUFFY VELVET CUSHION BLUSH B01 CHARMING BERRY, 4g r\u00f3\u017c do policzk\u00f3w<\/span><\/a><\/p>\n","protected":false},"featured_media":610635,"comment_status":"open","ping_status":"closed","template":"","meta":{"_links_to":"","_links_to_target":""},"yoast_head":"<!-- This site is optimized with the Yoast SEO plugin v19.4 - https:\/\/yoast.com\/wordpress\/plugins\/seo\/ -->\n<title>TFIT - FLUFFY VELVET CUSHION BLUSH B01 CHARMING BERRY, 4g r\u00f3\u017c do policzk\u00f3w - Selleetools.com<\/title>\n<meta name=\"robots\" content=\"index, follow, max-snippet:-1, max-image-preview:large, max-video-preview:-1\" \/>\n<link rel=\"canonical\" href=\"https:\/\/admincentral.selleetools.com\/product\/tfit-fluffy-velvet-cushion-blush-b01-charming-berry-4g-roz-do-policzkow\/\" \/>\n<meta property=\"og:locale\" content=\"pl_PL\" \/>\n<meta property=\"og:type\" content=\"article\" \/>\n<meta property=\"og:title\" content=\"TFIT - FLUFFY VELVET CUSHION BLUSH B01 CHARMING BERRY, 4g r\u00f3\u017c do policzk\u00f3w - Selleetools.com\" \/>\n<meta property=\"og:description\" content=\"TFIT Fluffy Velvet Cushion Blush to innowacyjny r\u00f3\u017c do policzk\u00f3w o \u017celowo-pudrowej konsystencji, kt\u00f3ry wtapia si\u0119 w sk\u00f3r\u0119, pozostawiaj\u0105c efekt naturalnego rumie\u0144ca. Dzi\u0119ki aplikacji w formie cushion \u2013 z lusterkiem i mi\u0119kkim puszkiem \u2013 aplikacja jest szybka, higieniczna i idealna do poprawek w ci\u0105gu dnia. R\u00f3\u017c ma unikaln\u0105, \u201epuszyst\u0105\u201d konsystencj\u0119: elastyczny jak \u017cel, a jednocze\u015bnie ... Read moreTFIT &#8211; FLUFFY VELVET CUSHION BLUSH B01 CHARMING BERRY, 4g r\u00f3\u017c do policzk\u00f3w\" \/>\n<meta property=\"og:url\" content=\"https:\/\/admincentral.selleetools.com\/product\/tfit-fluffy-velvet-cushion-blush-b01-charming-berry-4g-roz-do-policzkow\/\" \/>\n<meta property=\"og:site_name\" content=\"Selleetools.com\" \/>\n<meta property=\"article:modified_time\" content=\"2025-11-05T11:09:01+00:00\" \/>\n<meta property=\"og:image\" content=\"https:\/\/selleetools.com\/wp-content\/uploads\/2025\/10\/f457cfada68d03abed6e0e4a802e7745.png\" \/>\n\t<meta property=\"og:image:width\" content=\"1200\" \/>\n\t<meta property=\"og:image:height\" content=\"1200\" \/>\n\t<meta property=\"og:image:type\" content=\"image\/png\" \/>\n<meta name=\"twitter:card\" content=\"summary_large_image\" \/>\n<meta name=\"twitter:label1\" content=\"Est. reading time\" \/>\n\t<meta name=\"twitter:data1\" content=\"1 minuta\" \/>\n<!-- \/ Yoast SEO plugin. -->","yoast_head_json":{"title":"TFIT - FLUFFY VELVET CUSHION BLUSH B01 CHARMING BERRY, 4g r\u00f3\u017c do policzk\u00f3w - Selleetools.com","robots":{"index":"index","follow":"follow","max-snippet":"max-snippet:-1","max-image-preview":"max-image-preview:large","max-video-preview":"max-video-preview:-1"},"canonical":"https:\/\/admincentral.selleetools.com\/product\/tfit-fluffy-velvet-cushion-blush-b01-charming-berry-4g-roz-do-policzkow\/","og_locale":"pl_PL","og_type":"article","og_title":"TFIT - FLUFFY VELVET CUSHION BLUSH B01 CHARMING BERRY, 4g r\u00f3\u017c do policzk\u00f3w - Selleetools.com","og_description":"TFIT Fluffy Velvet Cushion Blush to innowacyjny r\u00f3\u017c do policzk\u00f3w o \u017celowo-pudrowej konsystencji, kt\u00f3ry wtapia si\u0119 w sk\u00f3r\u0119, pozostawiaj\u0105c efekt naturalnego rumie\u0144ca. Dzi\u0119ki aplikacji w formie cushion \u2013 z lusterkiem i mi\u0119kkim puszkiem \u2013 aplikacja jest szybka, higieniczna i idealna do poprawek w ci\u0105gu dnia. R\u00f3\u017c ma unikaln\u0105, \u201epuszyst\u0105\u201d konsystencj\u0119: elastyczny jak \u017cel, a jednocze\u015bnie ... Read moreTFIT &#8211; FLUFFY VELVET CUSHION BLUSH B01 CHARMING BERRY, 4g r\u00f3\u017c do policzk\u00f3w","og_url":"https:\/\/admincentral.selleetools.com\/product\/tfit-fluffy-velvet-cushion-blush-b01-charming-berry-4g-roz-do-policzkow\/","og_site_name":"Selleetools.com","article_modified_time":"2025-11-05T11:09:01+00:00","og_image":[{"width":1200,"height":1200,"url":"https:\/\/selleetools.com\/wp-content\/uploads\/2025\/10\/f457cfada68d03abed6e0e4a802e7745.png","type":"image\/png"}],"twitter_card":"summary_large_image","twitter_misc":{"Est. reading time":"1 minuta"},"schema":{"@context":"https:\/\/schema.org","@graph":[{"@type":"Organization","@id":"https:\/\/selleetools.com\/#organization","name":"Selleetools","url":"https:\/\/selleetools.com\/","sameAs":[],"logo":{"@type":"ImageObject","inLanguage":"pl-PL","@id":"https:\/\/selleetools.com\/#\/schema\/logo\/image\/","url":"https:\/\/selleetools.com\/wp-content\/uploads\/2021\/10\/logo-dark.png","contentUrl":"https:\/\/selleetools.com\/wp-content\/uploads\/2021\/10\/logo-dark.png","width":320,"height":76,"caption":"Selleetools"},"image":{"@id":"https:\/\/selleetools.com\/#\/schema\/logo\/image\/"}},{"@type":"WebSite","@id":"https:\/\/selleetools.com\/#website","url":"https:\/\/selleetools.com\/","name":"Selleetools.com","description":"","publisher":{"@id":"https:\/\/selleetools.com\/#organization"},"potentialAction":[{"@type":"SearchAction","target":{"@type":"EntryPoint","urlTemplate":"https:\/\/selleetools.com\/?s={search_term_string}"},"query-input":"required name=search_term_string"}],"inLanguage":"pl-PL"},{"@type":"WebPage","@id":"https:\/\/admincentral.selleetools.com\/product\/tfit-fluffy-velvet-cushion-blush-b01-charming-berry-4g-roz-do-policzkow\/","url":"https:\/\/admincentral.selleetools.com\/product\/tfit-fluffy-velvet-cushion-blush-b01-charming-berry-4g-roz-do-policzkow\/","name":"TFIT - FLUFFY VELVET CUSHION BLUSH B01 CHARMING BERRY, 4g r\u00f3\u017c do policzk\u00f3w - Selleetools.com","isPartOf":{"@id":"https:\/\/selleetools.com\/#website"},"datePublished":"2025-10-24T12:53:39+00:00","dateModified":"2025-11-05T11:09:01+00:00","breadcrumb":{"@id":"https:\/\/admincentral.selleetools.com\/product\/tfit-fluffy-velvet-cushion-blush-b01-charming-berry-4g-roz-do-policzkow\/#breadcrumb"},"inLanguage":"pl-PL","potentialAction":[{"@type":"ReadAction","target":["https:\/\/admincentral.selleetools.com\/product\/tfit-fluffy-velvet-cushion-blush-b01-charming-berry-4g-roz-do-policzkow\/"]}]},{"@type":"BreadcrumbList","@id":"https:\/\/admincentral.selleetools.com\/product\/tfit-fluffy-velvet-cushion-blush-b01-charming-berry-4g-roz-do-policzkow\/#breadcrumb","itemListElement":[{"@type":"ListItem","position":1,"name":"Home","item":"https:\/\/selleetools.com\/pl\/"},{"@type":"ListItem","position":2,"name":"Katalog","item":"https:\/\/selleetools.com\/pl\/katalog\/"},{"@type":"ListItem","position":3,"name":"TFIT &#8211; FLUFFY VELVET CUSHION BLUSH B01 CHARMING BERRY, 4g r\u00f3\u017c do policzk\u00f3w"}]}]}},"_links":{"self":[{"href":"https:\/\/selleetools.com\/pl\/wp-json\/wp\/v2\/product\/610637"}],"collection":[{"href":"https:\/\/selleetools.com\/pl\/wp-json\/wp\/v2\/product"}],"about":[{"href":"https:\/\/selleetools.com\/pl\/wp-json\/wp\/v2\/types\/product"}],"replies":[{"embeddable":true,"href":"https:\/\/selleetools.com\/pl\/wp-json\/wp\/v2\/comments?post=610637"}],"wp:featuredmedia":[{"embeddable":true,"href":"https:\/\/selleetools.com\/pl\/wp-json\/wp\/v2\/media\/610635"}],"wp:attachment":[{"href":"https:\/\/selleetools.com\/pl\/wp-json\/wp\/v2\/media?parent=610637"}],"curies":[{"name":"wp","href":"https:\/\/api.w.org\/{rel}","templated":true}]}}