{"id":610619,"date":"2025-10-24T14:53:20","date_gmt":"2025-10-24T12:53:20","guid":{"rendered":"https:\/\/selleetools.com\/?post_type=product&#038;p=610619"},"modified":"2025-11-24T13:59:22","modified_gmt":"2025-11-24T12:59:22","slug":"tfit-cover-up-pro-concealer-02-warm-15g-paleta-korektorow-do-makijazu","status":"publish","type":"product","link":"https:\/\/selleetools.com\/pl\/product\/tfit-cover-up-pro-concealer-02-warm-15g-paleta-korektorow-do-makijazu\/","title":{"rendered":"TFIT &#8211; COVER UP PRO CONCEALER 02 WARM, 15G paleta korektor\u00f3w do makija\u017cu"},"content":{"rendered":"<p>TFIT Cover Up Pro Concealer to innowacyjna formu\u0142a 3 w 1, kt\u00f3ra \u0142\u0105czy w sobie funkcj\u0119 korektora, bazy i konturowania. Dzi\u0119ki potr\u00f3jnej palecie odcieni dopasujesz go do swoich potrzeb \u2013 od roz\u015bwietlenia, przez ukrycie niedoskona\u0142o\u015bci, po modelowanie rys\u00f3w twarzy.<br \/>\nJego ultra-przylegaj\u0105ca formu\u0142a w formie balsamu topi si\u0119 pod wp\u0142ywem ciep\u0142a sk\u00f3ry, tworz\u0105c efekt drugiej sk\u00f3ry. Zapewnia 96,5% skuteczno\u015bci krycia i pozostaje na miejscu nawet przez 24 godziny \u2013 bez rozmazywania i bez efektu maski. To wszystko dzi\u0119ki po\u0142\u0105czeniu wysokiej koncentracji pigment\u00f3w z piel\u0119gnuj\u0105c\u0105 esencj\u0105 (66% sk\u0142adu), kt\u00f3ra dba o kondycj\u0119 sk\u00f3ry podczas noszenia makija\u017cu.<\/p>\n<p>Kolor: 02 Warm (22\u201323) \u2013 dla ciep\u0142ych ton\u00f3w sk\u00f3ry: natural beige, deep beige, peach beige.<\/p>\n<p>Korzy\u015bci dla sk\u00f3ry<br \/>\nPrecyzyjnie kryje przebarwienia, zaczerwienienia, tr\u0105dzik, piegi i cienie pod oczami.<br \/>\nTrzy odcienie w jednej palecie pozwalaj\u0105 na roz\u015bwietlanie, kamufla\u017c i konturowanie twarzy.<br \/>\nD\u0142ugotrwa\u0142a, wodoodporna formu\u0142a \u2013 odporna na pot, wilgo\u0107 i \u015bcieranie.<br \/>\nWzbogacony o 17 aminokwas\u00f3w i kwas hialuronowy, kt\u00f3re nawil\u017caj\u0105, chroni\u0105 przed utrat\u0105 wody i wspieraj\u0105 regeneracj\u0119 sk\u00f3ry.<br \/>\nDost\u0119pne palety kolorystyczne<\/p>\n<p>Spos\u00f3b u\u017cycia: Nak\u0142adaj opuszkami palc\u00f3w, p\u0119dzelkiem lub g\u0105beczk\u0105. Stosuj pojedynczo lub \u0142\u0105cz odcienie, aby uzyska\u0107 idealne krycie i wymodelowanie twarzy.<\/p>\n","protected":false},"excerpt":{"rendered":"<p>TFIT Cover Up Pro Concealer to innowacyjna formu\u0142a 3 w 1, kt\u00f3ra \u0142\u0105czy w sobie funkcj\u0119 korektora, bazy i konturowania. Dzi\u0119ki potr\u00f3jnej palecie odcieni dopasujesz go do swoich potrzeb \u2013 od roz\u015bwietlenia, przez ukrycie niedoskona\u0142o\u015bci, po modelowanie rys\u00f3w twarzy. Jego ultra-przylegaj\u0105ca formu\u0142a w formie balsamu topi si\u0119 pod wp\u0142ywem ciep\u0142a sk\u00f3ry, tworz\u0105c efekt drugiej sk\u00f3ry. &#8230; <a title=\"TFIT &#8211; COVER UP PRO CONCEALER 02 WARM, 15G paleta korektor\u00f3w do makija\u017cu\" class=\"read-more\" href=\"https:\/\/selleetools.com\/pl\/product\/tfit-cover-up-pro-concealer-02-warm-15g-paleta-korektorow-do-makijazu\/\">Read more<span class=\"screen-reader-text\">TFIT &#8211; COVER UP PRO CONCEALER 02 WARM, 15G paleta korektor\u00f3w do makija\u017cu<\/span><\/a><\/p>\n","protected":false},"featured_media":610617,"comment_status":"open","ping_status":"closed","template":"","meta":{"_links_to":"","_links_to_target":""},"yoast_head":"<!-- This site is optimized with the Yoast SEO plugin v19.4 - https:\/\/yoast.com\/wordpress\/plugins\/seo\/ -->\n<title>TFIT - COVER UP PRO CONCEALER 02 WARM, 15G paleta korektor\u00f3w do makija\u017cu - Selleetools.com<\/title>\n<meta name=\"robots\" content=\"index, follow, max-snippet:-1, max-image-preview:large, max-video-preview:-1\" \/>\n<link rel=\"canonical\" href=\"https:\/\/admincentral.selleetools.com\/pl\/product\/tfit-cover-up-pro-concealer-02-warm-15g-paleta-korektorow-do-makijazu\/\" \/>\n<meta property=\"og:locale\" content=\"pl_PL\" \/>\n<meta property=\"og:type\" content=\"article\" \/>\n<meta property=\"og:title\" content=\"TFIT - COVER UP PRO CONCEALER 02 WARM, 15G paleta korektor\u00f3w do makija\u017cu - Selleetools.com\" \/>\n<meta property=\"og:description\" content=\"TFIT Cover Up Pro Concealer to innowacyjna formu\u0142a 3 w 1, kt\u00f3ra \u0142\u0105czy w sobie funkcj\u0119 korektora, bazy i konturowania. Dzi\u0119ki potr\u00f3jnej palecie odcieni dopasujesz go do swoich potrzeb \u2013 od roz\u015bwietlenia, przez ukrycie niedoskona\u0142o\u015bci, po modelowanie rys\u00f3w twarzy. Jego ultra-przylegaj\u0105ca formu\u0142a w formie balsamu topi si\u0119 pod wp\u0142ywem ciep\u0142a sk\u00f3ry, tworz\u0105c efekt drugiej sk\u00f3ry. ... Read moreTFIT &#8211; COVER UP PRO CONCEALER 02 WARM, 15G paleta korektor\u00f3w do makija\u017cu\" \/>\n<meta property=\"og:url\" content=\"https:\/\/admincentral.selleetools.com\/pl\/product\/tfit-cover-up-pro-concealer-02-warm-15g-paleta-korektorow-do-makijazu\/\" \/>\n<meta property=\"og:site_name\" content=\"Selleetools.com\" \/>\n<meta property=\"article:modified_time\" content=\"2025-11-24T12:59:22+00:00\" \/>\n<meta property=\"og:image\" content=\"https:\/\/selleetools.com\/wp-content\/uploads\/2025\/10\/1fbb2c722719358c5188e8671ea446fd.png\" \/>\n\t<meta property=\"og:image:width\" content=\"1200\" \/>\n\t<meta property=\"og:image:height\" content=\"1200\" \/>\n\t<meta property=\"og:image:type\" content=\"image\/png\" \/>\n<meta name=\"twitter:card\" content=\"summary_large_image\" \/>\n<meta name=\"twitter:label1\" content=\"Est. reading time\" \/>\n\t<meta name=\"twitter:data1\" content=\"1 minuta\" \/>\n<!-- \/ Yoast SEO plugin. -->","yoast_head_json":{"title":"TFIT - COVER UP PRO CONCEALER 02 WARM, 15G paleta korektor\u00f3w do makija\u017cu - Selleetools.com","robots":{"index":"index","follow":"follow","max-snippet":"max-snippet:-1","max-image-preview":"max-image-preview:large","max-video-preview":"max-video-preview:-1"},"canonical":"https:\/\/admincentral.selleetools.com\/pl\/product\/tfit-cover-up-pro-concealer-02-warm-15g-paleta-korektorow-do-makijazu\/","og_locale":"pl_PL","og_type":"article","og_title":"TFIT - COVER UP PRO CONCEALER 02 WARM, 15G paleta korektor\u00f3w do makija\u017cu - Selleetools.com","og_description":"TFIT Cover Up Pro Concealer to innowacyjna formu\u0142a 3 w 1, kt\u00f3ra \u0142\u0105czy w sobie funkcj\u0119 korektora, bazy i konturowania. Dzi\u0119ki potr\u00f3jnej palecie odcieni dopasujesz go do swoich potrzeb \u2013 od roz\u015bwietlenia, przez ukrycie niedoskona\u0142o\u015bci, po modelowanie rys\u00f3w twarzy. Jego ultra-przylegaj\u0105ca formu\u0142a w formie balsamu topi si\u0119 pod wp\u0142ywem ciep\u0142a sk\u00f3ry, tworz\u0105c efekt drugiej sk\u00f3ry. ... Read moreTFIT &#8211; COVER UP PRO CONCEALER 02 WARM, 15G paleta korektor\u00f3w do makija\u017cu","og_url":"https:\/\/admincentral.selleetools.com\/pl\/product\/tfit-cover-up-pro-concealer-02-warm-15g-paleta-korektorow-do-makijazu\/","og_site_name":"Selleetools.com","article_modified_time":"2025-11-24T12:59:22+00:00","og_image":[{"width":1200,"height":1200,"url":"https:\/\/selleetools.com\/wp-content\/uploads\/2025\/10\/1fbb2c722719358c5188e8671ea446fd.png","type":"image\/png"}],"twitter_card":"summary_large_image","twitter_misc":{"Est. reading time":"1 minuta"},"schema":{"@context":"https:\/\/schema.org","@graph":[{"@type":"Organization","@id":"https:\/\/selleetools.com\/#organization","name":"Selleetools","url":"https:\/\/selleetools.com\/","sameAs":[],"logo":{"@type":"ImageObject","inLanguage":"pl-PL","@id":"https:\/\/selleetools.com\/#\/schema\/logo\/image\/","url":"https:\/\/selleetools.com\/wp-content\/uploads\/2021\/10\/logo-dark.png","contentUrl":"https:\/\/selleetools.com\/wp-content\/uploads\/2021\/10\/logo-dark.png","width":320,"height":76,"caption":"Selleetools"},"image":{"@id":"https:\/\/selleetools.com\/#\/schema\/logo\/image\/"}},{"@type":"WebSite","@id":"https:\/\/selleetools.com\/#website","url":"https:\/\/selleetools.com\/","name":"Selleetools.com","description":"","publisher":{"@id":"https:\/\/selleetools.com\/#organization"},"potentialAction":[{"@type":"SearchAction","target":{"@type":"EntryPoint","urlTemplate":"https:\/\/selleetools.com\/?s={search_term_string}"},"query-input":"required name=search_term_string"}],"inLanguage":"pl-PL"},{"@type":"WebPage","@id":"https:\/\/admincentral.selleetools.com\/pl\/product\/tfit-cover-up-pro-concealer-02-warm-15g-paleta-korektorow-do-makijazu\/","url":"https:\/\/admincentral.selleetools.com\/pl\/product\/tfit-cover-up-pro-concealer-02-warm-15g-paleta-korektorow-do-makijazu\/","name":"TFIT - COVER UP PRO CONCEALER 02 WARM, 15G paleta korektor\u00f3w do makija\u017cu - Selleetools.com","isPartOf":{"@id":"https:\/\/selleetools.com\/#website"},"datePublished":"2025-10-24T12:53:20+00:00","dateModified":"2025-11-24T12:59:22+00:00","breadcrumb":{"@id":"https:\/\/admincentral.selleetools.com\/pl\/product\/tfit-cover-up-pro-concealer-02-warm-15g-paleta-korektorow-do-makijazu\/#breadcrumb"},"inLanguage":"pl-PL","potentialAction":[{"@type":"ReadAction","target":["https:\/\/admincentral.selleetools.com\/pl\/product\/tfit-cover-up-pro-concealer-02-warm-15g-paleta-korektorow-do-makijazu\/"]}]},{"@type":"BreadcrumbList","@id":"https:\/\/admincentral.selleetools.com\/pl\/product\/tfit-cover-up-pro-concealer-02-warm-15g-paleta-korektorow-do-makijazu\/#breadcrumb","itemListElement":[{"@type":"ListItem","position":1,"name":"Home","item":"https:\/\/selleetools.com\/pl\/"},{"@type":"ListItem","position":2,"name":"Katalog","item":"https:\/\/selleetools.com\/pl\/katalog\/"},{"@type":"ListItem","position":3,"name":"TFIT &#8211; COVER UP PRO CONCEALER 02 WARM, 15G paleta korektor\u00f3w do makija\u017cu"}]}]}},"_links":{"self":[{"href":"https:\/\/selleetools.com\/pl\/wp-json\/wp\/v2\/product\/610619"}],"collection":[{"href":"https:\/\/selleetools.com\/pl\/wp-json\/wp\/v2\/product"}],"about":[{"href":"https:\/\/selleetools.com\/pl\/wp-json\/wp\/v2\/types\/product"}],"replies":[{"embeddable":true,"href":"https:\/\/selleetools.com\/pl\/wp-json\/wp\/v2\/comments?post=610619"}],"wp:featuredmedia":[{"embeddable":true,"href":"https:\/\/selleetools.com\/pl\/wp-json\/wp\/v2\/media\/610617"}],"wp:attachment":[{"href":"https:\/\/selleetools.com\/pl\/wp-json\/wp\/v2\/media?parent=610619"}],"curies":[{"name":"wp","href":"https:\/\/api.w.org\/{rel}","templated":true}]}}