{"id":610610,"date":"2025-10-24T14:53:10","date_gmt":"2025-10-24T12:53:10","guid":{"rendered":"https:\/\/selleetools.com\/?post_type=product&#038;p=610610"},"modified":"2025-11-03T17:00:11","modified_gmt":"2025-11-03T16:00:11","slug":"tfit-layering-fit-glow-cushion-ex-spf50-pa-c01-porcelain-12g-cushion-rozswietlajacy","status":"publish","type":"product","link":"https:\/\/selleetools.com\/pl\/product\/tfit-layering-fit-glow-cushion-ex-spf50-pa-c01-porcelain-12g-cushion-rozswietlajacy\/","title":{"rendered":"TFIT &#8211; LAYERING FIT GLOW CUSHION EX SPF50+ PA++++ C01 PORCELAIN, 12g cushion roz\u015bwietlaj\u0105cy"},"content":{"rendered":"<p>TFIT Layering Fit Glow Cushion EX to wega\u0144ski podk\u0142ad w poduszce, kt\u00f3ry \u0142\u0105czy perfekcyjne krycie, piel\u0119gnacj\u0119 sk\u00f3ry i promienny efekt glow. Formu\u0142a o potr\u00f3jnym dzia\u0142aniu \u2013 ochrona przeciws\u0142oneczna SPF50+ \/ PA++++, rozja\u015bnianie sk\u00f3ry i wyg\u0142adzanie zmarszczek \u2013 zapewnia kompleksow\u0105 piel\u0119gnacj\u0119 i makija\u017c w jednym. Dzi\u0119ki 54% formu\u0142y piel\u0119gnacyjnej z olejami ro\u015blinnymi i kwasem hialuronowym, podk\u0142ad nie tylko kryje, ale te\u017c nawil\u017ca i od\u017cywia sk\u00f3r\u0119, pozostawiaj\u0105c j\u0105 \u015bwie\u017c\u0105, elastyczn\u0105 i promienn\u0105 przez ca\u0142y dzie\u0144.<br \/>\nLekkie, elastyczne wyko\u0144czenie dopasowuje si\u0119 do sk\u00f3ry niczym druga warstwa, nie tworzy efektu maski i nie wa\u017cy si\u0119 nawet przy nak\u0142adaniu kilku warstw. Innowacyjna technologia Hyper Glow podkre\u015bla naturalny blask sk\u00f3ry, a specjalna g\u0105beczka o kszta\u0142cie kropli wody umo\u017cliwia precyzyjn\u0105 aplikacj\u0119 nawet w trudno dost\u0119pnych miejscach.<\/p>\n<p>Kolor: C01 Porcelain (Light, Cool Tone) \u2013 jasny odcie\u0144 porcelany z ch\u0142odnymi, r\u00f3\u017cowymi tonami. Idealny dla bardzo jasnej karnacji o r\u00f3\u017cowym podtonie, zapewnia efekt roz\u015bwietlonej, \u015bwie\u017cej sk\u00f3ry.<\/p>\n<p>Korzy\u015bci dla sk\u00f3ry:<br \/>\nzapewnia wysok\u0105 ochron\u0119 przeciws\u0142oneczn\u0105 SPF50+ \/ PA++++,<br \/>\nwyr\u00f3wnuje koloryt i roz\u015bwietla cer\u0119<br \/>\ndzia\u0142a przeciwzmarszczkowo i uj\u0119drniaj\u0105co<br \/>\nnawil\u017ca i wyg\u0142adza sk\u00f3r\u0119<br \/>\nod\u017cywia i regeneruje<br \/>\ntworzy naturalny efekt zdrowego blasku bez uczucia lepko\u015bci,<br \/>\nodpowiedni do wszystkich typ\u00f3w sk\u00f3ry, tak\u017ce wra\u017cliwej i suchej.<\/p>\n<p>Spos\u00f3b u\u017cycia:<br \/>\nPo zako\u0144czeniu piel\u0119gnacji sk\u00f3ry delikatnie naci\u015bnij g\u0105beczk\u0105 powierzchni\u0119 poduszki, by nabra\u0107 odpowiedni\u0105 ilo\u015b\u0107 produktu. Aplikuj r\u00f3wnomiernie, wklepuj\u0105c produkt w sk\u00f3r\u0119 twarzy. Dla wi\u0119kszego krycia \u2013 na\u0142\u00f3\u017c kolejn\u0105 cienk\u0105 warstw\u0119.<\/p>\n","protected":false},"excerpt":{"rendered":"<p>TFIT Layering Fit Glow Cushion EX to wega\u0144ski podk\u0142ad w poduszce, kt\u00f3ry \u0142\u0105czy perfekcyjne krycie, piel\u0119gnacj\u0119 sk\u00f3ry i promienny efekt glow. Formu\u0142a o potr\u00f3jnym dzia\u0142aniu \u2013 ochrona przeciws\u0142oneczna SPF50+ \/ PA++++, rozja\u015bnianie sk\u00f3ry i wyg\u0142adzanie zmarszczek \u2013 zapewnia kompleksow\u0105 piel\u0119gnacj\u0119 i makija\u017c w jednym. Dzi\u0119ki 54% formu\u0142y piel\u0119gnacyjnej z olejami ro\u015blinnymi i kwasem hialuronowym, podk\u0142ad &#8230; <a title=\"TFIT &#8211; LAYERING FIT GLOW CUSHION EX SPF50+ PA++++ C01 PORCELAIN, 12g cushion roz\u015bwietlaj\u0105cy\" class=\"read-more\" href=\"https:\/\/selleetools.com\/pl\/product\/tfit-layering-fit-glow-cushion-ex-spf50-pa-c01-porcelain-12g-cushion-rozswietlajacy\/\">Read more<span class=\"screen-reader-text\">TFIT &#8211; LAYERING FIT GLOW CUSHION EX SPF50+ PA++++ C01 PORCELAIN, 12g cushion roz\u015bwietlaj\u0105cy<\/span><\/a><\/p>\n","protected":false},"featured_media":610608,"comment_status":"open","ping_status":"closed","template":"","meta":{"_links_to":"","_links_to_target":""},"yoast_head":"<!-- This site is optimized with the Yoast SEO plugin v19.4 - https:\/\/yoast.com\/wordpress\/plugins\/seo\/ -->\n<title>TFIT - LAYERING FIT GLOW CUSHION EX SPF50+ PA++++ C01 PORCELAIN, 12g cushion roz\u015bwietlaj\u0105cy - Selleetools.com<\/title>\n<meta name=\"robots\" content=\"index, follow, max-snippet:-1, max-image-preview:large, max-video-preview:-1\" \/>\n<link rel=\"canonical\" href=\"https:\/\/selleetools.com\/pl\/product\/tfit-layering-fit-glow-cushion-ex-spf50-pa-c01-porcelain-12g-cushion-rozswietlajacy\/\" \/>\n<meta property=\"og:locale\" content=\"pl_PL\" \/>\n<meta property=\"og:type\" content=\"article\" \/>\n<meta property=\"og:title\" content=\"TFIT - LAYERING FIT GLOW CUSHION EX SPF50+ PA++++ C01 PORCELAIN, 12g cushion roz\u015bwietlaj\u0105cy - Selleetools.com\" \/>\n<meta property=\"og:description\" content=\"TFIT Layering Fit Glow Cushion EX to wega\u0144ski podk\u0142ad w poduszce, kt\u00f3ry \u0142\u0105czy perfekcyjne krycie, piel\u0119gnacj\u0119 sk\u00f3ry i promienny efekt glow. Formu\u0142a o potr\u00f3jnym dzia\u0142aniu \u2013 ochrona przeciws\u0142oneczna SPF50+ \/ PA++++, rozja\u015bnianie sk\u00f3ry i wyg\u0142adzanie zmarszczek \u2013 zapewnia kompleksow\u0105 piel\u0119gnacj\u0119 i makija\u017c w jednym. Dzi\u0119ki 54% formu\u0142y piel\u0119gnacyjnej z olejami ro\u015blinnymi i kwasem hialuronowym, podk\u0142ad ... Read moreTFIT &#8211; LAYERING FIT GLOW CUSHION EX SPF50+ PA++++ C01 PORCELAIN, 12g cushion roz\u015bwietlaj\u0105cy\" \/>\n<meta property=\"og:url\" content=\"https:\/\/selleetools.com\/pl\/product\/tfit-layering-fit-glow-cushion-ex-spf50-pa-c01-porcelain-12g-cushion-rozswietlajacy\/\" \/>\n<meta property=\"og:site_name\" content=\"Selleetools.com\" \/>\n<meta property=\"article:modified_time\" content=\"2025-11-03T16:00:11+00:00\" \/>\n<meta property=\"og:image\" content=\"https:\/\/selleetools.com\/wp-content\/uploads\/2025\/10\/470977fa03378b40e49063fccb5e3158.png\" \/>\n\t<meta property=\"og:image:width\" content=\"1200\" \/>\n\t<meta property=\"og:image:height\" content=\"1200\" \/>\n\t<meta property=\"og:image:type\" content=\"image\/png\" \/>\n<meta name=\"twitter:card\" content=\"summary_large_image\" \/>\n<meta name=\"twitter:label1\" content=\"Est. reading time\" \/>\n\t<meta name=\"twitter:data1\" content=\"1 minuta\" \/>\n<!-- \/ Yoast SEO plugin. -->","yoast_head_json":{"title":"TFIT - LAYERING FIT GLOW CUSHION EX SPF50+ PA++++ C01 PORCELAIN, 12g cushion roz\u015bwietlaj\u0105cy - Selleetools.com","robots":{"index":"index","follow":"follow","max-snippet":"max-snippet:-1","max-image-preview":"max-image-preview:large","max-video-preview":"max-video-preview:-1"},"canonical":"https:\/\/selleetools.com\/pl\/product\/tfit-layering-fit-glow-cushion-ex-spf50-pa-c01-porcelain-12g-cushion-rozswietlajacy\/","og_locale":"pl_PL","og_type":"article","og_title":"TFIT - LAYERING FIT GLOW CUSHION EX SPF50+ PA++++ C01 PORCELAIN, 12g cushion roz\u015bwietlaj\u0105cy - Selleetools.com","og_description":"TFIT Layering Fit Glow Cushion EX to wega\u0144ski podk\u0142ad w poduszce, kt\u00f3ry \u0142\u0105czy perfekcyjne krycie, piel\u0119gnacj\u0119 sk\u00f3ry i promienny efekt glow. Formu\u0142a o potr\u00f3jnym dzia\u0142aniu \u2013 ochrona przeciws\u0142oneczna SPF50+ \/ PA++++, rozja\u015bnianie sk\u00f3ry i wyg\u0142adzanie zmarszczek \u2013 zapewnia kompleksow\u0105 piel\u0119gnacj\u0119 i makija\u017c w jednym. Dzi\u0119ki 54% formu\u0142y piel\u0119gnacyjnej z olejami ro\u015blinnymi i kwasem hialuronowym, podk\u0142ad ... Read moreTFIT &#8211; LAYERING FIT GLOW CUSHION EX SPF50+ PA++++ C01 PORCELAIN, 12g cushion roz\u015bwietlaj\u0105cy","og_url":"https:\/\/selleetools.com\/pl\/product\/tfit-layering-fit-glow-cushion-ex-spf50-pa-c01-porcelain-12g-cushion-rozswietlajacy\/","og_site_name":"Selleetools.com","article_modified_time":"2025-11-03T16:00:11+00:00","og_image":[{"width":1200,"height":1200,"url":"https:\/\/selleetools.com\/wp-content\/uploads\/2025\/10\/470977fa03378b40e49063fccb5e3158.png","type":"image\/png"}],"twitter_card":"summary_large_image","twitter_misc":{"Est. reading time":"1 minuta"},"schema":{"@context":"https:\/\/schema.org","@graph":[{"@type":"Organization","@id":"https:\/\/selleetools.com\/#organization","name":"Selleetools","url":"https:\/\/selleetools.com\/","sameAs":[],"logo":{"@type":"ImageObject","inLanguage":"pl-PL","@id":"https:\/\/selleetools.com\/#\/schema\/logo\/image\/","url":"https:\/\/selleetools.com\/wp-content\/uploads\/2021\/10\/logo-dark.png","contentUrl":"https:\/\/selleetools.com\/wp-content\/uploads\/2021\/10\/logo-dark.png","width":320,"height":76,"caption":"Selleetools"},"image":{"@id":"https:\/\/selleetools.com\/#\/schema\/logo\/image\/"}},{"@type":"WebSite","@id":"https:\/\/selleetools.com\/#website","url":"https:\/\/selleetools.com\/","name":"Selleetools.com","description":"","publisher":{"@id":"https:\/\/selleetools.com\/#organization"},"potentialAction":[{"@type":"SearchAction","target":{"@type":"EntryPoint","urlTemplate":"https:\/\/selleetools.com\/?s={search_term_string}"},"query-input":"required name=search_term_string"}],"inLanguage":"pl-PL"},{"@type":"WebPage","@id":"https:\/\/selleetools.com\/pl\/product\/tfit-layering-fit-glow-cushion-ex-spf50-pa-c01-porcelain-12g-cushion-rozswietlajacy\/","url":"https:\/\/selleetools.com\/pl\/product\/tfit-layering-fit-glow-cushion-ex-spf50-pa-c01-porcelain-12g-cushion-rozswietlajacy\/","name":"TFIT - LAYERING FIT GLOW CUSHION EX SPF50+ PA++++ C01 PORCELAIN, 12g cushion roz\u015bwietlaj\u0105cy - Selleetools.com","isPartOf":{"@id":"https:\/\/selleetools.com\/#website"},"datePublished":"2025-10-24T12:53:10+00:00","dateModified":"2025-11-03T16:00:11+00:00","breadcrumb":{"@id":"https:\/\/selleetools.com\/pl\/product\/tfit-layering-fit-glow-cushion-ex-spf50-pa-c01-porcelain-12g-cushion-rozswietlajacy\/#breadcrumb"},"inLanguage":"pl-PL","potentialAction":[{"@type":"ReadAction","target":["https:\/\/selleetools.com\/pl\/product\/tfit-layering-fit-glow-cushion-ex-spf50-pa-c01-porcelain-12g-cushion-rozswietlajacy\/"]}]},{"@type":"BreadcrumbList","@id":"https:\/\/selleetools.com\/pl\/product\/tfit-layering-fit-glow-cushion-ex-spf50-pa-c01-porcelain-12g-cushion-rozswietlajacy\/#breadcrumb","itemListElement":[{"@type":"ListItem","position":1,"name":"Home","item":"https:\/\/selleetools.com\/pl\/"},{"@type":"ListItem","position":2,"name":"Katalog","item":"https:\/\/selleetools.com\/pl\/katalog\/"},{"@type":"ListItem","position":3,"name":"TFIT &#8211; LAYERING FIT GLOW CUSHION EX SPF50+ PA++++ C01 PORCELAIN, 12g cushion roz\u015bwietlaj\u0105cy"}]}]}},"_links":{"self":[{"href":"https:\/\/selleetools.com\/pl\/wp-json\/wp\/v2\/product\/610610"}],"collection":[{"href":"https:\/\/selleetools.com\/pl\/wp-json\/wp\/v2\/product"}],"about":[{"href":"https:\/\/selleetools.com\/pl\/wp-json\/wp\/v2\/types\/product"}],"replies":[{"embeddable":true,"href":"https:\/\/selleetools.com\/pl\/wp-json\/wp\/v2\/comments?post=610610"}],"wp:featuredmedia":[{"embeddable":true,"href":"https:\/\/selleetools.com\/pl\/wp-json\/wp\/v2\/media\/610608"}],"wp:attachment":[{"href":"https:\/\/selleetools.com\/pl\/wp-json\/wp\/v2\/media?parent=610610"}],"curies":[{"name":"wp","href":"https:\/\/api.w.org\/{rel}","templated":true}]}}