{"id":610607,"date":"2025-10-24T14:53:07","date_gmt":"2025-10-24T12:53:07","guid":{"rendered":"https:\/\/selleetools.com\/?post_type=product&#038;p=610607"},"modified":"2025-11-03T17:00:11","modified_gmt":"2025-11-03T16:00:11","slug":"tfit-layering-fit-cover-cushion-ex-spf50-pa-w02-almond-butter-12g-matowy-cushion-do-twarzy","status":"publish","type":"product","link":"https:\/\/selleetools.com\/pl\/product\/tfit-layering-fit-cover-cushion-ex-spf50-pa-w02-almond-butter-12g-matowy-cushion-do-twarzy\/","title":{"rendered":"TFIT &#8211; LAYERING FIT COVER CUSHION EX SPF50+ PA++++ W02 ALMOND BUTTER, 12g matowy cushion do twarzy"},"content":{"rendered":"<p>TFIT Layering Fit Cover Cushion EX to luksusowy, wega\u0144ski podk\u0142ad w poduszce o wysokim stopniu krycia, kt\u00f3ry \u0142\u0105czy perfekcyjny efekt makija\u017cu z zaawansowan\u0105 piel\u0119gnacj\u0105 sk\u00f3ry. Innowacyjna formu\u0142a Oxygen Cover zapewnia uczucie lekko\u015bci i naturalnego komfortu przez ca\u0142y dzie\u0144, daj\u0105c efekt \u201edrugiej sk\u00f3ry\u201d. Produkt oferuje potr\u00f3jne dzia\u0142anie funkcjonalne \u2013 ochron\u0119 przeciws\u0142oneczn\u0105 SPF50+ \/ PA++++, rozja\u015bnienie cery oraz redukcj\u0119 zmarszczek.<br \/>\nDzi\u0119ki zawarto\u015bci 55% sk\u0142adnik\u00f3w piel\u0119gnacyjnych oraz ro\u015blinnych ekstrakt\u00f3w (m.in. z sosny, niebieskiej agawy, bylicy i portulaki), podk\u0142ad piel\u0119gnuje i chroni sk\u00f3r\u0119 podczas noszenia. Jego mi\u0119kka, matowa formu\u0142a z technologi\u0105 Long Wear Coating dopasowuje si\u0119 do sk\u00f3ry, kontroluje wydzielanie sebum i utrzymuje makija\u017c w nienaruszonym stanie przez wiele godzin \u2013 bez \u015bcierania i efektu maski.<\/p>\n<p>Kolor: W02 Almond Butter (Medium, Warm Tone) \u2013 \u015bredni, ciep\u0142y be\u017c z \u017c\u00f3\u0142tawym odcieniem (22\u201323), kt\u00f3ry podkre\u015bla naturalny koloryt sk\u00f3ry i nadaje jej \u015bwie\u017cy, wypocz\u0119ty wygl\u0105d.<\/p>\n<p>Korzy\u015bci dla sk\u00f3ry:<br \/>\nwysokie krycie ju\u017c po jednej aplikacji \u2013 skutecznie maskuje przebarwienia, niedoskona\u0142o\u015bci i rozszerzone pory,<br \/>\nmatowe, g\u0142adkie wyko\u0144czenie o efekcie naturalnej sk\u00f3ry,<br \/>\npotr\u00f3jna ochrona: SPF50+ \/ PA++++ + rozja\u015bnianie + dzia\u0142anie przeciwzmarszczkowe,<br \/>\nd\u0142ugotrwa\u0142y efekt makija\u017cu dzi\u0119ki technologii Long Wear, odpornej na pot, sebum i dotyk,<br \/>\nnawil\u017cenie i ochrona bariery hydrolipidowej<br \/>\nekstrakty ro\u015blinne \u0142agodz\u0105 i wzmacniaj\u0105 sk\u00f3r\u0119,<br \/>\nwega\u0144ska, hipoalergiczna formu\u0142a, odpowiednia dla wszystkich typ\u00f3w sk\u00f3ry \u2013 r\u00f3wnie\u017c wra\u017cliwej.<\/p>\n<p>Spos\u00f3b u\u017cycia:<br \/>\nPo zako\u0144czeniu piel\u0119gnacji sk\u00f3ry, delikatnie doci\u015bnij g\u0105beczk\u0119 do poduszki, by nabra\u0107 odpowiedni\u0105 ilo\u015b\u0107 produktu. Nast\u0119pnie r\u00f3wnomiernie wklep w sk\u00f3r\u0119 twarzy, zaczynaj\u0105c od \u015brodka i kieruj\u0105c si\u0119 ku zewn\u0105trz. Dla pe\u0142niejszego krycia na\u0142\u00f3\u017c kolejn\u0105 cienk\u0105 warstw\u0119.<\/p>\n","protected":false},"excerpt":{"rendered":"<p>TFIT Layering Fit Cover Cushion EX to luksusowy, wega\u0144ski podk\u0142ad w poduszce o wysokim stopniu krycia, kt\u00f3ry \u0142\u0105czy perfekcyjny efekt makija\u017cu z zaawansowan\u0105 piel\u0119gnacj\u0105 sk\u00f3ry. Innowacyjna formu\u0142a Oxygen Cover zapewnia uczucie lekko\u015bci i naturalnego komfortu przez ca\u0142y dzie\u0144, daj\u0105c efekt \u201edrugiej sk\u00f3ry\u201d. Produkt oferuje potr\u00f3jne dzia\u0142anie funkcjonalne \u2013 ochron\u0119 przeciws\u0142oneczn\u0105 SPF50+ \/ PA++++, rozja\u015bnienie cery &#8230; <a title=\"TFIT &#8211; LAYERING FIT COVER CUSHION EX SPF50+ PA++++ W02 ALMOND BUTTER, 12g matowy cushion do twarzy\" class=\"read-more\" href=\"https:\/\/selleetools.com\/pl\/product\/tfit-layering-fit-cover-cushion-ex-spf50-pa-w02-almond-butter-12g-matowy-cushion-do-twarzy\/\">Read more<span class=\"screen-reader-text\">TFIT &#8211; LAYERING FIT COVER CUSHION EX SPF50+ PA++++ W02 ALMOND BUTTER, 12g matowy cushion do twarzy<\/span><\/a><\/p>\n","protected":false},"featured_media":610605,"comment_status":"open","ping_status":"closed","template":"","meta":{"_links_to":"","_links_to_target":""},"yoast_head":"<!-- This site is optimized with the Yoast SEO plugin v19.4 - https:\/\/yoast.com\/wordpress\/plugins\/seo\/ -->\n<title>TFIT - LAYERING FIT COVER CUSHION EX SPF50+ PA++++ W02 ALMOND BUTTER, 12g matowy cushion do twarzy - Selleetools.com<\/title>\n<meta name=\"robots\" content=\"index, follow, max-snippet:-1, max-image-preview:large, max-video-preview:-1\" \/>\n<link rel=\"canonical\" href=\"https:\/\/selleetools.com\/pl\/product\/tfit-layering-fit-cover-cushion-ex-spf50-pa-w02-almond-butter-12g-matowy-cushion-do-twarzy\/\" \/>\n<meta property=\"og:locale\" content=\"pl_PL\" \/>\n<meta property=\"og:type\" content=\"article\" \/>\n<meta property=\"og:title\" content=\"TFIT - LAYERING FIT COVER CUSHION EX SPF50+ PA++++ W02 ALMOND BUTTER, 12g matowy cushion do twarzy - Selleetools.com\" \/>\n<meta property=\"og:description\" content=\"TFIT Layering Fit Cover Cushion EX to luksusowy, wega\u0144ski podk\u0142ad w poduszce o wysokim stopniu krycia, kt\u00f3ry \u0142\u0105czy perfekcyjny efekt makija\u017cu z zaawansowan\u0105 piel\u0119gnacj\u0105 sk\u00f3ry. Innowacyjna formu\u0142a Oxygen Cover zapewnia uczucie lekko\u015bci i naturalnego komfortu przez ca\u0142y dzie\u0144, daj\u0105c efekt \u201edrugiej sk\u00f3ry\u201d. Produkt oferuje potr\u00f3jne dzia\u0142anie funkcjonalne \u2013 ochron\u0119 przeciws\u0142oneczn\u0105 SPF50+ \/ PA++++, rozja\u015bnienie cery ... Read moreTFIT &#8211; LAYERING FIT COVER CUSHION EX SPF50+ PA++++ W02 ALMOND BUTTER, 12g matowy cushion do twarzy\" \/>\n<meta property=\"og:url\" content=\"https:\/\/selleetools.com\/pl\/product\/tfit-layering-fit-cover-cushion-ex-spf50-pa-w02-almond-butter-12g-matowy-cushion-do-twarzy\/\" \/>\n<meta property=\"og:site_name\" content=\"Selleetools.com\" \/>\n<meta property=\"article:modified_time\" content=\"2025-11-03T16:00:11+00:00\" \/>\n<meta property=\"og:image\" content=\"https:\/\/selleetools.com\/wp-content\/uploads\/2025\/10\/34ca03ac0b0df0d316a2304501c9a4a2.png\" \/>\n\t<meta property=\"og:image:width\" content=\"1200\" \/>\n\t<meta property=\"og:image:height\" content=\"1200\" \/>\n\t<meta property=\"og:image:type\" content=\"image\/png\" \/>\n<meta name=\"twitter:card\" content=\"summary_large_image\" \/>\n<meta name=\"twitter:label1\" content=\"Est. reading time\" \/>\n\t<meta name=\"twitter:data1\" content=\"2 minuty\" \/>\n<!-- \/ Yoast SEO plugin. -->","yoast_head_json":{"title":"TFIT - LAYERING FIT COVER CUSHION EX SPF50+ PA++++ W02 ALMOND BUTTER, 12g matowy cushion do twarzy - Selleetools.com","robots":{"index":"index","follow":"follow","max-snippet":"max-snippet:-1","max-image-preview":"max-image-preview:large","max-video-preview":"max-video-preview:-1"},"canonical":"https:\/\/selleetools.com\/pl\/product\/tfit-layering-fit-cover-cushion-ex-spf50-pa-w02-almond-butter-12g-matowy-cushion-do-twarzy\/","og_locale":"pl_PL","og_type":"article","og_title":"TFIT - LAYERING FIT COVER CUSHION EX SPF50+ PA++++ W02 ALMOND BUTTER, 12g matowy cushion do twarzy - Selleetools.com","og_description":"TFIT Layering Fit Cover Cushion EX to luksusowy, wega\u0144ski podk\u0142ad w poduszce o wysokim stopniu krycia, kt\u00f3ry \u0142\u0105czy perfekcyjny efekt makija\u017cu z zaawansowan\u0105 piel\u0119gnacj\u0105 sk\u00f3ry. Innowacyjna formu\u0142a Oxygen Cover zapewnia uczucie lekko\u015bci i naturalnego komfortu przez ca\u0142y dzie\u0144, daj\u0105c efekt \u201edrugiej sk\u00f3ry\u201d. Produkt oferuje potr\u00f3jne dzia\u0142anie funkcjonalne \u2013 ochron\u0119 przeciws\u0142oneczn\u0105 SPF50+ \/ PA++++, rozja\u015bnienie cery ... Read moreTFIT &#8211; LAYERING FIT COVER CUSHION EX SPF50+ PA++++ W02 ALMOND BUTTER, 12g matowy cushion do twarzy","og_url":"https:\/\/selleetools.com\/pl\/product\/tfit-layering-fit-cover-cushion-ex-spf50-pa-w02-almond-butter-12g-matowy-cushion-do-twarzy\/","og_site_name":"Selleetools.com","article_modified_time":"2025-11-03T16:00:11+00:00","og_image":[{"width":1200,"height":1200,"url":"https:\/\/selleetools.com\/wp-content\/uploads\/2025\/10\/34ca03ac0b0df0d316a2304501c9a4a2.png","type":"image\/png"}],"twitter_card":"summary_large_image","twitter_misc":{"Est. reading time":"2 minuty"},"schema":{"@context":"https:\/\/schema.org","@graph":[{"@type":"Organization","@id":"https:\/\/selleetools.com\/#organization","name":"Selleetools","url":"https:\/\/selleetools.com\/","sameAs":[],"logo":{"@type":"ImageObject","inLanguage":"pl-PL","@id":"https:\/\/selleetools.com\/#\/schema\/logo\/image\/","url":"https:\/\/selleetools.com\/wp-content\/uploads\/2021\/10\/logo-dark.png","contentUrl":"https:\/\/selleetools.com\/wp-content\/uploads\/2021\/10\/logo-dark.png","width":320,"height":76,"caption":"Selleetools"},"image":{"@id":"https:\/\/selleetools.com\/#\/schema\/logo\/image\/"}},{"@type":"WebSite","@id":"https:\/\/selleetools.com\/#website","url":"https:\/\/selleetools.com\/","name":"Selleetools.com","description":"","publisher":{"@id":"https:\/\/selleetools.com\/#organization"},"potentialAction":[{"@type":"SearchAction","target":{"@type":"EntryPoint","urlTemplate":"https:\/\/selleetools.com\/?s={search_term_string}"},"query-input":"required name=search_term_string"}],"inLanguage":"pl-PL"},{"@type":"WebPage","@id":"https:\/\/selleetools.com\/pl\/product\/tfit-layering-fit-cover-cushion-ex-spf50-pa-w02-almond-butter-12g-matowy-cushion-do-twarzy\/","url":"https:\/\/selleetools.com\/pl\/product\/tfit-layering-fit-cover-cushion-ex-spf50-pa-w02-almond-butter-12g-matowy-cushion-do-twarzy\/","name":"TFIT - LAYERING FIT COVER CUSHION EX SPF50+ PA++++ W02 ALMOND BUTTER, 12g matowy cushion do twarzy - Selleetools.com","isPartOf":{"@id":"https:\/\/selleetools.com\/#website"},"datePublished":"2025-10-24T12:53:07+00:00","dateModified":"2025-11-03T16:00:11+00:00","breadcrumb":{"@id":"https:\/\/selleetools.com\/pl\/product\/tfit-layering-fit-cover-cushion-ex-spf50-pa-w02-almond-butter-12g-matowy-cushion-do-twarzy\/#breadcrumb"},"inLanguage":"pl-PL","potentialAction":[{"@type":"ReadAction","target":["https:\/\/selleetools.com\/pl\/product\/tfit-layering-fit-cover-cushion-ex-spf50-pa-w02-almond-butter-12g-matowy-cushion-do-twarzy\/"]}]},{"@type":"BreadcrumbList","@id":"https:\/\/selleetools.com\/pl\/product\/tfit-layering-fit-cover-cushion-ex-spf50-pa-w02-almond-butter-12g-matowy-cushion-do-twarzy\/#breadcrumb","itemListElement":[{"@type":"ListItem","position":1,"name":"Home","item":"https:\/\/selleetools.com\/pl\/"},{"@type":"ListItem","position":2,"name":"Katalog","item":"https:\/\/selleetools.com\/pl\/katalog\/"},{"@type":"ListItem","position":3,"name":"TFIT &#8211; LAYERING FIT COVER CUSHION EX SPF50+ PA++++ W02 ALMOND BUTTER, 12g matowy cushion do twarzy"}]}]}},"_links":{"self":[{"href":"https:\/\/selleetools.com\/pl\/wp-json\/wp\/v2\/product\/610607"}],"collection":[{"href":"https:\/\/selleetools.com\/pl\/wp-json\/wp\/v2\/product"}],"about":[{"href":"https:\/\/selleetools.com\/pl\/wp-json\/wp\/v2\/types\/product"}],"replies":[{"embeddable":true,"href":"https:\/\/selleetools.com\/pl\/wp-json\/wp\/v2\/comments?post=610607"}],"wp:featuredmedia":[{"embeddable":true,"href":"https:\/\/selleetools.com\/pl\/wp-json\/wp\/v2\/media\/610605"}],"wp:attachment":[{"href":"https:\/\/selleetools.com\/pl\/wp-json\/wp\/v2\/media?parent=610607"}],"curies":[{"name":"wp","href":"https:\/\/api.w.org\/{rel}","templated":true}]}}