{"id":610592,"date":"2025-10-24T14:52:51","date_gmt":"2025-10-24T12:52:51","guid":{"rendered":"https:\/\/selleetools.com\/?post_type=product&#038;p=610592"},"modified":"2025-11-03T17:00:12","modified_gmt":"2025-11-03T16:00:12","slug":"tfit-icy-fit-cover-cushion-ex-n1-5-suede-12g-cushion-z-filtrem-spf50-pa","status":"publish","type":"product","link":"https:\/\/selleetools.com\/pl\/product\/tfit-icy-fit-cover-cushion-ex-n1-5-suede-12g-cushion-z-filtrem-spf50-pa\/","title":{"rendered":"TFIT &#8211; ICY FIT COVER CUSHION EX N1.5 SUEDE, 12g cushion z filtrem SPF50+ PA++++"},"content":{"rendered":"<p>Letni must-have w formie podk\u0142adu cushion! TFIT Icy Fit Cover Cushion to innowacyjny kosmetyk, kt\u00f3ry zapewnia 24-godzinne krycie, ochron\u0119 UV SPF50+ PA++++ oraz natychmiastowe ch\u0142odzenie sk\u00f3ry a\u017c o -3,3\u00b0C. Dzi\u0119ki lekkiej formule z potr\u00f3jnym systemem utrwalaj\u0105cym, makija\u017c pozostaje \u015bwie\u017cy i odporny na pot, wod\u0119 i wysokie temperatury.<br \/>\nWzbogacony o wod\u0119 lodowcow\u0105, pantenol, alantoin\u0119, ekstrakt z w\u0105kroty azjatyckiej i madecassoside, intensywnie koi, nawil\u017ca i zmniejsza zaczerwienienia sk\u00f3ry.<\/p>\n<p>Kolor:  N1.5 Suede \u2013 Light \/ Neutral \u2013 Neutral Beige, wyr\u00f3wnuje koloryt i dopasowuje si\u0119 do wi\u0119kszo\u015bci jasnych karnacji.<\/p>\n<p>Korzy\u015bci dla sk\u00f3ry<br \/>\nNatychmiastowy efekt ch\u0142odzenia (-3,3\u00b0C) dla komfortu w upalne dni.<br \/>\n24-godzinne krycie z odporno\u015bci\u0105 na \u015bcieranie i wod\u0119.<br \/>\nRedukcja zaczerwienie\u0144 i ukojenie sk\u00f3ry dzi\u0119ki sk\u0142adnikom \u0142agodz\u0105cym.<br \/>\nLekka, p\u00f3\u0142matowa formu\u0142a, kt\u00f3ra nie zatyka por\u00f3w i nie obci\u0105\u017ca cery.<br \/>\nWysoka ochrona przeciws\u0142oneczna SPF50+ PA++++.<br \/>\nZawiera kompleks 8 form kwasu hialuronowego i skwalan \u2013 g\u0142\u0119bokie nawil\u017cenie i elastyczno\u015b\u0107 sk\u00f3ry.<\/p>\n<p>Spos\u00f3b u\u017cycia<br \/>\nPo piel\u0119gnacji sk\u00f3ry delikatnie doci\u015bnij aplikator do poduszki, aby pobra\u0107 odpowiedni\u0105 ilo\u015b\u0107 produktu.<br \/>\nStempluj r\u00f3wnomiernie na twarzy, zaczynaj\u0105c od \u015brodka i rozprowadzaj\u0105c ku zewn\u0105trz.<br \/>\nDla wi\u0119kszego krycia na\u0142\u00f3\u017c dodatkow\u0105 cienk\u0105 warstw\u0119.<br \/>\nDzi\u0119ki kroplowej g\u0105beczce w kszta\u0142cie \u0142ezki \u0142atwo dotrzesz nawet do trudno dost\u0119pnych miejsc, jak okolice nosa czy oczu.<\/p>\n","protected":false},"excerpt":{"rendered":"<p>Letni must-have w formie podk\u0142adu cushion! TFIT Icy Fit Cover Cushion to innowacyjny kosmetyk, kt\u00f3ry zapewnia 24-godzinne krycie, ochron\u0119 UV SPF50+ PA++++ oraz natychmiastowe ch\u0142odzenie sk\u00f3ry a\u017c o -3,3\u00b0C. Dzi\u0119ki lekkiej formule z potr\u00f3jnym systemem utrwalaj\u0105cym, makija\u017c pozostaje \u015bwie\u017cy i odporny na pot, wod\u0119 i wysokie temperatury. Wzbogacony o wod\u0119 lodowcow\u0105, pantenol, alantoin\u0119, ekstrakt z &#8230; <a title=\"TFIT &#8211; ICY FIT COVER CUSHION EX N1.5 SUEDE, 12g cushion z filtrem SPF50+ PA++++\" class=\"read-more\" href=\"https:\/\/selleetools.com\/pl\/product\/tfit-icy-fit-cover-cushion-ex-n1-5-suede-12g-cushion-z-filtrem-spf50-pa\/\">Read more<span class=\"screen-reader-text\">TFIT &#8211; ICY FIT COVER CUSHION EX N1.5 SUEDE, 12g cushion z filtrem SPF50+ PA++++<\/span><\/a><\/p>\n","protected":false},"featured_media":610590,"comment_status":"open","ping_status":"closed","template":"","meta":{"_links_to":"","_links_to_target":""},"yoast_head":"<!-- This site is optimized with the Yoast SEO plugin v19.4 - https:\/\/yoast.com\/wordpress\/plugins\/seo\/ -->\n<title>TFIT - ICY FIT COVER CUSHION EX N1.5 SUEDE, 12g cushion z filtrem SPF50+ PA++++ - Selleetools.com<\/title>\n<meta name=\"robots\" content=\"index, follow, max-snippet:-1, max-image-preview:large, max-video-preview:-1\" \/>\n<link rel=\"canonical\" href=\"https:\/\/selleetools.com\/pl\/product\/tfit-icy-fit-cover-cushion-ex-n1-5-suede-12g-cushion-z-filtrem-spf50-pa\/\" \/>\n<meta property=\"og:locale\" content=\"pl_PL\" \/>\n<meta property=\"og:type\" content=\"article\" \/>\n<meta property=\"og:title\" content=\"TFIT - ICY FIT COVER CUSHION EX N1.5 SUEDE, 12g cushion z filtrem SPF50+ PA++++ - Selleetools.com\" \/>\n<meta property=\"og:description\" content=\"Letni must-have w formie podk\u0142adu cushion! TFIT Icy Fit Cover Cushion to innowacyjny kosmetyk, kt\u00f3ry zapewnia 24-godzinne krycie, ochron\u0119 UV SPF50+ PA++++ oraz natychmiastowe ch\u0142odzenie sk\u00f3ry a\u017c o -3,3\u00b0C. Dzi\u0119ki lekkiej formule z potr\u00f3jnym systemem utrwalaj\u0105cym, makija\u017c pozostaje \u015bwie\u017cy i odporny na pot, wod\u0119 i wysokie temperatury. Wzbogacony o wod\u0119 lodowcow\u0105, pantenol, alantoin\u0119, ekstrakt z ... Read moreTFIT &#8211; ICY FIT COVER CUSHION EX N1.5 SUEDE, 12g cushion z filtrem SPF50+ PA++++\" \/>\n<meta property=\"og:url\" content=\"https:\/\/selleetools.com\/pl\/product\/tfit-icy-fit-cover-cushion-ex-n1-5-suede-12g-cushion-z-filtrem-spf50-pa\/\" \/>\n<meta property=\"og:site_name\" content=\"Selleetools.com\" \/>\n<meta property=\"article:modified_time\" content=\"2025-11-03T16:00:12+00:00\" \/>\n<meta property=\"og:image\" content=\"https:\/\/selleetools.com\/wp-content\/uploads\/2025\/10\/d51fd58b357647ac39c86bc999e52032.png\" \/>\n\t<meta property=\"og:image:width\" content=\"1200\" \/>\n\t<meta property=\"og:image:height\" content=\"1200\" \/>\n\t<meta property=\"og:image:type\" content=\"image\/png\" \/>\n<meta name=\"twitter:card\" content=\"summary_large_image\" \/>\n<meta name=\"twitter:label1\" content=\"Est. reading time\" \/>\n\t<meta name=\"twitter:data1\" content=\"1 minuta\" \/>\n<!-- \/ Yoast SEO plugin. -->","yoast_head_json":{"title":"TFIT - ICY FIT COVER CUSHION EX N1.5 SUEDE, 12g cushion z filtrem SPF50+ PA++++ - Selleetools.com","robots":{"index":"index","follow":"follow","max-snippet":"max-snippet:-1","max-image-preview":"max-image-preview:large","max-video-preview":"max-video-preview:-1"},"canonical":"https:\/\/selleetools.com\/pl\/product\/tfit-icy-fit-cover-cushion-ex-n1-5-suede-12g-cushion-z-filtrem-spf50-pa\/","og_locale":"pl_PL","og_type":"article","og_title":"TFIT - ICY FIT COVER CUSHION EX N1.5 SUEDE, 12g cushion z filtrem SPF50+ PA++++ - Selleetools.com","og_description":"Letni must-have w formie podk\u0142adu cushion! TFIT Icy Fit Cover Cushion to innowacyjny kosmetyk, kt\u00f3ry zapewnia 24-godzinne krycie, ochron\u0119 UV SPF50+ PA++++ oraz natychmiastowe ch\u0142odzenie sk\u00f3ry a\u017c o -3,3\u00b0C. Dzi\u0119ki lekkiej formule z potr\u00f3jnym systemem utrwalaj\u0105cym, makija\u017c pozostaje \u015bwie\u017cy i odporny na pot, wod\u0119 i wysokie temperatury. Wzbogacony o wod\u0119 lodowcow\u0105, pantenol, alantoin\u0119, ekstrakt z ... Read moreTFIT &#8211; ICY FIT COVER CUSHION EX N1.5 SUEDE, 12g cushion z filtrem SPF50+ PA++++","og_url":"https:\/\/selleetools.com\/pl\/product\/tfit-icy-fit-cover-cushion-ex-n1-5-suede-12g-cushion-z-filtrem-spf50-pa\/","og_site_name":"Selleetools.com","article_modified_time":"2025-11-03T16:00:12+00:00","og_image":[{"width":1200,"height":1200,"url":"https:\/\/selleetools.com\/wp-content\/uploads\/2025\/10\/d51fd58b357647ac39c86bc999e52032.png","type":"image\/png"}],"twitter_card":"summary_large_image","twitter_misc":{"Est. reading time":"1 minuta"},"schema":{"@context":"https:\/\/schema.org","@graph":[{"@type":"Organization","@id":"https:\/\/selleetools.com\/#organization","name":"Selleetools","url":"https:\/\/selleetools.com\/","sameAs":[],"logo":{"@type":"ImageObject","inLanguage":"pl-PL","@id":"https:\/\/selleetools.com\/#\/schema\/logo\/image\/","url":"https:\/\/selleetools.com\/wp-content\/uploads\/2021\/10\/logo-dark.png","contentUrl":"https:\/\/selleetools.com\/wp-content\/uploads\/2021\/10\/logo-dark.png","width":320,"height":76,"caption":"Selleetools"},"image":{"@id":"https:\/\/selleetools.com\/#\/schema\/logo\/image\/"}},{"@type":"WebSite","@id":"https:\/\/selleetools.com\/#website","url":"https:\/\/selleetools.com\/","name":"Selleetools.com","description":"","publisher":{"@id":"https:\/\/selleetools.com\/#organization"},"potentialAction":[{"@type":"SearchAction","target":{"@type":"EntryPoint","urlTemplate":"https:\/\/selleetools.com\/?s={search_term_string}"},"query-input":"required name=search_term_string"}],"inLanguage":"pl-PL"},{"@type":"WebPage","@id":"https:\/\/selleetools.com\/pl\/product\/tfit-icy-fit-cover-cushion-ex-n1-5-suede-12g-cushion-z-filtrem-spf50-pa\/","url":"https:\/\/selleetools.com\/pl\/product\/tfit-icy-fit-cover-cushion-ex-n1-5-suede-12g-cushion-z-filtrem-spf50-pa\/","name":"TFIT - ICY FIT COVER CUSHION EX N1.5 SUEDE, 12g cushion z filtrem SPF50+ PA++++ - Selleetools.com","isPartOf":{"@id":"https:\/\/selleetools.com\/#website"},"datePublished":"2025-10-24T12:52:51+00:00","dateModified":"2025-11-03T16:00:12+00:00","breadcrumb":{"@id":"https:\/\/selleetools.com\/pl\/product\/tfit-icy-fit-cover-cushion-ex-n1-5-suede-12g-cushion-z-filtrem-spf50-pa\/#breadcrumb"},"inLanguage":"pl-PL","potentialAction":[{"@type":"ReadAction","target":["https:\/\/selleetools.com\/pl\/product\/tfit-icy-fit-cover-cushion-ex-n1-5-suede-12g-cushion-z-filtrem-spf50-pa\/"]}]},{"@type":"BreadcrumbList","@id":"https:\/\/selleetools.com\/pl\/product\/tfit-icy-fit-cover-cushion-ex-n1-5-suede-12g-cushion-z-filtrem-spf50-pa\/#breadcrumb","itemListElement":[{"@type":"ListItem","position":1,"name":"Home","item":"https:\/\/selleetools.com\/pl\/"},{"@type":"ListItem","position":2,"name":"Katalog","item":"https:\/\/selleetools.com\/pl\/katalog\/"},{"@type":"ListItem","position":3,"name":"TFIT &#8211; ICY FIT COVER CUSHION EX N1.5 SUEDE, 12g cushion z filtrem SPF50+ PA++++"}]}]}},"_links":{"self":[{"href":"https:\/\/selleetools.com\/pl\/wp-json\/wp\/v2\/product\/610592"}],"collection":[{"href":"https:\/\/selleetools.com\/pl\/wp-json\/wp\/v2\/product"}],"about":[{"href":"https:\/\/selleetools.com\/pl\/wp-json\/wp\/v2\/types\/product"}],"replies":[{"embeddable":true,"href":"https:\/\/selleetools.com\/pl\/wp-json\/wp\/v2\/comments?post=610592"}],"wp:featuredmedia":[{"embeddable":true,"href":"https:\/\/selleetools.com\/pl\/wp-json\/wp\/v2\/media\/610590"}],"wp:attachment":[{"href":"https:\/\/selleetools.com\/pl\/wp-json\/wp\/v2\/media?parent=610592"}],"curies":[{"name":"wp","href":"https:\/\/api.w.org\/{rel}","templated":true}]}}