{"id":610586,"date":"2025-10-24T14:52:44","date_gmt":"2025-10-24T12:52:44","guid":{"rendered":"https:\/\/selleetools.com\/?post_type=product&#038;p=610586"},"modified":"2026-01-09T16:25:54","modified_gmt":"2026-01-09T15:25:54","slug":"tfit-buildable-fit-spatula-foundation-w04-buff-15g-polmatowy-podklad","status":"publish","type":"product","link":"https:\/\/selleetools.com\/pl\/product\/tfit-buildable-fit-spatula-foundation-w04-buff-15g-polmatowy-podklad\/","title":{"rendered":"TFIT &#8211; BUILDABLE FIT SPATULA FOUNDATION W04 BUFF, 15g p\u00f3\u0142matowy podk\u0142ad"},"content":{"rendered":"<p>Podk\u0142ad nowej generacji z wbudowan\u0105 ergonomiczn\u0105 szpatu\u0142k\u0105, kt\u00f3ry pozwala uzyska\u0107 efekt profesjonalnego makija\u017cu w domowych warunkach. Innowacyjna formu\u0142a 70% oparta na sk\u0142adnikach piel\u0119gnacyjnych zapewnia komfort i nawil\u017cenie, a jednocze\u015bnie gwarantuje perfekcyjne krycie i trwa\u0142o\u015b\u0107 a\u017c do 24 godzin.<br \/>\nDzi\u0119ki unikalnej szpatu\u0142ce mo\u017cesz \u0142atwo nak\u0142ada\u0107 podk\u0142ad cienk\u0105, r\u00f3wn\u0105 warstw\u0105, budowa\u0107 krycie tam, gdzie jest potrzebne i precyzyjnie dociera\u0107 do trudno dost\u0119pnych miejsc, takich jak skrzyde\u0142ka nosa czy k\u0105ciki ust.<\/p>\n<p>Kolor: W04 Buff (Medium, Warm Tone) \u2013 nieco ciemniejszy, ciep\u0142y odcie\u0144 be\u017cu, odpowiedni dla \u015brednich karnacji z wyra\u017anie z\u0142ocistym podtonem.<\/p>\n<p>Korzy\u015bci dla sk\u00f3ry:<br \/>\nBudowane krycie \u2013 od naturalnego efektu po mocne zakrycie niedoskona\u0142o\u015bci.<br \/>\nTrwa\u0142o\u015b\u0107 do 24h \u2013 odporno\u015b\u0107 na \u015bcieranie i dotyk, testowana klinicznie.<br \/>\nLekka formu\u0142a semi-matte \u2013 nie obci\u0105\u017ca sk\u00f3ry nawet przy warstwowym nak\u0142adaniu.<br \/>\n70% sk\u0142adnik\u00f3w piel\u0119gnacyjnych \u2013 ceramidy, beta-glukan, ekstrakty ro\u015blinne i niacynamid wspieraj\u0105 barier\u0119 sk\u00f3ry, nawil\u017caj\u0105 i \u0142agodz\u0105.<br \/>\nErgonomiczna szpatu\u0142ka u\u0142atwia r\u00f3wnomiern\u0105 aplikacj\u0119 \u2013 szeroka cz\u0119\u015b\u0107 do wi\u0119kszych obszar\u00f3w, kraw\u0119dzie do detali.<\/p>\n<p>Spos\u00f3b u\u017cycia:<br \/>\nPo zako\u0144czeniu piel\u0119gnacji pobierz odpowiedni\u0105 ilo\u015b\u0107 podk\u0142adu za pomoc\u0105 szpatu\u0142ki.<br \/>\nNa wi\u0119ksze partie twarzy \u2013 przy\u0142\u00f3\u017c szerok\u0105 powierzchni\u0119 szpatu\u0142ki pod k\u0105tem i rozprowad\u017a cienk\u0105 warstw\u0119.<br \/>\nNa detale \u2013 u\u017cyj ko\u0144c\u00f3wki szpatu\u0142ki, aby precyzyjnie pokry\u0107 skrzyde\u0142ka nosa, k\u0105ciki ust czy inne mniejsze obszary.<br \/>\nW razie potrzeby buduj kolejne warstwy dla mocniejszego krycia.<\/p>\n","protected":false},"excerpt":{"rendered":"<p>Podk\u0142ad nowej generacji z wbudowan\u0105 ergonomiczn\u0105 szpatu\u0142k\u0105, kt\u00f3ry pozwala uzyska\u0107 efekt profesjonalnego makija\u017cu w domowych warunkach. Innowacyjna formu\u0142a 70% oparta na sk\u0142adnikach piel\u0119gnacyjnych zapewnia komfort i nawil\u017cenie, a jednocze\u015bnie gwarantuje perfekcyjne krycie i trwa\u0142o\u015b\u0107 a\u017c do 24 godzin. Dzi\u0119ki unikalnej szpatu\u0142ce mo\u017cesz \u0142atwo nak\u0142ada\u0107 podk\u0142ad cienk\u0105, r\u00f3wn\u0105 warstw\u0105, budowa\u0107 krycie tam, gdzie jest potrzebne i &#8230; <a title=\"TFIT &#8211; BUILDABLE FIT SPATULA FOUNDATION W04 BUFF, 15g p\u00f3\u0142matowy podk\u0142ad\" class=\"read-more\" href=\"https:\/\/selleetools.com\/pl\/product\/tfit-buildable-fit-spatula-foundation-w04-buff-15g-polmatowy-podklad\/\">Read more<span class=\"screen-reader-text\">TFIT &#8211; BUILDABLE FIT SPATULA FOUNDATION W04 BUFF, 15g p\u00f3\u0142matowy podk\u0142ad<\/span><\/a><\/p>\n","protected":false},"featured_media":610584,"comment_status":"open","ping_status":"closed","template":"","meta":{"_links_to":"","_links_to_target":""},"yoast_head":"<!-- This site is optimized with the Yoast SEO plugin v19.4 - https:\/\/yoast.com\/wordpress\/plugins\/seo\/ -->\n<title>TFIT - BUILDABLE FIT SPATULA FOUNDATION W04 BUFF, 15g p\u00f3\u0142matowy podk\u0142ad - Selleetools.com<\/title>\n<meta name=\"robots\" content=\"index, follow, max-snippet:-1, max-image-preview:large, max-video-preview:-1\" \/>\n<link rel=\"canonical\" href=\"https:\/\/selleetools.com\/product\/tfit-buildable-fit-spatula-foundation-w04-buff-15g-polmatowy-podklad\/\" \/>\n<meta property=\"og:locale\" content=\"pl_PL\" \/>\n<meta property=\"og:type\" content=\"article\" \/>\n<meta property=\"og:title\" content=\"TFIT - BUILDABLE FIT SPATULA FOUNDATION W04 BUFF, 15g p\u00f3\u0142matowy podk\u0142ad - Selleetools.com\" \/>\n<meta property=\"og:description\" content=\"Podk\u0142ad nowej generacji z wbudowan\u0105 ergonomiczn\u0105 szpatu\u0142k\u0105, kt\u00f3ry pozwala uzyska\u0107 efekt profesjonalnego makija\u017cu w domowych warunkach. Innowacyjna formu\u0142a 70% oparta na sk\u0142adnikach piel\u0119gnacyjnych zapewnia komfort i nawil\u017cenie, a jednocze\u015bnie gwarantuje perfekcyjne krycie i trwa\u0142o\u015b\u0107 a\u017c do 24 godzin. Dzi\u0119ki unikalnej szpatu\u0142ce mo\u017cesz \u0142atwo nak\u0142ada\u0107 podk\u0142ad cienk\u0105, r\u00f3wn\u0105 warstw\u0105, budowa\u0107 krycie tam, gdzie jest potrzebne i ... Read moreTFIT &#8211; BUILDABLE FIT SPATULA FOUNDATION W04 BUFF, 15g p\u00f3\u0142matowy podk\u0142ad\" \/>\n<meta property=\"og:url\" content=\"https:\/\/selleetools.com\/product\/tfit-buildable-fit-spatula-foundation-w04-buff-15g-polmatowy-podklad\/\" \/>\n<meta property=\"og:site_name\" content=\"Selleetools.com\" \/>\n<meta property=\"article:modified_time\" content=\"2026-01-09T15:25:54+00:00\" \/>\n<meta property=\"og:image\" content=\"https:\/\/selleetools.com\/wp-content\/uploads\/2025\/10\/086ef8f2c00708314e3cc7a302ea83ea.png\" \/>\n\t<meta property=\"og:image:width\" content=\"1200\" \/>\n\t<meta property=\"og:image:height\" content=\"1200\" \/>\n\t<meta property=\"og:image:type\" content=\"image\/png\" \/>\n<meta name=\"twitter:card\" content=\"summary_large_image\" \/>\n<meta name=\"twitter:label1\" content=\"Est. reading time\" \/>\n\t<meta name=\"twitter:data1\" content=\"1 minuta\" \/>\n<!-- \/ Yoast SEO plugin. -->","yoast_head_json":{"title":"TFIT - BUILDABLE FIT SPATULA FOUNDATION W04 BUFF, 15g p\u00f3\u0142matowy podk\u0142ad - Selleetools.com","robots":{"index":"index","follow":"follow","max-snippet":"max-snippet:-1","max-image-preview":"max-image-preview:large","max-video-preview":"max-video-preview:-1"},"canonical":"https:\/\/selleetools.com\/product\/tfit-buildable-fit-spatula-foundation-w04-buff-15g-polmatowy-podklad\/","og_locale":"pl_PL","og_type":"article","og_title":"TFIT - BUILDABLE FIT SPATULA FOUNDATION W04 BUFF, 15g p\u00f3\u0142matowy podk\u0142ad - Selleetools.com","og_description":"Podk\u0142ad nowej generacji z wbudowan\u0105 ergonomiczn\u0105 szpatu\u0142k\u0105, kt\u00f3ry pozwala uzyska\u0107 efekt profesjonalnego makija\u017cu w domowych warunkach. Innowacyjna formu\u0142a 70% oparta na sk\u0142adnikach piel\u0119gnacyjnych zapewnia komfort i nawil\u017cenie, a jednocze\u015bnie gwarantuje perfekcyjne krycie i trwa\u0142o\u015b\u0107 a\u017c do 24 godzin. Dzi\u0119ki unikalnej szpatu\u0142ce mo\u017cesz \u0142atwo nak\u0142ada\u0107 podk\u0142ad cienk\u0105, r\u00f3wn\u0105 warstw\u0105, budowa\u0107 krycie tam, gdzie jest potrzebne i ... Read moreTFIT &#8211; BUILDABLE FIT SPATULA FOUNDATION W04 BUFF, 15g p\u00f3\u0142matowy podk\u0142ad","og_url":"https:\/\/selleetools.com\/product\/tfit-buildable-fit-spatula-foundation-w04-buff-15g-polmatowy-podklad\/","og_site_name":"Selleetools.com","article_modified_time":"2026-01-09T15:25:54+00:00","og_image":[{"width":1200,"height":1200,"url":"https:\/\/selleetools.com\/wp-content\/uploads\/2025\/10\/086ef8f2c00708314e3cc7a302ea83ea.png","type":"image\/png"}],"twitter_card":"summary_large_image","twitter_misc":{"Est. reading time":"1 minuta"},"schema":{"@context":"https:\/\/schema.org","@graph":[{"@type":"Organization","@id":"https:\/\/selleetools.com\/#organization","name":"Selleetools","url":"https:\/\/selleetools.com\/","sameAs":[],"logo":{"@type":"ImageObject","inLanguage":"pl-PL","@id":"https:\/\/selleetools.com\/#\/schema\/logo\/image\/","url":"https:\/\/selleetools.com\/wp-content\/uploads\/2021\/10\/logo-dark.png","contentUrl":"https:\/\/selleetools.com\/wp-content\/uploads\/2021\/10\/logo-dark.png","width":320,"height":76,"caption":"Selleetools"},"image":{"@id":"https:\/\/selleetools.com\/#\/schema\/logo\/image\/"}},{"@type":"WebSite","@id":"https:\/\/selleetools.com\/#website","url":"https:\/\/selleetools.com\/","name":"Selleetools.com","description":"","publisher":{"@id":"https:\/\/selleetools.com\/#organization"},"potentialAction":[{"@type":"SearchAction","target":{"@type":"EntryPoint","urlTemplate":"https:\/\/selleetools.com\/?s={search_term_string}"},"query-input":"required name=search_term_string"}],"inLanguage":"pl-PL"},{"@type":"WebPage","@id":"https:\/\/selleetools.com\/product\/tfit-buildable-fit-spatula-foundation-w04-buff-15g-polmatowy-podklad\/","url":"https:\/\/selleetools.com\/product\/tfit-buildable-fit-spatula-foundation-w04-buff-15g-polmatowy-podklad\/","name":"TFIT - BUILDABLE FIT SPATULA FOUNDATION W04 BUFF, 15g p\u00f3\u0142matowy podk\u0142ad - Selleetools.com","isPartOf":{"@id":"https:\/\/selleetools.com\/#website"},"datePublished":"2025-10-24T12:52:44+00:00","dateModified":"2026-01-09T15:25:54+00:00","breadcrumb":{"@id":"https:\/\/selleetools.com\/product\/tfit-buildable-fit-spatula-foundation-w04-buff-15g-polmatowy-podklad\/#breadcrumb"},"inLanguage":"pl-PL","potentialAction":[{"@type":"ReadAction","target":["https:\/\/selleetools.com\/product\/tfit-buildable-fit-spatula-foundation-w04-buff-15g-polmatowy-podklad\/"]}]},{"@type":"BreadcrumbList","@id":"https:\/\/selleetools.com\/product\/tfit-buildable-fit-spatula-foundation-w04-buff-15g-polmatowy-podklad\/#breadcrumb","itemListElement":[{"@type":"ListItem","position":1,"name":"Home","item":"https:\/\/selleetools.com\/pl\/"},{"@type":"ListItem","position":2,"name":"Katalog","item":"https:\/\/selleetools.com\/pl\/katalog\/"},{"@type":"ListItem","position":3,"name":"TFIT &#8211; BUILDABLE FIT SPATULA FOUNDATION W04 BUFF, 15g p\u00f3\u0142matowy podk\u0142ad"}]}]}},"_links":{"self":[{"href":"https:\/\/selleetools.com\/pl\/wp-json\/wp\/v2\/product\/610586"}],"collection":[{"href":"https:\/\/selleetools.com\/pl\/wp-json\/wp\/v2\/product"}],"about":[{"href":"https:\/\/selleetools.com\/pl\/wp-json\/wp\/v2\/types\/product"}],"replies":[{"embeddable":true,"href":"https:\/\/selleetools.com\/pl\/wp-json\/wp\/v2\/comments?post=610586"}],"wp:featuredmedia":[{"embeddable":true,"href":"https:\/\/selleetools.com\/pl\/wp-json\/wp\/v2\/media\/610584"}],"wp:attachment":[{"href":"https:\/\/selleetools.com\/pl\/wp-json\/wp\/v2\/media?parent=610586"}],"curies":[{"name":"wp","href":"https:\/\/api.w.org\/{rel}","templated":true}]}}