{"id":610571,"date":"2025-10-24T14:52:29","date_gmt":"2025-10-24T12:52:29","guid":{"rendered":"https:\/\/selleetools.com\/?post_type=product&#038;p=610571"},"modified":"2025-11-05T12:06:51","modified_gmt":"2025-11-05T11:06:51","slug":"tfit-translucent-set-finishing-powder-2-1-medium-beige-7g-puder-transparentny","status":"publish","type":"product","link":"https:\/\/selleetools.com\/pl\/product\/tfit-translucent-set-finishing-powder-2-1-medium-beige-7g-puder-transparentny\/","title":{"rendered":"TFIT &#8211; TRANSLUCENT SET FINISHING POWDER 2.1 MEDIUM BEIGE, 7G puder transparentny"},"content":{"rendered":"<p>Lekki, transparentny puder utrwalaj\u0105cy, kt\u00f3ry zapewnia kontrol\u0119 wydzielania sebum do 24 godzin i nadaje cerze efekt g\u0142adkiego, zmatowionego wyko\u0144czenia. Dzi\u0119ki swojej drobno zmielonej formule doskonale wtapia si\u0119 w sk\u00f3r\u0119, rozmywa pory i sprawia, \u017ce makija\u017c wygl\u0105da \u015bwie\u017co przez ca\u0142y dzie\u0144 \u2013 nawet w gor\u0105ce i wilgotne dni. Puder jest wodoodporny, odporny na pot i jednocze\u015bnie nie wysusza sk\u00f3ry, pozostawiaj\u0105c komfortowe uczucie przez wiele godzin.<\/p>\n<p>Kolor: 2.1 Medium Beige \u2013 neutralny, \u015bredni be\u017c, kt\u00f3ry doskonale dopasowuje si\u0119 do naturalnego odcienia sk\u00f3ry o \u015bredniej tonacji. Sprawdza si\u0119 zar\u00f3wno w codziennym makija\u017cu, jak i podczas d\u0142ugich, wymagaj\u0105cych dni.<\/p>\n<p>Korzy\u015bci dla sk\u00f3ry i efekt makija\u017cu<br \/>\nD\u0142ugotrwa\u0142y efekt \u2013 utrwala makija\u017c nawet do 24 h.<br \/>\nKontrola sebum \u2013 redukuje b\u0142yszczenie sk\u00f3ry.<br \/>\nEfekt blur \u2013 wizualnie wyg\u0142adza struktur\u0119 sk\u00f3ry i pory.<br \/>\nKomfortowa formu\u0142a \u2013 zawiera sk\u0142adniki aktywne, kt\u00f3re nawil\u017caj\u0105 i chroni\u0105 przed przesuszeniem.<\/p>\n<p>Spos\u00f3b u\u017cycia<br \/>\nNa\u0142\u00f3\u017c niewielk\u0105 ilo\u015b\u0107 pudru na do\u0142\u0105czony puszek i delikatnie wklep w sk\u00f3r\u0119 jako ostatni krok makija\u017cu. Skup si\u0119 na strefie T lub miejscach, kt\u00f3re maj\u0105 tendencj\u0119 do przet\u0142uszczania si\u0119.<\/p>\n","protected":false},"excerpt":{"rendered":"<p>Lekki, transparentny puder utrwalaj\u0105cy, kt\u00f3ry zapewnia kontrol\u0119 wydzielania sebum do 24 godzin i nadaje cerze efekt g\u0142adkiego, zmatowionego wyko\u0144czenia. Dzi\u0119ki swojej drobno zmielonej formule doskonale wtapia si\u0119 w sk\u00f3r\u0119, rozmywa pory i sprawia, \u017ce makija\u017c wygl\u0105da \u015bwie\u017co przez ca\u0142y dzie\u0144 \u2013 nawet w gor\u0105ce i wilgotne dni. Puder jest wodoodporny, odporny na pot i jednocze\u015bnie &#8230; <a title=\"TFIT &#8211; TRANSLUCENT SET FINISHING POWDER 2.1 MEDIUM BEIGE, 7G puder transparentny\" class=\"read-more\" href=\"https:\/\/selleetools.com\/pl\/product\/tfit-translucent-set-finishing-powder-2-1-medium-beige-7g-puder-transparentny\/\">Read more<span class=\"screen-reader-text\">TFIT &#8211; TRANSLUCENT SET FINISHING POWDER 2.1 MEDIUM BEIGE, 7G puder transparentny<\/span><\/a><\/p>\n","protected":false},"featured_media":610569,"comment_status":"open","ping_status":"closed","template":"","meta":{"_links_to":"","_links_to_target":""},"yoast_head":"<!-- This site is optimized with the Yoast SEO plugin v19.4 - https:\/\/yoast.com\/wordpress\/plugins\/seo\/ -->\n<title>TFIT - TRANSLUCENT SET FINISHING POWDER 2.1 MEDIUM BEIGE, 7G puder transparentny - Selleetools.com<\/title>\n<meta name=\"robots\" content=\"index, follow, max-snippet:-1, max-image-preview:large, max-video-preview:-1\" \/>\n<link rel=\"canonical\" href=\"https:\/\/selleetools.com\/pl\/product\/tfit-translucent-set-finishing-powder-2-1-medium-beige-7g-puder-transparentny\/\" \/>\n<meta property=\"og:locale\" content=\"pl_PL\" \/>\n<meta property=\"og:type\" content=\"article\" \/>\n<meta property=\"og:title\" content=\"TFIT - TRANSLUCENT SET FINISHING POWDER 2.1 MEDIUM BEIGE, 7G puder transparentny - Selleetools.com\" \/>\n<meta property=\"og:description\" content=\"Lekki, transparentny puder utrwalaj\u0105cy, kt\u00f3ry zapewnia kontrol\u0119 wydzielania sebum do 24 godzin i nadaje cerze efekt g\u0142adkiego, zmatowionego wyko\u0144czenia. Dzi\u0119ki swojej drobno zmielonej formule doskonale wtapia si\u0119 w sk\u00f3r\u0119, rozmywa pory i sprawia, \u017ce makija\u017c wygl\u0105da \u015bwie\u017co przez ca\u0142y dzie\u0144 \u2013 nawet w gor\u0105ce i wilgotne dni. Puder jest wodoodporny, odporny na pot i jednocze\u015bnie ... Read moreTFIT &#8211; TRANSLUCENT SET FINISHING POWDER 2.1 MEDIUM BEIGE, 7G puder transparentny\" \/>\n<meta property=\"og:url\" content=\"https:\/\/selleetools.com\/pl\/product\/tfit-translucent-set-finishing-powder-2-1-medium-beige-7g-puder-transparentny\/\" \/>\n<meta property=\"og:site_name\" content=\"Selleetools.com\" \/>\n<meta property=\"article:modified_time\" content=\"2025-11-05T11:06:51+00:00\" \/>\n<meta property=\"og:image\" content=\"https:\/\/selleetools.com\/wp-content\/uploads\/2025\/10\/e80afa5ed1fae9c7720a93d991565949.png\" \/>\n\t<meta property=\"og:image:width\" content=\"1200\" \/>\n\t<meta property=\"og:image:height\" content=\"1200\" \/>\n\t<meta property=\"og:image:type\" content=\"image\/png\" \/>\n<meta name=\"twitter:card\" content=\"summary_large_image\" \/>\n<meta name=\"twitter:label1\" content=\"Est. reading time\" \/>\n\t<meta name=\"twitter:data1\" content=\"1 minuta\" \/>\n<!-- \/ Yoast SEO plugin. -->","yoast_head_json":{"title":"TFIT - TRANSLUCENT SET FINISHING POWDER 2.1 MEDIUM BEIGE, 7G puder transparentny - Selleetools.com","robots":{"index":"index","follow":"follow","max-snippet":"max-snippet:-1","max-image-preview":"max-image-preview:large","max-video-preview":"max-video-preview:-1"},"canonical":"https:\/\/selleetools.com\/pl\/product\/tfit-translucent-set-finishing-powder-2-1-medium-beige-7g-puder-transparentny\/","og_locale":"pl_PL","og_type":"article","og_title":"TFIT - TRANSLUCENT SET FINISHING POWDER 2.1 MEDIUM BEIGE, 7G puder transparentny - Selleetools.com","og_description":"Lekki, transparentny puder utrwalaj\u0105cy, kt\u00f3ry zapewnia kontrol\u0119 wydzielania sebum do 24 godzin i nadaje cerze efekt g\u0142adkiego, zmatowionego wyko\u0144czenia. Dzi\u0119ki swojej drobno zmielonej formule doskonale wtapia si\u0119 w sk\u00f3r\u0119, rozmywa pory i sprawia, \u017ce makija\u017c wygl\u0105da \u015bwie\u017co przez ca\u0142y dzie\u0144 \u2013 nawet w gor\u0105ce i wilgotne dni. Puder jest wodoodporny, odporny na pot i jednocze\u015bnie ... Read moreTFIT &#8211; TRANSLUCENT SET FINISHING POWDER 2.1 MEDIUM BEIGE, 7G puder transparentny","og_url":"https:\/\/selleetools.com\/pl\/product\/tfit-translucent-set-finishing-powder-2-1-medium-beige-7g-puder-transparentny\/","og_site_name":"Selleetools.com","article_modified_time":"2025-11-05T11:06:51+00:00","og_image":[{"width":1200,"height":1200,"url":"https:\/\/selleetools.com\/wp-content\/uploads\/2025\/10\/e80afa5ed1fae9c7720a93d991565949.png","type":"image\/png"}],"twitter_card":"summary_large_image","twitter_misc":{"Est. reading time":"1 minuta"},"schema":{"@context":"https:\/\/schema.org","@graph":[{"@type":"Organization","@id":"https:\/\/selleetools.com\/#organization","name":"Selleetools","url":"https:\/\/selleetools.com\/","sameAs":[],"logo":{"@type":"ImageObject","inLanguage":"pl-PL","@id":"https:\/\/selleetools.com\/#\/schema\/logo\/image\/","url":"https:\/\/selleetools.com\/wp-content\/uploads\/2021\/10\/logo-dark.png","contentUrl":"https:\/\/selleetools.com\/wp-content\/uploads\/2021\/10\/logo-dark.png","width":320,"height":76,"caption":"Selleetools"},"image":{"@id":"https:\/\/selleetools.com\/#\/schema\/logo\/image\/"}},{"@type":"WebSite","@id":"https:\/\/selleetools.com\/#website","url":"https:\/\/selleetools.com\/","name":"Selleetools.com","description":"","publisher":{"@id":"https:\/\/selleetools.com\/#organization"},"potentialAction":[{"@type":"SearchAction","target":{"@type":"EntryPoint","urlTemplate":"https:\/\/selleetools.com\/?s={search_term_string}"},"query-input":"required name=search_term_string"}],"inLanguage":"pl-PL"},{"@type":"WebPage","@id":"https:\/\/selleetools.com\/pl\/product\/tfit-translucent-set-finishing-powder-2-1-medium-beige-7g-puder-transparentny\/","url":"https:\/\/selleetools.com\/pl\/product\/tfit-translucent-set-finishing-powder-2-1-medium-beige-7g-puder-transparentny\/","name":"TFIT - TRANSLUCENT SET FINISHING POWDER 2.1 MEDIUM BEIGE, 7G puder transparentny - Selleetools.com","isPartOf":{"@id":"https:\/\/selleetools.com\/#website"},"datePublished":"2025-10-24T12:52:29+00:00","dateModified":"2025-11-05T11:06:51+00:00","breadcrumb":{"@id":"https:\/\/selleetools.com\/pl\/product\/tfit-translucent-set-finishing-powder-2-1-medium-beige-7g-puder-transparentny\/#breadcrumb"},"inLanguage":"pl-PL","potentialAction":[{"@type":"ReadAction","target":["https:\/\/selleetools.com\/pl\/product\/tfit-translucent-set-finishing-powder-2-1-medium-beige-7g-puder-transparentny\/"]}]},{"@type":"BreadcrumbList","@id":"https:\/\/selleetools.com\/pl\/product\/tfit-translucent-set-finishing-powder-2-1-medium-beige-7g-puder-transparentny\/#breadcrumb","itemListElement":[{"@type":"ListItem","position":1,"name":"Home","item":"https:\/\/selleetools.com\/pl\/"},{"@type":"ListItem","position":2,"name":"Katalog","item":"https:\/\/selleetools.com\/pl\/katalog\/"},{"@type":"ListItem","position":3,"name":"TFIT &#8211; TRANSLUCENT SET FINISHING POWDER 2.1 MEDIUM BEIGE, 7G puder transparentny"}]}]}},"_links":{"self":[{"href":"https:\/\/selleetools.com\/pl\/wp-json\/wp\/v2\/product\/610571"}],"collection":[{"href":"https:\/\/selleetools.com\/pl\/wp-json\/wp\/v2\/product"}],"about":[{"href":"https:\/\/selleetools.com\/pl\/wp-json\/wp\/v2\/types\/product"}],"replies":[{"embeddable":true,"href":"https:\/\/selleetools.com\/pl\/wp-json\/wp\/v2\/comments?post=610571"}],"wp:featuredmedia":[{"embeddable":true,"href":"https:\/\/selleetools.com\/pl\/wp-json\/wp\/v2\/media\/610569"}],"wp:attachment":[{"href":"https:\/\/selleetools.com\/pl\/wp-json\/wp\/v2\/media?parent=610571"}],"curies":[{"name":"wp","href":"https:\/\/api.w.org\/{rel}","templated":true}]}}