{"id":610550,"date":"2025-10-24T14:52:07","date_gmt":"2025-10-24T12:52:07","guid":{"rendered":"https:\/\/selleetools.com\/?post_type=product&#038;p=610550"},"modified":"2025-11-03T17:00:24","modified_gmt":"2025-11-03T16:00:24","slug":"tfit-radiance-fit-serum-foundation-w03-healthy-30g-podklad-rozswietlajacy","status":"publish","type":"product","link":"https:\/\/selleetools.com\/pl\/product\/tfit-radiance-fit-serum-foundation-w03-healthy-30g-podklad-rozswietlajacy\/","title":{"rendered":"TFIT &#8211; RADIANCE FIT SERUM FOUNDATION W03 HEALTHY, 30g podk\u0142ad roz\u015bwietlaj\u0105cy"},"content":{"rendered":"<p>Podk\u0142ad-serum, kt\u00f3ry \u0142\u0105czy w sobie makija\u017c i piel\u0119gnacj\u0119. Formu\u0142a zawiera a\u017c 83,6% serum z naturalnymi ekstraktami i ceramidami, dzi\u0119ki czemu nie tylko maskuje niedoskona\u0142o\u015bci, ale r\u00f3wnie\u017c intensywnie nawil\u017ca i wzmacnia sk\u00f3r\u0119. Nadaje cerze zdrowy, promienny blask, jednocze\u015bnie zapewniaj\u0105c naturalne krycie i lekko\u015b\u0107 przez ca\u0142y dzie\u0144.<\/p>\n<p>Kolor: W03 Healthy \u2013 Medium, Warm Tone &#8211; \u015bredni, ciep\u0142y odcie\u0144 be\u017cu, kt\u00f3ry o\u017cywia cer\u0119 i nadaje jej \u015bwie\u017cego, zdrowego wygl\u0105du.<\/p>\n<p>Korzy\u015bci dla sk\u00f3ry<br \/>\nSerum + podk\u0142ad w jednym \u2013 \u0142\u0105czy piel\u0119gnacj\u0119 z makija\u017cem.<br \/>\nNaturalne krycie \u2013 wyr\u00f3wnuje koloryt, minimalizuje widoczno\u015b\u0107 niedoskona\u0142o\u015bci i przebarwie\u0144.<br \/>\nPromienny efekt glow \u2013 cera wygl\u0105da \u015bwie\u017co i zdrowo.<br \/>\nWzbogacony o ceramidy, proteiny ro\u015blinne i ekstrakty grzyb\u00f3w \u2013 wspiera regeneracj\u0119 i barier\u0119 ochronn\u0105 sk\u00f3ry.<br \/>\nLekka, \u0142atwa w aplikacji formu\u0142a, kt\u00f3ra wtapia si\u0119 w sk\u00f3r\u0119 bez efektu maski.<\/p>\n<p>Spos\u00f3b u\u017cycia<br \/>\nPo zako\u0144czonej piel\u0119gnacji nanie\u015b niewielk\u0105 ilo\u015b\u0107 produktu i r\u00f3wnomiernie rozprowad\u017a na sk\u00f3rze twarzy. Mo\u017cesz aplikowa\u0107 palcami, g\u0105beczk\u0105 lub p\u0119dzlem.<br \/>\nWstrz\u0105\u015bnij przed u\u017cyciem.<\/p>\n","protected":false},"excerpt":{"rendered":"<p>Podk\u0142ad-serum, kt\u00f3ry \u0142\u0105czy w sobie makija\u017c i piel\u0119gnacj\u0119. Formu\u0142a zawiera a\u017c 83,6% serum z naturalnymi ekstraktami i ceramidami, dzi\u0119ki czemu nie tylko maskuje niedoskona\u0142o\u015bci, ale r\u00f3wnie\u017c intensywnie nawil\u017ca i wzmacnia sk\u00f3r\u0119. Nadaje cerze zdrowy, promienny blask, jednocze\u015bnie zapewniaj\u0105c naturalne krycie i lekko\u015b\u0107 przez ca\u0142y dzie\u0144. Kolor: W03 Healthy \u2013 Medium, Warm Tone &#8211; \u015bredni, ciep\u0142y &#8230; <a title=\"TFIT &#8211; RADIANCE FIT SERUM FOUNDATION W03 HEALTHY, 30g podk\u0142ad roz\u015bwietlaj\u0105cy\" class=\"read-more\" href=\"https:\/\/selleetools.com\/pl\/product\/tfit-radiance-fit-serum-foundation-w03-healthy-30g-podklad-rozswietlajacy\/\">Read more<span class=\"screen-reader-text\">TFIT &#8211; RADIANCE FIT SERUM FOUNDATION W03 HEALTHY, 30g podk\u0142ad roz\u015bwietlaj\u0105cy<\/span><\/a><\/p>\n","protected":false},"featured_media":610548,"comment_status":"open","ping_status":"closed","template":"","meta":{"_links_to":"","_links_to_target":""},"yoast_head":"<!-- This site is optimized with the Yoast SEO plugin v19.4 - https:\/\/yoast.com\/wordpress\/plugins\/seo\/ -->\n<title>TFIT - RADIANCE FIT SERUM FOUNDATION W03 HEALTHY, 30g podk\u0142ad roz\u015bwietlaj\u0105cy - Selleetools.com<\/title>\n<meta name=\"robots\" content=\"index, follow, max-snippet:-1, max-image-preview:large, max-video-preview:-1\" \/>\n<link rel=\"canonical\" href=\"https:\/\/selleetools.com\/pl\/product\/tfit-radiance-fit-serum-foundation-w03-healthy-30g-podklad-rozswietlajacy\/\" \/>\n<meta property=\"og:locale\" content=\"pl_PL\" \/>\n<meta property=\"og:type\" content=\"article\" \/>\n<meta property=\"og:title\" content=\"TFIT - RADIANCE FIT SERUM FOUNDATION W03 HEALTHY, 30g podk\u0142ad roz\u015bwietlaj\u0105cy - Selleetools.com\" \/>\n<meta property=\"og:description\" content=\"Podk\u0142ad-serum, kt\u00f3ry \u0142\u0105czy w sobie makija\u017c i piel\u0119gnacj\u0119. Formu\u0142a zawiera a\u017c 83,6% serum z naturalnymi ekstraktami i ceramidami, dzi\u0119ki czemu nie tylko maskuje niedoskona\u0142o\u015bci, ale r\u00f3wnie\u017c intensywnie nawil\u017ca i wzmacnia sk\u00f3r\u0119. Nadaje cerze zdrowy, promienny blask, jednocze\u015bnie zapewniaj\u0105c naturalne krycie i lekko\u015b\u0107 przez ca\u0142y dzie\u0144. Kolor: W03 Healthy \u2013 Medium, Warm Tone &#8211; \u015bredni, ciep\u0142y ... Read moreTFIT &#8211; RADIANCE FIT SERUM FOUNDATION W03 HEALTHY, 30g podk\u0142ad roz\u015bwietlaj\u0105cy\" \/>\n<meta property=\"og:url\" content=\"https:\/\/selleetools.com\/pl\/product\/tfit-radiance-fit-serum-foundation-w03-healthy-30g-podklad-rozswietlajacy\/\" \/>\n<meta property=\"og:site_name\" content=\"Selleetools.com\" \/>\n<meta property=\"article:modified_time\" content=\"2025-11-03T16:00:24+00:00\" \/>\n<meta property=\"og:image\" content=\"https:\/\/selleetools.com\/wp-content\/uploads\/2025\/10\/8bfd57e7963f9f67d1971e87adedbce1.png\" \/>\n\t<meta property=\"og:image:width\" content=\"1200\" \/>\n\t<meta property=\"og:image:height\" content=\"1200\" \/>\n\t<meta property=\"og:image:type\" content=\"image\/png\" \/>\n<meta name=\"twitter:card\" content=\"summary_large_image\" \/>\n<meta name=\"twitter:label1\" content=\"Est. reading time\" \/>\n\t<meta name=\"twitter:data1\" content=\"1 minuta\" \/>\n<!-- \/ Yoast SEO plugin. -->","yoast_head_json":{"title":"TFIT - RADIANCE FIT SERUM FOUNDATION W03 HEALTHY, 30g podk\u0142ad roz\u015bwietlaj\u0105cy - Selleetools.com","robots":{"index":"index","follow":"follow","max-snippet":"max-snippet:-1","max-image-preview":"max-image-preview:large","max-video-preview":"max-video-preview:-1"},"canonical":"https:\/\/selleetools.com\/pl\/product\/tfit-radiance-fit-serum-foundation-w03-healthy-30g-podklad-rozswietlajacy\/","og_locale":"pl_PL","og_type":"article","og_title":"TFIT - RADIANCE FIT SERUM FOUNDATION W03 HEALTHY, 30g podk\u0142ad roz\u015bwietlaj\u0105cy - Selleetools.com","og_description":"Podk\u0142ad-serum, kt\u00f3ry \u0142\u0105czy w sobie makija\u017c i piel\u0119gnacj\u0119. Formu\u0142a zawiera a\u017c 83,6% serum z naturalnymi ekstraktami i ceramidami, dzi\u0119ki czemu nie tylko maskuje niedoskona\u0142o\u015bci, ale r\u00f3wnie\u017c intensywnie nawil\u017ca i wzmacnia sk\u00f3r\u0119. Nadaje cerze zdrowy, promienny blask, jednocze\u015bnie zapewniaj\u0105c naturalne krycie i lekko\u015b\u0107 przez ca\u0142y dzie\u0144. Kolor: W03 Healthy \u2013 Medium, Warm Tone &#8211; \u015bredni, ciep\u0142y ... Read moreTFIT &#8211; RADIANCE FIT SERUM FOUNDATION W03 HEALTHY, 30g podk\u0142ad roz\u015bwietlaj\u0105cy","og_url":"https:\/\/selleetools.com\/pl\/product\/tfit-radiance-fit-serum-foundation-w03-healthy-30g-podklad-rozswietlajacy\/","og_site_name":"Selleetools.com","article_modified_time":"2025-11-03T16:00:24+00:00","og_image":[{"width":1200,"height":1200,"url":"https:\/\/selleetools.com\/wp-content\/uploads\/2025\/10\/8bfd57e7963f9f67d1971e87adedbce1.png","type":"image\/png"}],"twitter_card":"summary_large_image","twitter_misc":{"Est. reading time":"1 minuta"},"schema":{"@context":"https:\/\/schema.org","@graph":[{"@type":"Organization","@id":"https:\/\/selleetools.com\/#organization","name":"Selleetools","url":"https:\/\/selleetools.com\/","sameAs":[],"logo":{"@type":"ImageObject","inLanguage":"pl-PL","@id":"https:\/\/selleetools.com\/#\/schema\/logo\/image\/","url":"https:\/\/selleetools.com\/wp-content\/uploads\/2021\/10\/logo-dark.png","contentUrl":"https:\/\/selleetools.com\/wp-content\/uploads\/2021\/10\/logo-dark.png","width":320,"height":76,"caption":"Selleetools"},"image":{"@id":"https:\/\/selleetools.com\/#\/schema\/logo\/image\/"}},{"@type":"WebSite","@id":"https:\/\/selleetools.com\/#website","url":"https:\/\/selleetools.com\/","name":"Selleetools.com","description":"","publisher":{"@id":"https:\/\/selleetools.com\/#organization"},"potentialAction":[{"@type":"SearchAction","target":{"@type":"EntryPoint","urlTemplate":"https:\/\/selleetools.com\/?s={search_term_string}"},"query-input":"required name=search_term_string"}],"inLanguage":"pl-PL"},{"@type":"WebPage","@id":"https:\/\/selleetools.com\/pl\/product\/tfit-radiance-fit-serum-foundation-w03-healthy-30g-podklad-rozswietlajacy\/","url":"https:\/\/selleetools.com\/pl\/product\/tfit-radiance-fit-serum-foundation-w03-healthy-30g-podklad-rozswietlajacy\/","name":"TFIT - RADIANCE FIT SERUM FOUNDATION W03 HEALTHY, 30g podk\u0142ad roz\u015bwietlaj\u0105cy - Selleetools.com","isPartOf":{"@id":"https:\/\/selleetools.com\/#website"},"datePublished":"2025-10-24T12:52:07+00:00","dateModified":"2025-11-03T16:00:24+00:00","breadcrumb":{"@id":"https:\/\/selleetools.com\/pl\/product\/tfit-radiance-fit-serum-foundation-w03-healthy-30g-podklad-rozswietlajacy\/#breadcrumb"},"inLanguage":"pl-PL","potentialAction":[{"@type":"ReadAction","target":["https:\/\/selleetools.com\/pl\/product\/tfit-radiance-fit-serum-foundation-w03-healthy-30g-podklad-rozswietlajacy\/"]}]},{"@type":"BreadcrumbList","@id":"https:\/\/selleetools.com\/pl\/product\/tfit-radiance-fit-serum-foundation-w03-healthy-30g-podklad-rozswietlajacy\/#breadcrumb","itemListElement":[{"@type":"ListItem","position":1,"name":"Home","item":"https:\/\/selleetools.com\/pl\/"},{"@type":"ListItem","position":2,"name":"Katalog","item":"https:\/\/selleetools.com\/pl\/katalog\/"},{"@type":"ListItem","position":3,"name":"TFIT &#8211; RADIANCE FIT SERUM FOUNDATION W03 HEALTHY, 30g podk\u0142ad roz\u015bwietlaj\u0105cy"}]}]}},"_links":{"self":[{"href":"https:\/\/selleetools.com\/pl\/wp-json\/wp\/v2\/product\/610550"}],"collection":[{"href":"https:\/\/selleetools.com\/pl\/wp-json\/wp\/v2\/product"}],"about":[{"href":"https:\/\/selleetools.com\/pl\/wp-json\/wp\/v2\/types\/product"}],"replies":[{"embeddable":true,"href":"https:\/\/selleetools.com\/pl\/wp-json\/wp\/v2\/comments?post=610550"}],"wp:featuredmedia":[{"embeddable":true,"href":"https:\/\/selleetools.com\/pl\/wp-json\/wp\/v2\/media\/610548"}],"wp:attachment":[{"href":"https:\/\/selleetools.com\/pl\/wp-json\/wp\/v2\/media?parent=610550"}],"curies":[{"name":"wp","href":"https:\/\/api.w.org\/{rel}","templated":true}]}}