{"id":610227,"date":"2025-10-24T14:46:46","date_gmt":"2025-10-24T12:46:46","guid":{"rendered":"https:\/\/selleetools.com\/?post_type=product&#038;p=610227"},"modified":"2025-11-05T12:03:23","modified_gmt":"2025-11-05T11:03:23","slug":"marymay-shea-butter-rice-bran-body-cream-250-ml-odzywczy-balsam-do-ciala","status":"publish","type":"product","link":"https:\/\/selleetools.com\/pl\/product\/marymay-shea-butter-rice-bran-body-cream-250-ml-odzywczy-balsam-do-ciala\/","title":{"rendered":"Mary&#038;May Shea Butter &#038; Rice Bran Body Cream 250 ml &#8211; od\u017cywczy balsam do cia\u0142a"},"content":{"rendered":"<p>Bogaty, wega\u0144ski krem do cia\u0142a, kt\u00f3ry otula sk\u00f3r\u0119 intensywnym nawil\u017ceniem i od\u017cywieniem. Zawiera a\u017c 20% mas\u0142a shea znanego ze swoich silnie regeneruj\u0105cych w\u0142a\u015bciwo\u015bci oraz ekstrakt z otr\u0119b\u00f3w ry\u017cowych, tradycyjnie wykorzystywanych w korea\u0144skiej piel\u0119gnacji do nadawania cerze g\u0142adko\u015bci i blasku. Formu\u0142a wzbogacona ceramidami wspiera barier\u0119 hydrolipidow\u0105, zapewniaj\u0105c sk\u00f3rze ochron\u0119 i d\u0142ugotrwa\u0142y komfort. Krem ma kremow\u0105, aksamitn\u0105 konsystencj\u0119, szybko si\u0119 wch\u0142ania i nie pozostawia t\u0142ustego filmu. Idealny dla suchej i wra\u017cliwej sk\u00f3ry, r\u00f3wnie\u017c tej sk\u0142onnej do podra\u017cnie\u0144.<\/p>\n<p>Korzy\u015bci dla sk\u00f3ry<br \/>\n20% mas\u0142a shea \u2013 intensywne od\u017cywienie i regeneracja suchej sk\u00f3ry.<br \/>\nEkstrakt z otr\u0119b\u00f3w ry\u017cowych \u2013 roz\u015bwietlenie, nawil\u017cenie i poprawa spr\u0119\u017cysto\u015bci.<br \/>\nCeramidy \u2013 wzmocnienie bariery ochronnej i ochrona przed utrat\u0105 wody.<br \/>\nKremowa, aksamitna konsystencja \u2013 \u0142atwo si\u0119 rozprowadza i szybko wch\u0142ania.<br \/>\nFormu\u0142a wega\u0144ska, bezzapachowa \u2013 bezpieczna nawet dla sk\u00f3ry wra\u017cliwej.<\/p>\n<p>Spos\u00f3b u\u017cycia<br \/>\nNa\u0142\u00f3\u017c odpowiedni\u0105 ilo\u015b\u0107 kremu na oczyszczon\u0105 sk\u00f3r\u0119 cia\u0142a i delikatnie wmasuj do ca\u0142kowitego wch\u0142oni\u0119cia. Stosuj codziennie, ze szczeg\u00f3lnym uwzgl\u0119dnieniem suchych partii, takich jak \u0142okcie czy kolana.<\/p>\n","protected":false},"excerpt":{"rendered":"<p>Bogaty, wega\u0144ski krem do cia\u0142a, kt\u00f3ry otula sk\u00f3r\u0119 intensywnym nawil\u017ceniem i od\u017cywieniem. Zawiera a\u017c 20% mas\u0142a shea znanego ze swoich silnie regeneruj\u0105cych w\u0142a\u015bciwo\u015bci oraz ekstrakt z otr\u0119b\u00f3w ry\u017cowych, tradycyjnie wykorzystywanych w korea\u0144skiej piel\u0119gnacji do nadawania cerze g\u0142adko\u015bci i blasku. Formu\u0142a wzbogacona ceramidami wspiera barier\u0119 hydrolipidow\u0105, zapewniaj\u0105c sk\u00f3rze ochron\u0119 i d\u0142ugotrwa\u0142y komfort. Krem ma kremow\u0105, aksamitn\u0105 &#8230; <a title=\"Mary&#038;May Shea Butter &#038; Rice Bran Body Cream 250 ml &#8211; od\u017cywczy balsam do cia\u0142a\" class=\"read-more\" href=\"https:\/\/selleetools.com\/pl\/product\/marymay-shea-butter-rice-bran-body-cream-250-ml-odzywczy-balsam-do-ciala\/\">Read more<span class=\"screen-reader-text\">Mary&#038;May Shea Butter &#038; Rice Bran Body Cream 250 ml &#8211; od\u017cywczy balsam do cia\u0142a<\/span><\/a><\/p>\n","protected":false},"featured_media":610225,"comment_status":"open","ping_status":"closed","template":"","meta":{"_links_to":"","_links_to_target":""},"yoast_head":"<!-- This site is optimized with the Yoast SEO plugin v19.4 - https:\/\/yoast.com\/wordpress\/plugins\/seo\/ -->\n<title>Mary&amp;May Shea Butter &amp; Rice Bran Body Cream 250 ml - od\u017cywczy balsam do cia\u0142a - Selleetools.com<\/title>\n<meta name=\"robots\" content=\"index, follow, max-snippet:-1, max-image-preview:large, max-video-preview:-1\" \/>\n<link rel=\"canonical\" href=\"https:\/\/admincentral.selleetools.com\/pl\/product\/marymay-shea-butter-rice-bran-body-cream-250-ml-odzywczy-balsam-do-ciala\/\" \/>\n<meta property=\"og:locale\" content=\"pl_PL\" \/>\n<meta property=\"og:type\" content=\"article\" \/>\n<meta property=\"og:title\" content=\"Mary&amp;May Shea Butter &amp; Rice Bran Body Cream 250 ml - od\u017cywczy balsam do cia\u0142a - Selleetools.com\" \/>\n<meta property=\"og:description\" content=\"Bogaty, wega\u0144ski krem do cia\u0142a, kt\u00f3ry otula sk\u00f3r\u0119 intensywnym nawil\u017ceniem i od\u017cywieniem. Zawiera a\u017c 20% mas\u0142a shea znanego ze swoich silnie regeneruj\u0105cych w\u0142a\u015bciwo\u015bci oraz ekstrakt z otr\u0119b\u00f3w ry\u017cowych, tradycyjnie wykorzystywanych w korea\u0144skiej piel\u0119gnacji do nadawania cerze g\u0142adko\u015bci i blasku. Formu\u0142a wzbogacona ceramidami wspiera barier\u0119 hydrolipidow\u0105, zapewniaj\u0105c sk\u00f3rze ochron\u0119 i d\u0142ugotrwa\u0142y komfort. Krem ma kremow\u0105, aksamitn\u0105 ... Read moreMary&#038;May Shea Butter &#038; Rice Bran Body Cream 250 ml &#8211; od\u017cywczy balsam do cia\u0142a\" \/>\n<meta property=\"og:url\" content=\"https:\/\/admincentral.selleetools.com\/pl\/product\/marymay-shea-butter-rice-bran-body-cream-250-ml-odzywczy-balsam-do-ciala\/\" \/>\n<meta property=\"og:site_name\" content=\"Selleetools.com\" \/>\n<meta property=\"article:modified_time\" content=\"2025-11-05T11:03:23+00:00\" \/>\n<meta property=\"og:image\" content=\"https:\/\/selleetools.com\/wp-content\/uploads\/2025\/10\/6cd8e8748ca50a589206d80492a20aff.png\" \/>\n\t<meta property=\"og:image:width\" content=\"1200\" \/>\n\t<meta property=\"og:image:height\" content=\"1200\" \/>\n\t<meta property=\"og:image:type\" content=\"image\/png\" \/>\n<meta name=\"twitter:card\" content=\"summary_large_image\" \/>\n<meta name=\"twitter:label1\" content=\"Est. reading time\" \/>\n\t<meta name=\"twitter:data1\" content=\"1 minuta\" \/>\n<!-- \/ Yoast SEO plugin. -->","yoast_head_json":{"title":"Mary&May Shea Butter & Rice Bran Body Cream 250 ml - od\u017cywczy balsam do cia\u0142a - Selleetools.com","robots":{"index":"index","follow":"follow","max-snippet":"max-snippet:-1","max-image-preview":"max-image-preview:large","max-video-preview":"max-video-preview:-1"},"canonical":"https:\/\/admincentral.selleetools.com\/pl\/product\/marymay-shea-butter-rice-bran-body-cream-250-ml-odzywczy-balsam-do-ciala\/","og_locale":"pl_PL","og_type":"article","og_title":"Mary&May Shea Butter & Rice Bran Body Cream 250 ml - od\u017cywczy balsam do cia\u0142a - Selleetools.com","og_description":"Bogaty, wega\u0144ski krem do cia\u0142a, kt\u00f3ry otula sk\u00f3r\u0119 intensywnym nawil\u017ceniem i od\u017cywieniem. Zawiera a\u017c 20% mas\u0142a shea znanego ze swoich silnie regeneruj\u0105cych w\u0142a\u015bciwo\u015bci oraz ekstrakt z otr\u0119b\u00f3w ry\u017cowych, tradycyjnie wykorzystywanych w korea\u0144skiej piel\u0119gnacji do nadawania cerze g\u0142adko\u015bci i blasku. Formu\u0142a wzbogacona ceramidami wspiera barier\u0119 hydrolipidow\u0105, zapewniaj\u0105c sk\u00f3rze ochron\u0119 i d\u0142ugotrwa\u0142y komfort. Krem ma kremow\u0105, aksamitn\u0105 ... Read moreMary&#038;May Shea Butter &#038; Rice Bran Body Cream 250 ml &#8211; od\u017cywczy balsam do cia\u0142a","og_url":"https:\/\/admincentral.selleetools.com\/pl\/product\/marymay-shea-butter-rice-bran-body-cream-250-ml-odzywczy-balsam-do-ciala\/","og_site_name":"Selleetools.com","article_modified_time":"2025-11-05T11:03:23+00:00","og_image":[{"width":1200,"height":1200,"url":"https:\/\/selleetools.com\/wp-content\/uploads\/2025\/10\/6cd8e8748ca50a589206d80492a20aff.png","type":"image\/png"}],"twitter_card":"summary_large_image","twitter_misc":{"Est. reading time":"1 minuta"},"schema":{"@context":"https:\/\/schema.org","@graph":[{"@type":"Organization","@id":"https:\/\/selleetools.com\/#organization","name":"Selleetools","url":"https:\/\/selleetools.com\/","sameAs":[],"logo":{"@type":"ImageObject","inLanguage":"pl-PL","@id":"https:\/\/selleetools.com\/#\/schema\/logo\/image\/","url":"https:\/\/selleetools.com\/wp-content\/uploads\/2021\/10\/logo-dark.png","contentUrl":"https:\/\/selleetools.com\/wp-content\/uploads\/2021\/10\/logo-dark.png","width":320,"height":76,"caption":"Selleetools"},"image":{"@id":"https:\/\/selleetools.com\/#\/schema\/logo\/image\/"}},{"@type":"WebSite","@id":"https:\/\/selleetools.com\/#website","url":"https:\/\/selleetools.com\/","name":"Selleetools.com","description":"","publisher":{"@id":"https:\/\/selleetools.com\/#organization"},"potentialAction":[{"@type":"SearchAction","target":{"@type":"EntryPoint","urlTemplate":"https:\/\/selleetools.com\/?s={search_term_string}"},"query-input":"required name=search_term_string"}],"inLanguage":"pl-PL"},{"@type":"WebPage","@id":"https:\/\/admincentral.selleetools.com\/pl\/product\/marymay-shea-butter-rice-bran-body-cream-250-ml-odzywczy-balsam-do-ciala\/","url":"https:\/\/admincentral.selleetools.com\/pl\/product\/marymay-shea-butter-rice-bran-body-cream-250-ml-odzywczy-balsam-do-ciala\/","name":"Mary&May Shea Butter & Rice Bran Body Cream 250 ml - od\u017cywczy balsam do cia\u0142a - Selleetools.com","isPartOf":{"@id":"https:\/\/selleetools.com\/#website"},"datePublished":"2025-10-24T12:46:46+00:00","dateModified":"2025-11-05T11:03:23+00:00","breadcrumb":{"@id":"https:\/\/admincentral.selleetools.com\/pl\/product\/marymay-shea-butter-rice-bran-body-cream-250-ml-odzywczy-balsam-do-ciala\/#breadcrumb"},"inLanguage":"pl-PL","potentialAction":[{"@type":"ReadAction","target":["https:\/\/admincentral.selleetools.com\/pl\/product\/marymay-shea-butter-rice-bran-body-cream-250-ml-odzywczy-balsam-do-ciala\/"]}]},{"@type":"BreadcrumbList","@id":"https:\/\/admincentral.selleetools.com\/pl\/product\/marymay-shea-butter-rice-bran-body-cream-250-ml-odzywczy-balsam-do-ciala\/#breadcrumb","itemListElement":[{"@type":"ListItem","position":1,"name":"Home","item":"https:\/\/selleetools.com\/pl\/"},{"@type":"ListItem","position":2,"name":"Katalog","item":"https:\/\/selleetools.com\/pl\/katalog\/"},{"@type":"ListItem","position":3,"name":"Mary&#038;May Shea Butter &#038; Rice Bran Body Cream 250 ml &#8211; od\u017cywczy balsam do cia\u0142a"}]}]}},"_links":{"self":[{"href":"https:\/\/selleetools.com\/pl\/wp-json\/wp\/v2\/product\/610227"}],"collection":[{"href":"https:\/\/selleetools.com\/pl\/wp-json\/wp\/v2\/product"}],"about":[{"href":"https:\/\/selleetools.com\/pl\/wp-json\/wp\/v2\/types\/product"}],"replies":[{"embeddable":true,"href":"https:\/\/selleetools.com\/pl\/wp-json\/wp\/v2\/comments?post=610227"}],"wp:featuredmedia":[{"embeddable":true,"href":"https:\/\/selleetools.com\/pl\/wp-json\/wp\/v2\/media\/610225"}],"wp:attachment":[{"href":"https:\/\/selleetools.com\/pl\/wp-json\/wp\/v2\/media?parent=610227"}],"curies":[{"name":"wp","href":"https:\/\/api.w.org\/{rel}","templated":true}]}}