{"id":610215,"date":"2025-10-24T14:46:34","date_gmt":"2025-10-24T12:46:34","guid":{"rendered":"https:\/\/selleetools.com\/?post_type=product&#038;p=610215"},"modified":"2025-11-05T12:03:05","modified_gmt":"2025-11-05T11:03:05","slug":"celimax-derma-nature-fresh-blackhead-jojoba-cleansing-oil-20-ml-olejek-do-demakijazu","status":"publish","type":"product","link":"https:\/\/selleetools.com\/pl\/product\/celimax-derma-nature-fresh-blackhead-jojoba-cleansing-oil-20-ml-olejek-do-demakijazu\/","title":{"rendered":"celimax Derma Nature Fresh Blackhead Jojoba Cleansing Oil 20 ml &#8211; olejek do demakija\u017cu"},"content":{"rendered":"<p>Lekki, nieobci\u0105\u017caj\u0105cy olejek do demakija\u017cu, kt\u00f3ry skutecznie usuwa makija\u017c, sebum i zanieczyszczenia, jednocze\u015bnie piel\u0119gnuj\u0105c sk\u00f3r\u0119. Zawiera mieszank\u0119 6 od\u017cywczych olej\u00f3w ro\u015blinnych, w tym olej jojoba, znany ze zdolno\u015bci rozpuszczania zask\u00f3rnik\u00f3w i regulacji wydzielania sebum. Dzi\u0119ki w\u0142a\u015bciwo\u015bciom hydrofilowym \u0142atwo emulguje w kontakcie z wod\u0105, nie pozostawiaj\u0105c t\u0142ustej warstwy ani uczucia \u015bci\u0105gni\u0119cia. Idealny r\u00f3wnie\u017c dla cery wra\u017cliwej i t\u0142ustej.<\/p>\n<p>Korzy\u015bci dla sk\u00f3ry<br \/>\nSkutecznie usuwa makija\u017c, SPF i zanieczyszczenia<br \/>\nOlej jojoba pomaga rozpuszcza\u0107 zask\u00f3rniki i odblokowywa\u0107 pory<br \/>\n6 olej\u00f3w ro\u015blinnych (m.in. jojoba, s\u0142onecznikowy, migda\u0142owy, oliwkowy) od\u017cywia i nawil\u017ca<br \/>\nOlejek bergamotowy nadaje \u015bwie\u017cy, relaksuj\u0105cy zapach<br \/>\nDelikatny, bez podra\u017cnie\u0144 \u2013 odpowiedni dla sk\u00f3ry wra\u017cliwej<\/p>\n<p>Spos\u00f3b u\u017cycia<br \/>\nNa\u0142\u00f3\u017c 3\u20134 pompki olejku na suche d\u0142onie i delikatnie masuj twarz przez 1\u20132 minuty, ze szczeg\u00f3lnym uwzgl\u0119dnieniem strefy T i obszar\u00f3w z zask\u00f3rnikami. Dodaj odrobin\u0119 wody, aby uzyska\u0107 efekt emulsji, a nast\u0119pnie dok\u0142adnie sp\u0142ucz letni\u0105 wod\u0105.<\/p>\n","protected":false},"excerpt":{"rendered":"<p>Lekki, nieobci\u0105\u017caj\u0105cy olejek do demakija\u017cu, kt\u00f3ry skutecznie usuwa makija\u017c, sebum i zanieczyszczenia, jednocze\u015bnie piel\u0119gnuj\u0105c sk\u00f3r\u0119. Zawiera mieszank\u0119 6 od\u017cywczych olej\u00f3w ro\u015blinnych, w tym olej jojoba, znany ze zdolno\u015bci rozpuszczania zask\u00f3rnik\u00f3w i regulacji wydzielania sebum. Dzi\u0119ki w\u0142a\u015bciwo\u015bciom hydrofilowym \u0142atwo emulguje w kontakcie z wod\u0105, nie pozostawiaj\u0105c t\u0142ustej warstwy ani uczucia \u015bci\u0105gni\u0119cia. Idealny r\u00f3wnie\u017c dla cery wra\u017cliwej &#8230; <a title=\"celimax Derma Nature Fresh Blackhead Jojoba Cleansing Oil 20 ml &#8211; olejek do demakija\u017cu\" class=\"read-more\" href=\"https:\/\/selleetools.com\/pl\/product\/celimax-derma-nature-fresh-blackhead-jojoba-cleansing-oil-20-ml-olejek-do-demakijazu\/\">Read more<span class=\"screen-reader-text\">celimax Derma Nature Fresh Blackhead Jojoba Cleansing Oil 20 ml &#8211; olejek do demakija\u017cu<\/span><\/a><\/p>\n","protected":false},"featured_media":610213,"comment_status":"open","ping_status":"closed","template":"","meta":{"_links_to":"","_links_to_target":""},"yoast_head":"<!-- This site is optimized with the Yoast SEO plugin v19.4 - https:\/\/yoast.com\/wordpress\/plugins\/seo\/ -->\n<title>celimax Derma Nature Fresh Blackhead Jojoba Cleansing Oil 20 ml - olejek do demakija\u017cu - Selleetools.com<\/title>\n<meta name=\"robots\" content=\"index, follow, max-snippet:-1, max-image-preview:large, max-video-preview:-1\" \/>\n<link rel=\"canonical\" href=\"https:\/\/admincentral.selleetools.com\/product\/celimax-derma-nature-fresh-blackhead-jojoba-cleansing-oil-20-ml-olejek-do-demakijazu\/\" \/>\n<meta property=\"og:locale\" content=\"pl_PL\" \/>\n<meta property=\"og:type\" content=\"article\" \/>\n<meta property=\"og:title\" content=\"celimax Derma Nature Fresh Blackhead Jojoba Cleansing Oil 20 ml - olejek do demakija\u017cu - Selleetools.com\" \/>\n<meta property=\"og:description\" content=\"Lekki, nieobci\u0105\u017caj\u0105cy olejek do demakija\u017cu, kt\u00f3ry skutecznie usuwa makija\u017c, sebum i zanieczyszczenia, jednocze\u015bnie piel\u0119gnuj\u0105c sk\u00f3r\u0119. Zawiera mieszank\u0119 6 od\u017cywczych olej\u00f3w ro\u015blinnych, w tym olej jojoba, znany ze zdolno\u015bci rozpuszczania zask\u00f3rnik\u00f3w i regulacji wydzielania sebum. Dzi\u0119ki w\u0142a\u015bciwo\u015bciom hydrofilowym \u0142atwo emulguje w kontakcie z wod\u0105, nie pozostawiaj\u0105c t\u0142ustej warstwy ani uczucia \u015bci\u0105gni\u0119cia. Idealny r\u00f3wnie\u017c dla cery wra\u017cliwej ... Read morecelimax Derma Nature Fresh Blackhead Jojoba Cleansing Oil 20 ml &#8211; olejek do demakija\u017cu\" \/>\n<meta property=\"og:url\" content=\"https:\/\/admincentral.selleetools.com\/product\/celimax-derma-nature-fresh-blackhead-jojoba-cleansing-oil-20-ml-olejek-do-demakijazu\/\" \/>\n<meta property=\"og:site_name\" content=\"Selleetools.com\" \/>\n<meta property=\"article:modified_time\" content=\"2025-11-05T11:03:05+00:00\" \/>\n<meta property=\"og:image\" content=\"https:\/\/selleetools.com\/wp-content\/uploads\/2025\/10\/b4d18db6a1d6a96b11f432be1dd8d1a8.jpg\" \/>\n\t<meta property=\"og:image:width\" content=\"1200\" \/>\n\t<meta property=\"og:image:height\" content=\"1200\" \/>\n\t<meta property=\"og:image:type\" content=\"image\/jpeg\" \/>\n<meta name=\"twitter:card\" content=\"summary_large_image\" \/>\n<meta name=\"twitter:label1\" content=\"Est. reading time\" \/>\n\t<meta name=\"twitter:data1\" content=\"1 minuta\" \/>\n<!-- \/ Yoast SEO plugin. -->","yoast_head_json":{"title":"celimax Derma Nature Fresh Blackhead Jojoba Cleansing Oil 20 ml - olejek do demakija\u017cu - Selleetools.com","robots":{"index":"index","follow":"follow","max-snippet":"max-snippet:-1","max-image-preview":"max-image-preview:large","max-video-preview":"max-video-preview:-1"},"canonical":"https:\/\/admincentral.selleetools.com\/product\/celimax-derma-nature-fresh-blackhead-jojoba-cleansing-oil-20-ml-olejek-do-demakijazu\/","og_locale":"pl_PL","og_type":"article","og_title":"celimax Derma Nature Fresh Blackhead Jojoba Cleansing Oil 20 ml - olejek do demakija\u017cu - Selleetools.com","og_description":"Lekki, nieobci\u0105\u017caj\u0105cy olejek do demakija\u017cu, kt\u00f3ry skutecznie usuwa makija\u017c, sebum i zanieczyszczenia, jednocze\u015bnie piel\u0119gnuj\u0105c sk\u00f3r\u0119. Zawiera mieszank\u0119 6 od\u017cywczych olej\u00f3w ro\u015blinnych, w tym olej jojoba, znany ze zdolno\u015bci rozpuszczania zask\u00f3rnik\u00f3w i regulacji wydzielania sebum. Dzi\u0119ki w\u0142a\u015bciwo\u015bciom hydrofilowym \u0142atwo emulguje w kontakcie z wod\u0105, nie pozostawiaj\u0105c t\u0142ustej warstwy ani uczucia \u015bci\u0105gni\u0119cia. Idealny r\u00f3wnie\u017c dla cery wra\u017cliwej ... Read morecelimax Derma Nature Fresh Blackhead Jojoba Cleansing Oil 20 ml &#8211; olejek do demakija\u017cu","og_url":"https:\/\/admincentral.selleetools.com\/product\/celimax-derma-nature-fresh-blackhead-jojoba-cleansing-oil-20-ml-olejek-do-demakijazu\/","og_site_name":"Selleetools.com","article_modified_time":"2025-11-05T11:03:05+00:00","og_image":[{"width":1200,"height":1200,"url":"https:\/\/selleetools.com\/wp-content\/uploads\/2025\/10\/b4d18db6a1d6a96b11f432be1dd8d1a8.jpg","type":"image\/jpeg"}],"twitter_card":"summary_large_image","twitter_misc":{"Est. reading time":"1 minuta"},"schema":{"@context":"https:\/\/schema.org","@graph":[{"@type":"Organization","@id":"https:\/\/selleetools.com\/#organization","name":"Selleetools","url":"https:\/\/selleetools.com\/","sameAs":[],"logo":{"@type":"ImageObject","inLanguage":"pl-PL","@id":"https:\/\/selleetools.com\/#\/schema\/logo\/image\/","url":"https:\/\/selleetools.com\/wp-content\/uploads\/2021\/10\/logo-dark.png","contentUrl":"https:\/\/selleetools.com\/wp-content\/uploads\/2021\/10\/logo-dark.png","width":320,"height":76,"caption":"Selleetools"},"image":{"@id":"https:\/\/selleetools.com\/#\/schema\/logo\/image\/"}},{"@type":"WebSite","@id":"https:\/\/selleetools.com\/#website","url":"https:\/\/selleetools.com\/","name":"Selleetools.com","description":"","publisher":{"@id":"https:\/\/selleetools.com\/#organization"},"potentialAction":[{"@type":"SearchAction","target":{"@type":"EntryPoint","urlTemplate":"https:\/\/selleetools.com\/?s={search_term_string}"},"query-input":"required name=search_term_string"}],"inLanguage":"pl-PL"},{"@type":"WebPage","@id":"https:\/\/admincentral.selleetools.com\/product\/celimax-derma-nature-fresh-blackhead-jojoba-cleansing-oil-20-ml-olejek-do-demakijazu\/","url":"https:\/\/admincentral.selleetools.com\/product\/celimax-derma-nature-fresh-blackhead-jojoba-cleansing-oil-20-ml-olejek-do-demakijazu\/","name":"celimax Derma Nature Fresh Blackhead Jojoba Cleansing Oil 20 ml - olejek do demakija\u017cu - Selleetools.com","isPartOf":{"@id":"https:\/\/selleetools.com\/#website"},"datePublished":"2025-10-24T12:46:34+00:00","dateModified":"2025-11-05T11:03:05+00:00","breadcrumb":{"@id":"https:\/\/admincentral.selleetools.com\/product\/celimax-derma-nature-fresh-blackhead-jojoba-cleansing-oil-20-ml-olejek-do-demakijazu\/#breadcrumb"},"inLanguage":"pl-PL","potentialAction":[{"@type":"ReadAction","target":["https:\/\/admincentral.selleetools.com\/product\/celimax-derma-nature-fresh-blackhead-jojoba-cleansing-oil-20-ml-olejek-do-demakijazu\/"]}]},{"@type":"BreadcrumbList","@id":"https:\/\/admincentral.selleetools.com\/product\/celimax-derma-nature-fresh-blackhead-jojoba-cleansing-oil-20-ml-olejek-do-demakijazu\/#breadcrumb","itemListElement":[{"@type":"ListItem","position":1,"name":"Home","item":"https:\/\/selleetools.com\/pl\/"},{"@type":"ListItem","position":2,"name":"Katalog","item":"https:\/\/selleetools.com\/pl\/katalog\/"},{"@type":"ListItem","position":3,"name":"celimax Derma Nature Fresh Blackhead Jojoba Cleansing Oil 20 ml &#8211; olejek do demakija\u017cu"}]}]}},"_links":{"self":[{"href":"https:\/\/selleetools.com\/pl\/wp-json\/wp\/v2\/product\/610215"}],"collection":[{"href":"https:\/\/selleetools.com\/pl\/wp-json\/wp\/v2\/product"}],"about":[{"href":"https:\/\/selleetools.com\/pl\/wp-json\/wp\/v2\/types\/product"}],"replies":[{"embeddable":true,"href":"https:\/\/selleetools.com\/pl\/wp-json\/wp\/v2\/comments?post=610215"}],"wp:featuredmedia":[{"embeddable":true,"href":"https:\/\/selleetools.com\/pl\/wp-json\/wp\/v2\/media\/610213"}],"wp:attachment":[{"href":"https:\/\/selleetools.com\/pl\/wp-json\/wp\/v2\/media?parent=610215"}],"curies":[{"name":"wp","href":"https:\/\/api.w.org\/{rel}","templated":true}]}}