{"id":610198,"date":"2025-10-24T14:46:19","date_gmt":"2025-10-24T12:46:19","guid":{"rendered":"https:\/\/selleetools.com\/?post_type=product&#038;p=610198"},"modified":"2025-11-05T12:03:03","modified_gmt":"2025-11-05T11:03:03","slug":"cosnori-micro-active-lip-eye-remover-100-ml-dwufazowy-plyn-do-demakijazu-oczu-i-ust","status":"publish","type":"product","link":"https:\/\/selleetools.com\/pl\/product\/cosnori-micro-active-lip-eye-remover-100-ml-dwufazowy-plyn-do-demakijazu-oczu-i-ust\/","title":{"rendered":"COSNORI Micro Active Lip &#038; Eye Remover 100 ml &#8211; dwufazowy p\u0142yn do demakija\u017cu oczu i ust"},"content":{"rendered":"<p>Delikatny, a jednocze\u015bnie niezwykle skuteczny p\u0142yn do demakija\u017cu oczu i ust, kt\u00f3ry bez wysi\u0142ku usuwa nawet wodoodporny makija\u017c. Dwufazowa formu\u0142a \u0142\u0105czy warstw\u0119 wodn\u0105 z olejow\u0105, dzi\u0119ki czemu rozpuszcza kosmetyki kolorowe i jednocze\u015bnie nawil\u017ca sk\u00f3r\u0119, nie pozostawiaj\u0105c uczucia lepko\u015bci ani t\u0142ustego filmu. Bogaty w ekstrakty ro\u015blinne i wod\u0119 morsk\u0105, \u0142agodzi podra\u017cnienia i chroni delikatn\u0105 sk\u00f3r\u0119 wok\u00f3\u0142 oczu oraz ust. Hipoalergiczny, wega\u0144ski i przebadany dermatologicznie \u2013 odpowiedni tak\u017ce dla wra\u017cliwej cery.<\/p>\n<p>Korzy\u015bci dla sk\u00f3ry<br \/>\nSkutecznie usuwa nawet mocny, wodoodporny makija\u017c w kilka sekund.<br \/>\n\u0141agodna, hipoalergiczna formu\u0142a bez podra\u017cnie\u0144 \u2013 tak\u017ce dla sk\u00f3ry wra\u017cliwej.<br \/>\nNawil\u017ca i koi dzi\u0119ki ekstraktom ro\u015blinnym oraz wodzie g\u0142\u0119binowej.<br \/>\nDelikatnie piel\u0119gnuje i od\u017cywia sk\u00f3r\u0119.<br \/>\nCertyfikowany produkt wega\u0144ski, bez sk\u0142adnik\u00f3w odzwierz\u0119cych.<\/p>\n<p>Spos\u00f3b u\u017cycia<br \/>\nWstrz\u0105\u015bnij buteleczk\u0105, aby po\u0142\u0105czy\u0107 faz\u0119 wodn\u0105 i olejow\u0105.<br \/>\nNas\u0105cz p\u0142atek kosmetyczny i przy\u0142\u00f3\u017c do powieki lub ust na ok. 10 sekund.<br \/>\nDelikatnie przesu\u0144 p\u0142atek wzd\u0142u\u017c sk\u00f3ry, aby usun\u0105\u0107 makija\u017c.<br \/>\nW razie potrzeby powt\u00f3rz czynno\u015b\u0107, a\u017c sk\u00f3ra b\u0119dzie ca\u0142kowicie czysta.<\/p>\n","protected":false},"excerpt":{"rendered":"<p>Delikatny, a jednocze\u015bnie niezwykle skuteczny p\u0142yn do demakija\u017cu oczu i ust, kt\u00f3ry bez wysi\u0142ku usuwa nawet wodoodporny makija\u017c. Dwufazowa formu\u0142a \u0142\u0105czy warstw\u0119 wodn\u0105 z olejow\u0105, dzi\u0119ki czemu rozpuszcza kosmetyki kolorowe i jednocze\u015bnie nawil\u017ca sk\u00f3r\u0119, nie pozostawiaj\u0105c uczucia lepko\u015bci ani t\u0142ustego filmu. Bogaty w ekstrakty ro\u015blinne i wod\u0119 morsk\u0105, \u0142agodzi podra\u017cnienia i chroni delikatn\u0105 sk\u00f3r\u0119 wok\u00f3\u0142 &#8230; <a title=\"COSNORI Micro Active Lip &#038; Eye Remover 100 ml &#8211; dwufazowy p\u0142yn do demakija\u017cu oczu i ust\" class=\"read-more\" href=\"https:\/\/selleetools.com\/pl\/product\/cosnori-micro-active-lip-eye-remover-100-ml-dwufazowy-plyn-do-demakijazu-oczu-i-ust\/\">Read more<span class=\"screen-reader-text\">COSNORI Micro Active Lip &#038; Eye Remover 100 ml &#8211; dwufazowy p\u0142yn do demakija\u017cu oczu i ust<\/span><\/a><\/p>\n","protected":false},"featured_media":610196,"comment_status":"open","ping_status":"closed","template":"","meta":{"_links_to":"","_links_to_target":""},"yoast_head":"<!-- This site is optimized with the Yoast SEO plugin v19.4 - https:\/\/yoast.com\/wordpress\/plugins\/seo\/ -->\n<title>COSNORI Micro Active Lip &amp; Eye Remover 100 ml - dwufazowy p\u0142yn do demakija\u017cu oczu i ust - Selleetools.com<\/title>\n<meta name=\"robots\" content=\"index, follow, max-snippet:-1, max-image-preview:large, max-video-preview:-1\" \/>\n<link rel=\"canonical\" href=\"https:\/\/admincentral.selleetools.com\/pl\/product\/cosnori-micro-active-lip-eye-remover-100-ml-dwufazowy-plyn-do-demakijazu-oczu-i-ust\/\" \/>\n<meta property=\"og:locale\" content=\"pl_PL\" \/>\n<meta property=\"og:type\" content=\"article\" \/>\n<meta property=\"og:title\" content=\"COSNORI Micro Active Lip &amp; Eye Remover 100 ml - dwufazowy p\u0142yn do demakija\u017cu oczu i ust - Selleetools.com\" \/>\n<meta property=\"og:description\" content=\"Delikatny, a jednocze\u015bnie niezwykle skuteczny p\u0142yn do demakija\u017cu oczu i ust, kt\u00f3ry bez wysi\u0142ku usuwa nawet wodoodporny makija\u017c. Dwufazowa formu\u0142a \u0142\u0105czy warstw\u0119 wodn\u0105 z olejow\u0105, dzi\u0119ki czemu rozpuszcza kosmetyki kolorowe i jednocze\u015bnie nawil\u017ca sk\u00f3r\u0119, nie pozostawiaj\u0105c uczucia lepko\u015bci ani t\u0142ustego filmu. Bogaty w ekstrakty ro\u015blinne i wod\u0119 morsk\u0105, \u0142agodzi podra\u017cnienia i chroni delikatn\u0105 sk\u00f3r\u0119 wok\u00f3\u0142 ... Read moreCOSNORI Micro Active Lip &#038; Eye Remover 100 ml &#8211; dwufazowy p\u0142yn do demakija\u017cu oczu i ust\" \/>\n<meta property=\"og:url\" content=\"https:\/\/admincentral.selleetools.com\/pl\/product\/cosnori-micro-active-lip-eye-remover-100-ml-dwufazowy-plyn-do-demakijazu-oczu-i-ust\/\" \/>\n<meta property=\"og:site_name\" content=\"Selleetools.com\" \/>\n<meta property=\"article:modified_time\" content=\"2025-11-05T11:03:03+00:00\" \/>\n<meta property=\"og:image\" content=\"https:\/\/selleetools.com\/wp-content\/uploads\/2025\/10\/edcd17e918bb2edbcf813a82317a074b.png\" \/>\n\t<meta property=\"og:image:width\" content=\"1200\" \/>\n\t<meta property=\"og:image:height\" content=\"1200\" \/>\n\t<meta property=\"og:image:type\" content=\"image\/png\" \/>\n<meta name=\"twitter:card\" content=\"summary_large_image\" \/>\n<meta name=\"twitter:label1\" content=\"Est. reading time\" \/>\n\t<meta name=\"twitter:data1\" content=\"1 minuta\" \/>\n<!-- \/ Yoast SEO plugin. -->","yoast_head_json":{"title":"COSNORI Micro Active Lip & Eye Remover 100 ml - dwufazowy p\u0142yn do demakija\u017cu oczu i ust - Selleetools.com","robots":{"index":"index","follow":"follow","max-snippet":"max-snippet:-1","max-image-preview":"max-image-preview:large","max-video-preview":"max-video-preview:-1"},"canonical":"https:\/\/admincentral.selleetools.com\/pl\/product\/cosnori-micro-active-lip-eye-remover-100-ml-dwufazowy-plyn-do-demakijazu-oczu-i-ust\/","og_locale":"pl_PL","og_type":"article","og_title":"COSNORI Micro Active Lip & Eye Remover 100 ml - dwufazowy p\u0142yn do demakija\u017cu oczu i ust - Selleetools.com","og_description":"Delikatny, a jednocze\u015bnie niezwykle skuteczny p\u0142yn do demakija\u017cu oczu i ust, kt\u00f3ry bez wysi\u0142ku usuwa nawet wodoodporny makija\u017c. Dwufazowa formu\u0142a \u0142\u0105czy warstw\u0119 wodn\u0105 z olejow\u0105, dzi\u0119ki czemu rozpuszcza kosmetyki kolorowe i jednocze\u015bnie nawil\u017ca sk\u00f3r\u0119, nie pozostawiaj\u0105c uczucia lepko\u015bci ani t\u0142ustego filmu. Bogaty w ekstrakty ro\u015blinne i wod\u0119 morsk\u0105, \u0142agodzi podra\u017cnienia i chroni delikatn\u0105 sk\u00f3r\u0119 wok\u00f3\u0142 ... Read moreCOSNORI Micro Active Lip &#038; Eye Remover 100 ml &#8211; dwufazowy p\u0142yn do demakija\u017cu oczu i ust","og_url":"https:\/\/admincentral.selleetools.com\/pl\/product\/cosnori-micro-active-lip-eye-remover-100-ml-dwufazowy-plyn-do-demakijazu-oczu-i-ust\/","og_site_name":"Selleetools.com","article_modified_time":"2025-11-05T11:03:03+00:00","og_image":[{"width":1200,"height":1200,"url":"https:\/\/selleetools.com\/wp-content\/uploads\/2025\/10\/edcd17e918bb2edbcf813a82317a074b.png","type":"image\/png"}],"twitter_card":"summary_large_image","twitter_misc":{"Est. reading time":"1 minuta"},"schema":{"@context":"https:\/\/schema.org","@graph":[{"@type":"Organization","@id":"https:\/\/selleetools.com\/#organization","name":"Selleetools","url":"https:\/\/selleetools.com\/","sameAs":[],"logo":{"@type":"ImageObject","inLanguage":"pl-PL","@id":"https:\/\/selleetools.com\/#\/schema\/logo\/image\/","url":"https:\/\/selleetools.com\/wp-content\/uploads\/2021\/10\/logo-dark.png","contentUrl":"https:\/\/selleetools.com\/wp-content\/uploads\/2021\/10\/logo-dark.png","width":320,"height":76,"caption":"Selleetools"},"image":{"@id":"https:\/\/selleetools.com\/#\/schema\/logo\/image\/"}},{"@type":"WebSite","@id":"https:\/\/selleetools.com\/#website","url":"https:\/\/selleetools.com\/","name":"Selleetools.com","description":"","publisher":{"@id":"https:\/\/selleetools.com\/#organization"},"potentialAction":[{"@type":"SearchAction","target":{"@type":"EntryPoint","urlTemplate":"https:\/\/selleetools.com\/?s={search_term_string}"},"query-input":"required name=search_term_string"}],"inLanguage":"pl-PL"},{"@type":"WebPage","@id":"https:\/\/admincentral.selleetools.com\/pl\/product\/cosnori-micro-active-lip-eye-remover-100-ml-dwufazowy-plyn-do-demakijazu-oczu-i-ust\/","url":"https:\/\/admincentral.selleetools.com\/pl\/product\/cosnori-micro-active-lip-eye-remover-100-ml-dwufazowy-plyn-do-demakijazu-oczu-i-ust\/","name":"COSNORI Micro Active Lip & Eye Remover 100 ml - dwufazowy p\u0142yn do demakija\u017cu oczu i ust - Selleetools.com","isPartOf":{"@id":"https:\/\/selleetools.com\/#website"},"datePublished":"2025-10-24T12:46:19+00:00","dateModified":"2025-11-05T11:03:03+00:00","breadcrumb":{"@id":"https:\/\/admincentral.selleetools.com\/pl\/product\/cosnori-micro-active-lip-eye-remover-100-ml-dwufazowy-plyn-do-demakijazu-oczu-i-ust\/#breadcrumb"},"inLanguage":"pl-PL","potentialAction":[{"@type":"ReadAction","target":["https:\/\/admincentral.selleetools.com\/pl\/product\/cosnori-micro-active-lip-eye-remover-100-ml-dwufazowy-plyn-do-demakijazu-oczu-i-ust\/"]}]},{"@type":"BreadcrumbList","@id":"https:\/\/admincentral.selleetools.com\/pl\/product\/cosnori-micro-active-lip-eye-remover-100-ml-dwufazowy-plyn-do-demakijazu-oczu-i-ust\/#breadcrumb","itemListElement":[{"@type":"ListItem","position":1,"name":"Home","item":"https:\/\/selleetools.com\/pl\/"},{"@type":"ListItem","position":2,"name":"Katalog","item":"https:\/\/selleetools.com\/pl\/katalog\/"},{"@type":"ListItem","position":3,"name":"COSNORI Micro Active Lip &#038; Eye Remover 100 ml &#8211; dwufazowy p\u0142yn do demakija\u017cu oczu i ust"}]}]}},"_links":{"self":[{"href":"https:\/\/selleetools.com\/pl\/wp-json\/wp\/v2\/product\/610198"}],"collection":[{"href":"https:\/\/selleetools.com\/pl\/wp-json\/wp\/v2\/product"}],"about":[{"href":"https:\/\/selleetools.com\/pl\/wp-json\/wp\/v2\/types\/product"}],"replies":[{"embeddable":true,"href":"https:\/\/selleetools.com\/pl\/wp-json\/wp\/v2\/comments?post=610198"}],"wp:featuredmedia":[{"embeddable":true,"href":"https:\/\/selleetools.com\/pl\/wp-json\/wp\/v2\/media\/610196"}],"wp:attachment":[{"href":"https:\/\/selleetools.com\/pl\/wp-json\/wp\/v2\/media?parent=610198"}],"curies":[{"name":"wp","href":"https:\/\/api.w.org\/{rel}","templated":true}]}}