{"id":610142,"date":"2025-10-24T14:45:21","date_gmt":"2025-10-24T12:45:21","guid":{"rendered":"https:\/\/selleetools.com\/?post_type=product&#038;p=610142"},"modified":"2025-12-06T23:00:14","modified_gmt":"2025-12-06T22:00:14","slug":"purederm-gleboko-oczyszczajaca-maska-w-plachcie-babelkujaca-z-aktywnym-weglem-20g","status":"publish","type":"product","link":"https:\/\/selleetools.com\/pl\/product\/purederm-gleboko-oczyszczajaca-maska-w-plachcie-babelkujaca-z-aktywnym-weglem-20g\/","title":{"rendered":"PUREDERM &#8211; G\u0142\u0119boko oczyszczaj\u0105ca maska w p\u0142achcie b\u0105belkuj\u0105ca z aktywnym w\u0119glem, 20g"},"content":{"rendered":"<p>PUREDERM Black O2 Bubble Mask to innowacyjna maseczka w p\u0142achcie, kt\u00f3ra podczas aplikacji zaczyna delikatnie musowa\u0107 i tworzy\u0107 pian\u0119 niczym chmurka. Dzi\u0119ki zawarto\u015bci aktywnego w\u0119gla drzewnego oraz naturalnych ekstrakt\u00f3w owocowych, skutecznie oczyszcza pory, usuwa nadmiar sebum i martwe kom\u00f3rki nask\u00f3rka, przywracaj\u0105c sk\u00f3rze \u015bwie\u017co\u015b\u0107 i promienny wygl\u0105d. Idealna dla sk\u00f3ry zm\u0119czonej, poszarza\u0142ej i sk\u0142onnej do niedoskona\u0142o\u015bci.<\/p>\n<p>Korzy\u015bci dla sk\u00f3ry:<br \/>\nDog\u0142\u0119bnie oczyszcza i detoksykuje pory dzi\u0119ki aktywnemu w\u0119glowi<br \/>\nReguluje wydzielanie sebum i redukuje widoczno\u015b\u0107 zask\u00f3rnik\u00f3w<br \/>\nDelikatnie z\u0142uszcza martwy nask\u00f3rek, rozja\u015bniaj\u0105c cer\u0119<br \/>\nNawil\u017ca i od\u017cywia dzi\u0119ki kolagenowi, kwasowi hialuronowemu i ekstraktom owocowym<br \/>\nEfekt od\u015bwie\u017cenia i wyg\u0142adzenia ju\u017c po pierwszym u\u017cyciu<\/p>\n<p>Spos\u00f3b u\u017cycia<br \/>\nPrzed u\u017cyciem potrzyj torebk\u0119 z maseczk\u0105 w celu dok\u0142adnego wymieszania sk\u0142adnik\u00f3w. Otw\u00f3rz saszetk\u0119 i wyjmij mask\u0119 z opakowania. Na\u0142\u00f3\u017c na such\u0105 twarz i wyg\u0142ad\u017a d\u0142oni\u0105, aby dok\u0142adnie przylega\u0142a do sk\u00f3ry. Pozostaw na 10-15 minut, maseczka w tym czasie zwi\u0119kszy swoj\u0105 obj\u0119to\u015b\u0107. Nast\u0119pnie \u015bci\u0105gnij delikatnie zaczynaj\u0105c od dolnej kraw\u0119dzi. Zmyj pozosta\u0142o\u015bci letni\u0105 wod\u0105.<\/p>\n","protected":false},"excerpt":{"rendered":"<p>PUREDERM Black O2 Bubble Mask to innowacyjna maseczka w p\u0142achcie, kt\u00f3ra podczas aplikacji zaczyna delikatnie musowa\u0107 i tworzy\u0107 pian\u0119 niczym chmurka. Dzi\u0119ki zawarto\u015bci aktywnego w\u0119gla drzewnego oraz naturalnych ekstrakt\u00f3w owocowych, skutecznie oczyszcza pory, usuwa nadmiar sebum i martwe kom\u00f3rki nask\u00f3rka, przywracaj\u0105c sk\u00f3rze \u015bwie\u017co\u015b\u0107 i promienny wygl\u0105d. Idealna dla sk\u00f3ry zm\u0119czonej, poszarza\u0142ej i sk\u0142onnej do niedoskona\u0142o\u015bci. &#8230; <a title=\"PUREDERM &#8211; G\u0142\u0119boko oczyszczaj\u0105ca maska w p\u0142achcie b\u0105belkuj\u0105ca z aktywnym w\u0119glem, 20g\" class=\"read-more\" href=\"https:\/\/selleetools.com\/pl\/product\/purederm-gleboko-oczyszczajaca-maska-w-plachcie-babelkujaca-z-aktywnym-weglem-20g\/\">Read more<span class=\"screen-reader-text\">PUREDERM &#8211; G\u0142\u0119boko oczyszczaj\u0105ca maska w p\u0142achcie b\u0105belkuj\u0105ca z aktywnym w\u0119glem, 20g<\/span><\/a><\/p>\n","protected":false},"featured_media":610140,"comment_status":"open","ping_status":"closed","template":"","meta":{"_links_to":"","_links_to_target":""},"yoast_head":"<!-- This site is optimized with the Yoast SEO plugin v19.4 - https:\/\/yoast.com\/wordpress\/plugins\/seo\/ -->\n<title>PUREDERM - G\u0142\u0119boko oczyszczaj\u0105ca maska w p\u0142achcie b\u0105belkuj\u0105ca z aktywnym w\u0119glem, 20g - Selleetools.com<\/title>\n<meta name=\"robots\" content=\"index, follow, max-snippet:-1, max-image-preview:large, max-video-preview:-1\" \/>\n<link rel=\"canonical\" href=\"https:\/\/admincentral.selleetools.com\/pl\/product\/purederm-gleboko-oczyszczajaca-maska-w-plachcie-babelkujaca-z-aktywnym-weglem-20g\/\" \/>\n<meta property=\"og:locale\" content=\"pl_PL\" \/>\n<meta property=\"og:type\" content=\"article\" \/>\n<meta property=\"og:title\" content=\"PUREDERM - G\u0142\u0119boko oczyszczaj\u0105ca maska w p\u0142achcie b\u0105belkuj\u0105ca z aktywnym w\u0119glem, 20g - Selleetools.com\" \/>\n<meta property=\"og:description\" content=\"PUREDERM Black O2 Bubble Mask to innowacyjna maseczka w p\u0142achcie, kt\u00f3ra podczas aplikacji zaczyna delikatnie musowa\u0107 i tworzy\u0107 pian\u0119 niczym chmurka. Dzi\u0119ki zawarto\u015bci aktywnego w\u0119gla drzewnego oraz naturalnych ekstrakt\u00f3w owocowych, skutecznie oczyszcza pory, usuwa nadmiar sebum i martwe kom\u00f3rki nask\u00f3rka, przywracaj\u0105c sk\u00f3rze \u015bwie\u017co\u015b\u0107 i promienny wygl\u0105d. Idealna dla sk\u00f3ry zm\u0119czonej, poszarza\u0142ej i sk\u0142onnej do niedoskona\u0142o\u015bci. ... Read morePUREDERM &#8211; G\u0142\u0119boko oczyszczaj\u0105ca maska w p\u0142achcie b\u0105belkuj\u0105ca z aktywnym w\u0119glem, 20g\" \/>\n<meta property=\"og:url\" content=\"https:\/\/admincentral.selleetools.com\/pl\/product\/purederm-gleboko-oczyszczajaca-maska-w-plachcie-babelkujaca-z-aktywnym-weglem-20g\/\" \/>\n<meta property=\"og:site_name\" content=\"Selleetools.com\" \/>\n<meta property=\"article:modified_time\" content=\"2025-12-06T22:00:14+00:00\" \/>\n<meta property=\"og:image\" content=\"https:\/\/selleetools.com\/wp-content\/uploads\/2025\/10\/4395c42b8795a145ab3a9e235244f1c4.jpg\" \/>\n\t<meta property=\"og:image:width\" content=\"1050\" \/>\n\t<meta property=\"og:image:height\" content=\"1050\" \/>\n\t<meta property=\"og:image:type\" content=\"image\/jpeg\" \/>\n<meta name=\"twitter:card\" content=\"summary_large_image\" \/>\n<meta name=\"twitter:label1\" content=\"Est. reading time\" \/>\n\t<meta name=\"twitter:data1\" content=\"1 minuta\" \/>\n<!-- \/ Yoast SEO plugin. -->","yoast_head_json":{"title":"PUREDERM - G\u0142\u0119boko oczyszczaj\u0105ca maska w p\u0142achcie b\u0105belkuj\u0105ca z aktywnym w\u0119glem, 20g - Selleetools.com","robots":{"index":"index","follow":"follow","max-snippet":"max-snippet:-1","max-image-preview":"max-image-preview:large","max-video-preview":"max-video-preview:-1"},"canonical":"https:\/\/admincentral.selleetools.com\/pl\/product\/purederm-gleboko-oczyszczajaca-maska-w-plachcie-babelkujaca-z-aktywnym-weglem-20g\/","og_locale":"pl_PL","og_type":"article","og_title":"PUREDERM - G\u0142\u0119boko oczyszczaj\u0105ca maska w p\u0142achcie b\u0105belkuj\u0105ca z aktywnym w\u0119glem, 20g - Selleetools.com","og_description":"PUREDERM Black O2 Bubble Mask to innowacyjna maseczka w p\u0142achcie, kt\u00f3ra podczas aplikacji zaczyna delikatnie musowa\u0107 i tworzy\u0107 pian\u0119 niczym chmurka. Dzi\u0119ki zawarto\u015bci aktywnego w\u0119gla drzewnego oraz naturalnych ekstrakt\u00f3w owocowych, skutecznie oczyszcza pory, usuwa nadmiar sebum i martwe kom\u00f3rki nask\u00f3rka, przywracaj\u0105c sk\u00f3rze \u015bwie\u017co\u015b\u0107 i promienny wygl\u0105d. Idealna dla sk\u00f3ry zm\u0119czonej, poszarza\u0142ej i sk\u0142onnej do niedoskona\u0142o\u015bci. ... Read morePUREDERM &#8211; G\u0142\u0119boko oczyszczaj\u0105ca maska w p\u0142achcie b\u0105belkuj\u0105ca z aktywnym w\u0119glem, 20g","og_url":"https:\/\/admincentral.selleetools.com\/pl\/product\/purederm-gleboko-oczyszczajaca-maska-w-plachcie-babelkujaca-z-aktywnym-weglem-20g\/","og_site_name":"Selleetools.com","article_modified_time":"2025-12-06T22:00:14+00:00","og_image":[{"width":1050,"height":1050,"url":"https:\/\/selleetools.com\/wp-content\/uploads\/2025\/10\/4395c42b8795a145ab3a9e235244f1c4.jpg","type":"image\/jpeg"}],"twitter_card":"summary_large_image","twitter_misc":{"Est. reading time":"1 minuta"},"schema":{"@context":"https:\/\/schema.org","@graph":[{"@type":"Organization","@id":"https:\/\/selleetools.com\/#organization","name":"Selleetools","url":"https:\/\/selleetools.com\/","sameAs":[],"logo":{"@type":"ImageObject","inLanguage":"pl-PL","@id":"https:\/\/selleetools.com\/#\/schema\/logo\/image\/","url":"https:\/\/selleetools.com\/wp-content\/uploads\/2021\/10\/logo-dark.png","contentUrl":"https:\/\/selleetools.com\/wp-content\/uploads\/2021\/10\/logo-dark.png","width":320,"height":76,"caption":"Selleetools"},"image":{"@id":"https:\/\/selleetools.com\/#\/schema\/logo\/image\/"}},{"@type":"WebSite","@id":"https:\/\/selleetools.com\/#website","url":"https:\/\/selleetools.com\/","name":"Selleetools.com","description":"","publisher":{"@id":"https:\/\/selleetools.com\/#organization"},"potentialAction":[{"@type":"SearchAction","target":{"@type":"EntryPoint","urlTemplate":"https:\/\/selleetools.com\/?s={search_term_string}"},"query-input":"required name=search_term_string"}],"inLanguage":"pl-PL"},{"@type":"WebPage","@id":"https:\/\/admincentral.selleetools.com\/pl\/product\/purederm-gleboko-oczyszczajaca-maska-w-plachcie-babelkujaca-z-aktywnym-weglem-20g\/","url":"https:\/\/admincentral.selleetools.com\/pl\/product\/purederm-gleboko-oczyszczajaca-maska-w-plachcie-babelkujaca-z-aktywnym-weglem-20g\/","name":"PUREDERM - G\u0142\u0119boko oczyszczaj\u0105ca maska w p\u0142achcie b\u0105belkuj\u0105ca z aktywnym w\u0119glem, 20g - Selleetools.com","isPartOf":{"@id":"https:\/\/selleetools.com\/#website"},"datePublished":"2025-10-24T12:45:21+00:00","dateModified":"2025-12-06T22:00:14+00:00","breadcrumb":{"@id":"https:\/\/admincentral.selleetools.com\/pl\/product\/purederm-gleboko-oczyszczajaca-maska-w-plachcie-babelkujaca-z-aktywnym-weglem-20g\/#breadcrumb"},"inLanguage":"pl-PL","potentialAction":[{"@type":"ReadAction","target":["https:\/\/admincentral.selleetools.com\/pl\/product\/purederm-gleboko-oczyszczajaca-maska-w-plachcie-babelkujaca-z-aktywnym-weglem-20g\/"]}]},{"@type":"BreadcrumbList","@id":"https:\/\/admincentral.selleetools.com\/pl\/product\/purederm-gleboko-oczyszczajaca-maska-w-plachcie-babelkujaca-z-aktywnym-weglem-20g\/#breadcrumb","itemListElement":[{"@type":"ListItem","position":1,"name":"Home","item":"https:\/\/selleetools.com\/pl\/"},{"@type":"ListItem","position":2,"name":"Katalog","item":"https:\/\/selleetools.com\/pl\/katalog\/"},{"@type":"ListItem","position":3,"name":"PUREDERM &#8211; G\u0142\u0119boko oczyszczaj\u0105ca maska w p\u0142achcie b\u0105belkuj\u0105ca z aktywnym w\u0119glem, 20g"}]}]}},"_links":{"self":[{"href":"https:\/\/selleetools.com\/pl\/wp-json\/wp\/v2\/product\/610142"}],"collection":[{"href":"https:\/\/selleetools.com\/pl\/wp-json\/wp\/v2\/product"}],"about":[{"href":"https:\/\/selleetools.com\/pl\/wp-json\/wp\/v2\/types\/product"}],"replies":[{"embeddable":true,"href":"https:\/\/selleetools.com\/pl\/wp-json\/wp\/v2\/comments?post=610142"}],"wp:featuredmedia":[{"embeddable":true,"href":"https:\/\/selleetools.com\/pl\/wp-json\/wp\/v2\/media\/610140"}],"wp:attachment":[{"href":"https:\/\/selleetools.com\/pl\/wp-json\/wp\/v2\/media?parent=610142"}],"curies":[{"name":"wp","href":"https:\/\/api.w.org\/{rel}","templated":true}]}}