{"id":610139,"date":"2025-10-24T14:45:18","date_gmt":"2025-10-24T12:45:18","guid":{"rendered":"https:\/\/selleetools.com\/?post_type=product&#038;p=610139"},"modified":"2025-11-05T12:02:40","modified_gmt":"2025-11-05T11:02:40","slug":"purederm-koreanska-weganska-maseczka-babelkujaca-na-twarz-z-kwasem-hialuronowym-20g","status":"publish","type":"product","link":"https:\/\/selleetools.com\/pl\/product\/purederm-koreanska-weganska-maseczka-babelkujaca-na-twarz-z-kwasem-hialuronowym-20g\/","title":{"rendered":"PUREDERM &#8211; Korea\u0144ska, wega\u0144ska maseczka b\u0105belkuj\u0105ca na twarz z kwasem hialuronowym, 20g"},"content":{"rendered":"<p>Innowacyjna maseczka w p\u0142achcie, kt\u00f3ra po na\u0142o\u017ceniu zaczyna intensywnie musowa\u0107, tworz\u0105c chmurkow\u0105 pian\u0119. Delikatne b\u0105belki skutecznie usuwaj\u0105 zanieczyszczenia, sebum i martwe kom\u00f3rki nask\u00f3rka, pozostawiaj\u0105c cer\u0119 czyst\u0105, od\u015bwie\u017con\u0105 i pe\u0142n\u0105 blasku. Dzi\u0119ki obecno\u015bci kwasu hialuronowego i wega\u0144skiego kolagenu maseczka nie tylko oczyszcza, ale te\u017c g\u0142\u0119boko nawil\u017ca i \u0142agodzi podra\u017cnienia, przywracaj\u0105c sk\u00f3rze mi\u0119kko\u015b\u0107 i zdrowy wygl\u0105d.<\/p>\n<p>Korzy\u015bci dla sk\u00f3ry<br \/>\nOczyszcza pory i usuwa zanieczyszczenia dzi\u0119ki aktywnym b\u0105belkom<br \/>\nZ\u0142uszcza martwy nask\u00f3rek, poprawiaj\u0105c tekstur\u0119 sk\u00f3ry<br \/>\nNawil\u017ca i wyg\u0142adza dzi\u0119ki kwasowi hialuronowemu i kolagenowi ro\u015blinnemu<br \/>\n\u0141agodzi podra\u017cnienia i redukuje oznaki zm\u0119czenia<br \/>\nRoz\u015bwietla cer\u0119 i wyr\u00f3wnuje koloryt<\/p>\n<p>Spos\u00f3b u\u017cycia: Przed u\u017cyciem potrzyj torebk\u0119 z maseczk\u0105 w celu dok\u0142adnego wymieszania sk\u0142adnik\u00f3w. Otw\u00f3rz saszetk\u0119 i wyjmij mask\u0119 z opakowania. Na\u0142\u00f3\u017c na such\u0105 twarz i wyg\u0142ad\u017a d\u0142oni\u0105, aby dok\u0142adnie przylega\u0142a do sk\u00f3ry. Pozostaw na 10-15 minut, maseczka w tym czasie zwi\u0119kszy swoj\u0105 obj\u0119to\u015b\u0107. Nast\u0119pnie \u015bci\u0105gnij delikatnie zaczynaj\u0105c od dolnej kraw\u0119dzi. Zmyj pozosta\u0142o\u015bci letni\u0105 wod\u0105.<\/p>\n","protected":false},"excerpt":{"rendered":"<p>Innowacyjna maseczka w p\u0142achcie, kt\u00f3ra po na\u0142o\u017ceniu zaczyna intensywnie musowa\u0107, tworz\u0105c chmurkow\u0105 pian\u0119. Delikatne b\u0105belki skutecznie usuwaj\u0105 zanieczyszczenia, sebum i martwe kom\u00f3rki nask\u00f3rka, pozostawiaj\u0105c cer\u0119 czyst\u0105, od\u015bwie\u017con\u0105 i pe\u0142n\u0105 blasku. Dzi\u0119ki obecno\u015bci kwasu hialuronowego i wega\u0144skiego kolagenu maseczka nie tylko oczyszcza, ale te\u017c g\u0142\u0119boko nawil\u017ca i \u0142agodzi podra\u017cnienia, przywracaj\u0105c sk\u00f3rze mi\u0119kko\u015b\u0107 i zdrowy wygl\u0105d. Korzy\u015bci &#8230; <a title=\"PUREDERM &#8211; Korea\u0144ska, wega\u0144ska maseczka b\u0105belkuj\u0105ca na twarz z kwasem hialuronowym, 20g\" class=\"read-more\" href=\"https:\/\/selleetools.com\/pl\/product\/purederm-koreanska-weganska-maseczka-babelkujaca-na-twarz-z-kwasem-hialuronowym-20g\/\">Read more<span class=\"screen-reader-text\">PUREDERM &#8211; Korea\u0144ska, wega\u0144ska maseczka b\u0105belkuj\u0105ca na twarz z kwasem hialuronowym, 20g<\/span><\/a><\/p>\n","protected":false},"featured_media":610137,"comment_status":"open","ping_status":"closed","template":"","meta":{"_links_to":"","_links_to_target":""},"yoast_head":"<!-- This site is optimized with the Yoast SEO plugin v19.4 - https:\/\/yoast.com\/wordpress\/plugins\/seo\/ -->\n<title>PUREDERM - Korea\u0144ska, wega\u0144ska maseczka b\u0105belkuj\u0105ca na twarz z kwasem hialuronowym, 20g - Selleetools.com<\/title>\n<meta name=\"robots\" content=\"index, follow, max-snippet:-1, max-image-preview:large, max-video-preview:-1\" \/>\n<link rel=\"canonical\" href=\"https:\/\/admincentral.selleetools.com\/pl\/product\/purederm-koreanska-weganska-maseczka-babelkujaca-na-twarz-z-kwasem-hialuronowym-20g\/\" \/>\n<meta property=\"og:locale\" content=\"pl_PL\" \/>\n<meta property=\"og:type\" content=\"article\" \/>\n<meta property=\"og:title\" content=\"PUREDERM - Korea\u0144ska, wega\u0144ska maseczka b\u0105belkuj\u0105ca na twarz z kwasem hialuronowym, 20g - Selleetools.com\" \/>\n<meta property=\"og:description\" content=\"Innowacyjna maseczka w p\u0142achcie, kt\u00f3ra po na\u0142o\u017ceniu zaczyna intensywnie musowa\u0107, tworz\u0105c chmurkow\u0105 pian\u0119. Delikatne b\u0105belki skutecznie usuwaj\u0105 zanieczyszczenia, sebum i martwe kom\u00f3rki nask\u00f3rka, pozostawiaj\u0105c cer\u0119 czyst\u0105, od\u015bwie\u017con\u0105 i pe\u0142n\u0105 blasku. Dzi\u0119ki obecno\u015bci kwasu hialuronowego i wega\u0144skiego kolagenu maseczka nie tylko oczyszcza, ale te\u017c g\u0142\u0119boko nawil\u017ca i \u0142agodzi podra\u017cnienia, przywracaj\u0105c sk\u00f3rze mi\u0119kko\u015b\u0107 i zdrowy wygl\u0105d. Korzy\u015bci ... Read morePUREDERM &#8211; Korea\u0144ska, wega\u0144ska maseczka b\u0105belkuj\u0105ca na twarz z kwasem hialuronowym, 20g\" \/>\n<meta property=\"og:url\" content=\"https:\/\/admincentral.selleetools.com\/pl\/product\/purederm-koreanska-weganska-maseczka-babelkujaca-na-twarz-z-kwasem-hialuronowym-20g\/\" \/>\n<meta property=\"og:site_name\" content=\"Selleetools.com\" \/>\n<meta property=\"article:modified_time\" content=\"2025-11-05T11:02:40+00:00\" \/>\n<meta property=\"og:image\" content=\"https:\/\/selleetools.com\/wp-content\/uploads\/2025\/10\/79baab8b90205099d5c5f1f81094dd6f.jpg\" \/>\n\t<meta property=\"og:image:width\" content=\"1050\" \/>\n\t<meta property=\"og:image:height\" content=\"1050\" \/>\n\t<meta property=\"og:image:type\" content=\"image\/jpeg\" \/>\n<meta name=\"twitter:card\" content=\"summary_large_image\" \/>\n<meta name=\"twitter:label1\" content=\"Est. reading time\" \/>\n\t<meta name=\"twitter:data1\" content=\"1 minuta\" \/>\n<!-- \/ Yoast SEO plugin. -->","yoast_head_json":{"title":"PUREDERM - Korea\u0144ska, wega\u0144ska maseczka b\u0105belkuj\u0105ca na twarz z kwasem hialuronowym, 20g - Selleetools.com","robots":{"index":"index","follow":"follow","max-snippet":"max-snippet:-1","max-image-preview":"max-image-preview:large","max-video-preview":"max-video-preview:-1"},"canonical":"https:\/\/admincentral.selleetools.com\/pl\/product\/purederm-koreanska-weganska-maseczka-babelkujaca-na-twarz-z-kwasem-hialuronowym-20g\/","og_locale":"pl_PL","og_type":"article","og_title":"PUREDERM - Korea\u0144ska, wega\u0144ska maseczka b\u0105belkuj\u0105ca na twarz z kwasem hialuronowym, 20g - Selleetools.com","og_description":"Innowacyjna maseczka w p\u0142achcie, kt\u00f3ra po na\u0142o\u017ceniu zaczyna intensywnie musowa\u0107, tworz\u0105c chmurkow\u0105 pian\u0119. Delikatne b\u0105belki skutecznie usuwaj\u0105 zanieczyszczenia, sebum i martwe kom\u00f3rki nask\u00f3rka, pozostawiaj\u0105c cer\u0119 czyst\u0105, od\u015bwie\u017con\u0105 i pe\u0142n\u0105 blasku. Dzi\u0119ki obecno\u015bci kwasu hialuronowego i wega\u0144skiego kolagenu maseczka nie tylko oczyszcza, ale te\u017c g\u0142\u0119boko nawil\u017ca i \u0142agodzi podra\u017cnienia, przywracaj\u0105c sk\u00f3rze mi\u0119kko\u015b\u0107 i zdrowy wygl\u0105d. Korzy\u015bci ... Read morePUREDERM &#8211; Korea\u0144ska, wega\u0144ska maseczka b\u0105belkuj\u0105ca na twarz z kwasem hialuronowym, 20g","og_url":"https:\/\/admincentral.selleetools.com\/pl\/product\/purederm-koreanska-weganska-maseczka-babelkujaca-na-twarz-z-kwasem-hialuronowym-20g\/","og_site_name":"Selleetools.com","article_modified_time":"2025-11-05T11:02:40+00:00","og_image":[{"width":1050,"height":1050,"url":"https:\/\/selleetools.com\/wp-content\/uploads\/2025\/10\/79baab8b90205099d5c5f1f81094dd6f.jpg","type":"image\/jpeg"}],"twitter_card":"summary_large_image","twitter_misc":{"Est. reading time":"1 minuta"},"schema":{"@context":"https:\/\/schema.org","@graph":[{"@type":"Organization","@id":"https:\/\/selleetools.com\/#organization","name":"Selleetools","url":"https:\/\/selleetools.com\/","sameAs":[],"logo":{"@type":"ImageObject","inLanguage":"pl-PL","@id":"https:\/\/selleetools.com\/#\/schema\/logo\/image\/","url":"https:\/\/selleetools.com\/wp-content\/uploads\/2021\/10\/logo-dark.png","contentUrl":"https:\/\/selleetools.com\/wp-content\/uploads\/2021\/10\/logo-dark.png","width":320,"height":76,"caption":"Selleetools"},"image":{"@id":"https:\/\/selleetools.com\/#\/schema\/logo\/image\/"}},{"@type":"WebSite","@id":"https:\/\/selleetools.com\/#website","url":"https:\/\/selleetools.com\/","name":"Selleetools.com","description":"","publisher":{"@id":"https:\/\/selleetools.com\/#organization"},"potentialAction":[{"@type":"SearchAction","target":{"@type":"EntryPoint","urlTemplate":"https:\/\/selleetools.com\/?s={search_term_string}"},"query-input":"required name=search_term_string"}],"inLanguage":"pl-PL"},{"@type":"WebPage","@id":"https:\/\/admincentral.selleetools.com\/pl\/product\/purederm-koreanska-weganska-maseczka-babelkujaca-na-twarz-z-kwasem-hialuronowym-20g\/","url":"https:\/\/admincentral.selleetools.com\/pl\/product\/purederm-koreanska-weganska-maseczka-babelkujaca-na-twarz-z-kwasem-hialuronowym-20g\/","name":"PUREDERM - Korea\u0144ska, wega\u0144ska maseczka b\u0105belkuj\u0105ca na twarz z kwasem hialuronowym, 20g - Selleetools.com","isPartOf":{"@id":"https:\/\/selleetools.com\/#website"},"datePublished":"2025-10-24T12:45:18+00:00","dateModified":"2025-11-05T11:02:40+00:00","breadcrumb":{"@id":"https:\/\/admincentral.selleetools.com\/pl\/product\/purederm-koreanska-weganska-maseczka-babelkujaca-na-twarz-z-kwasem-hialuronowym-20g\/#breadcrumb"},"inLanguage":"pl-PL","potentialAction":[{"@type":"ReadAction","target":["https:\/\/admincentral.selleetools.com\/pl\/product\/purederm-koreanska-weganska-maseczka-babelkujaca-na-twarz-z-kwasem-hialuronowym-20g\/"]}]},{"@type":"BreadcrumbList","@id":"https:\/\/admincentral.selleetools.com\/pl\/product\/purederm-koreanska-weganska-maseczka-babelkujaca-na-twarz-z-kwasem-hialuronowym-20g\/#breadcrumb","itemListElement":[{"@type":"ListItem","position":1,"name":"Home","item":"https:\/\/selleetools.com\/pl\/"},{"@type":"ListItem","position":2,"name":"Katalog","item":"https:\/\/selleetools.com\/pl\/katalog\/"},{"@type":"ListItem","position":3,"name":"PUREDERM &#8211; Korea\u0144ska, wega\u0144ska maseczka b\u0105belkuj\u0105ca na twarz z kwasem hialuronowym, 20g"}]}]}},"_links":{"self":[{"href":"https:\/\/selleetools.com\/pl\/wp-json\/wp\/v2\/product\/610139"}],"collection":[{"href":"https:\/\/selleetools.com\/pl\/wp-json\/wp\/v2\/product"}],"about":[{"href":"https:\/\/selleetools.com\/pl\/wp-json\/wp\/v2\/types\/product"}],"replies":[{"embeddable":true,"href":"https:\/\/selleetools.com\/pl\/wp-json\/wp\/v2\/comments?post=610139"}],"wp:featuredmedia":[{"embeddable":true,"href":"https:\/\/selleetools.com\/pl\/wp-json\/wp\/v2\/media\/610137"}],"wp:attachment":[{"href":"https:\/\/selleetools.com\/pl\/wp-json\/wp\/v2\/media?parent=610139"}],"curies":[{"name":"wp","href":"https:\/\/api.w.org\/{rel}","templated":true}]}}