{"id":610119,"date":"2025-10-24T14:45:01","date_gmt":"2025-10-24T12:45:01","guid":{"rendered":"https:\/\/selleetools.com\/?post_type=product&#038;p=610119"},"modified":"2025-11-05T12:02:35","modified_gmt":"2025-11-05T11:02:35","slug":"iunik-argan-nourishing-hair-oil-100-ml-olejek-do-wlosow","status":"publish","type":"product","link":"https:\/\/selleetools.com\/pl\/product\/iunik-argan-nourishing-hair-oil-100-ml-olejek-do-wlosow\/","title":{"rendered":"IUNIK Argan Nourishing Hair Oil 100 ml &#8211; olejek do w\u0142os\u00f3w"},"content":{"rendered":"<p>Lekki, a zarazem intensywnie od\u017cywczy olejek do w\u0142os\u00f3w, kt\u00f3ry przywraca blask i g\u0142adko\u015b\u0107 nawet najbardziej wymagaj\u0105cym kosmykom. Formu\u0142a wzbogacona o organiczny olej arganowy (3,9%) oraz kompleks naturalnych olej\u00f3w ro\u015blinnych zapewnia g\u0142\u0119bokie nawil\u017cenie, regeneracj\u0119 i ochron\u0119 w\u0142os\u00f3w bez efektu obci\u0105\u017cenia. Idealny dla w\u0142os\u00f3w suchych, matowych, zniszczonych lub pusz\u0105cych si\u0119.<br \/>\nOlejek b\u0142yskawicznie si\u0119 wch\u0142ania, nie pozostawia t\u0142ustej warstwy i nadaje w\u0142osom jedwabist\u0105 mi\u0119kko\u015b\u0107 oraz zdrowy po\u0142ysk. W\u0142osy staj\u0105 si\u0119 g\u0142adkie, \u0142atwe do rozczesania i pe\u0142ne \u017cycia. Ca\u0142o\u015b\u0107 dope\u0142nia wyj\u0105tkowy, cytrusowo-kwiatowo-drzewny zapach, kt\u00f3ry towarzyszy przy codziennej piel\u0119gnacji.<\/p>\n<p>Korzy\u015bci:<br \/>\nIntensywnie od\u017cywia i nawil\u017ca w\u0142osy<br \/>\nRegeneruje zniszczone i przesuszone pasma<br \/>\nLekka, niet\u0142usta formu\u0142a \u2013 zero obci\u0105\u017cenia<br \/>\nNadaje po\u0142ysk, mi\u0119kko\u015b\u0107 i g\u0142adko\u015b\u0107<br \/>\nZapach cytrus\u00f3w, bia\u0142ych kwiat\u00f3w i cedru<\/p>\n<p>Spos\u00f3b u\u017cycia: Nanie\u015b kilka kropel olejku na d\u0142onie, rozetrzyj i r\u00f3wnomiernie wmasuj w d\u0142ugo\u015bci oraz ko\u0144c\u00f3wki w\u0142os\u00f3w. Mo\u017cesz stosowa\u0107 zar\u00f3wno na wilgotne, jak i suche w\u0142osy \u2013 przed stylizacj\u0105 lub jako wyko\u0144czenie fryzury.<\/p>\n","protected":false},"excerpt":{"rendered":"<p>Lekki, a zarazem intensywnie od\u017cywczy olejek do w\u0142os\u00f3w, kt\u00f3ry przywraca blask i g\u0142adko\u015b\u0107 nawet najbardziej wymagaj\u0105cym kosmykom. Formu\u0142a wzbogacona o organiczny olej arganowy (3,9%) oraz kompleks naturalnych olej\u00f3w ro\u015blinnych zapewnia g\u0142\u0119bokie nawil\u017cenie, regeneracj\u0119 i ochron\u0119 w\u0142os\u00f3w bez efektu obci\u0105\u017cenia. Idealny dla w\u0142os\u00f3w suchych, matowych, zniszczonych lub pusz\u0105cych si\u0119. Olejek b\u0142yskawicznie si\u0119 wch\u0142ania, nie pozostawia t\u0142ustej &#8230; <a title=\"IUNIK Argan Nourishing Hair Oil 100 ml &#8211; olejek do w\u0142os\u00f3w\" class=\"read-more\" href=\"https:\/\/selleetools.com\/pl\/product\/iunik-argan-nourishing-hair-oil-100-ml-olejek-do-wlosow\/\">Read more<span class=\"screen-reader-text\">IUNIK Argan Nourishing Hair Oil 100 ml &#8211; olejek do w\u0142os\u00f3w<\/span><\/a><\/p>\n","protected":false},"featured_media":610117,"comment_status":"open","ping_status":"closed","template":"","meta":{"_links_to":"","_links_to_target":""},"yoast_head":"<!-- This site is optimized with the Yoast SEO plugin v19.4 - https:\/\/yoast.com\/wordpress\/plugins\/seo\/ -->\n<title>IUNIK Argan Nourishing Hair Oil 100 ml - olejek do w\u0142os\u00f3w - Selleetools.com<\/title>\n<meta name=\"robots\" content=\"index, follow, max-snippet:-1, max-image-preview:large, max-video-preview:-1\" \/>\n<link rel=\"canonical\" href=\"https:\/\/selleetools.com\/pl\/product\/iunik-argan-nourishing-hair-oil-100-ml-olejek-do-wlosow\/\" \/>\n<meta property=\"og:locale\" content=\"pl_PL\" \/>\n<meta property=\"og:type\" content=\"article\" \/>\n<meta property=\"og:title\" content=\"IUNIK Argan Nourishing Hair Oil 100 ml - olejek do w\u0142os\u00f3w - Selleetools.com\" \/>\n<meta property=\"og:description\" content=\"Lekki, a zarazem intensywnie od\u017cywczy olejek do w\u0142os\u00f3w, kt\u00f3ry przywraca blask i g\u0142adko\u015b\u0107 nawet najbardziej wymagaj\u0105cym kosmykom. Formu\u0142a wzbogacona o organiczny olej arganowy (3,9%) oraz kompleks naturalnych olej\u00f3w ro\u015blinnych zapewnia g\u0142\u0119bokie nawil\u017cenie, regeneracj\u0119 i ochron\u0119 w\u0142os\u00f3w bez efektu obci\u0105\u017cenia. Idealny dla w\u0142os\u00f3w suchych, matowych, zniszczonych lub pusz\u0105cych si\u0119. Olejek b\u0142yskawicznie si\u0119 wch\u0142ania, nie pozostawia t\u0142ustej ... Read moreIUNIK Argan Nourishing Hair Oil 100 ml &#8211; olejek do w\u0142os\u00f3w\" \/>\n<meta property=\"og:url\" content=\"https:\/\/selleetools.com\/pl\/product\/iunik-argan-nourishing-hair-oil-100-ml-olejek-do-wlosow\/\" \/>\n<meta property=\"og:site_name\" content=\"Selleetools.com\" \/>\n<meta property=\"article:modified_time\" content=\"2025-11-05T11:02:35+00:00\" \/>\n<meta property=\"og:image\" content=\"https:\/\/selleetools.com\/wp-content\/uploads\/2025\/10\/9ff6a6b9dca1b74de2fda9c8831ee2cd.png\" \/>\n\t<meta property=\"og:image:width\" content=\"1200\" \/>\n\t<meta property=\"og:image:height\" content=\"1200\" \/>\n\t<meta property=\"og:image:type\" content=\"image\/png\" \/>\n<meta name=\"twitter:card\" content=\"summary_large_image\" \/>\n<meta name=\"twitter:label1\" content=\"Est. reading time\" \/>\n\t<meta name=\"twitter:data1\" content=\"1 minuta\" \/>\n<!-- \/ Yoast SEO plugin. -->","yoast_head_json":{"title":"IUNIK Argan Nourishing Hair Oil 100 ml - olejek do w\u0142os\u00f3w - Selleetools.com","robots":{"index":"index","follow":"follow","max-snippet":"max-snippet:-1","max-image-preview":"max-image-preview:large","max-video-preview":"max-video-preview:-1"},"canonical":"https:\/\/selleetools.com\/pl\/product\/iunik-argan-nourishing-hair-oil-100-ml-olejek-do-wlosow\/","og_locale":"pl_PL","og_type":"article","og_title":"IUNIK Argan Nourishing Hair Oil 100 ml - olejek do w\u0142os\u00f3w - Selleetools.com","og_description":"Lekki, a zarazem intensywnie od\u017cywczy olejek do w\u0142os\u00f3w, kt\u00f3ry przywraca blask i g\u0142adko\u015b\u0107 nawet najbardziej wymagaj\u0105cym kosmykom. Formu\u0142a wzbogacona o organiczny olej arganowy (3,9%) oraz kompleks naturalnych olej\u00f3w ro\u015blinnych zapewnia g\u0142\u0119bokie nawil\u017cenie, regeneracj\u0119 i ochron\u0119 w\u0142os\u00f3w bez efektu obci\u0105\u017cenia. Idealny dla w\u0142os\u00f3w suchych, matowych, zniszczonych lub pusz\u0105cych si\u0119. Olejek b\u0142yskawicznie si\u0119 wch\u0142ania, nie pozostawia t\u0142ustej ... Read moreIUNIK Argan Nourishing Hair Oil 100 ml &#8211; olejek do w\u0142os\u00f3w","og_url":"https:\/\/selleetools.com\/pl\/product\/iunik-argan-nourishing-hair-oil-100-ml-olejek-do-wlosow\/","og_site_name":"Selleetools.com","article_modified_time":"2025-11-05T11:02:35+00:00","og_image":[{"width":1200,"height":1200,"url":"https:\/\/selleetools.com\/wp-content\/uploads\/2025\/10\/9ff6a6b9dca1b74de2fda9c8831ee2cd.png","type":"image\/png"}],"twitter_card":"summary_large_image","twitter_misc":{"Est. reading time":"1 minuta"},"schema":{"@context":"https:\/\/schema.org","@graph":[{"@type":"Organization","@id":"https:\/\/selleetools.com\/#organization","name":"Selleetools","url":"https:\/\/selleetools.com\/","sameAs":[],"logo":{"@type":"ImageObject","inLanguage":"pl-PL","@id":"https:\/\/selleetools.com\/#\/schema\/logo\/image\/","url":"https:\/\/selleetools.com\/wp-content\/uploads\/2021\/10\/logo-dark.png","contentUrl":"https:\/\/selleetools.com\/wp-content\/uploads\/2021\/10\/logo-dark.png","width":320,"height":76,"caption":"Selleetools"},"image":{"@id":"https:\/\/selleetools.com\/#\/schema\/logo\/image\/"}},{"@type":"WebSite","@id":"https:\/\/selleetools.com\/#website","url":"https:\/\/selleetools.com\/","name":"Selleetools.com","description":"","publisher":{"@id":"https:\/\/selleetools.com\/#organization"},"potentialAction":[{"@type":"SearchAction","target":{"@type":"EntryPoint","urlTemplate":"https:\/\/selleetools.com\/?s={search_term_string}"},"query-input":"required name=search_term_string"}],"inLanguage":"pl-PL"},{"@type":"WebPage","@id":"https:\/\/selleetools.com\/pl\/product\/iunik-argan-nourishing-hair-oil-100-ml-olejek-do-wlosow\/","url":"https:\/\/selleetools.com\/pl\/product\/iunik-argan-nourishing-hair-oil-100-ml-olejek-do-wlosow\/","name":"IUNIK Argan Nourishing Hair Oil 100 ml - olejek do w\u0142os\u00f3w - Selleetools.com","isPartOf":{"@id":"https:\/\/selleetools.com\/#website"},"datePublished":"2025-10-24T12:45:01+00:00","dateModified":"2025-11-05T11:02:35+00:00","breadcrumb":{"@id":"https:\/\/selleetools.com\/pl\/product\/iunik-argan-nourishing-hair-oil-100-ml-olejek-do-wlosow\/#breadcrumb"},"inLanguage":"pl-PL","potentialAction":[{"@type":"ReadAction","target":["https:\/\/selleetools.com\/pl\/product\/iunik-argan-nourishing-hair-oil-100-ml-olejek-do-wlosow\/"]}]},{"@type":"BreadcrumbList","@id":"https:\/\/selleetools.com\/pl\/product\/iunik-argan-nourishing-hair-oil-100-ml-olejek-do-wlosow\/#breadcrumb","itemListElement":[{"@type":"ListItem","position":1,"name":"Home","item":"https:\/\/selleetools.com\/pl\/"},{"@type":"ListItem","position":2,"name":"Katalog","item":"https:\/\/selleetools.com\/pl\/katalog\/"},{"@type":"ListItem","position":3,"name":"IUNIK Argan Nourishing Hair Oil 100 ml &#8211; olejek do w\u0142os\u00f3w"}]}]}},"_links":{"self":[{"href":"https:\/\/selleetools.com\/pl\/wp-json\/wp\/v2\/product\/610119"}],"collection":[{"href":"https:\/\/selleetools.com\/pl\/wp-json\/wp\/v2\/product"}],"about":[{"href":"https:\/\/selleetools.com\/pl\/wp-json\/wp\/v2\/types\/product"}],"replies":[{"embeddable":true,"href":"https:\/\/selleetools.com\/pl\/wp-json\/wp\/v2\/comments?post=610119"}],"wp:featuredmedia":[{"embeddable":true,"href":"https:\/\/selleetools.com\/pl\/wp-json\/wp\/v2\/media\/610117"}],"wp:attachment":[{"href":"https:\/\/selleetools.com\/pl\/wp-json\/wp\/v2\/media?parent=610119"}],"curies":[{"name":"wp","href":"https:\/\/api.w.org\/{rel}","templated":true}]}}