{"id":610116,"date":"2025-10-24T14:44:58","date_gmt":"2025-10-24T12:44:58","guid":{"rendered":"https:\/\/selleetools.com\/?post_type=product&#038;p=610116"},"modified":"2025-11-03T17:01:03","modified_gmt":"2025-11-03T16:01:03","slug":"beauty-of-joseon-revive-serum-ginseng-snail-mucin-60-ml-serum-ujedrniajace","status":"publish","type":"product","link":"https:\/\/selleetools.com\/pl\/product\/beauty-of-joseon-revive-serum-ginseng-snail-mucin-60-ml-serum-ujedrniajace\/","title":{"rendered":"Beauty of Joseon Revive Serum: Ginseng + Snail Mucin 60 ml &#8211; serum uj\u0119drniaj\u0105ce"},"content":{"rendered":"<p>Serum stworzone z my\u015bl\u0105 o cerze zm\u0119czonej, suchej i pozbawionej spr\u0119\u017cysto\u015bci. \u0141\u0105czy w sobie wod\u0119 z korzenia \u017ce\u0144-szenia \u2013 bogat\u0105 w antyoksydanty i saponiny \u2013 oraz oczyszczon\u0105 mucyn\u0119 \u015blimaka, znan\u0105 z w\u0142a\u015bciwo\u015bci regeneruj\u0105cych i nawil\u017caj\u0105cych. Formu\u0142a wsparta ekstraktami ro\u015blinnymi (m.in. w\u0105krot\u0105 azjatyck\u0105 i grzybami) intensywnie nawil\u017ca, koi i wspiera odbudow\u0119 bariery ochronnej sk\u00f3ry, pozostawiaj\u0105c j\u0105 j\u0119drn\u0105, spr\u0119\u017cyst\u0105 i pe\u0142n\u0105 blasku.<\/p>\n<p>Korzy\u015bci:<br \/>\n\u017be\u0144-sze\u0144 \u2013 antyoksydacyjne wsparcie i d\u0142ugotrwa\u0142e nawil\u017cenie<br \/>\nMucyna \u015blimaka \u2013 regeneracja i poprawa elastyczno\u015bci sk\u00f3ry<br \/>\nKwas hialuronowy i trehaloza \u2013 nawodnienie i efekt \u201eplump skin\u201d<br \/>\nEkstrakty ro\u015blinne \u2013 \u0142agodzenie podra\u017cnie\u0144 i wzmocnienie bariery sk\u00f3ry<br \/>\nLekka konsystencja, idealna do porannej i wieczornej piel\u0119gnacji<\/p>\n<p>Spos\u00f3b u\u017cycia: Nanie\u015b kilka kropli na oczyszczon\u0105 sk\u00f3r\u0119 i delikatnie wklep dla lepszego wch\u0142oni\u0119cia. Stosuj rano i wieczorem przed kremem nawil\u017caj\u0105cym.<\/p>\n","protected":false},"excerpt":{"rendered":"<p>Serum stworzone z my\u015bl\u0105 o cerze zm\u0119czonej, suchej i pozbawionej spr\u0119\u017cysto\u015bci. \u0141\u0105czy w sobie wod\u0119 z korzenia \u017ce\u0144-szenia \u2013 bogat\u0105 w antyoksydanty i saponiny \u2013 oraz oczyszczon\u0105 mucyn\u0119 \u015blimaka, znan\u0105 z w\u0142a\u015bciwo\u015bci regeneruj\u0105cych i nawil\u017caj\u0105cych. Formu\u0142a wsparta ekstraktami ro\u015blinnymi (m.in. w\u0105krot\u0105 azjatyck\u0105 i grzybami) intensywnie nawil\u017ca, koi i wspiera odbudow\u0119 bariery ochronnej sk\u00f3ry, pozostawiaj\u0105c j\u0105 &#8230; <a title=\"Beauty of Joseon Revive Serum: Ginseng + Snail Mucin 60 ml &#8211; serum uj\u0119drniaj\u0105ce\" class=\"read-more\" href=\"https:\/\/selleetools.com\/pl\/product\/beauty-of-joseon-revive-serum-ginseng-snail-mucin-60-ml-serum-ujedrniajace\/\">Read more<span class=\"screen-reader-text\">Beauty of Joseon Revive Serum: Ginseng + Snail Mucin 60 ml &#8211; serum uj\u0119drniaj\u0105ce<\/span><\/a><\/p>\n","protected":false},"featured_media":610114,"comment_status":"open","ping_status":"closed","template":"","meta":{"_links_to":"","_links_to_target":""},"yoast_head":"<!-- This site is optimized with the Yoast SEO plugin v19.4 - https:\/\/yoast.com\/wordpress\/plugins\/seo\/ -->\n<title>Beauty of Joseon Revive Serum: Ginseng + Snail Mucin 60 ml - serum uj\u0119drniaj\u0105ce - Selleetools.com<\/title>\n<meta name=\"robots\" content=\"index, follow, max-snippet:-1, max-image-preview:large, max-video-preview:-1\" \/>\n<link rel=\"canonical\" href=\"https:\/\/selleetools.com\/pl\/product\/beauty-of-joseon-revive-serum-ginseng-snail-mucin-60-ml-serum-ujedrniajace\/\" \/>\n<meta property=\"og:locale\" content=\"pl_PL\" \/>\n<meta property=\"og:type\" content=\"article\" \/>\n<meta property=\"og:title\" content=\"Beauty of Joseon Revive Serum: Ginseng + Snail Mucin 60 ml - serum uj\u0119drniaj\u0105ce - Selleetools.com\" \/>\n<meta property=\"og:description\" content=\"Serum stworzone z my\u015bl\u0105 o cerze zm\u0119czonej, suchej i pozbawionej spr\u0119\u017cysto\u015bci. \u0141\u0105czy w sobie wod\u0119 z korzenia \u017ce\u0144-szenia \u2013 bogat\u0105 w antyoksydanty i saponiny \u2013 oraz oczyszczon\u0105 mucyn\u0119 \u015blimaka, znan\u0105 z w\u0142a\u015bciwo\u015bci regeneruj\u0105cych i nawil\u017caj\u0105cych. Formu\u0142a wsparta ekstraktami ro\u015blinnymi (m.in. w\u0105krot\u0105 azjatyck\u0105 i grzybami) intensywnie nawil\u017ca, koi i wspiera odbudow\u0119 bariery ochronnej sk\u00f3ry, pozostawiaj\u0105c j\u0105 ... Read moreBeauty of Joseon Revive Serum: Ginseng + Snail Mucin 60 ml &#8211; serum uj\u0119drniaj\u0105ce\" \/>\n<meta property=\"og:url\" content=\"https:\/\/selleetools.com\/pl\/product\/beauty-of-joseon-revive-serum-ginseng-snail-mucin-60-ml-serum-ujedrniajace\/\" \/>\n<meta property=\"og:site_name\" content=\"Selleetools.com\" \/>\n<meta property=\"article:modified_time\" content=\"2025-11-03T16:01:03+00:00\" \/>\n<meta property=\"og:image\" content=\"https:\/\/selleetools.com\/wp-content\/uploads\/2025\/10\/1abb77eab8943df06ad59490de2a1ec8.png\" \/>\n\t<meta property=\"og:image:width\" content=\"1200\" \/>\n\t<meta property=\"og:image:height\" content=\"1200\" \/>\n\t<meta property=\"og:image:type\" content=\"image\/png\" \/>\n<meta name=\"twitter:card\" content=\"summary_large_image\" \/>\n<meta name=\"twitter:label1\" content=\"Est. reading time\" \/>\n\t<meta name=\"twitter:data1\" content=\"1 minuta\" \/>\n<!-- \/ Yoast SEO plugin. -->","yoast_head_json":{"title":"Beauty of Joseon Revive Serum: Ginseng + Snail Mucin 60 ml - serum uj\u0119drniaj\u0105ce - Selleetools.com","robots":{"index":"index","follow":"follow","max-snippet":"max-snippet:-1","max-image-preview":"max-image-preview:large","max-video-preview":"max-video-preview:-1"},"canonical":"https:\/\/selleetools.com\/pl\/product\/beauty-of-joseon-revive-serum-ginseng-snail-mucin-60-ml-serum-ujedrniajace\/","og_locale":"pl_PL","og_type":"article","og_title":"Beauty of Joseon Revive Serum: Ginseng + Snail Mucin 60 ml - serum uj\u0119drniaj\u0105ce - Selleetools.com","og_description":"Serum stworzone z my\u015bl\u0105 o cerze zm\u0119czonej, suchej i pozbawionej spr\u0119\u017cysto\u015bci. \u0141\u0105czy w sobie wod\u0119 z korzenia \u017ce\u0144-szenia \u2013 bogat\u0105 w antyoksydanty i saponiny \u2013 oraz oczyszczon\u0105 mucyn\u0119 \u015blimaka, znan\u0105 z w\u0142a\u015bciwo\u015bci regeneruj\u0105cych i nawil\u017caj\u0105cych. Formu\u0142a wsparta ekstraktami ro\u015blinnymi (m.in. w\u0105krot\u0105 azjatyck\u0105 i grzybami) intensywnie nawil\u017ca, koi i wspiera odbudow\u0119 bariery ochronnej sk\u00f3ry, pozostawiaj\u0105c j\u0105 ... Read moreBeauty of Joseon Revive Serum: Ginseng + Snail Mucin 60 ml &#8211; serum uj\u0119drniaj\u0105ce","og_url":"https:\/\/selleetools.com\/pl\/product\/beauty-of-joseon-revive-serum-ginseng-snail-mucin-60-ml-serum-ujedrniajace\/","og_site_name":"Selleetools.com","article_modified_time":"2025-11-03T16:01:03+00:00","og_image":[{"width":1200,"height":1200,"url":"https:\/\/selleetools.com\/wp-content\/uploads\/2025\/10\/1abb77eab8943df06ad59490de2a1ec8.png","type":"image\/png"}],"twitter_card":"summary_large_image","twitter_misc":{"Est. reading time":"1 minuta"},"schema":{"@context":"https:\/\/schema.org","@graph":[{"@type":"Organization","@id":"https:\/\/selleetools.com\/#organization","name":"Selleetools","url":"https:\/\/selleetools.com\/","sameAs":[],"logo":{"@type":"ImageObject","inLanguage":"pl-PL","@id":"https:\/\/selleetools.com\/#\/schema\/logo\/image\/","url":"https:\/\/selleetools.com\/wp-content\/uploads\/2021\/10\/logo-dark.png","contentUrl":"https:\/\/selleetools.com\/wp-content\/uploads\/2021\/10\/logo-dark.png","width":320,"height":76,"caption":"Selleetools"},"image":{"@id":"https:\/\/selleetools.com\/#\/schema\/logo\/image\/"}},{"@type":"WebSite","@id":"https:\/\/selleetools.com\/#website","url":"https:\/\/selleetools.com\/","name":"Selleetools.com","description":"","publisher":{"@id":"https:\/\/selleetools.com\/#organization"},"potentialAction":[{"@type":"SearchAction","target":{"@type":"EntryPoint","urlTemplate":"https:\/\/selleetools.com\/?s={search_term_string}"},"query-input":"required name=search_term_string"}],"inLanguage":"pl-PL"},{"@type":"WebPage","@id":"https:\/\/selleetools.com\/pl\/product\/beauty-of-joseon-revive-serum-ginseng-snail-mucin-60-ml-serum-ujedrniajace\/","url":"https:\/\/selleetools.com\/pl\/product\/beauty-of-joseon-revive-serum-ginseng-snail-mucin-60-ml-serum-ujedrniajace\/","name":"Beauty of Joseon Revive Serum: Ginseng + Snail Mucin 60 ml - serum uj\u0119drniaj\u0105ce - Selleetools.com","isPartOf":{"@id":"https:\/\/selleetools.com\/#website"},"datePublished":"2025-10-24T12:44:58+00:00","dateModified":"2025-11-03T16:01:03+00:00","breadcrumb":{"@id":"https:\/\/selleetools.com\/pl\/product\/beauty-of-joseon-revive-serum-ginseng-snail-mucin-60-ml-serum-ujedrniajace\/#breadcrumb"},"inLanguage":"pl-PL","potentialAction":[{"@type":"ReadAction","target":["https:\/\/selleetools.com\/pl\/product\/beauty-of-joseon-revive-serum-ginseng-snail-mucin-60-ml-serum-ujedrniajace\/"]}]},{"@type":"BreadcrumbList","@id":"https:\/\/selleetools.com\/pl\/product\/beauty-of-joseon-revive-serum-ginseng-snail-mucin-60-ml-serum-ujedrniajace\/#breadcrumb","itemListElement":[{"@type":"ListItem","position":1,"name":"Home","item":"https:\/\/selleetools.com\/pl\/"},{"@type":"ListItem","position":2,"name":"Katalog","item":"https:\/\/selleetools.com\/pl\/katalog\/"},{"@type":"ListItem","position":3,"name":"Beauty of Joseon Revive Serum: Ginseng + Snail Mucin 60 ml &#8211; serum uj\u0119drniaj\u0105ce"}]}]}},"_links":{"self":[{"href":"https:\/\/selleetools.com\/pl\/wp-json\/wp\/v2\/product\/610116"}],"collection":[{"href":"https:\/\/selleetools.com\/pl\/wp-json\/wp\/v2\/product"}],"about":[{"href":"https:\/\/selleetools.com\/pl\/wp-json\/wp\/v2\/types\/product"}],"replies":[{"embeddable":true,"href":"https:\/\/selleetools.com\/pl\/wp-json\/wp\/v2\/comments?post=610116"}],"wp:featuredmedia":[{"embeddable":true,"href":"https:\/\/selleetools.com\/pl\/wp-json\/wp\/v2\/media\/610114"}],"wp:attachment":[{"href":"https:\/\/selleetools.com\/pl\/wp-json\/wp\/v2\/media?parent=610116"}],"curies":[{"name":"wp","href":"https:\/\/api.w.org\/{rel}","templated":true}]}}